{"id":836,"date":"2024-08-14T16:17:40","date_gmt":"2024-08-14T19:17:40","guid":{"rendered":"https:\/\/www.ufsm.br\/pro-reitorias\/pre\/incubadora-social\/?page_id=836"},"modified":"2024-08-14T16:17:41","modified_gmt":"2024-08-14T19:17:41","slug":"ciclo-de-incubacao","status":"publish","type":"page","link":"https:\/\/www.ufsm.br\/pro-reitorias\/pre\/incubadora-social\/ciclo-de-incubacao","title":{"rendered":"Ciclo de Incuba\u00e7\u00e3o"},"content":{"rendered":"\n\n\n<p>A Incubadora Social da UFSM (IS-UFSM) oferece um processo estruturado de apoio ao desenvolvimento de empreendimentos sociais, dividido em tr\u00eas fases distintas: Pr\u00e9-incuba\u00e7\u00e3o, Incuba\u00e7\u00e3o e P\u00f3s-incuba\u00e7\u00e3o. Cada uma dessas fases \u00e9 projetada para atender \u00e0s necessidades espec\u00edficas dos empreendimentos em diferentes est\u00e1gios de desenvolvimento.<\/p>\n\n\n","protected":false},"excerpt":{"rendered":"<p>A Incubadora Social da UFSM (IS-UFSM) oferece um processo estruturado de apoio ao desenvolvimento de empreendimentos sociais, dividido em tr\u00eas fases distintas: Pr\u00e9-incuba\u00e7\u00e3o, Incuba\u00e7\u00e3o e P\u00f3s-incuba\u00e7\u00e3o. Cada uma dessas fases \u00e9 projetada para atender \u00e0s necessidades espec\u00edficas dos empreendimentos em diferentes est\u00e1gios de desenvolvimento.<\/p>\n","protected":false},"author":6906,"featured_media":0,"parent":0,"menu_order":0,"comment_status":"closed","ping_status":"closed","template":"","meta":{"footnotes":""},"categories":[],"tags":[],"class_list":["post-836","page","type-page","status-publish","hentry"],"acf":[],"_links":{"self":[{"href":"https:\/\/www.ufsm.br\/pro-reitorias\/pre\/incubadora-social\/wp-json\/wp\/v2\/pages\/836","targetHints":{"allow":["GET"]}}],"collection":[{"href":"https:\/\/www.ufsm.br\/pro-reitorias\/pre\/incubadora-social\/wp-json\/wp\/v2\/pages"}],"about":[{"href":"https:\/\/www.ufsm.br\/pro-reitorias\/pre\/incubadora-social\/wp-json\/wp\/v2\/types\/page"}],"author":[{"embeddable":true,"href":"https:\/\/www.ufsm.br\/pro-reitorias\/pre\/incubadora-social\/wp-json\/wp\/v2\/users\/6906"}],"replies":[{"embeddable":true,"href":"https:\/\/www.ufsm.br\/pro-reitorias\/pre\/incubadora-social\/wp-json\/wp\/v2\/comments?post=836"}],"version-history":[{"count":0,"href":"https:\/\/www.ufsm.br\/pro-reitorias\/pre\/incubadora-social\/wp-json\/wp\/v2\/pages\/836\/revisions"}],"wp:attachment":[{"href":"https:\/\/www.ufsm.br\/pro-reitorias\/pre\/incubadora-social\/wp-json\/wp\/v2\/media?parent=836"}],"wp:term":[{"taxonomy":"category","embeddable":true,"href":"https:\/\/www.ufsm.br\/pro-reitorias\/pre\/incubadora-social\/wp-json\/wp\/v2\/categories?post=836"},{"taxonomy":"post_tag","embeddable":true,"href":"https:\/\/www.ufsm.br\/pro-reitorias\/pre\/incubadora-social\/wp-json\/wp\/v2\/tags?post=836"}],"curies":[{"name":"wp","href":"https:\/\/api.w.org\/{rel}","templated":true}]}}