{"id":840,"date":"2024-08-16T09:19:50","date_gmt":"2024-08-16T12:19:50","guid":{"rendered":"https:\/\/www.ufsm.br\/pro-reitorias\/pre\/incubadora-social\/?page_id=840"},"modified":"2024-09-02T15:41:53","modified_gmt":"2024-09-02T18:41:53","slug":"ciclo-de-incubacao-2","status":"publish","type":"page","link":"https:\/\/www.ufsm.br\/pro-reitorias\/pre\/incubadora-social\/ciclo-de-incubacao-2","title":{"rendered":"Ciclo de Incuba\u00e7\u00e3o"},"content":{"rendered":"\t\t<div data-elementor-type=\"wp-page\" data-elementor-id=\"840\" class=\"elementor elementor-840\">\n\t\t\t\t\t\t<section class=\"elementor-section elementor-top-section elementor-element elementor-element-767370e1 elementor-section-boxed elementor-section-height-default elementor-section-height-default\" data-id=\"767370e1\" data-element_type=\"section\">\n\t\t\t\t\t\t<div class=\"elementor-container elementor-column-gap-default\">\n\t\t\t\t\t<div class=\"elementor-column elementor-col-100 elementor-top-column elementor-element elementor-element-38ae79f2\" data-id=\"38ae79f2\" data-element_type=\"column\">\n\t\t\t<div class=\"elementor-widget-wrap elementor-element-populated\">\n\t\t\t\t\t\t<div class=\"elementor-element elementor-element-7b962fcd elementor-widget elementor-widget-text-editor\" data-id=\"7b962fcd\" data-element_type=\"widget\" data-widget_type=\"text-editor.default\">\n\t\t\t\t<div class=\"elementor-widget-container\">\n\t\t\t\t\t\t\t<!-- wp:tadv\/classic-paragraph -->\n<p>A Incubadora Social da UFSM (IS-UFSM) oferece um processo estruturado de apoio ao desenvolvimento de empreendimentos sociais, dividido em tr\u00eas fases: Pr\u00e9-incuba\u00e7\u00e3o, Incuba\u00e7\u00e3o e P\u00f3s-incuba\u00e7\u00e3o. Cada uma dessas fases \u00e9 projetada para atender \u00e0s necessidades espec\u00edficas dos empreendimentos em diferentes est\u00e1gios de desenvolvimento.<\/p>\n<p><strong>1. Pr\u00e9-Incuba\u00e7\u00e3o (at\u00e9 6 meses)<\/strong><br \/>A fase de Pr\u00e9-Incuba\u00e7\u00e3o \u00e9 o ponto de partida para os empreendimentos selecionados. Durante at\u00e9 6 meses, os participantes receber\u00e3o forma\u00e7\u00f5es b\u00e1sicas que cobrem os conhecimentos necess\u00e1rios para a constitui\u00e7\u00e3o e qualifica\u00e7\u00e3o dos seus projetos. O objetivo \u00e9 proporcionar uma an\u00e1lise aprofundada da viabilidade dos empreendimentos para a fase de Incuba\u00e7\u00e3o.<\/p>\n<ul>\n<li><strong>Forma\u00e7\u00f5es B\u00e1sicas:<\/strong> Os empreendedores participar\u00e3o de atividades voltadas \u00e0 compreens\u00e3o do processo, da estrutura, e das atribui\u00e7\u00f5es da IS-UFSM.<\/li>\n<li><strong>Dura\u00e7\u00e3o:<\/strong> At\u00e9 6 meses, renov\u00e1vel por mais 6 meses de acordo com as necessidades dos empreendimentos.<\/li>\n<\/ul>\n<p><strong>2. Incuba\u00e7\u00e3o (at\u00e9 18 meses)<\/strong><br \/>A fase de Incuba\u00e7\u00e3o \u00e9 focada na capacita\u00e7\u00e3o cont\u00ednua e no acompanhamento pr\u00f3ximo dos empreendimentos. Durante at\u00e9 18 meses, os participantes desenvolver\u00e3o suas atividades baseados em um Plano de Trabalho, acordado e formalizado em um Termo de Compromisso.<\/p>\n<ul>\n<li><strong>Capacita\u00e7\u00e3o e Acompanhamento:<\/strong> Os empreendedores receber\u00e3o suporte cont\u00ednuo para o desenvolvimento de suas propostas.<\/li>\n<li><strong>Plano de Trabalho:<\/strong> Cada empreendimento deve seguir um plano aprovado, garantindo o cumprimento das metas estabelecidas.<\/li>\n<\/ul>\n<p><strong>3. P\u00f3s-Incuba\u00e7\u00e3o (at\u00e9 12 meses)<\/strong><br \/>Conhecida tamb\u00e9m como a fase de Desincuba\u00e7\u00e3o, este \u00e9 o momento de transi\u00e7\u00e3o para a independ\u00eancia e sustentabilidade do empreendimento. Durante at\u00e9 12 meses, o foco \u00e9 fortalecer a estrutura e organiza\u00e7\u00e3o para garantir que o empreendimento atue com autonomia ap\u00f3s o ciclo de incuba\u00e7\u00e3o.<\/p>\n<ul>\n<li><strong>Fortalecimento e Autonomia:<\/strong> O empreendimento deve implementar estrat\u00e9gias para operar de forma independente.<\/li>\n<li><strong>Parcerias Futuras:<\/strong> Ap\u00f3s a certifica\u00e7\u00e3o, os empreendimentos podem continuar vinculados \u00e0 IS-UFSM, atuando como parceiros em novos ciclos de incuba\u00e7\u00e3o e participando de forma\u00e7\u00f5es e parcerias futuras.<\/li>\n<\/ul>\n<p><b>Parceiros<\/b><\/p>\n<p><span style=\"font-weight: 400\">Ap\u00f3s a Desincuba\u00e7\u00e3o, os graduados podem se tornar parceiros da IS-UFSM, permanecendo presentes nos espa\u00e7os, colaborando em atividades para o desenvolvimento de a\u00e7\u00f5es na perspectiva da sustentabilidade socioambiental, visando \u00e0 gera\u00e7\u00e3o de trabalho e renda.\u00a0<\/span><\/p>\n<!-- \/wp:tadv\/classic-paragraph -->\t\t\t\t\t\t<\/div>\n\t\t\t\t<\/div>\n\t\t\t\t<div class=\"elementor-element elementor-element-f43cd39 elementor-widget elementor-widget-image\" data-id=\"f43cd39\" data-element_type=\"widget\" data-widget_type=\"image.default\">\n\t\t\t\t<div class=\"elementor-widget-container\">\n\t\t\t\t\t\t\t\t\t\t\t\t\t<img fetchpriority=\"high\" decoding=\"async\" width=\"1920\" height=\"560\" src=\"https:\/\/www.ufsm.br\/app\/uploads\/sites\/570\/2024\/08\/Fases-ciclo-de-incubacao-1920-x-560-px-2.png\" class=\"attachment-full size-full wp-image-907\" alt=\"\" srcset=\"https:\/\/www.ufsm.br\/app\/uploads\/sites\/570\/2024\/08\/Fases-ciclo-de-incubacao-1920-x-560-px-2.png 1920w, https:\/\/www.ufsm.br\/app\/uploads\/sites\/570\/2024\/08\/Fases-ciclo-de-incubacao-1920-x-560-px-2-300x88.png 300w, https:\/\/www.ufsm.br\/app\/uploads\/sites\/570\/2024\/08\/Fases-ciclo-de-incubacao-1920-x-560-px-2-1024x299.png 1024w, https:\/\/www.ufsm.br\/app\/uploads\/sites\/570\/2024\/08\/Fases-ciclo-de-incubacao-1920-x-560-px-2-768x224.png 768w, https:\/\/www.ufsm.br\/app\/uploads\/sites\/570\/2024\/08\/Fases-ciclo-de-incubacao-1920-x-560-px-2-1536x448.png 1536w\" sizes=\"(max-width: 1920px) 100vw, 1920px\" \/>\t\t\t\t\t\t\t\t\t\t\t\t\t<\/div>\n\t\t\t\t<\/div>\n\t\t\t\t\t<\/div>\n\t\t<\/div>\n\t\t\t\t\t<\/div>\n\t\t<\/section>\n\t\t\t\t<\/div>\n\t\t","protected":false},"excerpt":{"rendered":"<p>A Incubadora Social da UFSM (IS-UFSM) oferece um processo estruturado de apoio ao desenvolvimento de empreendimentos sociais, dividido em tr\u00eas fases: Pr\u00e9-incuba\u00e7\u00e3o, Incuba\u00e7\u00e3o e P\u00f3s-incuba\u00e7\u00e3o. Cada uma dessas fases \u00e9 projetada para atender \u00e0s necessidades espec\u00edficas dos empreendimentos em diferentes est\u00e1gios de desenvolvimento. 1. Pr\u00e9-Incuba\u00e7\u00e3o (at\u00e9 6 meses)A fase de Pr\u00e9-Incuba\u00e7\u00e3o \u00e9 o ponto de [&hellip;]<\/p>\n","protected":false},"author":6906,"featured_media":0,"parent":0,"menu_order":0,"comment_status":"closed","ping_status":"closed","template":"","meta":{"footnotes":""},"categories":[],"tags":[],"class_list":["post-840","page","type-page","status-publish","hentry"],"acf":[],"_links":{"self":[{"href":"https:\/\/www.ufsm.br\/pro-reitorias\/pre\/incubadora-social\/wp-json\/wp\/v2\/pages\/840","targetHints":{"allow":["GET"]}}],"collection":[{"href":"https:\/\/www.ufsm.br\/pro-reitorias\/pre\/incubadora-social\/wp-json\/wp\/v2\/pages"}],"about":[{"href":"https:\/\/www.ufsm.br\/pro-reitorias\/pre\/incubadora-social\/wp-json\/wp\/v2\/types\/page"}],"author":[{"embeddable":true,"href":"https:\/\/www.ufsm.br\/pro-reitorias\/pre\/incubadora-social\/wp-json\/wp\/v2\/users\/6906"}],"replies":[{"embeddable":true,"href":"https:\/\/www.ufsm.br\/pro-reitorias\/pre\/incubadora-social\/wp-json\/wp\/v2\/comments?post=840"}],"version-history":[{"count":0,"href":"https:\/\/www.ufsm.br\/pro-reitorias\/pre\/incubadora-social\/wp-json\/wp\/v2\/pages\/840\/revisions"}],"wp:attachment":[{"href":"https:\/\/www.ufsm.br\/pro-reitorias\/pre\/incubadora-social\/wp-json\/wp\/v2\/media?parent=840"}],"wp:term":[{"taxonomy":"category","embeddable":true,"href":"https:\/\/www.ufsm.br\/pro-reitorias\/pre\/incubadora-social\/wp-json\/wp\/v2\/categories?post=840"},{"taxonomy":"post_tag","embeddable":true,"href":"https:\/\/www.ufsm.br\/pro-reitorias\/pre\/incubadora-social\/wp-json\/wp\/v2\/tags?post=840"}],"curies":[{"name":"wp","href":"https:\/\/api.w.org\/{rel}","templated":true}]}}