{"id":852,"date":"2024-08-16T10:27:07","date_gmt":"2024-08-16T13:27:07","guid":{"rendered":"https:\/\/www.ufsm.br\/pro-reitorias\/pre\/incubadora-social\/?page_id=852"},"modified":"2025-10-21T16:08:42","modified_gmt":"2025-10-21T19:08:42","slug":"espacos","status":"publish","type":"page","link":"https:\/\/www.ufsm.br\/pro-reitorias\/pre\/incubadora-social\/espacos","title":{"rendered":"Espa\u00e7os"},"content":{"rendered":"\t\t<div data-elementor-type=\"wp-page\" data-elementor-id=\"852\" class=\"elementor elementor-852\">\n\t\t\t\t\t\t<section class=\"elementor-section elementor-top-section elementor-element elementor-element-7172d11 elementor-section-boxed elementor-section-height-default elementor-section-height-default\" data-id=\"7172d11\" data-element_type=\"section\">\n\t\t\t\t\t\t<div class=\"elementor-container elementor-column-gap-default\">\n\t\t\t\t\t<div class=\"elementor-column elementor-col-100 elementor-top-column elementor-element elementor-element-2f980d2\" data-id=\"2f980d2\" data-element_type=\"column\">\n\t\t\t<div class=\"elementor-widget-wrap elementor-element-populated\">\n\t\t\t\t\t\t<div class=\"elementor-element elementor-element-a4e5544 elementor-widget elementor-widget-heading\" data-id=\"a4e5544\" data-element_type=\"widget\" data-widget_type=\"heading.default\">\n\t\t\t\t<div class=\"elementor-widget-container\">\n\t\t\t<h2 class=\"elementor-heading-title elementor-size-default\">Para promover a inova\u00e7\u00e3o social, capacitando pessoas e conectando ideias, o HUB IS conta com espa\u00e7os din\u00e2micos e colaborativos.<br><\/h2>\t\t<\/div>\n\t\t\t\t<\/div>\n\t\t\t\t\t<\/div>\n\t\t<\/div>\n\t\t\t\t\t<\/div>\n\t\t<\/section>\n\t\t\t\t<section class=\"elementor-section elementor-top-section elementor-element elementor-element-cf135b2 elementor-section-boxed elementor-section-height-default elementor-section-height-default\" data-id=\"cf135b2\" data-element_type=\"section\">\n\t\t\t\t\t\t<div class=\"elementor-container elementor-column-gap-default\">\n\t\t\t\t\t<div class=\"elementor-column elementor-col-100 elementor-top-column elementor-element elementor-element-428b1f7\" data-id=\"428b1f7\" data-element_type=\"column\">\n\t\t\t<div class=\"elementor-widget-wrap elementor-element-populated\">\n\t\t\t\t\t\t<div class=\"elementor-element elementor-element-0b2ff27 elementor-widget elementor-widget-text-editor\" data-id=\"0b2ff27\" data-element_type=\"widget\" data-widget_type=\"text-editor.default\">\n\t\t\t\t<div class=\"elementor-widget-container\">\n\t\t\t\t\t\t\t<p><strong>Conhe\u00e7a nossos espa\u00e7os:\u00a0<\/strong><\/p>\t\t\t\t\t\t<\/div>\n\t\t\t\t<\/div>\n\t\t\t\t\t<\/div>\n\t\t<\/div>\n\t\t\t\t\t<\/div>\n\t\t<\/section>\n\t\t\t\t<section class=\"elementor-section elementor-top-section elementor-element elementor-element-70bb259 elementor-section-boxed elementor-section-height-default elementor-section-height-default\" data-id=\"70bb259\" data-element_type=\"section\">\n\t\t\t\t\t\t<div class=\"elementor-container elementor-column-gap-default\">\n\t\t\t\t\t<div class=\"elementor-column elementor-col-100 elementor-top-column elementor-element elementor-element-a0988cd\" data-id=\"a0988cd\" data-element_type=\"column\">\n\t\t\t<div class=\"elementor-widget-wrap elementor-element-populated\">\n\t\t\t\t\t\t<div class=\"elementor-element elementor-element-6f4ec5a elementor-widget elementor-widget-image\" data-id=\"6f4ec5a\" data-element_type=\"widget\" data-widget_type=\"image.default\">\n\t\t\t\t<div class=\"elementor-widget-container\">\n\t\t\t\t\t\t\t\t\t\t\t\t\t<img fetchpriority=\"high\" decoding=\"async\" width=\"1536\" height=\"800\" src=\"https:\/\/www.ufsm.br\/app\/uploads\/sites\/570\/2025\/10\/Sala-Corte-e-Costura-1-1536x800.jpg\" class=\"attachment-1536x1536 size-1536x1536 wp-image-1332\" alt=\"\" srcset=\"https:\/\/www.ufsm.br\/app\/uploads\/sites\/570\/2025\/10\/Sala-Corte-e-Costura-1-1536x800.jpg 1536w, https:\/\/www.ufsm.br\/app\/uploads\/sites\/570\/2025\/10\/Sala-Corte-e-Costura-1-300x156.jpg 300w, https:\/\/www.ufsm.br\/app\/uploads\/sites\/570\/2025\/10\/Sala-Corte-e-Costura-1-1024x533.jpg 1024w, https:\/\/www.ufsm.br\/app\/uploads\/sites\/570\/2025\/10\/Sala-Corte-e-Costura-1-768x400.jpg 768w, https:\/\/www.ufsm.br\/app\/uploads\/sites\/570\/2025\/10\/Sala-Corte-e-Costura-1.jpg 1920w\" sizes=\"(max-width: 1536px) 100vw, 1536px\" \/>\t\t\t\t\t\t\t\t\t\t\t\t\t<\/div>\n\t\t\t\t<\/div>\n\t\t\t\t<div class=\"elementor-element elementor-element-ca53cea elementor-widget elementor-widget-image\" data-id=\"ca53cea\" data-element_type=\"widget\" data-widget_type=\"image.default\">\n\t\t\t\t<div class=\"elementor-widget-container\">\n\t\t\t\t\t\t\t\t\t\t\t\t\t<img decoding=\"async\" width=\"1536\" height=\"800\" src=\"https:\/\/www.ufsm.br\/app\/uploads\/sites\/570\/2025\/10\/Sala-Corte-e-Costura-1536x800.jpg\" class=\"attachment-1536x1536 size-1536x1536 wp-image-1333\" alt=\"\" srcset=\"https:\/\/www.ufsm.br\/app\/uploads\/sites\/570\/2025\/10\/Sala-Corte-e-Costura-1536x800.jpg 1536w, https:\/\/www.ufsm.br\/app\/uploads\/sites\/570\/2025\/10\/Sala-Corte-e-Costura-300x156.jpg 300w, https:\/\/www.ufsm.br\/app\/uploads\/sites\/570\/2025\/10\/Sala-Corte-e-Costura-1024x533.jpg 1024w, https:\/\/www.ufsm.br\/app\/uploads\/sites\/570\/2025\/10\/Sala-Corte-e-Costura-768x400.jpg 768w, https:\/\/www.ufsm.br\/app\/uploads\/sites\/570\/2025\/10\/Sala-Corte-e-Costura.jpg 1920w\" sizes=\"(max-width: 1536px) 100vw, 1536px\" \/>\t\t\t\t\t\t\t\t\t\t\t\t\t<\/div>\n\t\t\t\t<\/div>\n\t\t\t\t<div class=\"elementor-element elementor-element-3eedec0 elementor-widget elementor-widget-image\" data-id=\"3eedec0\" data-element_type=\"widget\" data-widget_type=\"image.default\">\n\t\t\t\t<div class=\"elementor-widget-container\">\n\t\t\t\t\t\t\t\t\t\t\t\t\t<img decoding=\"async\" width=\"1536\" height=\"800\" src=\"https:\/\/www.ufsm.br\/app\/uploads\/sites\/570\/2025\/10\/Sala-Corte-e-Costura-2-1536x800.jpg\" class=\"attachment-1536x1536 size-1536x1536 wp-image-1338\" alt=\"\" srcset=\"https:\/\/www.ufsm.br\/app\/uploads\/sites\/570\/2025\/10\/Sala-Corte-e-Costura-2-1536x800.jpg 1536w, https:\/\/www.ufsm.br\/app\/uploads\/sites\/570\/2025\/10\/Sala-Corte-e-Costura-2-300x156.jpg 300w, https:\/\/www.ufsm.br\/app\/uploads\/sites\/570\/2025\/10\/Sala-Corte-e-Costura-2-1024x533.jpg 1024w, https:\/\/www.ufsm.br\/app\/uploads\/sites\/570\/2025\/10\/Sala-Corte-e-Costura-2-768x400.jpg 768w, https:\/\/www.ufsm.br\/app\/uploads\/sites\/570\/2025\/10\/Sala-Corte-e-Costura-2.jpg 1920w\" sizes=\"(max-width: 1536px) 100vw, 1536px\" \/>\t\t\t\t\t\t\t\t\t\t\t\t\t<\/div>\n\t\t\t\t<\/div>\n\t\t\t\t<div class=\"elementor-element elementor-element-3182913 elementor-widget elementor-widget-image\" data-id=\"3182913\" data-element_type=\"widget\" data-widget_type=\"image.default\">\n\t\t\t\t<div class=\"elementor-widget-container\">\n\t\t\t\t\t\t\t\t\t\t\t\t\t<img loading=\"lazy\" decoding=\"async\" width=\"1536\" height=\"800\" src=\"https:\/\/www.ufsm.br\/app\/uploads\/sites\/570\/2025\/10\/Sala-Corte-e-Costura-3-1536x800.jpg\" class=\"attachment-1536x1536 size-1536x1536 wp-image-1337\" alt=\"\" srcset=\"https:\/\/www.ufsm.br\/app\/uploads\/sites\/570\/2025\/10\/Sala-Corte-e-Costura-3-1536x800.jpg 1536w, https:\/\/www.ufsm.br\/app\/uploads\/sites\/570\/2025\/10\/Sala-Corte-e-Costura-3-300x156.jpg 300w, https:\/\/www.ufsm.br\/app\/uploads\/sites\/570\/2025\/10\/Sala-Corte-e-Costura-3-1024x533.jpg 1024w, https:\/\/www.ufsm.br\/app\/uploads\/sites\/570\/2025\/10\/Sala-Corte-e-Costura-3-768x400.jpg 768w, https:\/\/www.ufsm.br\/app\/uploads\/sites\/570\/2025\/10\/Sala-Corte-e-Costura-3.jpg 1920w\" sizes=\"(max-width: 1536px) 100vw, 1536px\" \/>\t\t\t\t\t\t\t\t\t\t\t\t\t<\/div>\n\t\t\t\t<\/div>\n\t\t\t\t<div class=\"elementor-element elementor-element-ef616ac elementor-widget elementor-widget-image\" data-id=\"ef616ac\" data-element_type=\"widget\" data-widget_type=\"image.default\">\n\t\t\t\t<div class=\"elementor-widget-container\">\n\t\t\t\t\t\t\t\t\t\t\t\t\t<img loading=\"lazy\" decoding=\"async\" width=\"1536\" height=\"800\" src=\"https:\/\/www.ufsm.br\/app\/uploads\/sites\/570\/2025\/10\/Sala-Corte-e-Costura-5-1536x800.jpg\" class=\"attachment-1536x1536 size-1536x1536 wp-image-1335\" alt=\"\" srcset=\"https:\/\/www.ufsm.br\/app\/uploads\/sites\/570\/2025\/10\/Sala-Corte-e-Costura-5-1536x800.jpg 1536w, https:\/\/www.ufsm.br\/app\/uploads\/sites\/570\/2025\/10\/Sala-Corte-e-Costura-5-300x156.jpg 300w, https:\/\/www.ufsm.br\/app\/uploads\/sites\/570\/2025\/10\/Sala-Corte-e-Costura-5-1024x533.jpg 1024w, https:\/\/www.ufsm.br\/app\/uploads\/sites\/570\/2025\/10\/Sala-Corte-e-Costura-5-768x400.jpg 768w, https:\/\/www.ufsm.br\/app\/uploads\/sites\/570\/2025\/10\/Sala-Corte-e-Costura-5.jpg 1920w\" sizes=\"(max-width: 1536px) 100vw, 1536px\" \/>\t\t\t\t\t\t\t\t\t\t\t\t\t<\/div>\n\t\t\t\t<\/div>\n\t\t\t\t<div class=\"elementor-element elementor-element-f48a784 elementor-widget elementor-widget-image\" data-id=\"f48a784\" data-element_type=\"widget\" data-widget_type=\"image.default\">\n\t\t\t\t<div class=\"elementor-widget-container\">\n\t\t\t\t\t\t\t\t\t\t\t\t\t<img loading=\"lazy\" decoding=\"async\" width=\"1536\" height=\"800\" src=\"https:\/\/www.ufsm.br\/app\/uploads\/sites\/570\/2025\/10\/Sala-Corte-e-Costura-4-1536x800.jpg\" class=\"attachment-1536x1536 size-1536x1536 wp-image-1336\" alt=\"\" srcset=\"https:\/\/www.ufsm.br\/app\/uploads\/sites\/570\/2025\/10\/Sala-Corte-e-Costura-4-1536x800.jpg 1536w, https:\/\/www.ufsm.br\/app\/uploads\/sites\/570\/2025\/10\/Sala-Corte-e-Costura-4-300x156.jpg 300w, https:\/\/www.ufsm.br\/app\/uploads\/sites\/570\/2025\/10\/Sala-Corte-e-Costura-4-1024x533.jpg 1024w, https:\/\/www.ufsm.br\/app\/uploads\/sites\/570\/2025\/10\/Sala-Corte-e-Costura-4-768x400.jpg 768w, https:\/\/www.ufsm.br\/app\/uploads\/sites\/570\/2025\/10\/Sala-Corte-e-Costura-4.jpg 1920w\" sizes=\"(max-width: 1536px) 100vw, 1536px\" \/>\t\t\t\t\t\t\t\t\t\t\t\t\t<\/div>\n\t\t\t\t<\/div>\n\t\t\t\t<div class=\"elementor-element elementor-element-a85f28f elementor-widget elementor-widget-image\" data-id=\"a85f28f\" data-element_type=\"widget\" data-widget_type=\"image.default\">\n\t\t\t\t<div class=\"elementor-widget-container\">\n\t\t\t\t\t\t\t\t\t\t\t\t\t<img loading=\"lazy\" decoding=\"async\" width=\"1536\" height=\"800\" src=\"https:\/\/www.ufsm.br\/app\/uploads\/sites\/570\/2025\/10\/Sala-Corte-e-Costura-6-1536x800.jpg\" class=\"attachment-1536x1536 size-1536x1536 wp-image-1334\" alt=\"\" srcset=\"https:\/\/www.ufsm.br\/app\/uploads\/sites\/570\/2025\/10\/Sala-Corte-e-Costura-6-1536x800.jpg 1536w, https:\/\/www.ufsm.br\/app\/uploads\/sites\/570\/2025\/10\/Sala-Corte-e-Costura-6-300x156.jpg 300w, https:\/\/www.ufsm.br\/app\/uploads\/sites\/570\/2025\/10\/Sala-Corte-e-Costura-6-1024x533.jpg 1024w, https:\/\/www.ufsm.br\/app\/uploads\/sites\/570\/2025\/10\/Sala-Corte-e-Costura-6-768x400.jpg 768w, https:\/\/www.ufsm.br\/app\/uploads\/sites\/570\/2025\/10\/Sala-Corte-e-Costura-6.jpg 1920w\" sizes=\"(max-width: 1536px) 100vw, 1536px\" \/>\t\t\t\t\t\t\t\t\t\t\t\t\t<\/div>\n\t\t\t\t<\/div>\n\t\t\t\t<div class=\"elementor-element elementor-element-6591963 elementor-widget elementor-widget-text-editor\" data-id=\"6591963\" data-element_type=\"widget\" data-widget_type=\"text-editor.default\">\n\t\t\t\t<div class=\"elementor-widget-container\">\n\t\t\t\t\t\t\t<p>Confira nossos espa\u00e7os:\u00a0<a href=\"\/Users\/pccli\/Downloads\/Apresenta%C3%A7%C3%A3o%20Espa%C3%A7os%20HUB%20pdf%20(1).pdf\">file:\/\/\/C:\/Users\/pccli\/Downloads\/Apresenta%C3%A7%C3%A3o%20Espa%C3%A7os%20HUB%20pdf%20(1).pdf<\/a><\/p><p>Fotos dos nossos espa\u00e7os dispon\u00edvel em:\u00a0<a href=\"https:\/\/drive.google.com\/drive\/folders\/1VAqqGjTVWIaw_LSdgYEdyXgMB_khxCbi?usp=sharing\">https:\/\/drive.google.com\/drive\/folders\/1VAqqGjTVWIaw_LSdgYEdyXgMB_khxCbi?usp=sharing<\/a><\/p><p><span style=\"font-weight: 400\">Antes de reservar, certifique-se de consultar o\u00a0 Regulamento de Uso dos Espa\u00e7os do HUB-IS, que est\u00e1 dispon\u00edvel em:\u00a0<\/span><a href=\"https:\/\/drive.google.com\/file\/d\/13-qmhpEev7ApZRvc8BikYzptRkwDmNGs\/view?usp=sharing\"><span style=\"font-size: 11pt;font-family: Arial, sans-serif;color: #1155cc;background-color: transparent;vertical-align: baseline\" data-rich-links=\"{&quot;fple-t&quot;:&quot;REGULAMENTO USO DOS ESPA\u00c7OS HUB - IS UFSM .pdf&quot;,&quot;fple-u&quot;:&quot;https:\/\/drive.google.com\/file\/d\/13-qmhpEev7ApZRvc8BikYzptRkwDmNGs\/view?usp=sharing&quot;,&quot;fple-mt&quot;:&quot;application\/pdf&quot;,&quot;type&quot;:&quot;first-party-link&quot;}\">REGULAMENTO USO DOS ESPA\u00c7OS HUB &#8211; IS UFSM .pdf<\/span><\/a><\/p><div>\u00a0<\/div>\t\t\t\t\t\t<\/div>\n\t\t\t\t<\/div>\n\t\t\t\t\t<\/div>\n\t\t<\/div>\n\t\t\t\t\t<\/div>\n\t\t<\/section>\n\t\t\t\t<section class=\"elementor-section elementor-top-section elementor-element elementor-element-3e0bf01 elementor-section-boxed elementor-section-height-default elementor-section-height-default\" data-id=\"3e0bf01\" data-element_type=\"section\">\n\t\t\t\t\t\t<div class=\"elementor-container elementor-column-gap-default\">\n\t\t\t\t\t<div class=\"elementor-column elementor-col-100 elementor-top-column elementor-element elementor-element-56a9d97\" data-id=\"56a9d97\" data-element_type=\"column\">\n\t\t\t<div class=\"elementor-widget-wrap\">\n\t\t\t\t\t\t\t<\/div>\n\t\t<\/div>\n\t\t\t\t\t<\/div>\n\t\t<\/section>\n\t\t\t\t<\/div>\n\t\t","protected":false},"excerpt":{"rendered":"<p>Para promover a inova\u00e7\u00e3o social, capacitando pessoas e conectando ideias, o HUB IS conta com espa\u00e7os din\u00e2micos e colaborativos. Conhe\u00e7a nossos espa\u00e7os:\u00a0 Confira nossos espa\u00e7os:\u00a0file:\/\/\/C:\/Users\/pccli\/Downloads\/Apresenta%C3%A7%C3%A3o%20Espa%C3%A7os%20HUB%20pdf%20(1).pdf Fotos dos nossos espa\u00e7os dispon\u00edvel em:\u00a0https:\/\/drive.google.com\/drive\/folders\/1VAqqGjTVWIaw_LSdgYEdyXgMB_khxCbi?usp=sharing Antes de reservar, certifique-se de consultar o\u00a0 Regulamento de Uso dos Espa\u00e7os do HUB-IS, que est\u00e1 dispon\u00edvel em:\u00a0REGULAMENTO USO DOS ESPA\u00c7OS HUB &#8211; IS [&hellip;]<\/p>\n","protected":false},"author":6906,"featured_media":0,"parent":0,"menu_order":0,"comment_status":"closed","ping_status":"closed","template":"","meta":{"footnotes":""},"categories":[],"tags":[],"class_list":["post-852","page","type-page","status-publish","hentry"],"acf":[],"_links":{"self":[{"href":"https:\/\/www.ufsm.br\/pro-reitorias\/pre\/incubadora-social\/wp-json\/wp\/v2\/pages\/852","targetHints":{"allow":["GET"]}}],"collection":[{"href":"https:\/\/www.ufsm.br\/pro-reitorias\/pre\/incubadora-social\/wp-json\/wp\/v2\/pages"}],"about":[{"href":"https:\/\/www.ufsm.br\/pro-reitorias\/pre\/incubadora-social\/wp-json\/wp\/v2\/types\/page"}],"author":[{"embeddable":true,"href":"https:\/\/www.ufsm.br\/pro-reitorias\/pre\/incubadora-social\/wp-json\/wp\/v2\/users\/6906"}],"replies":[{"embeddable":true,"href":"https:\/\/www.ufsm.br\/pro-reitorias\/pre\/incubadora-social\/wp-json\/wp\/v2\/comments?post=852"}],"version-history":[{"count":0,"href":"https:\/\/www.ufsm.br\/pro-reitorias\/pre\/incubadora-social\/wp-json\/wp\/v2\/pages\/852\/revisions"}],"wp:attachment":[{"href":"https:\/\/www.ufsm.br\/pro-reitorias\/pre\/incubadora-social\/wp-json\/wp\/v2\/media?parent=852"}],"wp:term":[{"taxonomy":"category","embeddable":true,"href":"https:\/\/www.ufsm.br\/pro-reitorias\/pre\/incubadora-social\/wp-json\/wp\/v2\/categories?post=852"},{"taxonomy":"post_tag","embeddable":true,"href":"https:\/\/www.ufsm.br\/pro-reitorias\/pre\/incubadora-social\/wp-json\/wp\/v2\/tags?post=852"}],"curies":[{"name":"wp","href":"https:\/\/api.w.org\/{rel}","templated":true}]}}