{"id":1549,"date":"2021-07-22T19:51:14","date_gmt":"2021-07-22T22:51:14","guid":{"rendered":"https:\/\/www.ufsm.br\/pro-reitorias\/pre\/observatorio-de-direitos-humanos\/?page_id=1549"},"modified":"2021-07-22T19:51:15","modified_gmt":"2021-07-22T22:51:15","slug":"praticas-integrativas-e-complementares-no-cuidado-a-saude","status":"publish","type":"page","link":"https:\/\/www.ufsm.br\/pro-reitorias\/pre\/observatorio-de-direitos-humanos\/praticas-integrativas-e-complementares-no-cuidado-a-saude","title":{"rendered":"Pr\u00e1ticas Integrativas e Complementares no Cuidado \u00e0 Sa\u00fade"},"content":{"rendered":"\n<p><strong>Coordenador: Marcio Rossato Badke<\/strong><\/p>\n\n\n\n<p>Pr\u00e1ticas integrativas e complementares em sa\u00fade (PICS) s\u00e3o recursos terap\u00eauticos, de car\u00e1ter multiprofissional, que buscam estimular os mecanismos naturais de preven\u00e7\u00e3o de doen\u00e7a e promo\u00e7\u00e3o da sa\u00fade. As PICS representam novas possibilidades de oferta de cuidado, partindo-se do pressuposto de olhar para as necessidades individuais de cada usu\u00e1rio. No Brasil, foram reconhecidas em 2006, com aumento na oferta pelo Sistema \u00danico de Sa\u00fade (SUS) em 2017 e, novamente, em 2018. Atualmente, totalizam 29 pr\u00e1ticas reconhecidas e fomentadas em nosso pa\u00eds. O projeto de pesquisa matricial que se pretende desenvolver tem por objetivo avaliar as Pr\u00e1ticas Integrativas e Complementares em Sa\u00fade (PICS) na promo\u00e7\u00e3o, preven\u00e7\u00e3o e recupera\u00e7\u00e3o de doen\u00e7as. Durante o desenvolvimento desta pesquisa, ser\u00e3o trabalhados com o m\u00e9todo qualitativo, quantitativo, quali-quanti, m\u00e9todos mistos e ensaio cl\u00ednico randomizado. Sendo que cada subprojeto definir\u00e1 um ou mais m\u00e9todos para responder a cada objetivo proposto. Participar\u00e3o as pessoas que ser\u00e3o encaminhadas, pelo N\u00facleo de Vigil\u00e2ncia Epidemiol\u00f3gia do HUSM (NVEH), Coordenadoria de Sa\u00fade e Qualidade de Vida do Servidor (CQVS), N\u00facleo de Apoio Aprendizagem em Educa\u00e7\u00e3o (\u00c2NIMA) e a Secret\u00e1ria Municipal de Sa\u00fade de Santa Maria, com agendamento pr\u00e9vio com cada pesquisador. Pretende-se desenvolver no per\u00edodo de maio de 2019 a dezembro de 2024 . Espera-se, com a execu\u00e7\u00e3o do projeto de pesquisa, contemplar os objetivos da Pol\u00edtica Nacional de Pr\u00e1ticas Integrativas e Complementares, a inser\u00e7\u00e3o de estudantes de gradua\u00e7\u00e3o, p\u00f3s-gradua\u00e7\u00e3o e resid\u00eancias, bem como profissionais das diversas \u00e1reas do conhecimento, fortalecendo os estudos das PICS para o cuidado \u00e1 sa\u00fade, com vistas na efetiva implanta\u00e7\u00e3o destas pr\u00e1ticas no Sistema \u00fanico de Sa\u00fade.<\/p>\n\n\n\n<p>Para saber mais, <a href=\"https:\/\/portal.ufsm.br\/projetos\/publico\/projetos\/view.html?idProjeto=63838\" target=\"_blank\" rel=\"noreferrer noopener\">acesse o link<\/a>.<\/p>\n","protected":false},"excerpt":{"rendered":"<p>Coordenador: Marcio Rossato Badke Pr\u00e1ticas integrativas e complementares em sa\u00fade (PICS) s\u00e3o recursos terap\u00eauticos, de car\u00e1ter multiprofissional, que buscam estimular os mecanismos naturais de preven\u00e7\u00e3o de doen\u00e7a e promo\u00e7\u00e3o da sa\u00fade. As PICS representam novas possibilidades de oferta de cuidado, partindo-se do pressuposto de olhar para as necessidades individuais de cada usu\u00e1rio. No Brasil, foram [&hellip;]<\/p>\n","protected":false},"author":3848,"featured_media":0,"parent":0,"menu_order":0,"comment_status":"closed","ping_status":"closed","template":"","meta":{"footnotes":""},"categories":[],"tags":[],"class_list":["post-1549","page","type-page","status-publish","hentry"],"acf":[],"_links":{"self":[{"href":"https:\/\/www.ufsm.br\/pro-reitorias\/pre\/observatorio-de-direitos-humanos\/wp-json\/wp\/v2\/pages\/1549","targetHints":{"allow":["GET"]}}],"collection":[{"href":"https:\/\/www.ufsm.br\/pro-reitorias\/pre\/observatorio-de-direitos-humanos\/wp-json\/wp\/v2\/pages"}],"about":[{"href":"https:\/\/www.ufsm.br\/pro-reitorias\/pre\/observatorio-de-direitos-humanos\/wp-json\/wp\/v2\/types\/page"}],"author":[{"embeddable":true,"href":"https:\/\/www.ufsm.br\/pro-reitorias\/pre\/observatorio-de-direitos-humanos\/wp-json\/wp\/v2\/users\/3848"}],"replies":[{"embeddable":true,"href":"https:\/\/www.ufsm.br\/pro-reitorias\/pre\/observatorio-de-direitos-humanos\/wp-json\/wp\/v2\/comments?post=1549"}],"version-history":[{"count":0,"href":"https:\/\/www.ufsm.br\/pro-reitorias\/pre\/observatorio-de-direitos-humanos\/wp-json\/wp\/v2\/pages\/1549\/revisions"}],"wp:attachment":[{"href":"https:\/\/www.ufsm.br\/pro-reitorias\/pre\/observatorio-de-direitos-humanos\/wp-json\/wp\/v2\/media?parent=1549"}],"wp:term":[{"taxonomy":"category","embeddable":true,"href":"https:\/\/www.ufsm.br\/pro-reitorias\/pre\/observatorio-de-direitos-humanos\/wp-json\/wp\/v2\/categories?post=1549"},{"taxonomy":"post_tag","embeddable":true,"href":"https:\/\/www.ufsm.br\/pro-reitorias\/pre\/observatorio-de-direitos-humanos\/wp-json\/wp\/v2\/tags?post=1549"}],"curies":[{"name":"wp","href":"https:\/\/api.w.org\/{rel}","templated":true}]}}