{"id":1570,"date":"2021-07-26T16:41:08","date_gmt":"2021-07-26T19:41:08","guid":{"rendered":"https:\/\/www.ufsm.br\/pro-reitorias\/pre\/observatorio-de-direitos-humanos\/?page_id=1570"},"modified":"2023-04-13T16:39:47","modified_gmt":"2023-04-13T19:39:47","slug":"projetos-do-eixo-saude-mental","status":"publish","type":"page","link":"https:\/\/www.ufsm.br\/pro-reitorias\/pre\/observatorio-de-direitos-humanos\/projetos-do-eixo-saude-mental","title":{"rendered":"Projetos do eixo Sa\u00fade mental"},"content":{"rendered":"\t\t<div data-elementor-type=\"wp-page\" data-elementor-id=\"1570\" class=\"elementor elementor-1570\">\n\t\t\t\t\t\t<section class=\"elementor-section elementor-top-section elementor-element elementor-element-246e8ae elementor-section-boxed elementor-section-height-default elementor-section-height-default\" data-id=\"246e8ae\" data-element_type=\"section\">\n\t\t\t\t\t\t<div class=\"elementor-container elementor-column-gap-default\">\n\t\t\t\t\t<div class=\"elementor-column elementor-col-100 elementor-top-column elementor-element elementor-element-488d637\" data-id=\"488d637\" data-element_type=\"column\">\n\t\t\t<div class=\"elementor-widget-wrap elementor-element-populated\">\n\t\t\t\t\t\t<div class=\"elementor-element elementor-element-2f74554 elementor-widget elementor-widget-heading\" data-id=\"2f74554\" data-element_type=\"widget\" data-widget_type=\"heading.default\">\n\t\t\t\t<div class=\"elementor-widget-container\">\n\t\t\t<h2 class=\"elementor-heading-title elementor-size-default\">Projetos 2022:<\/h2>\t\t<\/div>\n\t\t\t\t<\/div>\n\t\t\t\t<div class=\"elementor-element elementor-element-4591805 elementor-widget elementor-widget-toggle\" data-id=\"4591805\" data-element_type=\"widget\" data-widget_type=\"toggle.default\">\n\t\t\t\t<div class=\"elementor-widget-container\">\n\t\t\t\t\t<div class=\"elementor-toggle\">\n\t\t\t\t\t\t\t<div class=\"elementor-toggle-item\">\n\t\t\t\t\t<div id=\"elementor-tab-title-7291\" class=\"elementor-tab-title\" data-tab=\"1\" role=\"button\" aria-controls=\"elementor-tab-content-7291\" aria-expanded=\"false\">\n\t\t\t\t\t\t\t\t\t\t\t\t<span class=\"elementor-toggle-icon elementor-toggle-icon-left\" aria-hidden=\"true\">\n\t\t\t\t\t\t\t\t\t\t\t\t\t\t\t<span class=\"elementor-toggle-icon-closed\"><i class=\"fas fa-caret-right\"><\/i><\/span>\n\t\t\t\t\t\t\t\t<span class=\"elementor-toggle-icon-opened\"><i class=\"elementor-toggle-icon-opened fas fa-caret-up\"><\/i><\/span>\n\t\t\t\t\t\t\t\t\t\t\t\t\t<\/span>\n\t\t\t\t\t\t\t\t\t\t\t\t<a class=\"elementor-toggle-title\" tabindex=\"0\">Grupo Interdisciplinar de Conviv\u00eancia (GIC): tr\u00e2nsitos de linguagem, educa\u00e7\u00e3o em sa\u00fade e promo\u00e7\u00e3o de processos formativos<\/a>\n\t\t\t\t\t<\/div>\n\n\t\t\t\t\t<div id=\"elementor-tab-content-7291\" class=\"elementor-tab-content elementor-clearfix\" data-tab=\"1\" role=\"region\" aria-labelledby=\"elementor-tab-title-7291\"><p>Coordenadora:\u00a0<span style=\"color: #1c1c1c;font-size: 16px;background-color: var(--bs-body-bg)\">\u00a0<\/span><span style=\"color: #1c1c1c;font-size: 16px;background-color: var(--bs-body-bg)\">C\u00e9lia Helena de Pelegrini Della Mea<\/span><\/p><p>Sendo a linguagem \u2018heter\u00f3clita e multifacetada\u2019 (pois \u00e9, ao mesmo tempo, f\u00edsica, fisiol\u00f3gica e ps\u00edquica) pertencente aos interesses de dom\u00ednios diversos, os estudos sobre a linguagem interp\u00f5em a interdisciplinaridade como foco de conhecimento mais amplo sobre ela. Nesta perspectiva interdisciplinar (fonoaudiologia, psicologia, terapia ocupacional, letras, etc), esta proposta extensionista, que concebe homem e linguagem indissoci\u00e1veis, pois a linguagem \u00e9 da natureza humana, tem por objetivo promover a atualiza\u00e7\u00e3o das a\u00e7\u00f5es no Grupo Interdisciplinar de Conviv\u00eancia (GIC), fundado em 2010, por Elenir Fedossi, docente do curso de Fonoaudiologia da UFSM. O GIC \u00e9 um grupo interdisciplinar de conviv\u00eancia (GIC) entre sujeitos com e sem afasia (comunidade de fala), interessados em compartilhar suas experi\u00eancias, manifestando as m\u00faltiplas semioses envolvidas nas variadas formas de express\u00e3o no processo interativo (oral e escrito).<\/p><p>\u00a0Nesse intuito, promovem-se reuni\u00f5es semanais, com dura\u00e7\u00e3o de duas horas e trinta minutos, a fim de, por meio da promo\u00e7\u00e3o de a\u00e7\u00f5es com situa\u00e7\u00f5es reais de intera\u00e7\u00f5es diversas, proporcionar acompanhamento interdisciplinar aos sujeitos com afasia (usu\u00e1rios do SAF) e com isso ampliar os conhecimentos sobre a linguagem na forma\u00e7\u00e3o de profissionais de variadas \u00e1reas de estudo (cursos de gradua\u00e7\u00e3o em Fonoaudiologia, Psicologia, Letras e Terapia Ocupacional e p\u00f3s-gradua\u00e7\u00e3o em Dist\u00farbios da Comunica\u00e7\u00e3o Humana da UFSM). Para al\u00e9m do cuidado interdisciplinar, com esta proposta continuada, presumimos a promo\u00e7\u00e3o de a\u00e7\u00f5es de educa\u00e7\u00e3o em sa\u00fade e o favorecimento de espa\u00e7o para realiza\u00e7\u00e3o de est\u00e1gios supervisionados por profissionais de \u00e1reas da sa\u00fade.<\/p><p>\u00a0<\/p><\/div>\n\t\t\t\t<\/div>\n\t\t\t\t\t\t\t<div class=\"elementor-toggle-item\">\n\t\t\t\t\t<div id=\"elementor-tab-title-7292\" class=\"elementor-tab-title\" data-tab=\"2\" role=\"button\" aria-controls=\"elementor-tab-content-7292\" aria-expanded=\"false\">\n\t\t\t\t\t\t\t\t\t\t\t\t<span class=\"elementor-toggle-icon elementor-toggle-icon-left\" aria-hidden=\"true\">\n\t\t\t\t\t\t\t\t\t\t\t\t\t\t\t<span class=\"elementor-toggle-icon-closed\"><i class=\"fas fa-caret-right\"><\/i><\/span>\n\t\t\t\t\t\t\t\t<span class=\"elementor-toggle-icon-opened\"><i class=\"elementor-toggle-icon-opened fas fa-caret-up\"><\/i><\/span>\n\t\t\t\t\t\t\t\t\t\t\t\t\t<\/span>\n\t\t\t\t\t\t\t\t\t\t\t\t<a class=\"elementor-toggle-title\" tabindex=\"0\">Pr\u00e1ticas integrativas e complementares no cuidado \u00e0 sa\u00fade<\/a>\n\t\t\t\t\t<\/div>\n\n\t\t\t\t\t<div id=\"elementor-tab-content-7292\" class=\"elementor-tab-content elementor-clearfix\" data-tab=\"2\" role=\"region\" aria-labelledby=\"elementor-tab-title-7292\"><div><div>\u00a0<\/div><div>Coordenadora:\u00a0<span style=\"color: #000000;font-family: docs-Calibri;font-size: 16px;background-color: var(--bs-body-bg)\"> Silvana Bastos Cogo<\/span><\/div><div>O projeto de extens\u00e3o que se pretende desenvolver tem por objetivo geral aplicar PICS na comunidade santameriense e regi\u00e3o, bem como em estudantes e servidores da Universidade Federal de Santa Maria (UFSM). Dentre os objetivos espec\u00edficos, est\u00e3o: proporcionar a comunidade atendida o (re) conhecimento e os benef\u00edcios das PICS no cuidado a sua sa\u00fade; atendimento aos mun\u00edcipes de Santa Maria e regi\u00e3o, bem como a estudantes, servidores e usu\u00e1rios do Hospital Universit\u00e1rio de Santa Maria (HUSM) e da UFSM; divulgar o Laborat\u00f3rio de Pr\u00e1ticas Integrativas e Complementares em Sa\u00fade (LAPICS); estimular a participa\u00e7\u00e3o no ensino, pesquisa e extens\u00e3o dos estudantes de gradua\u00e7\u00e3o, p\u00f3s-gradua\u00e7\u00e3o e de resid\u00eancia, quanto as PICS; possibilitar visitas de car\u00e1ter educativo no LAPICS e realizar estudos avaliativos referentes \u00e0s PICS aplicadas no LAPICS.\u00a0<\/div><div>A metodologia se caracteriza como multiplicadora de ideias e fomentadora do cuidado e autocuidado \u00e0 sa\u00fade, por meio do uso das PICS na qualidade de vida das pessoas. Poder\u00e3o participar a comunidade santamariense e da regi\u00e3o, bem como estudantes e servidores da UFSM, os encaminhamentos aos atendimentos ser\u00e3o encaminhados pela Secret\u00e1ria Municipal de Sa\u00fade do Munic\u00edpio de Santa Maria, Coordenadoria de Sa\u00fade e Qualidade de Vida do Servidor (CQVS) \u2013 UFSM e pelo N\u00facleo de Apoio \u00e0 Aprendizagem em Educa\u00e7\u00e3o (\u00c2NIMA) \u2013 UFSM, com agendamento pr\u00e9vio. Pretende-se desenvolver no per\u00edodo de dezembro de 2017 a dezembro de 2022. Espera-se, com a execu\u00e7\u00e3o do projeto, al\u00e9m do fortalecimento do LAPICS, \u00e0 cria\u00e7\u00e3o de um espa\u00e7o did\u00e1tico multidisciplinar na regi\u00e3o central da cidade de Santa Maria e de f\u00e1cil acesso, que possibilite o (re) conhecimento das PICS, independente das condi\u00e7\u00f5es socioecon\u00f4micas, culturais e religiosas dos participantes. Que este espa\u00e7o, seja um importante instrumento educativo e transformador no cuidado e autocuidado \u00e0 sa\u00fade humana, bem como um local de refer\u00eancia no desenvolvimento de ensino, pesquisa e extens\u00e3o sobre as PICS no referido munic\u00edpio em parceria com a UFSM.<\/div><\/div><div>\u00a0<\/div><\/div>\n\t\t\t\t<\/div>\n\t\t\t\t\t\t\t<div class=\"elementor-toggle-item\">\n\t\t\t\t\t<div id=\"elementor-tab-title-7293\" class=\"elementor-tab-title\" data-tab=\"3\" role=\"button\" aria-controls=\"elementor-tab-content-7293\" aria-expanded=\"false\">\n\t\t\t\t\t\t\t\t\t\t\t\t<span class=\"elementor-toggle-icon elementor-toggle-icon-left\" aria-hidden=\"true\">\n\t\t\t\t\t\t\t\t\t\t\t\t\t\t\t<span class=\"elementor-toggle-icon-closed\"><i class=\"fas fa-caret-right\"><\/i><\/span>\n\t\t\t\t\t\t\t\t<span class=\"elementor-toggle-icon-opened\"><i class=\"elementor-toggle-icon-opened fas fa-caret-up\"><\/i><\/span>\n\t\t\t\t\t\t\t\t\t\t\t\t\t<\/span>\n\t\t\t\t\t\t\t\t\t\t\t\t<a class=\"elementor-toggle-title\" tabindex=\"0\">Servi\u00e7o de Psicologia junto ao N\u00facleo de Assist\u00eancia Judici\u00e1ria: uma orienta\u00e7\u00e3o familiar <\/a>\n\t\t\t\t\t<\/div>\n\n\t\t\t\t\t<div id=\"elementor-tab-content-7293\" class=\"elementor-tab-content elementor-clearfix\" data-tab=\"3\" role=\"region\" aria-labelledby=\"elementor-tab-title-7293\"><p>Coordenadora: Dorian Monica Arpini<\/p>\n<p>Este programa visa, atrav\u00e9s de um trabalho interdisciplinar, mediar situa\u00e7\u00f5es que envolvam conflitos familiares a fim de minimizar o sofrimento das fam\u00edlias que passam por momentos de crise, separa\u00e7\u00f5es ou situa\u00e7\u00f5es de viol\u00eancia. O programa ser\u00e1 desenvolvido junto ao N\u00facleo de Assist\u00eancia Judici\u00e1ria, \u00d3rg\u00e3o Suplementar do Centro de Ci\u00eancias Sociais e Humanas, vinculado \u00e0 Universidade Federal de Santa Maria. Atrav\u00e9s de uma triagem permanente, realizada pela Assistente Social do N\u00facleo, os casos referentes ao Direito de Fam\u00edlia ser\u00e3o encaminhados para o servi\u00e7o de Psicologia.<\/p><p><span style=\", Helvetica, Arial, sans-serif;font-size: 16px\">Em seguida, ser\u00e1 feito o agendamento de uma entrevista inicial com a parte que procurou o Servi\u00e7o. Ap\u00f3s, se agendar\u00e1 uma media\u00e7\u00e3o com as partes envolvidas, na qual se far\u00e3o presentes um dos estagi\u00e1rios do Curso de Psicologia, a assistente social do N\u00facleo e um acad\u00eamico estagi\u00e1rio do Curso de Direito. Ambas as partes ser\u00e3o ouvidas, cada qual com sua vers\u00e3o, e dar-se-\u00e1 in\u00edcio \u00e0 busca pelo di\u00e1logo, dentro das inten\u00e7\u00f5es buscadas pela Media\u00e7\u00e3o. Todos os casos atendidos ser\u00e3o registrados em um prontu\u00e1rio do Servi\u00e7o de Psicologia. Pretende-se com este trabalho, ir al\u00e9m da resolu\u00e7\u00e3o da demanda judicial, estabelecendo um espa\u00e7o de di\u00e1logo em que a solu\u00e7\u00e3o para o conflito \u00e9 constru\u00edda conjuntamente, contribuindo desta forma para o protagonismo das partes e resgate das rela\u00e7\u00f5es familiares.<\/span><br><\/p><\/div>\n\t\t\t\t<\/div>\n\t\t\t\t\t\t\t\t<\/div>\n\t\t\t\t<\/div>\n\t\t\t\t<\/div>\n\t\t\t\t\t<\/div>\n\t\t<\/div>\n\t\t\t\t\t<\/div>\n\t\t<\/section>\n\t\t\t\t<section class=\"elementor-section elementor-top-section elementor-element elementor-element-77a08d3 elementor-section-boxed elementor-section-height-default elementor-section-height-default\" data-id=\"77a08d3\" data-element_type=\"section\">\n\t\t\t\t\t\t<div class=\"elementor-container elementor-column-gap-default\">\n\t\t\t\t\t<div class=\"elementor-column elementor-col-100 elementor-top-column elementor-element elementor-element-ad7002a\" data-id=\"ad7002a\" data-element_type=\"column\">\n\t\t\t<div class=\"elementor-widget-wrap elementor-element-populated\">\n\t\t\t\t\t\t<div class=\"elementor-element elementor-element-ff9e33b elementor-widget elementor-widget-heading\" data-id=\"ff9e33b\" data-element_type=\"widget\" data-widget_type=\"heading.default\">\n\t\t\t\t<div class=\"elementor-widget-container\">\n\t\t\t<h2 class=\"elementor-heading-title elementor-size-default\">Projetos 2021:<\/h2>\t\t<\/div>\n\t\t\t\t<\/div>\n\t\t\t\t<div class=\"elementor-element elementor-element-d65a576 elementor-widget elementor-widget-text-editor\" data-id=\"d65a576\" data-element_type=\"widget\" data-widget_type=\"text-editor.default\">\n\t\t\t\t<div class=\"elementor-widget-container\">\n\t\t\t\t\t\t\t<h2 style=\"font-weight: var( --e-global-typography-primary-font-weight );font-size: 2rem\" data-elementor-setting-key=\"title\" data-pen-placeholder=\"Type Here...\"><span style=\"font-size: 16px;font-weight: var( --e-global-typography-text-font-weight );text-align: var(--bs-body-text-align)\">No ano de 2021, 02 projetos da UFSM foram contemplados com o recurso do Observat\u00f3rio de Direitos Humanos da UFSM no eixo Sa\u00fade mental. Para saber mais sobre os projetos, acesse:<\/span><br><\/h2>\t\t\t\t\t\t<\/div>\n\t\t\t\t<\/div>\n\t\t\t\t<div class=\"elementor-element elementor-element-2cd9c5e elementor-widget elementor-widget-toggle\" data-id=\"2cd9c5e\" data-element_type=\"widget\" data-widget_type=\"toggle.default\">\n\t\t\t\t<div class=\"elementor-widget-container\">\n\t\t\t\t\t<div class=\"elementor-toggle\">\n\t\t\t\t\t\t\t<div class=\"elementor-toggle-item\">\n\t\t\t\t\t<div id=\"elementor-tab-title-4701\" class=\"elementor-tab-title\" data-tab=\"1\" role=\"button\" aria-controls=\"elementor-tab-content-4701\" aria-expanded=\"false\">\n\t\t\t\t\t\t\t\t\t\t\t\t<span class=\"elementor-toggle-icon elementor-toggle-icon-left\" aria-hidden=\"true\">\n\t\t\t\t\t\t\t\t\t\t\t\t\t\t\t<span class=\"elementor-toggle-icon-closed\"><i class=\"fas fa-caret-right\"><\/i><\/span>\n\t\t\t\t\t\t\t\t<span class=\"elementor-toggle-icon-opened\"><i class=\"elementor-toggle-icon-opened fas fa-caret-up\"><\/i><\/span>\n\t\t\t\t\t\t\t\t\t\t\t\t\t<\/span>\n\t\t\t\t\t\t\t\t\t\t\t\t<a class=\"elementor-toggle-title\" tabindex=\"0\">Horta agroec\u00f3logica comunit\u00e1ria Neide Vaz na Associa\u00e7\u00e3o de Moradores do Residencial Dom Ivo Lorscheiter<\/a>\n\t\t\t\t\t<\/div>\n\n\t\t\t\t\t<div id=\"elementor-tab-content-4701\" class=\"elementor-tab-content elementor-clearfix\" data-tab=\"1\" role=\"region\" aria-labelledby=\"elementor-tab-title-4701\"><p>Coordenador: Juarez Felisberto<\/p>\n<p>Em acordo com a pol\u00edtica nacional de seguran\u00e7a alimentar e nutricional (PNSAN)* visando o enfrentamento das situa\u00e7\u00f5es de d\u00e9ficit alimentar e nutricional, sobretudo dos grupos em situa\u00e7\u00e3o de maior vulnerabilidade social, o projeto se prop\u00f5e a ocupar espa\u00e7o ocioso pertencente \u00e0 Associa\u00e7\u00e3o de Moradores Dom Ivo Lorscheiter (Amordil), visando a produ\u00e7\u00e3o de hortali\u00e7as, plantas condimentares e fitoter\u00e1picas, como eixo fundamental de uma estrat\u00e9gia de mobiliza\u00e7\u00e3o e organiza\u00e7\u00e3o comunit\u00e1ria de est\u00edmulo a alimenta\u00e7\u00e3o saud\u00e1vel, a\u00e7\u00f5es s\u00f3cio-ambientais e a sa\u00fade preventiva (laborterapia). O projeto partiu do interesse e por iniciativa da associa\u00e7\u00e3o de moradores, com reuni\u00f5es (Rodas de Conversa) j\u00e1 realizadas e a\u00e7\u00f5es discutidas em conjunto, sendo que j\u00e1 foram definidos os crit\u00e9rios e as inscri\u00e7\u00f5es dos interessados, bem como a delimita\u00e7\u00e3o do espa\u00e7o f\u00edsico, a confec\u00e7\u00e3o de alguns canteiros e o cercamento da \u00e1rea. \u2022 Decreto n\u00ba 7.272, de 25 de agosto de 2010, que \u201cregulamenta a Lei no 11.346, de 15 de setembro de 2006, que cria o Sistema Nacional de Seguran\u00e7a Alimentar e Nutricional \u2013 SISAN com vistas a assegurar o direito humano \u00e0 alimenta\u00e7\u00e3o adequada, institui a Pol\u00edtica Nacional de Seguran\u00e7a Alimentar e Nutricional \u2013 PNSAN..\u201d<\/p>\n<p>Para saber mais sobre o projeto,\u00a0<a href=\"https:\/\/portal.ufsm.br\/projetos\/publico\/projetos\/view.html?idProjeto=57387\" target=\"_blank\" rel=\"noreferrer noopener\">clique aqui<\/a>.<\/p><\/div>\n\t\t\t\t<\/div>\n\t\t\t\t\t\t\t<div class=\"elementor-toggle-item\">\n\t\t\t\t\t<div id=\"elementor-tab-title-4702\" class=\"elementor-tab-title\" data-tab=\"2\" role=\"button\" aria-controls=\"elementor-tab-content-4702\" aria-expanded=\"false\">\n\t\t\t\t\t\t\t\t\t\t\t\t<span class=\"elementor-toggle-icon elementor-toggle-icon-left\" aria-hidden=\"true\">\n\t\t\t\t\t\t\t\t\t\t\t\t\t\t\t<span class=\"elementor-toggle-icon-closed\"><i class=\"fas fa-caret-right\"><\/i><\/span>\n\t\t\t\t\t\t\t\t<span class=\"elementor-toggle-icon-opened\"><i class=\"elementor-toggle-icon-opened fas fa-caret-up\"><\/i><\/span>\n\t\t\t\t\t\t\t\t\t\t\t\t\t<\/span>\n\t\t\t\t\t\t\t\t\t\t\t\t<a class=\"elementor-toggle-title\" tabindex=\"0\">Psicoeduca\u00e7\u00e3o e primeiros cuidados psicol\u00f3gicos como estrat\u00e9gias de preven\u00e7\u00e3o e promo\u00e7\u00e3o da sa\u00fade durante a pandemia de covid-19 - Extens\u00e3o COVID<\/a>\n\t\t\t\t\t<\/div>\n\n\t\t\t\t\t<div id=\"elementor-tab-content-4702\" class=\"elementor-tab-content elementor-clearfix\" data-tab=\"2\" role=\"region\" aria-labelledby=\"elementor-tab-title-4702\"><p>Coordenador: Vitor Crestani Calegaro<\/p>\n<p>A pesquisa COVIDPsiq, que busca monitorar a evolu\u00e7\u00e3o de sintomas emocio-nais em brasileiros durante a pandemia de COVID-19, vem mostrando que as pessoas pioraram a sa\u00fade mental. S\u00e3o diversos fatores relacionados a isso, entre eles: distanciamento social, interrup\u00e7\u00e3o de atividades, problemas socioe-con\u00f4micos, possibilidade de cont\u00e1gio e viol\u00eancia dom\u00e9stica. Adicionalmente, descontinua\u00e7\u00e3o de tratamentos em sa\u00fade mental devido ao fechamento de servi\u00e7os agravam ainda mais o problema. A pesquisa identificou participantes com depress\u00e3o grave sem atendimento psicol\u00f3gico ou psiqui\u00e1trico. Assim, ini-ciativas de preven\u00e7\u00e3o e promo\u00e7\u00e3o da sa\u00fade mental tornam-se urgentes. Este projeto complementa a pesquisa COVIDPsiq e possui os objetivos: (1) realizar psicoeduca\u00e7\u00e3o para a popula\u00e7\u00e3o geral a partir dos resultados gerados; (2) ofer-tar atendimentos em Primeiros Cuidados Psicol\u00f3gicos (PCPs) para os partici-pantes que entrarem em contato com os pesquisadores; e (3), capacitar equipes de profissionais da sa\u00fade em PCPs. A psicoeduca\u00e7\u00e3o \u00e9 uma forma de inter-ven\u00e7\u00e3o individual ou de grupo, com a finalidade de ensinar ao paciente sobre a patologia e seu tratamento. Os PCPs s\u00e3o um conjunto de ferramentas de supor-te emocional que visam o manejo inicial dos casos, recomenda\u00e7\u00f5es em sa\u00fade mental e encaminhamento \u00e0s equipes multiprofissionais para tratamento. A psicoeduca\u00e7\u00e3o ser\u00e1 ofertada semanalmente atrav\u00e9s de lives nos canais de streaming da COVIDPsiq. Os PCPs ser\u00e3o ofertados por m\u00e9dicos e psic\u00f3logos graduados via teleatendimento, ap\u00f3s treinamento pr\u00e9vio. As capacita\u00e7\u00f5es ser\u00e3o organizadas junto \u00e0s Secretarias Municipais de Sa\u00fade, destinadas aos profis-sionais da \u00e1rea da sa\u00fade, sendo executadas \u00e0 dist\u00e2ncia. Estima-se que o proje-to alcance um p\u00fablico mensal de 500 a 1000 pessoas. Espera-se que este pro-grama possa minimizar as consequ\u00eancias atuais e futuras da atual pandemia para a sa\u00fade mental da popula\u00e7\u00e3o, e sobretudo dos participantes da pesquisa.<\/p>\n<p>Para saber mais sobre o projeto,\u00a0<a href=\"https:\/\/portal.ufsm.br\/projetos\/publico\/projetos\/view.html?idProjeto=66855\" target=\"_blank\" rel=\"noreferrer noopener\">clique aqui<\/a>.<\/p><\/div>\n\t\t\t\t<\/div>\n\t\t\t\t\t\t\t\t<\/div>\n\t\t\t\t<\/div>\n\t\t\t\t<\/div>\n\t\t\t\t\t<\/div>\n\t\t<\/div>\n\t\t\t\t\t<\/div>\n\t\t<\/section>\n\t\t\t\t<\/div>\n\t\t","protected":false},"excerpt":{"rendered":"<p>Projetos 2022: Grupo Interdisciplinar de Conviv\u00eancia (GIC): tr\u00e2nsitos de linguagem, educa\u00e7\u00e3o em sa\u00fade e promo\u00e7\u00e3o de processos formativos Coordenadora:\u00a0\u00a0C\u00e9lia Helena de Pelegrini Della Mea Sendo a linguagem \u2018heter\u00f3clita e multifacetada\u2019 (pois \u00e9, ao mesmo tempo, f\u00edsica, fisiol\u00f3gica e ps\u00edquica) pertencente aos interesses de dom\u00ednios diversos, os estudos sobre a linguagem interp\u00f5em a interdisciplinaridade como foco [&hellip;]<\/p>\n","protected":false},"author":3848,"featured_media":0,"parent":0,"menu_order":0,"comment_status":"closed","ping_status":"closed","template":"","meta":{"footnotes":""},"categories":[],"tags":[],"class_list":["post-1570","page","type-page","status-publish","hentry"],"acf":[],"_links":{"self":[{"href":"https:\/\/www.ufsm.br\/pro-reitorias\/pre\/observatorio-de-direitos-humanos\/wp-json\/wp\/v2\/pages\/1570","targetHints":{"allow":["GET"]}}],"collection":[{"href":"https:\/\/www.ufsm.br\/pro-reitorias\/pre\/observatorio-de-direitos-humanos\/wp-json\/wp\/v2\/pages"}],"about":[{"href":"https:\/\/www.ufsm.br\/pro-reitorias\/pre\/observatorio-de-direitos-humanos\/wp-json\/wp\/v2\/types\/page"}],"author":[{"embeddable":true,"href":"https:\/\/www.ufsm.br\/pro-reitorias\/pre\/observatorio-de-direitos-humanos\/wp-json\/wp\/v2\/users\/3848"}],"replies":[{"embeddable":true,"href":"https:\/\/www.ufsm.br\/pro-reitorias\/pre\/observatorio-de-direitos-humanos\/wp-json\/wp\/v2\/comments?post=1570"}],"version-history":[{"count":0,"href":"https:\/\/www.ufsm.br\/pro-reitorias\/pre\/observatorio-de-direitos-humanos\/wp-json\/wp\/v2\/pages\/1570\/revisions"}],"wp:attachment":[{"href":"https:\/\/www.ufsm.br\/pro-reitorias\/pre\/observatorio-de-direitos-humanos\/wp-json\/wp\/v2\/media?parent=1570"}],"wp:term":[{"taxonomy":"category","embeddable":true,"href":"https:\/\/www.ufsm.br\/pro-reitorias\/pre\/observatorio-de-direitos-humanos\/wp-json\/wp\/v2\/categories?post=1570"},{"taxonomy":"post_tag","embeddable":true,"href":"https:\/\/www.ufsm.br\/pro-reitorias\/pre\/observatorio-de-direitos-humanos\/wp-json\/wp\/v2\/tags?post=1570"}],"curies":[{"name":"wp","href":"https:\/\/api.w.org\/{rel}","templated":true}]}}