{"id":2374,"date":"2023-06-01T09:49:48","date_gmt":"2023-06-01T12:49:48","guid":{"rendered":"https:\/\/www.ufsm.br\/pro-reitorias\/pre\/observatorio-de-direitos-humanos\/?page_id=2374"},"modified":"2024-02-15T10:48:01","modified_gmt":"2024-02-15T13:48:01","slug":"nome-social","status":"publish","type":"page","link":"https:\/\/www.ufsm.br\/pro-reitorias\/pre\/observatorio-de-direitos-humanos\/nome-social","title":{"rendered":"Nome Social para pessoas Transg\u00eanero"},"content":{"rendered":"\t\t<div data-elementor-type=\"wp-page\" data-elementor-id=\"2374\" class=\"elementor elementor-2374\">\n\t\t\t\t\t\t<section class=\"elementor-section elementor-top-section elementor-element elementor-element-0ba3093 elementor-section-boxed elementor-section-height-default elementor-section-height-default\" data-id=\"0ba3093\" data-element_type=\"section\">\n\t\t\t\t\t\t<div class=\"elementor-container elementor-column-gap-default\">\n\t\t\t\t\t<div class=\"elementor-column elementor-col-100 elementor-top-column elementor-element elementor-element-b355045\" data-id=\"b355045\" data-element_type=\"column\">\n\t\t\t<div class=\"elementor-widget-wrap elementor-element-populated\">\n\t\t\t\t\t\t<div class=\"elementor-element elementor-element-e6288b3 elementor-widget elementor-widget-image\" data-id=\"e6288b3\" data-element_type=\"widget\" data-widget_type=\"image.default\">\n\t\t\t\t<div class=\"elementor-widget-container\">\n\t\t\t\t\t\t\t\t\t\t\t\t\t\t<a href=\"https:\/\/www.ufsm.br\/pro-reitorias\/pre\/observatorio-de-direitos-humanos\/casa-veronica\/campanha-eu-decidi-me-reconhecer\">\n\t\t\t\t\t\t\t<img fetchpriority=\"high\" decoding=\"async\" width=\"1025\" height=\"275\" src=\"https:\/\/www.ufsm.br\/app\/uploads\/sites\/414\/2023\/08\/Banner_site_1.jpg\" class=\"attachment-1536x1536 size-1536x1536 wp-image-2473\" alt=\"\" srcset=\"https:\/\/www.ufsm.br\/app\/uploads\/sites\/414\/2023\/08\/Banner_site_1.jpg 1025w, https:\/\/www.ufsm.br\/app\/uploads\/sites\/414\/2023\/08\/Banner_site_1-300x80.jpg 300w, https:\/\/www.ufsm.br\/app\/uploads\/sites\/414\/2023\/08\/Banner_site_1-768x206.jpg 768w\" sizes=\"(max-width: 1025px) 100vw, 1025px\" \/>\t\t\t\t\t\t\t\t<\/a>\n\t\t\t\t\t\t\t\t\t\t\t\t\t<\/div>\n\t\t\t\t<\/div>\n\t\t\t\t\t<\/div>\n\t\t<\/div>\n\t\t\t\t\t<\/div>\n\t\t<\/section>\n\t\t\t\t<section class=\"elementor-section elementor-top-section elementor-element elementor-element-cf458f6 elementor-section-boxed elementor-section-height-default elementor-section-height-default\" data-id=\"cf458f6\" data-element_type=\"section\">\n\t\t\t\t\t\t<div class=\"elementor-container elementor-column-gap-default\">\n\t\t\t\t\t<div class=\"elementor-column elementor-col-100 elementor-top-column elementor-element elementor-element-62a6236\" data-id=\"62a6236\" data-element_type=\"column\">\n\t\t\t<div class=\"elementor-widget-wrap elementor-element-populated\">\n\t\t\t\t\t\t<div class=\"elementor-element elementor-element-d57f350 elementor-widget-divider--view-line elementor-widget elementor-widget-divider\" data-id=\"d57f350\" data-element_type=\"widget\" data-widget_type=\"divider.default\">\n\t\t\t\t<div class=\"elementor-widget-container\">\n\t\t\t\t\t<div class=\"elementor-divider\">\n\t\t\t<span class=\"elementor-divider-separator\">\n\t\t\t\t\t\t<\/span>\n\t\t<\/div>\n\t\t\t\t<\/div>\n\t\t\t\t<\/div>\n\t\t\t\t<div class=\"elementor-element elementor-element-476d450 elementor-widget__width-initial elementor-widget elementor-widget-text-editor\" data-id=\"476d450\" data-element_type=\"widget\" data-widget_type=\"text-editor.default\">\n\t\t\t\t<div class=\"elementor-widget-container\">\n\t\t\t\t\t\t\t<p style=\"text-align: center\"><em>O <strong>nome social<\/strong> \u00e9 o modo como a pessoa se autoidentifica e \u00e9 reconhecida, identificada e denominada na sua comunidade e meio social uma vez que o seu nome civil n\u00e3o reflete, necess\u00e1riamente, a sua identidade de g\u00eanero.\u00a0<\/em><\/p>\t\t\t\t\t\t<\/div>\n\t\t\t\t<\/div>\n\t\t\t\t<div class=\"elementor-element elementor-element-ed8b10a elementor-widget-divider--view-line elementor-widget elementor-widget-divider\" data-id=\"ed8b10a\" data-element_type=\"widget\" data-widget_type=\"divider.default\">\n\t\t\t\t<div class=\"elementor-widget-container\">\n\t\t\t\t\t<div class=\"elementor-divider\">\n\t\t\t<span class=\"elementor-divider-separator\">\n\t\t\t\t\t\t<\/span>\n\t\t<\/div>\n\t\t\t\t<\/div>\n\t\t\t\t<\/div>\n\t\t\t\t\t<\/div>\n\t\t<\/div>\n\t\t\t\t\t<\/div>\n\t\t<\/section>\n\t\t\t\t<section class=\"elementor-section elementor-top-section elementor-element elementor-element-f36221d elementor-section-boxed elementor-section-height-default elementor-section-height-default\" data-id=\"f36221d\" data-element_type=\"section\">\n\t\t\t\t\t\t<div class=\"elementor-container elementor-column-gap-default\">\n\t\t\t\t\t<div class=\"elementor-column elementor-col-100 elementor-top-column elementor-element elementor-element-538961f\" data-id=\"538961f\" data-element_type=\"column\">\n\t\t\t<div class=\"elementor-widget-wrap elementor-element-populated\">\n\t\t\t\t\t\t<div class=\"elementor-element elementor-element-8816ba7 elementor-widget elementor-widget-text-editor\" data-id=\"8816ba7\" data-element_type=\"widget\" data-widget_type=\"text-editor.default\">\n\t\t\t\t<div class=\"elementor-widget-container\">\n\t\t\t\t\t\t\t<p><span style=\"font-size: 11pt;font-family: Arial;color: #000000;background-color: transparent;font-weight: 400;font-style: normal;font-variant: normal;text-decoration: none;vertical-align: baseline\">A comuidade <\/span><span style=\"font-size: 11pt;font-family: Arial;color: #000000;background-color: transparent;font-weight: bold;font-style: normal;font-variant: normal;text-decoration: none;vertical-align: baseline\">LGBTQIAP+<\/span><span style=\"font-size: 11pt;font-family: Arial;color: #000000;background-color: transparent;font-weight: 400;font-style: normal;font-variant: normal;text-decoration: none;vertical-align: baseline\"> engloba diversas identidades e orienta\u00e7\u00f5es sexuais que n\u00e3o seguem a cis-heteronormatividade e, em virtude disso, muitas s\u00e3o v\u00edtimas de viol\u00eancias e preconceitos diariamente. De acordo com o\u00a0<\/span><a style=\"text-decoration: none\" href=\"https:\/\/antrabrasil.files.wordpress.com\/2023\/01\/dossieantra2023.pdf\"><span style=\"font-size: 11pt;font-family: Arial;color: #1155cc;background-color: transparent;font-weight: 400;font-style: normal;font-variant: normal;text-decoration: underline;vertical-align: baseline\">relat\u00f3rio da Antra<\/span><\/a><span style=\"font-size: 11pt;font-family: Arial;color: #000000;background-color: transparent;font-weight: 400;font-style: normal;font-variant: normal;text-decoration: none;vertical-align: baseline\"> (Associa\u00e7\u00e3o Nacional de Travestis e Transexuais), o Brasil continua sendo o pa\u00eds que mais mata pessoas trans no mundo. Somente em 2022, 131 pessoas trans e\/ou travestis foram assassinadas no pa\u00eds. As que sobrevivem, em sua maioria, sofrem outros tipos de viol\u00eancias, como \u00e9 o caso da viol\u00eancia psicol\u00f3gica &#8211; amea\u00e7as, constrangimentos, humilha\u00e7\u00f5es, chantagens &#8211;\u00a0 e do desrespeito geralmente relacionado ao tratamento do indiv\u00edduo &#8211; nome social e pronomes. <\/span><\/p><p><span style=\"color: #000000;font-family: Arial;font-size: 11pt;text-align: justify;background-color: transparent;vertical-align: baseline\">Em 2016, com o <\/span><span style=\"text-decoration: underline\"><a style=\"text-align: justify;font-weight: var( --e-global-typography-text-font-weight )\" href=\"https:\/\/www2.camara.leg.br\/legin\/fed\/decret\/2016\/decreto-8727-28-abril-2016-782951-publicacaooriginal-150197-pe.html\"><span style=\"font-size: 11pt;font-family: Arial;color: #1155cc;background-color: transparent;vertical-align: baseline;text-decoration: underline\">Decreto N.\u00ba 8.727<\/span><\/a><\/span><span style=\"color: #000000;font-family: Arial;font-size: 11pt;text-align: justify;background-color: transparent;vertical-align: baseline\">, o Brasil promulgou o uso do n<span style=\"color: #000000;font-size: 16px;text-align: start\">ome social<\/span>\u00a0e o reconhecimento da identidade de g\u00eanero de pessoas travestis e transexuais no \u00e2mbito da administra\u00e7\u00e3o p\u00fablica federal direta, aut\u00e1rquica e fundacional. Apenas em 2018, com a <\/span><a style=\"text-align: justify;font-weight: var( --e-global-typography-text-font-weight )\" href=\"http:\/\/portal.mec.gov.br\/index.php?option=com_docman&amp;view=download&amp;alias=81001-rcp001-18-pdf&amp;category_slug=janeiro-2018-pdf&amp;Itemid=30192\"><span style=\"font-size: 11pt;font-family: Arial;color: #1155cc;background-color: transparent;vertical-align: baseline\"><u>Resolu\u00e7\u00e3o CNE\/CP 1\/2018<\/u><\/span><\/a><span style=\"color: #000000;font-family: Arial;font-size: 11pt;text-align: justify;background-color: transparent;vertical-align: baseline\"> do Minist\u00e9rio da Educa\u00e7\u00e3o, a comunidade conquistou o direito de uso do nome social nos registros dos sistemas de ensino e das escolas de educa\u00e7\u00e3o b\u00e1sica. Com a resolu\u00e7\u00e3o, pessoas maiores de 18 anos podem solicitar que a matr\u00edcula nessas institui\u00e7\u00f5es de ensino seja feita &#8211; ou alterada &#8211; usando o nome social. Os estudantes menores de idade devem ter sua solicita\u00e7\u00e3o apresentada pelos seus representantes legais. <\/span><\/p><h4><span style=\"background-color: transparent;color: #000000;font-family: Arial;font-size: 11pt\"><b>Servi\u00e7os Institucionais na UFSM<\/b><\/span><\/h4><p dir=\"ltr\" style=\"line-height: 1.38;text-align: justify;margin-top: 0pt;margin-bottom: 0pt\"><span style=\"font-size: 11pt;font-family: Arial;color: #000000;background-color: transparent;vertical-align: baseline\">Na UFSM, a <\/span><a href=\"https:\/\/portal.ufsm.br\/documentos\/publico\/documento.html?id=7012567\"><span style=\"font-size: 11pt;font-family: Arial;color: #1155cc;background-color: transparent;vertical-align: baseline\"><u>Resolu\u00e7\u00e3o N.010\/2015<\/u><\/span><\/a><span style=\"font-size: 11pt;font-family: Arial;color: #000000;background-color: transparent;vertical-align: baseline\">, resultado de uma constru\u00e7\u00e3o coletiva, garante o uso do n<span style=\"color: #000000;font-size: 16px;text-align: start\">ome social<\/span>\u00a0para pessoas trans, abrangendo estudantes, servidoras\/es e a comunidade que utiliza os servi\u00e7os da Universidade.<\/span><\/p><p dir=\"ltr\" style=\"line-height: 1.38;text-align: justify;margin-top: 0pt;margin-bottom: 0pt\"><span style=\"font-size: 11pt;font-family: Arial;color: #000000;background-color: transparent;vertical-align: baseline\">\u00a0<\/span><\/p><p dir=\"ltr\" style=\"line-height: 1.38;text-align: justify;margin-top: 0pt;margin-bottom: 0pt\"><span style=\"font-size: 11pt;font-family: Arial;color: #000000;background-color: transparent;vertical-align: baseline\">Estudantes que se enquadrarem na situa\u00e7\u00e3o prevista no art. 1.\u00ba poder\u00e3o solicitar a inclus\u00e3o ou a retirada do nome social durante a manuten\u00e7\u00e3o de seu v\u00ednculo ativo com a UFSM. Nos casos de menores de 18 anos, a inclus\u00e3o do nome social dever\u00e1 ser requerida mediante a apresenta\u00e7\u00e3o de autoriza\u00e7\u00e3o, por escrito, dos pais ou dos respons\u00e1veis legais.\u00a0<\/span><\/p><p dir=\"ltr\" style=\"line-height: 1.38;text-align: justify;margin-top: 0pt;margin-bottom: 0pt\"><span style=\"font-size: 11pt;font-family: Arial;color: #000000;background-color: transparent;vertical-align: baseline\">\u00a0<\/span><\/p><p dir=\"ltr\" style=\"line-height: 1.38;text-align: justify;margin-top: 0pt;margin-bottom: 0pt\"><span style=\"font-size: 11pt;font-family: Arial;color: #000000;background-color: transparent;vertical-align: baseline\">A solicita\u00e7\u00e3o de inclus\u00e3o ou de retirada do nome social por estudantes da UFSM dever\u00e1 ser feita mediante requerimento a ser protocolado no Departamento de Arquivo Geral da UFSM e destinado \u00e0 Pr\u00f3-Reitoria de Gradua\u00e7\u00e3o (PROGRAD) ou \u00e0 Pr\u00f3-Reitoria de P\u00f3s-Gradua\u00e7\u00e3o e Pesquisa (PRPGP), conforme a matr\u00edcula do acad\u00eamico.\u00a0<\/span><\/p><div><span style=\"font-size: 11pt;font-family: Arial;color: #000000;background-color: transparent;vertical-align: baseline\">\u00a0<\/span><\/div><div><h4><strong>Alguns trechos importantes da resolu\u00e7\u00e3o<\/strong><\/h4><p>Art. 4.\u00ba: Para servidores da UFSM, o direito de uso do nome social ser\u00e1 exercido consoante o disposto na Portaria n\u00ba 233, do Minist\u00e9rio do Planejamento, Or\u00e7amento e Gest\u00e3o, de 18 de maio de 2010.\u00a0<\/p><p><span style=\"color: #000000;font-size: 1rem;font-weight: var( --e-global-typography-text-font-weight );text-align: var(--bs-body-text-align)\">Art. 5.\u00ba: A solicita\u00e7\u00e3o de inclus\u00e3o ou de retirada do Nome Social dever\u00e1 ser feita mediante requerimento a ser protocolado no Departamento de Arquivo Geral da UFSM e encaminhado \u00e0 Pr\u00f3-Reitoria de Gest\u00e3o de Pessoas (PROGEP), que assegurar\u00e1 o direito ao uso do nome social nas seguintes situa\u00e7\u00f5es:\u00a0<\/span><\/p><p>| &#8211; cadastro de dados e informa\u00e7\u00f5es de uso social;\u00a0<\/p><p>Il &#8211; comunica\u00e7\u00f5es internas de uso social;\u00a0<\/p><p>Ill &#8211; endere\u00e7o de correio eletr\u00f4nico;<\/p><p>IV &#8211; identifica\u00e7\u00e3o funcional de uso interno do \u00f3rg\u00e3o (crach\u00e1)\u00a0<\/p><p>V &#8211; lista de ramais do \u00f3rg\u00e3o; e\u00a0<\/p><p>VI &#8211; nome de usu\u00e1rio em sistemas de inform\u00e1tica.\u00a0<\/p><p><span style=\"color: #000000;font-size: 1rem;font-weight: var( --e-global-typography-text-font-weight );text-align: var(--bs-body-text-align)\">Art. 7.\u00ba: O Nome Social, acompanhado do n\u00famero de matr\u00edcula, ser\u00e1 o \u00fanico exibido em documentos de uso interno na UFSM, de visualiza\u00e7\u00e3o aberta ao p\u00fablico, tais como di\u00e1rios de classe, cadastros e carteiras de identifica\u00e7\u00e3o estudantil, endere\u00e7os eletr\u00f4nicos, formul\u00e1rios, listas de presen\u00e7a, divulga\u00e7\u00e3o de notas e resultados de editais, tanto os impressos quanto os emitidos eletronicamente pelo Departamento de Registro e Controle Acad\u00eamico da UFSM.<br \/><\/span><span style=\"color: #000000;font-size: 1rem;font-weight: var( --e-global-typography-text-font-weight );text-align: var(--bs-body-text-align)\"><br \/>\u00a7 3.\u00ba: Os estudantes da UFSM dever\u00e3o ser tratados pelos agentes p\u00fablicos pelo\u00a0<\/span><span style=\"color: #000000;font-size: 16px\">Nome Social<\/span><span style=\"color: #000000;font-size: 1rem;font-weight: var( --e-global-typography-text-font-weight );text-align: var(--bs-body-text-align)\">\u00a0que constar\u00e1 dos atos escritos.<\/span><span style=\"font-size: 1rem;font-weight: var( --e-global-typography-text-font-weight );text-align: var(--bs-body-text-align)\">\u00a0<\/span><\/p><\/div>\t\t\t\t\t\t<\/div>\n\t\t\t\t<\/div>\n\t\t\t\t<div class=\"elementor-element elementor-element-fefc160 elementor-widget elementor-widget-text-editor\" data-id=\"fefc160\" data-element_type=\"widget\" data-widget_type=\"text-editor.default\">\n\t\t\t\t<div class=\"elementor-widget-container\">\n\t\t\t\t\t\t\t<p>Art. 8.\u00ba: O Nome Social poder\u00e1, mediante solicita\u00e7\u00e3o do interessado, acompanhar o nome civil nos documentos com poss\u00edveis efeitos externos \u00e0 UFSM como hist\u00f3ricos escolares, certificados, certid\u00f5es, atestados e documentos similares.<\/p><p>\u00a7<b> 6.\u00ba: O uso do Nome Social em sala de aula dever\u00e1 ser imediato, ou seja, logo ap\u00f3s a solicita\u00e7\u00e3o do interessado os docentes e coordena\u00e7\u00e3o(\u00f5es) de curso(s) envolvidos dever\u00e3o ser comunicados pelo Departamento de Registro e Controle Acad\u00eamico.<\/b><\/p><table style=\"color: #000000;width: 451.276pt;font-size: 16px;border: initial none initial\"><colgroup> <col \/><\/colgroup><\/table>\t\t\t\t\t\t<\/div>\n\t\t\t\t<\/div>\n\t\t\t\t<div class=\"elementor-element elementor-element-2eac0b3 elementor-widget elementor-widget-spacer\" data-id=\"2eac0b3\" data-element_type=\"widget\" data-widget_type=\"spacer.default\">\n\t\t\t\t<div class=\"elementor-widget-container\">\n\t\t\t\t\t<div class=\"elementor-spacer\">\n\t\t\t<div class=\"elementor-spacer-inner\"><\/div>\n\t\t<\/div>\n\t\t\t\t<\/div>\n\t\t\t\t<\/div>\n\t\t\t\t<div class=\"elementor-element elementor-element-0c0b55c elementor-widget__width-initial elementor-widget elementor-widget-text-editor\" data-id=\"0c0b55c\" data-element_type=\"widget\" data-widget_type=\"text-editor.default\">\n\t\t\t\t<div class=\"elementor-widget-container\">\n\t\t\t\t\t\t\t<h3><strong>Servi\u00e7os Estaduais<\/strong><\/h3><p>No estado do Rio Grande do Sul \u00e9 poss\u00edvel solicitar a inclus\u00e3o do nome social tanto na <a href=\"https:\/\/www.rs.gov.br\/carta-de-servicos\/servicos?servico=2026\"><u>CNH<\/u><\/a> (Carteira Nacional de Habilita\u00e7\u00e3o), quanto no <a href=\"https:\/\/www.rs.gov.br\/carta-de-servicos\/servicos?servico=876\"><u>CPF<\/u><\/a> (Cadastro de Pessoa F\u00edsica). Al\u00e9m disso, tamb\u00e9m \u00e9 poss\u00edvel a solicita\u00e7\u00e3o da <a href=\"https:\/\/www.rs.gov.br\/carta-de-servicos\/servicos?servico=595\"><u>Carteira de Nome Social<\/u><\/a> &#8211; v\u00e1lida para tratamento nominal nos \u00f3rg\u00e3os e entidades do Poder Executivo do RS.<\/p><p>\u00a0<\/p><h3><strong><span style=\"text-align: var(--bs-body-text-align)\">Altera\u00e7\u00e3o do Registro Civil<\/span><\/strong><\/h3><div>Em rela\u00e7\u00e3o \u00e0 mudan\u00e7a do nome no Registro Civil, indicamos a leitura da cartilha <a href=\"https:\/\/antrabrasil.files.wordpress.com\/2018\/11\/cartilha-alteracao-nome-e-genero2.pdf\"><u>Eu Existo \u2013 altera\u00e7\u00e3o do registro civil para pessoas trans<\/u><\/a>. Esta cartilha \u00e9 fruto da parceria entre a Antra e o Instituto Prios de Pol\u00edticas P\u00fablicas e Direitos Humanos.\u00a0<\/div><div>\u00a0<\/div><div><span style=\"text-decoration: underline\"><strong>Onde posso mudar meu Registro Civil em Santa Maria?<\/strong><\/span><\/div><div>Cart\u00f3rio Registro Civil das Pessoas Naturais da 2\u00aa Zona<\/div><div>Endere\u00e7o: Rua Benjamin Constant 670, Loja 101 &#8211; NS Dores &#8211; 97050-020, Santa Maria- RS<\/div><div>Hor\u00e1rio de funcionamento: das 09h\u00a0 \u00e0s 17h em dias de semana.<\/div><div>Para voc\u00ea saber se o cart\u00f3rio abre aos s\u00e1bados, voc\u00ea pode entrar em contato por telefone: (55)3222-3258.<\/div>\t\t\t\t\t\t<\/div>\n\t\t\t\t<\/div>\n\t\t\t\t\t<\/div>\n\t\t<\/div>\n\t\t\t\t\t<\/div>\n\t\t<\/section>\n\t\t\t\t<section class=\"elementor-section elementor-top-section elementor-element elementor-element-00b4f74 elementor-section-boxed elementor-section-height-default elementor-section-height-default\" data-id=\"00b4f74\" data-element_type=\"section\">\n\t\t\t\t\t\t<div class=\"elementor-container elementor-column-gap-default\">\n\t\t\t\t\t<div class=\"elementor-column elementor-col-100 elementor-top-column elementor-element elementor-element-0e8216d\" data-id=\"0e8216d\" data-element_type=\"column\">\n\t\t\t<div class=\"elementor-widget-wrap elementor-element-populated\">\n\t\t\t\t\t\t<div class=\"elementor-element elementor-element-bc36936 elementor-widget-divider--view-line elementor-widget elementor-widget-divider\" data-id=\"bc36936\" data-element_type=\"widget\" data-widget_type=\"divider.default\">\n\t\t\t\t<div class=\"elementor-widget-container\">\n\t\t\t\t\t<div class=\"elementor-divider\">\n\t\t\t<span class=\"elementor-divider-separator\">\n\t\t\t\t\t\t<\/span>\n\t\t<\/div>\n\t\t\t\t<\/div>\n\t\t\t\t<\/div>\n\t\t\t\t<div class=\"elementor-element elementor-element-0283780 elementor-widget elementor-widget-text-editor\" data-id=\"0283780\" data-element_type=\"widget\" data-widget_type=\"text-editor.default\">\n\t\t\t\t<div class=\"elementor-widget-container\">\n\t\t\t\t\t\t\t<p dir=\"ltr\" style=\"line-height: 1.38;text-align: justify;margin-top: 0pt;margin-bottom: 0pt\"><span style=\"font-size: 11pt;font-family: Arial;color: #000000;background-color: transparent;font-weight: bold;font-style: normal;font-variant: normal;text-decoration: none;vertical-align: baseline\">\u00a0<\/span><\/p><h4><span style=\"font-size: 11pt;font-family: Arial;color: #000000;background-color: transparent;font-weight: bold;font-style: normal;font-variant: normal;text-decoration: none;vertical-align: baseline\">P\u00e1ginas com informa\u00e7\u00f5es:<\/span><\/h4><p><span style=\"color: #000000;font-family: Arial;font-size: 11pt;background-color: transparent;text-align: var(--bs-body-text-align);vertical-align: baseline\">Nome social PROGRAD &#8211; <\/span><a style=\"font-weight: var( --e-global-typography-text-font-weight );text-align: var(--bs-body-text-align)\" href=\"https:\/\/www.ufsm.br\/pro-reitorias\/prograd\/servicos\/solicitar-inclusao-de-nome-social\/\"><span style=\"font-size: 11pt;font-family: Arial;color: #1155cc;background-color: transparent;vertical-align: baseline\"><u>https:\/\/www.ufsm.br\/pro-reitorias\/prograd\/servicos\/solicitar-inclusao-de-nome-social\/<\/u><\/span><\/a><br \/><span style=\"font-family: Arial;color: #000000;font-size: 11pt;font-weight: var( --e-global-typography-text-font-weight );background-color: transparent;text-align: var(--bs-body-text-align);vertical-align: baseline\">Nome social PRPGP &#8211; <\/span><a style=\"font-size: 1rem;font-weight: var( --e-global-typography-text-font-weight );text-align: var(--bs-body-text-align)\" href=\"https:\/\/www.ufsm.br\/pro-reitorias\/prpgp\/servicos\/solicitar-inclusao-de-nome-social\/\"><span style=\"font-size: 11pt;font-family: Arial;color: #1155cc;background-color: transparent;vertical-align: baseline\"><u>https:\/\/www.ufsm.br\/pro-reitorias\/prpgp\/servicos\/solicitar-inclusao-de-nome-social\/<\/u><\/span><\/a><\/p><p dir=\"ltr\" style=\"line-height: 1.38;margin-top: 0pt;margin-bottom: 0pt\"><span style=\"font-size: 11pt;font-family: Arial;color: #000000;background-color: transparent;font-weight: bold;font-style: normal;font-variant: normal;text-decoration: none;vertical-align: baseline\">\u00a0<\/span><\/p><h4><span style=\"font-size: 11pt;font-family: Arial;color: #000000;background-color: transparent;font-weight: bold;font-style: normal;font-variant: normal;text-decoration: none;vertical-align: baseline\">Links \u00fateis:<\/span><\/h4><p dir=\"ltr\" style=\"line-height: 1.38;margin-top: 0pt;margin-bottom: 0pt\"><span style=\"font-size: 11pt;font-family: Arial;color: #000000;background-color: transparent;font-weight: 400;font-style: normal;font-variant: normal;text-decoration: none;vertical-align: baseline\">Tutorial de abertura de processo &#8211; PEN SIE<\/span><\/p><p dir=\"ltr\" style=\"line-height: 1.38;margin-top: 0pt;margin-bottom: 0pt\"><a style=\"text-decoration: none\" href=\"https:\/\/www.ufsm.br\/app\/uploads\/sites\/416\/2021\/07\/ABERTURA-ASSINATURA-E-TRAMITE.pdf\"><span style=\"font-size: 11pt;font-family: Arial;color: #1155cc;background-color: transparent;font-weight: 400;font-style: normal;font-variant: normal;text-decoration: underline;vertical-align: baseline\">https:\/\/www.ufsm.br\/app\/uploads\/sites\/416\/2021\/07\/ABERTURA-ASSINATURA-E-TRAMITE.pdf<\/span><\/a><\/p>\t\t\t\t\t\t<\/div>\n\t\t\t\t<\/div>\n\t\t\t\t\t<\/div>\n\t\t<\/div>\n\t\t\t\t\t<\/div>\n\t\t<\/section>\n\t\t\t\t<section class=\"elementor-section elementor-top-section elementor-element elementor-element-88b7c09 elementor-section-boxed elementor-section-height-default elementor-section-height-default\" data-id=\"88b7c09\" data-element_type=\"section\">\n\t\t\t\t\t\t<div class=\"elementor-container elementor-column-gap-default\">\n\t\t\t\t\t<div class=\"elementor-column elementor-col-100 elementor-top-column elementor-element elementor-element-407dd62\" data-id=\"407dd62\" data-element_type=\"column\">\n\t\t\t<div class=\"elementor-widget-wrap elementor-element-populated\">\n\t\t\t\t\t\t<div class=\"elementor-element elementor-element-d5dbecb elementor-widget-divider--view-line elementor-widget elementor-widget-divider\" data-id=\"d5dbecb\" data-element_type=\"widget\" data-widget_type=\"divider.default\">\n\t\t\t\t<div class=\"elementor-widget-container\">\n\t\t\t\t\t<div class=\"elementor-divider\">\n\t\t\t<span class=\"elementor-divider-separator\">\n\t\t\t\t\t\t<\/span>\n\t\t<\/div>\n\t\t\t\t<\/div>\n\t\t\t\t<\/div>\n\t\t\t\t\t<\/div>\n\t\t<\/div>\n\t\t\t\t\t<\/div>\n\t\t<\/section>\n\t\t\t\t<\/div>\n\t\t","protected":false},"excerpt":{"rendered":"<p>O nome social \u00e9 o modo como a pessoa se autoidentifica e \u00e9 reconhecida, identificada e denominada na sua comunidade e meio social uma vez que o seu nome civil n\u00e3o reflete, necess\u00e1riamente, a sua identidade de g\u00eanero.\u00a0 A comuidade LGBTQIAP+ engloba diversas identidades e orienta\u00e7\u00f5es sexuais que n\u00e3o seguem a cis-heteronormatividade e, em virtude [&hellip;]<\/p>\n","protected":false},"author":6790,"featured_media":0,"parent":0,"menu_order":0,"comment_status":"closed","ping_status":"closed","template":"","meta":{"footnotes":""},"categories":[182],"tags":[],"class_list":["post-2374","page","type-page","status-publish","hentry","category-cv-ufsm"],"acf":[],"_links":{"self":[{"href":"https:\/\/www.ufsm.br\/pro-reitorias\/pre\/observatorio-de-direitos-humanos\/wp-json\/wp\/v2\/pages\/2374","targetHints":{"allow":["GET"]}}],"collection":[{"href":"https:\/\/www.ufsm.br\/pro-reitorias\/pre\/observatorio-de-direitos-humanos\/wp-json\/wp\/v2\/pages"}],"about":[{"href":"https:\/\/www.ufsm.br\/pro-reitorias\/pre\/observatorio-de-direitos-humanos\/wp-json\/wp\/v2\/types\/page"}],"author":[{"embeddable":true,"href":"https:\/\/www.ufsm.br\/pro-reitorias\/pre\/observatorio-de-direitos-humanos\/wp-json\/wp\/v2\/users\/6790"}],"replies":[{"embeddable":true,"href":"https:\/\/www.ufsm.br\/pro-reitorias\/pre\/observatorio-de-direitos-humanos\/wp-json\/wp\/v2\/comments?post=2374"}],"version-history":[{"count":0,"href":"https:\/\/www.ufsm.br\/pro-reitorias\/pre\/observatorio-de-direitos-humanos\/wp-json\/wp\/v2\/pages\/2374\/revisions"}],"wp:attachment":[{"href":"https:\/\/www.ufsm.br\/pro-reitorias\/pre\/observatorio-de-direitos-humanos\/wp-json\/wp\/v2\/media?parent=2374"}],"wp:term":[{"taxonomy":"category","embeddable":true,"href":"https:\/\/www.ufsm.br\/pro-reitorias\/pre\/observatorio-de-direitos-humanos\/wp-json\/wp\/v2\/categories?post=2374"},{"taxonomy":"post_tag","embeddable":true,"href":"https:\/\/www.ufsm.br\/pro-reitorias\/pre\/observatorio-de-direitos-humanos\/wp-json\/wp\/v2\/tags?post=2374"}],"curies":[{"name":"wp","href":"https:\/\/api.w.org\/{rel}","templated":true}]}}