{"id":243,"date":"2018-03-07T17:03:44","date_gmt":"2018-03-07T20:03:44","guid":{"rendered":"https:\/\/www.ufsm.br\/pro-reitorias\/pre\/observatorio-de-direitos-humanos\/associacao-dos-familiares-de-vitimas-e-sobreviventes-da-tragedia-de-santa-maria\/"},"modified":"2019-02-05T10:20:09","modified_gmt":"2019-02-05T12:20:09","slug":"associacao-dos-familiares-de-vitimas-e-sobreviventes-da-tragedia-de-santa-maria","status":"publish","type":"page","link":"https:\/\/www.ufsm.br\/pro-reitorias\/pre\/observatorio-de-direitos-humanos\/associacao-dos-familiares-de-vitimas-e-sobreviventes-da-tragedia-de-santa-maria","title":{"rendered":"ASSOCIA\u00c7\u00c3O DOS FAMILIARES DE V\u00cdTIMAS E SOBREVIVENTES DA TRAG\u00c9DIA DE SANTA MARIA"},"content":{"rendered":"\t\t<div data-elementor-type=\"wp-post\" data-elementor-id=\"243\" class=\"elementor elementor-243 elementor-bc-flex-widget\">\n\t\t\t\t\t\t<section class=\"elementor-section elementor-top-section elementor-element elementor-element-6c45b7a3 elementor-section-boxed elementor-section-height-default elementor-section-height-default\" data-id=\"6c45b7a3\" data-element_type=\"section\">\n\t\t\t\t\t\t<div class=\"elementor-container elementor-column-gap-default\">\n\t\t\t\t\t<div class=\"elementor-column elementor-col-100 elementor-top-column elementor-element elementor-element-78c4e6a5\" data-id=\"78c4e6a5\" data-element_type=\"column\">\n\t\t\t<div class=\"elementor-widget-wrap elementor-element-populated\">\n\t\t\t\t\t\t<div class=\"elementor-element elementor-element-75502446 elementor-widget elementor-widget-text-editor\" data-id=\"75502446\" data-element_type=\"widget\" data-widget_type=\"text-editor.default\">\n\t\t\t\t<div class=\"elementor-widget-container\">\n\t\t\t\t\t\t\t<p style=\"text-align: justify;\"><span style=\"font-family: helvetica; font-size: 10pt; color: #000000;\"><span style=\"font-style: normal; font-weight: 400; letter-spacing: normal; text-align: start; text-indent: 0px; background-color: #ffffff; float: none;\">A<a href=\"http:\/\/avtsm.org\/a-avtsm\/\" target=\"_blank\" rel=\"noopener\"> AVTSM (Associa\u00e7\u00e3o dos Familiares de V\u00edtimas e Sobreviventes da Trag\u00e9dia de Santa Maria)<\/a> foi criada oficialmente no dia 23 de fevereiro de 2013, \u00e0s 9h em uma Assembleia realizada no Col\u00e9gio Marista Santa Maria. O primeiro presidente da AVTSM,\u00a0<\/span><a style=\"margin: 0px; padding: 0px; border: 0px #e6e6e6; font-style: normal; font-weight: 400; font-size: 15px; line-height: inherit; font-family: 'Open Sans'; vertical-align: baseline; text-decoration: none; color: #000000; letter-spacing: normal; text-align: start; text-indent: 0px; background-color: #ffffff;\" title=\"Equipe AVTSM\" href=\"http:\/\/avtsm.org\/equipe-avtsm\/\">Adherbal Ferreira<\/a><span style=\"font-style: normal; font-weight: 400; letter-spacing: normal; text-align: start; text-indent: 0px; background-color: #ffffff; float: none;\">, idealizador da associa\u00e7\u00e3o, reuniu conselhos administrativos, fiscal, entre outros, al\u00e9m de contar com o senhor L\u00e9o Becker no cargo de vice-presidente.<\/span><\/span><\/p><p style=\"text-align: justify;\"><span style=\"margin: 0px; padding: 0px; border: 0px #e6e6e6; font-style: inherit; font-variant: inherit; font-weight: inherit; font-size: 10pt; line-height: inherit; font-family: helvetica; vertical-align: baseline; color: #000000;\"><strong style=\"margin: 0px; padding: 0px; border: 0px #e6e6e6; font-style: inherit; font-variant: inherit; font-weight: bold; font-size: inherit; line-height: inherit; font-family: inherit; vertical-align: baseline;\">Finalidades da AVTSM:<\/strong><\/span><\/p><div class=\"shortcode1-2 \" style=\"margin: 0px 18.7969px 20px 0px; padding: 0px; border: 0px #e6e6e6; font-style: normal; font-weight: 400; font-size: 15px; line-height: inherit; font-family: 'Open Sans'; vertical-align: baseline; float: left; width: 451.188px; color: #848484; letter-spacing: normal; text-align: start; text-indent: 0px; background-color: #ffffff;\"><div class=\"shortcode-list bullet\" style=\"margin: 0px; padding: 0px; border: 0px #e6e6e6; font-style: inherit; font-variant: inherit; font-weight: inherit; font-size: inherit; line-height: inherit; font-family: inherit; vertical-align: baseline;\"><p style=\"text-align: justify;\"><span style=\"font-family: helvetica; font-size: 10pt; color: #000000;\">Reunir e organizar os familiares das v\u00edtimas e os sobreviventes da trag\u00e9dia da Boate Kiss de Santa Maria\/RS, ocorrida em 27\/01\/2013;<\/span><\/p><p style=\"text-align: justify;\"><span style=\"font-family: helvetica; font-size: 10pt; color: #000000;\">Auxiliar no amparo rec\u00edproco das fam\u00edlias e dos sobreviventes;<\/span><\/p><p style=\"text-align: justify;\"><span style=\"font-family: helvetica; font-size: 10pt; color: #000000;\">Promover a busca e a divulga\u00e7\u00e3o de toda e qualquer informa\u00e7\u00e3o referente \u00e0 trag\u00e9dia;<\/span><\/p><p style=\"text-align: justify;\"><span style=\"font-family: helvetica; font-size: 10pt; color: #000000;\">Lutar pela defesa dos direitos e interesses dos que sofreram com a morte de seus entes queridos, bem como daqueles que sobreviveram ao ocorrido;<\/span><\/p><p style=\"text-align: justify;\"><span style=\"font-family: helvetica; font-size: 10pt; color: #000000;\">Exigir a apura\u00e7\u00e3o, em todas as esferas, das causas que levaram \u00e0 trag\u00e9dia na Boate Kiss, em cumprimento das atribui\u00e7\u00f5es legais que incumbem ao Poder P\u00fablico, bem como a responsabiliza\u00e7\u00e3o de todos os envolvidos;<\/span><\/p><p style=\"text-align: justify;\"><span style=\"font-family: helvetica; font-size: 10pt; color: #000000;\">Promover a busca junto ao Poder P\u00fablico, em todas as suas esferas e \u00f3rg\u00e3os, por provid\u00eancias para a altera\u00e7\u00e3o na legisla\u00e7\u00e3o e na fiscaliza\u00e7\u00e3o, de modo a evitar que trag\u00e9dias como a ocorrida em 27\/01\/2013 jamais voltem a ocorrer.<\/span><\/p><p style=\"text-align: justify;\"><span style=\"font-family: helvetica; font-size: 10pt; color: #000000;\"><b style=\"margin: 0px; padding: 0px; border: 0px #e6e6e6; font-style: inherit; font-variant: inherit; font-weight: inherit; font-size: inherit; line-height: inherit; font-family: inherit; vertical-align: baseline;\"><strong style=\"margin: 0px; padding: 0px; border: 0px #e6e6e6; font-style: inherit; font-variant: inherit; font-weight: bold; font-size: inherit; line-height: inherit; font-family: inherit; vertical-align: baseline;\">Miss\u00e3o:<\/strong><\/b>\u00a0Assegurar os direitos e interesses bem como garantir o aux\u00edlio e o amparo aos familiares das v\u00edtimas e aos sobreviventes da trag\u00e9dia de Santa Maria.<\/span><\/p><p style=\"text-align: justify;\"><span style=\"font-family: helvetica; font-size: 10pt; color: #000000;\"><b style=\"margin: 0px; padding: 0px; border: 0px #e6e6e6; font-style: inherit; font-variant: inherit; font-weight: inherit; font-size: inherit; line-height: inherit; font-family: inherit; vertical-align: baseline;\"><strong style=\"margin: 0px; padding: 0px; border: 0px #e6e6e6; font-style: inherit; font-variant: inherit; font-weight: bold; font-size: inherit; line-height: inherit; font-family: inherit; vertical-align: baseline;\">Vis\u00e3o:<\/strong><\/b>\u00a0Ser reconhecida como a associa\u00e7\u00e3o que luta pela justi\u00e7a e os direitos dos envolvidos na trag\u00e9dia de Santa Maria.<\/span><\/p><p><a href=\"index.php\/atividades-desenvolvidas\/avtsm\/memorial-da-kiss\"><span style=\"font-family: helvetica; font-size: 10pt; color: #000000;\">Memorial da Vida<\/span><\/a><\/p><p><span style=\"font-family: helvetica, arial, sans-serif; font-size: 10pt;\">No dia 25 de janeiro de 2019, foi lan\u00e7ado um document\u00e1rio sobre os 6 anos da trag\u00e9dia. O mesmo est\u00e1 dispon\u00edvel para assistir <a href=\"https:\/\/www.youtube.com\/watch?v=ptoBtFshIB4\"><strong>AQUI<\/strong><\/a>.<\/span><\/p><\/div><\/div><div class=\"clear\" style=\"margin: 0px; padding: 0px; border: 0px #e6e6e6; font-style: normal; font-weight: 400; font-size: 15px; line-height: inherit; font-family: 'Open Sans'; vertical-align: baseline; clear: both; overflow: hidden; width: 0px; height: 0px; color: #848484; letter-spacing: normal; text-align: start; text-indent: 0px; background-color: #ffffff;\">\u00a0<\/div><div class=\"gdl-divider\" style=\"margin: 0px; padding: 0px; border-width: 0px 0px 1px; border-color: #e6e6e6; font-style: normal; font-weight: 400; font-size: 11px; line-height: inherit; font-family: 'Open Sans'; vertical-align: baseline; min-height: 1px; text-align: right; color: #848484; letter-spacing: normal; text-indent: 0px; background-color: #ffffff;\">\u00a0<\/div>\t\t\t\t\t\t<\/div>\n\t\t\t\t<\/div>\n\t\t\t\t\t<\/div>\n\t\t<\/div>\n\t\t\t\t\t<\/div>\n\t\t<\/section>\n\t\t\t\t<\/div>\n\t\t","protected":false},"excerpt":{"rendered":"<p>A AVTSM (Associa\u00e7\u00e3o dos Familiares de V\u00edtimas e Sobreviventes da Trag\u00e9dia de Santa Maria) foi criada oficialmente no dia 23 de fevereiro de 2013, \u00e0s 9h em uma Assembleia realizada no Col\u00e9gio Marista Santa Maria. O primeiro presidente da AVTSM,&nbsp;Adherbal Ferreira, idealizador da associa\u00e7\u00e3o, reuniu conselhos administrativos, fiscal, entre outros, al\u00e9m de contar com o [&hellip;]<\/p>\n","protected":false},"author":25,"featured_media":0,"parent":0,"menu_order":27,"comment_status":"closed","ping_status":"closed","template":"","meta":{"footnotes":""},"categories":[],"tags":[],"class_list":["post-243","page","type-page","status-publish","hentry"],"acf":[],"_links":{"self":[{"href":"https:\/\/www.ufsm.br\/pro-reitorias\/pre\/observatorio-de-direitos-humanos\/wp-json\/wp\/v2\/pages\/243","targetHints":{"allow":["GET"]}}],"collection":[{"href":"https:\/\/www.ufsm.br\/pro-reitorias\/pre\/observatorio-de-direitos-humanos\/wp-json\/wp\/v2\/pages"}],"about":[{"href":"https:\/\/www.ufsm.br\/pro-reitorias\/pre\/observatorio-de-direitos-humanos\/wp-json\/wp\/v2\/types\/page"}],"author":[{"embeddable":true,"href":"https:\/\/www.ufsm.br\/pro-reitorias\/pre\/observatorio-de-direitos-humanos\/wp-json\/wp\/v2\/users\/25"}],"replies":[{"embeddable":true,"href":"https:\/\/www.ufsm.br\/pro-reitorias\/pre\/observatorio-de-direitos-humanos\/wp-json\/wp\/v2\/comments?post=243"}],"version-history":[{"count":0,"href":"https:\/\/www.ufsm.br\/pro-reitorias\/pre\/observatorio-de-direitos-humanos\/wp-json\/wp\/v2\/pages\/243\/revisions"}],"wp:attachment":[{"href":"https:\/\/www.ufsm.br\/pro-reitorias\/pre\/observatorio-de-direitos-humanos\/wp-json\/wp\/v2\/media?parent=243"}],"wp:term":[{"taxonomy":"category","embeddable":true,"href":"https:\/\/www.ufsm.br\/pro-reitorias\/pre\/observatorio-de-direitos-humanos\/wp-json\/wp\/v2\/categories?post=243"},{"taxonomy":"post_tag","embeddable":true,"href":"https:\/\/www.ufsm.br\/pro-reitorias\/pre\/observatorio-de-direitos-humanos\/wp-json\/wp\/v2\/tags?post=243"}],"curies":[{"name":"wp","href":"https:\/\/api.w.org\/{rel}","templated":true}]}}