{"id":311,"date":"2018-05-11T16:58:09","date_gmt":"2018-05-11T19:58:09","guid":{"rendered":"https:\/\/www.ufsm.br\/pro-reitorias\/pre\/observatorio-de-direitos-humanos\/grupo-de-estudos-sobre-o-pos-abolicao-gepa\/"},"modified":"2019-02-05T09:16:43","modified_gmt":"2019-02-05T11:16:43","slug":"grupo-de-estudos-sobre-o-pos-abolicao-gepa","status":"publish","type":"page","link":"https:\/\/www.ufsm.br\/pro-reitorias\/pre\/observatorio-de-direitos-humanos\/grupo-de-estudos-sobre-o-pos-abolicao-gepa","title":{"rendered":"Grupo de Estudos sobre o P\u00f3s-Aboli\u00e7\u00e3o \u2013 GEPA"},"content":{"rendered":"\t\t<div data-elementor-type=\"wp-post\" data-elementor-id=\"311\" class=\"elementor elementor-311 elementor-bc-flex-widget\">\n\t\t\t\t\t\t<section class=\"elementor-section elementor-top-section elementor-element elementor-element-74107732 elementor-section-boxed elementor-section-height-default elementor-section-height-default\" data-id=\"74107732\" data-element_type=\"section\">\n\t\t\t\t\t\t<div class=\"elementor-container elementor-column-gap-default\">\n\t\t\t\t\t<div class=\"elementor-column elementor-col-100 elementor-top-column elementor-element elementor-element-4f9a617b\" data-id=\"4f9a617b\" data-element_type=\"column\">\n\t\t\t<div class=\"elementor-widget-wrap elementor-element-populated\">\n\t\t\t\t\t\t<div class=\"elementor-element elementor-element-42411689 elementor-widget elementor-widget-text-editor\" data-id=\"42411689\" data-element_type=\"widget\" data-widget_type=\"text-editor.default\">\n\t\t\t\t<div class=\"elementor-widget-container\">\n\t\t\t\t\t\t\t<p><strong><img fetchpriority=\"high\" decoding=\"async\" class=\" size-full wp-image-310\" src=\"https:\/\/www.ufsm.br\/pro-reitorias\/pre\/observatorio-de-direitos-humanos\/wp-content\/uploads\/sites\/414\/2018\/05\/gepa.jpg\" alt=\"Duas m\u00e3os negras rompendo as correntes que formam o nome GEPA - Grupo de Estudos P\u00f3s-Aboli\u00e7\u00e3o\" width=\"851\" height=\"300\" srcset=\"https:\/\/www.ufsm.br\/app\/uploads\/sites\/414\/2018\/05\/gepa.jpg 851w, https:\/\/www.ufsm.br\/app\/uploads\/sites\/414\/2018\/05\/gepa-300x106.jpg 300w, https:\/\/www.ufsm.br\/app\/uploads\/sites\/414\/2018\/05\/gepa-768x271.jpg 768w\" sizes=\"(max-width: 851px) 100vw, 851px\" \/><\/strong><\/p><p style=\"text-align: justify;\"><span style=\"color: #000000; font-size: 10pt;\"><strong>O GEPA<\/strong><\/span><\/p><p style=\"text-align: justify;\"><span style=\"color: #000000; font-size: 10pt;\">O Grupo de Estudos sobre o P\u00f3s-Aboli\u00e7\u00e3o \u2013 GEPA, da Universidade Federal de Santa Maria, existe h\u00e1 mais de 2 anos, formado por professores e estudantes da institui\u00e7\u00e3o, em especial vinculados \u00e0 Gradua\u00e7\u00e3o e P\u00f3s-gradua\u00e7\u00e3o em Hist\u00f3ria, professores e pesquisadores externos e estudantes de outros cursos da institui\u00e7\u00e3o, tamb\u00e9m membros de movimentos sociais e institui\u00e7\u00f5es ligadas \u00e0 tem\u00e1tica da negritude e do combate ao racismo. O GEPA UFSM desenvolve atividades de ensino, pesquisa e extens\u00e3o atrav\u00e9s de encontros de leituras e estudos, realiza\u00e7\u00e3o de cursos, minicursos, oficinas, palestras, forma\u00e7\u00e3o de professores e demais eventos abertos ao p\u00fablico, gratuitos, relacionados aos estudos sobre hist\u00f3ria da escravid\u00e3o e liberdade no Brasil e no Rio Grande do Sul, buscando abordar de forma mais justa as hist\u00f3rias, trajet\u00f3rias e os protagonismos das comunidades negras, historicamente v\u00edtimas de viola\u00e7\u00f5es de direitos humanos. O grupo conta com 15 membros, sendo a maioria mulheres, estudantes cotistas da institui\u00e7\u00e3o e autodeclarados negros e negras. E recebe a comunidade externa em suas a\u00e7\u00f5es, promovendo di\u00e1logos com o Movimento Negro local.<\/span><\/p><p style=\"text-align: justify;\"><span style=\"color: #000000; font-size: 10pt;\"><strong>MEMBROS<\/strong><\/span><\/p><p style=\"text-align: justify;\"><span style=\"color: #000000; font-size: 10pt;\">Coordenador: Prof. Dr. Luis Augusto Farinatti \u2013 Professor de Hist\u00f3ria UFSM (Gradua\u00e7\u00e3o e P\u00f3s-Gradua\u00e7\u00e3o).<\/span><\/p><p style=\"text-align: justify;\"><span style=\"color: #000000; font-size: 10pt;\">Membros por ordem alfab\u00e9tica:<\/span><\/p><p style=\"text-align: justify;\"><span style=\"color: #000000; font-size: 10pt;\">Prof\u00aa Ma. Aline S\u00f4nego \u2013 Doutoranda em Hist\u00f3ria UFSM<\/span><br \/><span style=\"color: #000000; font-size: 10pt;\">Prof. Dr. \u00canio Grigio \u2013 Colaborador Externo. IFFar Julio de Castilhos.<\/span><br \/><span style=\"color: #000000; font-size: 10pt;\">Felipe Farret Brunhauser \u2013 Graduando em Hist\u00f3ria UFSM.<\/span><br \/><span style=\"color: #000000; font-size: 10pt;\">Luis Fernando Rodrigues \u2013 Graduando em Hist\u00f3ria UFSM.<\/span><br \/><span style=\"color: #000000; font-size: 10pt;\">Ma. Franciele Rocha de Oliveira \u2013 Colaboradora externa.<\/span><br \/><span style=\"color: #000000; font-size: 10pt;\">Prof\u00aa Gabriela Rotilli \u2013 Mestranda em Hist\u00f3ria UFSM.<\/span><br \/><span style=\"color: #000000; font-size: 10pt;\">Prof\u00aa Izadora Dornelles &#8211; Graduada em Hist\u00f3ria UFSM.<\/span><br \/><span style=\"color: #000000; font-size: 10pt;\">Prof\u00aa Helen da Silva Silveira \u2013 Graduada em Hist\u00f3ria UFSM.<\/span><br \/><span style=\"color: #000000; font-size: 10pt;\">J\u00e9ssica Silva &#8211;\u00a0 Graduanda em Hist\u00f3ria UFSM.<\/span><br \/><span style=\"color: #000000; font-size: 10pt;\">K\u00e9ssia Machado &#8211;\u00a0 Graduanda em Pedagogia UFSM.<\/span><br \/><span style=\"color: #000000; font-size: 10pt;\">Nara Ilha Rodrigues &#8211;\u00a0 Graduanda em Hist\u00f3ria UFSM.<\/span><br \/><span style=\"color: #000000; font-size: 10pt;\">Pedro Lenz Piegas \u2013 Graduando em Hist\u00f3ria UFSM e Jornalismo UFN.<\/span><br \/><span style=\"color: #000000; font-size: 10pt;\">Taiane Anhanha Lima &#8211;\u00a0 Graduanda em Hist\u00f3ria UFSM.<\/span><br \/><span style=\"color: #000000; font-size: 10pt;\">Vitor Vinicius Dias do Espirito Santo \u2013 Graduando em Hist\u00f3ria UFSM.<\/span><\/p><p style=\"text-align: justify;\"><span style=\"color: #000000; font-size: 10pt;\"><strong>OBJETIVOS<\/strong><\/span><\/p><p style=\"text-align: justify;\"><span style=\"color: #000000; font-size: 10pt;\">O GEPA tem como objetivo geral reunir pesquisadores e demais interessados nas problem\u00e1ticas que envolvem o contexto do p\u00f3s-Aboli\u00e7\u00e3o, abarcando, principalmente, os estudos sobre as experi\u00eancias de escravid\u00e3o e liberdade, o protagonismo de negros e negras, as trajet\u00f3rias desses sujeitos e as suas formas de resist\u00eancia no cen\u00e1rio brasileiro, rio-grandense e santa-mariense.<\/span><\/p><p style=\"text-align: justify;\"><span style=\"color: #000000; font-size: 10pt;\"><strong>Como objetivos espec\u00edficos, o grupo prev\u00ea:<\/strong><\/span><\/p><p style=\"text-align: justify;\"><span style=\"font-size: 10pt;\">a) A realiza\u00e7\u00e3o de encontros quinzenais para leituras e discuss\u00f5es de textos;<\/span><br \/><span style=\"color: #000000; font-size: 10pt;\">b) Propor a integra\u00e7\u00e3o entre os pesquisadores e suas pesquisas, atrav\u00e9s do compartilhamento de informa\u00e7\u00f5es, experi\u00eancias, avalia\u00e7\u00f5es coletivas das produ\u00e7\u00f5es, compartilhamento de bibliografias, metodologias, t\u00e9cnicas e fontes de pesquisa;\u00a0<\/span><br \/><span style=\"color: #000000; font-size: 10pt;\">c) Proporcionar espa\u00e7os de forma\u00e7\u00e3o com outros pesquisadores da \u00e1rea, envolvendo articula\u00e7\u00f5es com pesquisadores de outras institui\u00e7\u00f5es, cidades e estados do pa\u00eds. Tais como minicursos, palestras e oficinas.<\/span><br \/><span style=\"color: #000000; font-size: 10pt;\">d) Proporcionar espa\u00e7os de di\u00e1logo e forma\u00e7\u00e3o junto \u00e0 comunidade em geral, considerando a defesa da visibilidade historiogr\u00e1fica sobre o contexto de escravid\u00e3o e p\u00f3s-Aboli\u00e7\u00e3o em n\u00edvel local e das mem\u00f3rias sobre estes contextos. Tais como rodas de conversas, oficinas e ciclos de cinema.<\/span><br \/><span style=\"color: #000000; font-size: 10pt;\">e) Propor, planejar e executar a\u00e7\u00f5es de extens\u00e3o acad\u00eamica, considerando a import\u00e2ncia de dialogar diretamente com os sujeitos e comunidades protagonistas das pesquisas. Nesse sentido, dialogar e propor a\u00e7\u00f5es junto ao Movimento Negro local, espa\u00e7os negros da cidade, como os territ\u00f3rios negros, os clubes sociais negros, as escolas de samba, as comunidades de terreiro, entre outros. Entre as a\u00e7\u00f5es de extens\u00e3o do GEPA, est\u00e1 a constru\u00e7\u00e3o de um curso de extens\u00e3o e\/ou DCG junto a Associa\u00e7\u00e3o AR\u00c1 DUDU, membro da Incubadora Social da UFSM, al\u00e9m de campanhas relativas \u00e0 Imprensa Negra Local.<\/span><br \/><span style=\"color: #000000; font-size: 10pt;\">f) Reunir e organizar acervos das pesquisas relacionadas \u00e0 escravid\u00e3o e ao p\u00f3s-Aboli\u00e7\u00e3o, construir espa\u00e7os\/plataformas de reprodu\u00e7\u00e3o e disponibiliza\u00e7\u00e3o destes acervos em modo p\u00fablico, bem como promover estrat\u00e9gias\/plataformas de apresenta\u00e7\u00e3o e divulga\u00e7\u00e3o do GEPA, suas pesquisas, acervos, fontes de pesquisa e resultados alcan\u00e7ados.\u00a0<\/span><br \/><span style=\"color: #000000; font-size: 10pt;\">g) Participar de eventos na \u00e1rea, produzir textos e public\u00e1-los.\u00a0<\/span><\/p>\t\t\t\t\t\t<\/div>\n\t\t\t\t<\/div>\n\t\t\t\t\t<\/div>\n\t\t<\/div>\n\t\t\t\t\t<\/div>\n\t\t<\/section>\n\t\t\t\t<\/div>\n\t\t","protected":false},"excerpt":{"rendered":"<p>O GEPA O Grupo de Estudos sobre o P\u00f3s-Aboli\u00e7\u00e3o \u2013 GEPA, da Universidade Federal de Santa Maria, existe h\u00e1 mais de 2 anos, formado por professores e estudantes da institui\u00e7\u00e3o, em especial vinculados \u00e0 Gradua\u00e7\u00e3o e P\u00f3s-gradua\u00e7\u00e3o em Hist\u00f3ria, professores e pesquisadores externos e estudantes de outros cursos da institui\u00e7\u00e3o, tamb\u00e9m membros de movimentos sociais [&hellip;]<\/p>\n","protected":false},"author":25,"featured_media":310,"parent":0,"menu_order":38,"comment_status":"closed","ping_status":"closed","template":"","meta":{"footnotes":""},"categories":[],"tags":[],"class_list":["post-311","page","type-page","status-publish","has-post-thumbnail","hentry"],"acf":[],"_links":{"self":[{"href":"https:\/\/www.ufsm.br\/pro-reitorias\/pre\/observatorio-de-direitos-humanos\/wp-json\/wp\/v2\/pages\/311","targetHints":{"allow":["GET"]}}],"collection":[{"href":"https:\/\/www.ufsm.br\/pro-reitorias\/pre\/observatorio-de-direitos-humanos\/wp-json\/wp\/v2\/pages"}],"about":[{"href":"https:\/\/www.ufsm.br\/pro-reitorias\/pre\/observatorio-de-direitos-humanos\/wp-json\/wp\/v2\/types\/page"}],"author":[{"embeddable":true,"href":"https:\/\/www.ufsm.br\/pro-reitorias\/pre\/observatorio-de-direitos-humanos\/wp-json\/wp\/v2\/users\/25"}],"replies":[{"embeddable":true,"href":"https:\/\/www.ufsm.br\/pro-reitorias\/pre\/observatorio-de-direitos-humanos\/wp-json\/wp\/v2\/comments?post=311"}],"version-history":[{"count":0,"href":"https:\/\/www.ufsm.br\/pro-reitorias\/pre\/observatorio-de-direitos-humanos\/wp-json\/wp\/v2\/pages\/311\/revisions"}],"wp:featuredmedia":[{"embeddable":true,"href":"https:\/\/www.ufsm.br\/pro-reitorias\/pre\/observatorio-de-direitos-humanos\/wp-json\/wp\/v2\/media\/310"}],"wp:attachment":[{"href":"https:\/\/www.ufsm.br\/pro-reitorias\/pre\/observatorio-de-direitos-humanos\/wp-json\/wp\/v2\/media?parent=311"}],"wp:term":[{"taxonomy":"category","embeddable":true,"href":"https:\/\/www.ufsm.br\/pro-reitorias\/pre\/observatorio-de-direitos-humanos\/wp-json\/wp\/v2\/categories?post=311"},{"taxonomy":"post_tag","embeddable":true,"href":"https:\/\/www.ufsm.br\/pro-reitorias\/pre\/observatorio-de-direitos-humanos\/wp-json\/wp\/v2\/tags?post=311"}],"curies":[{"name":"wp","href":"https:\/\/api.w.org\/{rel}","templated":true}]}}