{"id":3141,"date":"2024-07-01T11:27:45","date_gmt":"2024-07-01T14:27:45","guid":{"rendered":"https:\/\/www.ufsm.br\/pro-reitorias\/pre\/observatorio-de-direitos-humanos\/?page_id=3141"},"modified":"2024-07-01T11:39:07","modified_gmt":"2024-07-01T14:39:07","slug":"territorios","status":"publish","type":"page","link":"https:\/\/www.ufsm.br\/pro-reitorias\/pre\/observatorio-de-direitos-humanos\/neabi\/tecendo-novos-saberes\/territorios","title":{"rendered":"Territ\u00f3rios"},"content":{"rendered":"\t\t<div data-elementor-type=\"wp-page\" data-elementor-id=\"3141\" class=\"elementor elementor-3141\">\n\t\t\t\t\t\t<section class=\"elementor-section elementor-top-section elementor-element elementor-element-e2f6503 elementor-section-boxed elementor-section-height-default elementor-section-height-default\" data-id=\"e2f6503\" data-element_type=\"section\">\n\t\t\t\t\t\t<div class=\"elementor-container elementor-column-gap-default\">\n\t\t\t\t\t<div class=\"elementor-column elementor-col-100 elementor-top-column elementor-element elementor-element-bbe07fb\" data-id=\"bbe07fb\" data-element_type=\"column\">\n\t\t\t<div class=\"elementor-widget-wrap elementor-element-populated\">\n\t\t\t\t\t\t<div class=\"elementor-element elementor-element-a8d3859 elementor-widget elementor-widget-text-editor\" data-id=\"a8d3859\" data-element_type=\"widget\" data-widget_type=\"text-editor.default\">\n\t\t\t\t<div class=\"elementor-widget-container\">\n\t\t\t\t\t\t\t<p dir=\"ltr\" style=\"line-height:1.3800000000000001;margin-top:0pt;margin-bottom:0pt\"><span style=\"font-size:12pt;font-family:Arial,sans-serif;color:#000000;background-color:transparent;font-weight:400;font-style:normal;font-variant:normal;text-decoration:none;vertical-align:baseline\">Os grupos sociais que representam os territ\u00f3rios de abrang\u00eancia do projeto s\u00e3o espa\u00e7os como terreiros de matriz africana, comunidades quilombolas, associa\u00e7\u00f5es de escolas de samba, grupos de mulheres negras e comunidades perif\u00e9ricas.<\/span><\/p>\n<p><br><\/p>\n<p dir=\"ltr\" style=\"line-height:1.3800000000000001;margin-top:0pt;margin-bottom:0pt\"><span style=\"font-size:12pt;font-family:Arial,sans-serif;color:#000000;background-color:transparent;font-weight:700;font-style:normal;font-variant:normal;text-decoration:none;vertical-align:baseline\">Santa Maria<\/span><\/p>\n<p><br><\/p>\n<p dir=\"ltr\" style=\"line-height:1.3800000000000001;margin-top:0pt;margin-bottom:0pt\"><span style=\"font-size:12pt;font-family:Arial,sans-serif;color:#000000;background-color:transparent;font-weight:400;font-style:normal;font-variant:normal;text-decoration:none;vertical-align:baseline\">KM 3<\/span><\/p>\n<p dir=\"ltr\" style=\"line-height:1.3800000000000001;margin-top:0pt;margin-bottom:0pt\"><span style=\"font-size:12pt;font-family:Arial,sans-serif;color:#000000;background-color:transparent;font-weight:400;font-style:normal;font-variant:normal;text-decoration:none;vertical-align:baseline\">KM 2<\/span><\/p>\n<p dir=\"ltr\" style=\"line-height:1.3800000000000001;margin-top:0pt;margin-bottom:0pt\"><span style=\"font-size:12pt;font-family:Arial,sans-serif;color:#000000;background-color:transparent;font-weight:400;font-style:normal;font-variant:normal;text-decoration:none;vertical-align:baseline\">Portelinha<\/span><\/p>\n<p dir=\"ltr\" style=\"line-height:1.3800000000000001;margin-top:0pt;margin-bottom:0pt\"><span style=\"font-size:12pt;font-family:Arial,sans-serif;color:#000000;background-color:transparent;font-weight:400;font-style:normal;font-variant:normal;text-decoration:none;vertical-align:baseline\">Centro &#8211; Incubadora Social da UFSM<\/span><\/p>\n<p dir=\"ltr\" style=\"line-height:1.3800000000000001;margin-top:0pt;margin-bottom:0pt\"><span style=\"font-size:12pt;font-family:Arial,sans-serif;color:#000000;background-color:transparent;font-weight:400;font-style:normal;font-variant:normal;text-decoration:none;vertical-align:baseline\">Terreiro Pand\u00e1<\/span><\/p>\n<p dir=\"ltr\" style=\"line-height:1.3800000000000001;margin-top:0pt;margin-bottom:0pt\"><span style=\"font-size:12pt;font-family:Arial,sans-serif;color:#000000;background-color:transparent;font-weight:400;font-style:normal;font-variant:normal;text-decoration:none;vertical-align:baseline\">Terreiro Egb\u00e9 Osun<\/span><\/p>\n<p dir=\"ltr\" style=\"line-height:1.3800000000000001;margin-top:0pt;margin-bottom:0pt\"><span style=\"font-size:12pt;font-family:Arial,sans-serif;color:#000000;background-color:transparent;font-weight:400;font-style:normal;font-variant:normal;text-decoration:none;vertical-align:baseline\">Nova Santa Marta&nbsp;<\/span><\/p>\n<p dir=\"ltr\" style=\"line-height:1.3800000000000001;margin-top:0pt;margin-bottom:0pt\"><span style=\"font-size:12pt;font-family:Arial,sans-serif;color:#000000;background-color:transparent;font-weight:400;font-style:normal;font-variant:normal;text-decoration:none;vertical-align:baseline\">Url\u00e2ndia<\/span><\/p>\n<p dir=\"ltr\" style=\"line-height:1.3800000000000001;margin-top:0pt;margin-bottom:0pt\"><span style=\"font-size:12pt;font-family:Arial,sans-serif;color:#000000;background-color:transparent;font-weight:400;font-style:normal;font-variant:normal;text-decoration:none;vertical-align:baseline\">Di\u00e1cono JL Pozzobon<\/span><\/p>\n<p dir=\"ltr\" style=\"line-height:1.3800000000000001;margin-top:0pt;margin-bottom:0pt\"><span style=\"font-size:12pt;font-family:Arial,sans-serif;color:#000000;background-color:transparent;font-weight:400;font-style:normal;font-variant:normal;text-decoration:none;vertical-align:baseline\">Cipriano da Rocha<\/span><\/p>\n<p dir=\"ltr\" style=\"line-height:1.3800000000000001;margin-top:0pt;margin-bottom:0pt\"><span style=\"font-size:12pt;font-family:Arial,sans-serif;color:#000000;background-color:transparent;font-weight:400;font-style:normal;font-variant:normal;text-decoration:none;vertical-align:baseline\">Vila resist\u00eancia e Assentamento C. Marighella<\/span><\/p>\n<p dir=\"ltr\" style=\"line-height:1.3800000000000001;margin-top:0pt;margin-bottom:0pt\"><span style=\"font-size:12pt;font-family:Arial,sans-serif;color:#000000;background-color:transparent;font-weight:400;font-style:normal;font-variant:normal;text-decoration:none;vertical-align:baseline\">Escola de Samba Arco \u00edris<\/span><\/p>\n<p dir=\"ltr\" style=\"line-height:1.3800000000000001;margin-top:0pt;margin-bottom:0pt\"><span style=\"font-size:12pt;font-family:Arial,sans-serif;color:#000000;background-color:transparent;font-weight:400;font-style:normal;font-variant:normal;text-decoration:none;vertical-align:baseline\">Escola de Samba Vila Brasil<\/span><\/p>\n<p dir=\"ltr\" style=\"line-height:1.3800000000000001;margin-top:0pt;margin-bottom:0pt\"><span style=\"font-size:12pt;font-family:Arial,sans-serif;color:#000000;background-color:transparent;font-weight:400;font-style:normal;font-variant:normal;text-decoration:none;vertical-align:baseline\">Escola de Samba Itaimb\u00e9<\/span><\/p>\n<p dir=\"ltr\" style=\"line-height:1.3800000000000001;margin-top:0pt;margin-bottom:0pt\"><span style=\"font-size:12pt;font-family:Arial,sans-serif;color:#000000;background-color:transparent;font-weight:400;font-style:normal;font-variant:normal;text-decoration:none;vertical-align:baseline\">Liga das Escolas de Samba<\/span><\/p>\n<p dir=\"ltr\" style=\"line-height:1.3800000000000001;margin-top:0pt;margin-bottom:0pt\"><span style=\"font-size:12pt;font-family:Arial,sans-serif;color:#000000;background-color:transparent;font-weight:400;font-style:normal;font-variant:normal;text-decoration:none;vertical-align:baseline\">APAE<\/span><\/p>\n<p dir=\"ltr\" style=\"line-height:1.3800000000000001;margin-top:0pt;margin-bottom:0pt\"><span style=\"font-size:12pt;font-family:Arial,sans-serif;color:#000000;background-color:transparent;font-weight:400;font-style:normal;font-variant:normal;text-decoration:none;vertical-align:baseline\">Col\u00e9gio Francisco Lisboa<\/span><\/p>\n<div><br><\/div>\n<div><br><\/div>\n<p dir=\"ltr\" style=\"line-height:1.3800000000000001;margin-top:0pt;margin-bottom:0pt\"><span style=\"font-size:12pt;font-family:Arial,sans-serif;color:#000000;background-color:transparent;font-weight:700;font-style:normal;font-variant:normal;text-decoration:none;vertical-align:baseline\">S\u00e3o Sep\u00e9&nbsp;<\/span><\/p>\n<p><br><\/p>\n<p dir=\"ltr\" style=\"line-height:1.3800000000000001;margin-top:0pt;margin-bottom:0pt\"><span style=\"font-size:12pt;font-family:Arial,sans-serif;color:#000000;background-color:transparent;font-weight:400;font-style:normal;font-variant:normal;text-decoration:none;vertical-align:baseline\">Em breve<\/span><\/p>\n<div><br><\/div>\n<div><br><\/div>\n<p dir=\"ltr\" style=\"line-height:1.3800000000000001;margin-top:0pt;margin-bottom:0pt\"><span style=\"font-size:12pt;font-family:Arial,sans-serif;color:#000000;background-color:transparent;font-weight:700;font-style:normal;font-variant:normal;text-decoration:none;vertical-align:baseline\">Nova Palma<\/span><span style=\"font-size:12pt;font-family:Arial,sans-serif;color:#000000;background-color:transparent;font-weight:400;font-style:normal;font-variant:normal;text-decoration:none;vertical-align:baseline\">&nbsp;<\/span><\/p>\n<p><br><\/p>\n<p dir=\"ltr\" style=\"line-height:1.3800000000000001;margin-top:0pt;margin-bottom:0pt\"><span style=\"font-size:12pt;font-family:Arial,sans-serif;color:#000000;background-color:transparent;font-weight:400;font-style:normal;font-variant:normal;text-decoration:none;vertical-align:baseline\">Quilombo Vov\u00f3 Isabel<\/span><\/p>\n<div><br><\/div>\n<div><br><\/div>\n<p dir=\"ltr\" style=\"line-height:1.3800000000000001;margin-top:0pt;margin-bottom:0pt\"><span style=\"font-size:12pt;font-family:Arial,sans-serif;color:#000000;background-color:transparent;font-weight:700;font-style:normal;font-variant:normal;text-decoration:none;vertical-align:baseline\">Restinga Seca<\/span><\/p>\n<p><br><\/p>\n<p dir=\"ltr\" style=\"line-height:1.3800000000000001;margin-top:0pt;margin-bottom:0pt\"><span style=\"font-size:12pt;font-family:Arial,sans-serif;color:#000000;background-color:transparent;font-weight:400;font-style:normal;font-variant:normal;text-decoration:none;vertical-align:baseline\">Em breve<\/span><\/p>\n<div><br><\/div>\n<div><br><\/div>\n<p dir=\"ltr\" style=\"line-height:1.3800000000000001;margin-top:0pt;margin-bottom:0pt\"><span style=\"font-size:12pt;font-family:Arial,sans-serif;color:#000000;background-color:transparent;font-weight:700;font-style:normal;font-variant:normal;text-decoration:none;vertical-align:baseline\">Ca\u00e7apava do Sul<\/span><\/p>\n<p><br><\/p>\n<p dir=\"ltr\" style=\"line-height:1.3800000000000001;margin-top:0pt;margin-bottom:0pt\"><span style=\"font-size:12pt;font-family:Arial,sans-serif;color:#000000;background-color:transparent;font-weight:400;font-style:normal;font-variant:normal;text-decoration:none;vertical-align:baseline\">Em breve<\/span><\/p>\n<div><br><\/div>\n<div><br><\/div>\n<p dir=\"ltr\" style=\"line-height:1.3800000000000001;margin-top:0pt;margin-bottom:0pt\"><span style=\"font-size:12pt;font-family:Arial,sans-serif;color:#000000;background-color:transparent;font-weight:700;font-style:normal;font-variant:normal;text-decoration:none;vertical-align:baseline\">Pelotas<\/span><\/p>\n<p dir=\"ltr\" style=\"line-height:1.3800000000000001;margin-top:0pt;margin-bottom:0pt\"><span style=\"font-size:12pt;font-family:Arial,sans-serif;color:#000000;background-color:transparent;font-weight:700;font-style:normal;font-variant:normal;text-decoration:none;vertical-align:baseline\"><br><\/span><\/p>\n<p dir=\"ltr\" style=\"line-height:1.3800000000000001;margin-top:0pt;margin-bottom:0pt\"><span style=\"font-size:12pt;font-family:Arial,sans-serif;color:#000000;background-color:transparent;font-weight:400;font-style:normal;font-variant:normal;text-decoration:none;vertical-align:baseline\">Em breve<\/span><\/p>\n<div><br><\/div>\n<div><br><\/div>\n<p dir=\"ltr\" style=\"line-height:1.3800000000000001;margin-top:0pt;margin-bottom:0pt\"><span style=\"font-size:12pt;font-family:Arial,sans-serif;color:#000000;background-color:transparent;font-weight:700;font-style:normal;font-variant:normal;text-decoration:none;vertical-align:baseline\">Porto Alegre<\/span><\/p>\n<p><br><\/p>\n<p dir=\"ltr\" style=\"line-height:1.3800000000000001;margin-top:0pt;margin-bottom:0pt\"><span style=\"font-size:12pt;font-family:Arial,sans-serif;color:#000000;background-color:transparent;font-weight:400;font-style:normal;font-variant:normal;text-decoration:none;vertical-align:baseline\">Em breve<\/span><\/p>\n<p><\/p>\t\t\t\t\t\t<\/div>\n\t\t\t\t<\/div>\n\t\t\t\t\t<\/div>\n\t\t<\/div>\n\t\t\t\t\t<\/div>\n\t\t<\/section>\n\t\t\t\t<\/div>\n\t\t","protected":false},"excerpt":{"rendered":"<p>Os grupos sociais que representam os territ\u00f3rios de abrang\u00eancia do projeto s\u00e3o espa\u00e7os como terreiros de matriz africana, comunidades quilombolas, associa\u00e7\u00f5es de escolas de samba, grupos de mulheres negras e comunidades perif\u00e9ricas. Santa Maria KM 3 KM 2 Portelinha Centro &#8211; Incubadora Social da UFSM Terreiro Pand\u00e1 Terreiro Egb\u00e9 Osun Nova Santa Marta&nbsp; Url\u00e2ndia Di\u00e1cono [&hellip;]<\/p>\n","protected":false},"author":545,"featured_media":0,"parent":3111,"menu_order":0,"comment_status":"closed","ping_status":"closed","template":"","meta":{"footnotes":""},"categories":[],"tags":[],"class_list":["post-3141","page","type-page","status-publish","hentry"],"acf":[],"_links":{"self":[{"href":"https:\/\/www.ufsm.br\/pro-reitorias\/pre\/observatorio-de-direitos-humanos\/wp-json\/wp\/v2\/pages\/3141","targetHints":{"allow":["GET"]}}],"collection":[{"href":"https:\/\/www.ufsm.br\/pro-reitorias\/pre\/observatorio-de-direitos-humanos\/wp-json\/wp\/v2\/pages"}],"about":[{"href":"https:\/\/www.ufsm.br\/pro-reitorias\/pre\/observatorio-de-direitos-humanos\/wp-json\/wp\/v2\/types\/page"}],"author":[{"embeddable":true,"href":"https:\/\/www.ufsm.br\/pro-reitorias\/pre\/observatorio-de-direitos-humanos\/wp-json\/wp\/v2\/users\/545"}],"replies":[{"embeddable":true,"href":"https:\/\/www.ufsm.br\/pro-reitorias\/pre\/observatorio-de-direitos-humanos\/wp-json\/wp\/v2\/comments?post=3141"}],"version-history":[{"count":0,"href":"https:\/\/www.ufsm.br\/pro-reitorias\/pre\/observatorio-de-direitos-humanos\/wp-json\/wp\/v2\/pages\/3141\/revisions"}],"up":[{"embeddable":true,"href":"https:\/\/www.ufsm.br\/pro-reitorias\/pre\/observatorio-de-direitos-humanos\/wp-json\/wp\/v2\/pages\/3111"}],"wp:attachment":[{"href":"https:\/\/www.ufsm.br\/pro-reitorias\/pre\/observatorio-de-direitos-humanos\/wp-json\/wp\/v2\/media?parent=3141"}],"wp:term":[{"taxonomy":"category","embeddable":true,"href":"https:\/\/www.ufsm.br\/pro-reitorias\/pre\/observatorio-de-direitos-humanos\/wp-json\/wp\/v2\/categories?post=3141"},{"taxonomy":"post_tag","embeddable":true,"href":"https:\/\/www.ufsm.br\/pro-reitorias\/pre\/observatorio-de-direitos-humanos\/wp-json\/wp\/v2\/tags?post=3141"}],"curies":[{"name":"wp","href":"https:\/\/api.w.org\/{rel}","templated":true}]}}