{"id":316,"date":"2018-05-14T14:12:44","date_gmt":"2018-05-14T17:12:44","guid":{"rendered":"https:\/\/www.ufsm.br\/pro-reitorias\/pre\/observatorio-de-direitos-humanos\/ong-igualdade\/"},"modified":"2018-05-14T14:12:44","modified_gmt":"2018-05-14T17:12:44","slug":"ong-igualdade","status":"publish","type":"page","link":"https:\/\/www.ufsm.br\/pro-reitorias\/pre\/observatorio-de-direitos-humanos\/ong-igualdade","title":{"rendered":"ONG Igualdade"},"content":{"rendered":"<p><img fetchpriority=\"high\" decoding=\"async\" class=\" size-full wp-image-314\" src=\"https:\/\/www.ufsm.br\/pro-reitorias\/pre\/observatorio-de-direitos-humanos\/wp-content\/uploads\/sites\/414\/2018\/05\/unnamed.png\" alt=\"Audiodescri\u00e7\u00e3o: logotipo da ONG igualdade. fim da audiodescri\u00e7\u00e3o\" style=\"display: block; margin-left: auto; margin-right: auto;\" width=\"660\" height=\"330\" srcset=\"https:\/\/www.ufsm.br\/app\/uploads\/sites\/414\/2018\/05\/unnamed.png 660w, https:\/\/www.ufsm.br\/app\/uploads\/sites\/414\/2018\/05\/unnamed-300x150.png 300w\" sizes=\"(max-width: 660px) 100vw, 660px\" \/><\/p>\n<p><span style=\"color: #000000;\">A ONG Igualdade tem como prop\u00f3sito combater todas as formas de preconceito, seja ele de cunho racial, sexual, social e de g\u00eanero, e est\u00e1 ativa em Santa Maria desde o ano de 2002. Anualmente, ela realiza a Parada Livre da Regi\u00e3o Centro.<\/span><\/p>\n<p><a href=\"https:\/\/www.ufsm.br\/pro-reitorias\/pre\/observatorio-de-direitos-humanos\/wp-content\/uploads\/sites\/414\/2018\/05\/mpdf.pdf\">Lei Parada Livre da Regi\u00e3o Centro<\/a><\/p>\n<p><iframe src=\"https:\/\/www.youtube.com\/embed\/D3J1my_ZrGY?rel=0\" width=\"560\" height=\"315\" frameborder=\"0\" allowfullscreen=\"allowfullscreen\"><\/iframe><\/p>\n","protected":false},"excerpt":{"rendered":"<p>A ONG Igualdade tem como prop\u00f3sito combater todas as formas de preconceito, seja ele de cunho racial, sexual, social e de g\u00eanero, e est\u00e1 ativa em Santa Maria desde o ano de 2002. Anualmente, ela realiza a Parada Livre da Regi\u00e3o Centro. Lei Parada Livre da Regi\u00e3o Centro<\/p>\n","protected":false},"author":25,"featured_media":314,"parent":0,"menu_order":40,"comment_status":"closed","ping_status":"closed","template":"","meta":{"footnotes":""},"categories":[],"tags":[],"class_list":["post-316","page","type-page","status-publish","has-post-thumbnail","hentry"],"acf":[],"_links":{"self":[{"href":"https:\/\/www.ufsm.br\/pro-reitorias\/pre\/observatorio-de-direitos-humanos\/wp-json\/wp\/v2\/pages\/316","targetHints":{"allow":["GET"]}}],"collection":[{"href":"https:\/\/www.ufsm.br\/pro-reitorias\/pre\/observatorio-de-direitos-humanos\/wp-json\/wp\/v2\/pages"}],"about":[{"href":"https:\/\/www.ufsm.br\/pro-reitorias\/pre\/observatorio-de-direitos-humanos\/wp-json\/wp\/v2\/types\/page"}],"author":[{"embeddable":true,"href":"https:\/\/www.ufsm.br\/pro-reitorias\/pre\/observatorio-de-direitos-humanos\/wp-json\/wp\/v2\/users\/25"}],"replies":[{"embeddable":true,"href":"https:\/\/www.ufsm.br\/pro-reitorias\/pre\/observatorio-de-direitos-humanos\/wp-json\/wp\/v2\/comments?post=316"}],"version-history":[{"count":0,"href":"https:\/\/www.ufsm.br\/pro-reitorias\/pre\/observatorio-de-direitos-humanos\/wp-json\/wp\/v2\/pages\/316\/revisions"}],"wp:featuredmedia":[{"embeddable":true,"href":"https:\/\/www.ufsm.br\/pro-reitorias\/pre\/observatorio-de-direitos-humanos\/wp-json\/wp\/v2\/media\/314"}],"wp:attachment":[{"href":"https:\/\/www.ufsm.br\/pro-reitorias\/pre\/observatorio-de-direitos-humanos\/wp-json\/wp\/v2\/media?parent=316"}],"wp:term":[{"taxonomy":"category","embeddable":true,"href":"https:\/\/www.ufsm.br\/pro-reitorias\/pre\/observatorio-de-direitos-humanos\/wp-json\/wp\/v2\/categories?post=316"},{"taxonomy":"post_tag","embeddable":true,"href":"https:\/\/www.ufsm.br\/pro-reitorias\/pre\/observatorio-de-direitos-humanos\/wp-json\/wp\/v2\/tags?post=316"}],"curies":[{"name":"wp","href":"https:\/\/api.w.org\/{rel}","templated":true}]}}