{"id":3216,"date":"2024-07-25T14:55:16","date_gmt":"2024-07-25T17:55:16","guid":{"rendered":"https:\/\/www.ufsm.br\/pro-reitorias\/pre\/observatorio-de-direitos-humanos\/?page_id=3216"},"modified":"2024-07-25T15:28:15","modified_gmt":"2024-07-25T18:28:15","slug":"assedios-na-america-latina","status":"publish","type":"page","link":"https:\/\/www.ufsm.br\/pro-reitorias\/pre\/observatorio-de-direitos-humanos\/casa-veronica\/campanha-assedios-no-contexto-universitario\/assedios-na-america-latina","title":{"rendered":"Ass\u00e9dios na Am\u00e9rica Latina"},"content":{"rendered":"\t\t<div data-elementor-type=\"wp-page\" data-elementor-id=\"3216\" class=\"elementor elementor-3216\">\n\t\t\t\t\t\t<section class=\"elementor-section elementor-top-section elementor-element elementor-element-11fb3ef elementor-section-stretched elementor-section-boxed elementor-section-height-default elementor-section-height-default\" data-id=\"11fb3ef\" data-element_type=\"section\" data-settings=\"{&quot;stretch_section&quot;:&quot;section-stretched&quot;,&quot;background_background&quot;:&quot;classic&quot;}\">\n\t\t\t\t\t\t<div class=\"elementor-container elementor-column-gap-default\">\n\t\t\t\t\t<div class=\"elementor-column elementor-col-100 elementor-top-column elementor-element elementor-element-38818ca\" data-id=\"38818ca\" data-element_type=\"column\">\n\t\t\t<div class=\"elementor-widget-wrap elementor-element-populated\">\n\t\t\t\t\t\t<div class=\"elementor-element elementor-element-26d67c6 elementor-widget elementor-widget-image\" data-id=\"26d67c6\" data-element_type=\"widget\" data-widget_type=\"image.default\">\n\t\t\t\t<div class=\"elementor-widget-container\">\n\t\t\t\t\t\t\t\t\t\t\t\t\t<img fetchpriority=\"high\" decoding=\"async\" width=\"1024\" height=\"275\" src=\"https:\/\/www.ufsm.br\/app\/uploads\/sites\/414\/2024\/07\/Mes-do-Orgulho-LGBTQIAPN-1.jpg\" class=\"attachment-large size-large wp-image-3217\" alt=\"\" srcset=\"https:\/\/www.ufsm.br\/app\/uploads\/sites\/414\/2024\/07\/Mes-do-Orgulho-LGBTQIAPN-1.jpg 1025w, https:\/\/www.ufsm.br\/app\/uploads\/sites\/414\/2024\/07\/Mes-do-Orgulho-LGBTQIAPN-1-300x80.jpg 300w, https:\/\/www.ufsm.br\/app\/uploads\/sites\/414\/2024\/07\/Mes-do-Orgulho-LGBTQIAPN-1-768x206.jpg 768w\" sizes=\"(max-width: 1024px) 100vw, 1024px\" \/>\t\t\t\t\t\t\t\t\t\t\t\t\t<\/div>\n\t\t\t\t<\/div>\n\t\t\t\t\t<\/div>\n\t\t<\/div>\n\t\t\t\t\t<\/div>\n\t\t<\/section>\n\t\t\t\t<section class=\"elementor-section elementor-top-section elementor-element elementor-element-a1a1afd elementor-section-boxed elementor-section-height-default elementor-section-height-default\" data-id=\"a1a1afd\" data-element_type=\"section\">\n\t\t\t\t\t\t<div class=\"elementor-container elementor-column-gap-default\">\n\t\t\t\t\t<div class=\"elementor-column elementor-col-100 elementor-top-column elementor-element elementor-element-fc4118f\" data-id=\"fc4118f\" data-element_type=\"column\">\n\t\t\t<div class=\"elementor-widget-wrap elementor-element-populated\">\n\t\t\t\t\t\t<div class=\"elementor-element elementor-element-77714d8 elementor-widget-divider--view-line elementor-widget elementor-widget-divider\" data-id=\"77714d8\" data-element_type=\"widget\" data-widget_type=\"divider.default\">\n\t\t\t\t<div class=\"elementor-widget-container\">\n\t\t\t\t\t<div class=\"elementor-divider\">\n\t\t\t<span class=\"elementor-divider-separator\">\n\t\t\t\t\t\t<\/span>\n\t\t<\/div>\n\t\t\t\t<\/div>\n\t\t\t\t<\/div>\n\t\t\t\t<div class=\"elementor-element elementor-element-d9b7007 elementor-widget elementor-widget-heading\" data-id=\"d9b7007\" data-element_type=\"widget\" data-widget_type=\"heading.default\">\n\t\t\t\t<div class=\"elementor-widget-container\">\n\t\t\t<h2 class=\"elementor-heading-title elementor-size-default\">Em um continente oprimido, viol\u00eancias que se manifestam<\/h2>\t\t<\/div>\n\t\t\t\t<\/div>\n\t\t\t\t\t<\/div>\n\t\t<\/div>\n\t\t\t\t\t<\/div>\n\t\t<\/section>\n\t\t\t\t<section class=\"elementor-section elementor-top-section elementor-element elementor-element-4299866 elementor-section-boxed elementor-section-height-default elementor-section-height-default\" data-id=\"4299866\" data-element_type=\"section\">\n\t\t\t\t\t\t<div class=\"elementor-container elementor-column-gap-default\">\n\t\t\t\t\t<div class=\"elementor-column elementor-col-100 elementor-top-column elementor-element elementor-element-0300c8c\" data-id=\"0300c8c\" data-element_type=\"column\">\n\t\t\t<div class=\"elementor-widget-wrap elementor-element-populated\">\n\t\t\t\t\t\t<div class=\"elementor-element elementor-element-e6fdb31 elementor-widget elementor-widget-text-editor\" data-id=\"e6fdb31\" data-element_type=\"widget\" data-widget_type=\"text-editor.default\">\n\t\t\t\t<div class=\"elementor-widget-container\">\n\t\t\t\t\t\t\t<p style=\"text-align: justify\"><span style=\"font-weight: 400\">A viol\u00eancia sexual faz parte da vida de grande parte das mulheres brasileiras. Em 2023, o Brasil registrou mais de 6 mil casos de ass\u00e9dio sexual, de acordo com o anu\u00e1rio publicado pelo F\u00f3rum Brasileiro de Seguran\u00e7a P\u00fablica. J\u00e1 as ocorr\u00eancias de importuna\u00e7\u00e3o sexual chegaram a 27.530 no mesmo ano. Os dados demonstraram um crescimento expressivo no registro dessas formas de viol\u00eancia em rela\u00e7\u00e3o aos \u00faltimos anos.\u00a0<\/span><\/p><p style=\"text-align: justify\"><span style=\"font-weight: 400\">Segundo o documento, 2023 foi o ano com o maior n\u00famero de estupros registrados no pa\u00eds, contabilizando 74.930 casos. Dentre as v\u00edtimas, 88,7% s\u00e3o do sexo feminino, e 61,4% s\u00e3o crian\u00e7as entre 0 e 13 anos. O relat\u00f3rio mostra que a maioria dos casos ocorre dentro da pr\u00f3pria resid\u00eancia da v\u00edtima, e os agressores costumam ser pessoas conhecidas ou at\u00e9 mesmo familiares.<\/span><\/p><p style=\"text-align: justify\"><span style=\"font-weight: 400\">A pauta, extremamente urgente no Brasil, n\u00e3o se difere nos demais pa\u00edses da Am\u00e9rica Latina, que tamb\u00e9m possuem um grande n\u00famero casos de viol\u00eancia contra mulheres, sendo eles tanto de cunho sexual quanto f\u00edsico, psicol\u00f3gico, patrimonial ou moral. Por isso, em 2010, foi criada a Organiza\u00e7\u00e3o das Na\u00e7\u00f5es Unidas (ONU) Mulheres &#8211; Am\u00e9rica Latina e Caribe, com o objetivo de melhorar a qualidade de vida das mulheres e responder \u00e0s necessidades que elas enfrentam nesta parte do continente.\u00a0<\/span><\/p><p style=\"text-align: justify\"><span style=\"font-weight: 400\">Mesmo com essa iniciativa, os dados ainda assustam. Conforme o relat\u00f3rio do Observat\u00f3rio de Igualdade de G\u00eanero da Comiss\u00e3o Econ\u00f4mica para a Am\u00e9rica Latina e o Caribe (CEPAL), em 2022, ao menos 11 mulheres foram assassinadas por dia em raz\u00e3o de seu g\u00eanero. A diminui\u00e7\u00e3o no n\u00famero foi m\u00ednima j\u00e1 que, em 2021, os casos eram de, ao menos, 12 assassinatos com a mesma motiva\u00e7\u00e3o. Em rela\u00e7\u00e3o ao per\u00edodo de pandemia e p\u00f3s-pandemia, os indicadores apresentaram uma piora significativa em rela\u00e7\u00e3o ao relat\u00f3rio de 2019, que registrava\u00a0 9 mortes de mulheres por dia.<\/span><\/p><p style=\"text-align: justify\"><span style=\"font-weight: 400\">\u00c9 neste cen\u00e1rio que a Casa Ver\u00f4nica trar\u00e1 textos mensais sobre a tem\u00e1tica de ass\u00e9dio sexual e demais tipos de viol\u00eancia contra mulher em diversos pa\u00edses da Am\u00e9rica Latina. A iniciativa busca mostrar viv\u00eancias, compartilhar experi\u00eancias e pensar formas alternativas de solucionar essa problem\u00e1tica de forma conjunta.<\/span><\/p>\t\t\t\t\t\t<\/div>\n\t\t\t\t<\/div>\n\t\t\t\t\t<\/div>\n\t\t<\/div>\n\t\t\t\t\t<\/div>\n\t\t<\/section>\n\t\t\t\t<section class=\"elementor-section elementor-top-section elementor-element elementor-element-1326487 elementor-section-boxed elementor-section-height-default elementor-section-height-default\" data-id=\"1326487\" data-element_type=\"section\">\n\t\t\t\t\t\t<div class=\"elementor-container elementor-column-gap-default\">\n\t\t\t\t\t<div class=\"elementor-column elementor-col-100 elementor-top-column elementor-element elementor-element-3149130\" data-id=\"3149130\" data-element_type=\"column\">\n\t\t\t<div class=\"elementor-widget-wrap elementor-element-populated\">\n\t\t\t\t\t\t<div class=\"elementor-element elementor-element-21b0cba elementor-widget-divider--view-line elementor-widget elementor-widget-divider\" data-id=\"21b0cba\" data-element_type=\"widget\" data-widget_type=\"divider.default\">\n\t\t\t\t<div class=\"elementor-widget-container\">\n\t\t\t\t\t<div class=\"elementor-divider\">\n\t\t\t<span class=\"elementor-divider-separator\">\n\t\t\t\t\t\t<\/span>\n\t\t<\/div>\n\t\t\t\t<\/div>\n\t\t\t\t<\/div>\n\t\t\t\t\t<\/div>\n\t\t<\/div>\n\t\t\t\t\t<\/div>\n\t\t<\/section>\n\t\t\t\t<section class=\"elementor-section elementor-top-section elementor-element elementor-element-dfb3c7e elementor-section-boxed elementor-section-height-default elementor-section-height-default\" data-id=\"dfb3c7e\" data-element_type=\"section\">\n\t\t\t\t\t\t<div class=\"elementor-container elementor-column-gap-default\">\n\t\t\t\t\t<div class=\"elementor-column elementor-col-50 elementor-top-column elementor-element elementor-element-500c1ce\" data-id=\"500c1ce\" data-element_type=\"column\">\n\t\t\t<div class=\"elementor-widget-wrap elementor-element-populated\">\n\t\t\t\t\t\t<div class=\"elementor-element elementor-element-dd8802c elementor-widget elementor-widget-image\" data-id=\"dd8802c\" data-element_type=\"widget\" data-widget_type=\"image.default\">\n\t\t\t\t<div class=\"elementor-widget-container\">\n\t\t\t\t\t\t\t\t\t\t\t\t\t\t<a href=\"https:\/\/www.ufsm.br\/pro-reitorias\/pre\/observatorio-de-direitos-humanos\/2024\/07\/25\/ni-una-a-menos-violencia-contra-mulheres-na-argentina\">\n\t\t\t\t\t\t\t<img decoding=\"async\" width=\"760\" height=\"480\" src=\"https:\/\/www.ufsm.br\/app\/uploads\/sites\/414\/2024\/07\/WhatsApp-Image-2024-07-23-at-15.27.21.jpeg\" class=\"attachment-medium_large size-medium_large wp-image-3218\" alt=\"\" srcset=\"https:\/\/www.ufsm.br\/app\/uploads\/sites\/414\/2024\/07\/WhatsApp-Image-2024-07-23-at-15.27.21.jpeg 760w, https:\/\/www.ufsm.br\/app\/uploads\/sites\/414\/2024\/07\/WhatsApp-Image-2024-07-23-at-15.27.21-300x189.jpeg 300w\" sizes=\"(max-width: 760px) 100vw, 760px\" \/>\t\t\t\t\t\t\t\t<\/a>\n\t\t\t\t\t\t\t\t\t\t\t\t\t<\/div>\n\t\t\t\t<\/div>\n\t\t\t\t<div class=\"elementor-element elementor-element-a8d9fda elementor-button-info elementor-align-center elementor-widget elementor-widget-button\" data-id=\"a8d9fda\" data-element_type=\"widget\" data-widget_type=\"button.default\">\n\t\t\t\t<div class=\"elementor-widget-container\">\n\t\t\t\t\t\t\t<div class=\"elementor-button-wrapper\">\n\t\t\t\t\t<a class=\"elementor-button elementor-button-link elementor-size-sm\" href=\"https:\/\/www.ufsm.br\/pro-reitorias\/pre\/observatorio-de-direitos-humanos\/2024\/07\/25\/ni-una-a-menos-violencia-contra-mulheres-na-argentina\">\n\t\t\t\t\t\t<span class=\"elementor-button-content-wrapper\">\n\t\t\t\t\t\t\t\t\t<span class=\"elementor-button-text\">Acesse a reportagem aqui!<\/span>\n\t\t\t\t\t<\/span>\n\t\t\t\t\t<\/a>\n\t\t\t\t<\/div>\n\t\t\t\t\t\t<\/div>\n\t\t\t\t<\/div>\n\t\t\t\t\t<\/div>\n\t\t<\/div>\n\t\t\t\t<div class=\"elementor-column elementor-col-50 elementor-top-column elementor-element elementor-element-2c1ab7c\" data-id=\"2c1ab7c\" data-element_type=\"column\">\n\t\t\t<div class=\"elementor-widget-wrap elementor-element-populated\">\n\t\t\t\t\t\t<div class=\"elementor-element elementor-element-ab4a2a8 elementor-widget elementor-widget-heading\" data-id=\"ab4a2a8\" data-element_type=\"widget\" data-widget_type=\"heading.default\">\n\t\t\t\t<div class=\"elementor-widget-container\">\n\t\t\t<h3 class=\"elementor-heading-title elementor-size-default\">Ni una a menos: viol\u00eancia contra mulheres na Argentina\n<\/h3>\t\t<\/div>\n\t\t\t\t<\/div>\n\t\t\t\t<div class=\"elementor-element elementor-element-a3fc116 elementor-widget elementor-widget-text-editor\" data-id=\"a3fc116\" data-element_type=\"widget\" data-widget_type=\"text-editor.default\">\n\t\t\t\t<div class=\"elementor-widget-container\">\n\t\t\t\t\t\t\t<p><span style=\"font-weight: 400\">A Argentina foi o segundo pa\u00eds do MERCOSUL a criar uma legisla\u00e7\u00e3o que protege mulheres no \u00e2mbito familiar, em 1994, 12 anos antes da institui\u00e7\u00e3o da Lei Maria da Penha no Brasil. Por\u00e9m, a pauta da viol\u00eancia de g\u00eanero ainda \u00e9 urgente no pa\u00eds, que tem noticiado mobiliza\u00e7\u00f5es frequentes, de mulheres e meninas, com a exig\u00eancia de leis atualizadas e efetivas, que respeitem seus direitos.<\/span><\/p>\t\t\t\t\t\t<\/div>\n\t\t\t\t<\/div>\n\t\t\t\t\t<\/div>\n\t\t<\/div>\n\t\t\t\t\t<\/div>\n\t\t<\/section>\n\t\t\t\t<section class=\"elementor-section elementor-top-section elementor-element elementor-element-3ea7647 elementor-section-boxed elementor-section-height-default elementor-section-height-default\" data-id=\"3ea7647\" data-element_type=\"section\">\n\t\t\t\t\t\t<div class=\"elementor-container elementor-column-gap-default\">\n\t\t\t\t\t<div class=\"elementor-column elementor-col-100 elementor-top-column elementor-element elementor-element-bee0f3b\" data-id=\"bee0f3b\" data-element_type=\"column\">\n\t\t\t<div class=\"elementor-widget-wrap elementor-element-populated\">\n\t\t\t\t\t\t<div class=\"elementor-element elementor-element-a8afa9a elementor-widget-divider--view-line elementor-widget elementor-widget-divider\" data-id=\"a8afa9a\" data-element_type=\"widget\" data-widget_type=\"divider.default\">\n\t\t\t\t<div class=\"elementor-widget-container\">\n\t\t\t\t\t<div class=\"elementor-divider\">\n\t\t\t<span class=\"elementor-divider-separator\">\n\t\t\t\t\t\t<\/span>\n\t\t<\/div>\n\t\t\t\t<\/div>\n\t\t\t\t<\/div>\n\t\t\t\t\t<\/div>\n\t\t<\/div>\n\t\t\t\t\t<\/div>\n\t\t<\/section>\n\t\t\t\t<section class=\"elementor-section elementor-top-section elementor-element elementor-element-9f7816a elementor-section-boxed elementor-section-height-default elementor-section-height-default\" data-id=\"9f7816a\" data-element_type=\"section\">\n\t\t\t\t\t\t<div class=\"elementor-container elementor-column-gap-default\">\n\t\t\t\t\t<div class=\"elementor-column elementor-col-50 elementor-top-column elementor-element elementor-element-30bb766\" data-id=\"30bb766\" data-element_type=\"column\">\n\t\t\t<div class=\"elementor-widget-wrap elementor-element-populated\">\n\t\t\t\t\t\t<div class=\"elementor-element elementor-element-e3ce148 elementor-widget elementor-widget-image\" data-id=\"e3ce148\" data-element_type=\"widget\" data-widget_type=\"image.default\">\n\t\t\t\t<div class=\"elementor-widget-container\">\n\t\t\t\t\t\t\t\t\t\t\t\t\t\t<a href=\"https:\/\/www.ufsm.br\/pro-reitorias\/pre\/observatorio-de-direitos-humanos\/2024\/07\/25\/mesmo-pioneiro-em-liberdades-sociais-uruguai-apresenta-numero-alarmante-de-feminicidios\">\n\t\t\t\t\t\t\t<img decoding=\"async\" width=\"768\" height=\"400\" src=\"https:\/\/www.ufsm.br\/app\/uploads\/sites\/414\/2024\/07\/DSC01227-1920x1000-1-768x400.jpg\" class=\"attachment-medium_large size-medium_large wp-image-3219\" alt=\"\" srcset=\"https:\/\/www.ufsm.br\/app\/uploads\/sites\/414\/2024\/07\/DSC01227-1920x1000-1-768x400.jpg 768w, https:\/\/www.ufsm.br\/app\/uploads\/sites\/414\/2024\/07\/DSC01227-1920x1000-1-300x156.jpg 300w, https:\/\/www.ufsm.br\/app\/uploads\/sites\/414\/2024\/07\/DSC01227-1920x1000-1-1024x533.jpg 1024w, https:\/\/www.ufsm.br\/app\/uploads\/sites\/414\/2024\/07\/DSC01227-1920x1000-1-1536x800.jpg 1536w, https:\/\/www.ufsm.br\/app\/uploads\/sites\/414\/2024\/07\/DSC01227-1920x1000-1.jpg 1920w\" sizes=\"(max-width: 768px) 100vw, 768px\" \/>\t\t\t\t\t\t\t\t<\/a>\n\t\t\t\t\t\t\t\t\t\t\t\t\t<\/div>\n\t\t\t\t<\/div>\n\t\t\t\t<div class=\"elementor-element elementor-element-e9611b4 elementor-button-info elementor-align-center elementor-widget elementor-widget-button\" data-id=\"e9611b4\" data-element_type=\"widget\" data-widget_type=\"button.default\">\n\t\t\t\t<div class=\"elementor-widget-container\">\n\t\t\t\t\t\t\t<div class=\"elementor-button-wrapper\">\n\t\t\t\t\t<a class=\"elementor-button elementor-button-link elementor-size-sm\" href=\"https:\/\/www.ufsm.br\/pro-reitorias\/pre\/observatorio-de-direitos-humanos\/2024\/07\/25\/mesmo-pioneiro-em-liberdades-sociais-uruguai-apresenta-numero-alarmante-de-feminicidios\">\n\t\t\t\t\t\t<span class=\"elementor-button-content-wrapper\">\n\t\t\t\t\t\t\t\t\t<span class=\"elementor-button-text\">Acesse a reportagem aqui!<\/span>\n\t\t\t\t\t<\/span>\n\t\t\t\t\t<\/a>\n\t\t\t\t<\/div>\n\t\t\t\t\t\t<\/div>\n\t\t\t\t<\/div>\n\t\t\t\t\t<\/div>\n\t\t<\/div>\n\t\t\t\t<div class=\"elementor-column elementor-col-50 elementor-top-column elementor-element elementor-element-fb4f3ac\" data-id=\"fb4f3ac\" data-element_type=\"column\">\n\t\t\t<div class=\"elementor-widget-wrap elementor-element-populated\">\n\t\t\t\t\t\t<div class=\"elementor-element elementor-element-c09f543 elementor-widget elementor-widget-heading\" data-id=\"c09f543\" data-element_type=\"widget\" data-widget_type=\"heading.default\">\n\t\t\t\t<div class=\"elementor-widget-container\">\n\t\t\t<h3 class=\"elementor-heading-title elementor-size-default\">Uruguai: mesmo pioneiro em liberdades sociais, pa\u00eds apresenta n\u00famero alarmante de feminic\u00eddios<\/h3>\t\t<\/div>\n\t\t\t\t<\/div>\n\t\t\t\t<div class=\"elementor-element elementor-element-17949bd elementor-widget elementor-widget-text-editor\" data-id=\"17949bd\" data-element_type=\"widget\" data-widget_type=\"text-editor.default\">\n\t\t\t\t<div class=\"elementor-widget-container\">\n\t\t\t\t\t\t\t<p><span style=\"font-weight: 400\">Conhecido por ser o pioneiro em liberdades sociais, o Uruguai ainda enfrenta problemas relacionados \u00e0 seguran\u00e7a das mulheres no pa\u00eds. Apesar de ter leis que buscam defender e resguardar mulheres, a viol\u00eancia de g\u00eanero ainda \u00e9 frequente, afetando diretamente a vida das uruguaias. <\/span><\/p>\t\t\t\t\t\t<\/div>\n\t\t\t\t<\/div>\n\t\t\t\t\t<\/div>\n\t\t<\/div>\n\t\t\t\t\t<\/div>\n\t\t<\/section>\n\t\t\t\t<section class=\"elementor-section elementor-top-section elementor-element elementor-element-9e148f4 elementor-section-boxed elementor-section-height-default elementor-section-height-default\" data-id=\"9e148f4\" data-element_type=\"section\">\n\t\t\t\t\t\t<div class=\"elementor-container elementor-column-gap-default\">\n\t\t\t\t\t<div class=\"elementor-column elementor-col-100 elementor-top-column elementor-element elementor-element-7b14042\" data-id=\"7b14042\" data-element_type=\"column\">\n\t\t\t<div class=\"elementor-widget-wrap elementor-element-populated\">\n\t\t\t\t\t\t<div class=\"elementor-element elementor-element-300d222 elementor-widget-divider--view-line elementor-widget elementor-widget-divider\" data-id=\"300d222\" data-element_type=\"widget\" data-widget_type=\"divider.default\">\n\t\t\t\t<div class=\"elementor-widget-container\">\n\t\t\t\t\t<div class=\"elementor-divider\">\n\t\t\t<span class=\"elementor-divider-separator\">\n\t\t\t\t\t\t<\/span>\n\t\t<\/div>\n\t\t\t\t<\/div>\n\t\t\t\t<\/div>\n\t\t\t\t<div class=\"elementor-element elementor-element-ed031d9 elementor-widget elementor-widget-text-editor\" data-id=\"ed031d9\" data-element_type=\"widget\" data-widget_type=\"text-editor.default\">\n\t\t\t\t<div class=\"elementor-widget-container\">\n\t\t\t\t\t\t\t<p><strong>Reportagens:<\/strong> <span style=\"font-weight: 400\">J\u00falia Petenon, estagi\u00e1ria de jornalismo da Casa Ver\u00f4nica UFSM<\/span><\/p><p><strong>Supervis\u00e3o e edi\u00e7\u00e3o:<\/strong> Wellington Hack, jornalista da Casa Ver\u00f4nica UFSM<\/p>\t\t\t\t\t\t<\/div>\n\t\t\t\t<\/div>\n\t\t\t\t\t<\/div>\n\t\t<\/div>\n\t\t\t\t\t<\/div>\n\t\t<\/section>\n\t\t\t\t<\/div>\n\t\t","protected":false},"excerpt":{"rendered":"<p>Em um continente oprimido, viol\u00eancias que se manifestam A viol\u00eancia sexual faz parte da vida de grande parte das mulheres brasileiras. Em 2023, o Brasil registrou mais de 6 mil casos de ass\u00e9dio sexual, de acordo com o anu\u00e1rio publicado pelo F\u00f3rum Brasileiro de Seguran\u00e7a P\u00fablica. J\u00e1 as ocorr\u00eancias de importuna\u00e7\u00e3o sexual chegaram a 27.530 [&hellip;]<\/p>\n","protected":false},"author":1452,"featured_media":3217,"parent":2789,"menu_order":0,"comment_status":"closed","ping_status":"closed","template":"","meta":{"footnotes":""},"categories":[182],"tags":[],"class_list":["post-3216","page","type-page","status-publish","has-post-thumbnail","hentry","category-cv-ufsm"],"acf":[],"_links":{"self":[{"href":"https:\/\/www.ufsm.br\/pro-reitorias\/pre\/observatorio-de-direitos-humanos\/wp-json\/wp\/v2\/pages\/3216","targetHints":{"allow":["GET"]}}],"collection":[{"href":"https:\/\/www.ufsm.br\/pro-reitorias\/pre\/observatorio-de-direitos-humanos\/wp-json\/wp\/v2\/pages"}],"about":[{"href":"https:\/\/www.ufsm.br\/pro-reitorias\/pre\/observatorio-de-direitos-humanos\/wp-json\/wp\/v2\/types\/page"}],"author":[{"embeddable":true,"href":"https:\/\/www.ufsm.br\/pro-reitorias\/pre\/observatorio-de-direitos-humanos\/wp-json\/wp\/v2\/users\/1452"}],"replies":[{"embeddable":true,"href":"https:\/\/www.ufsm.br\/pro-reitorias\/pre\/observatorio-de-direitos-humanos\/wp-json\/wp\/v2\/comments?post=3216"}],"version-history":[{"count":0,"href":"https:\/\/www.ufsm.br\/pro-reitorias\/pre\/observatorio-de-direitos-humanos\/wp-json\/wp\/v2\/pages\/3216\/revisions"}],"up":[{"embeddable":true,"href":"https:\/\/www.ufsm.br\/pro-reitorias\/pre\/observatorio-de-direitos-humanos\/wp-json\/wp\/v2\/pages\/2789"}],"wp:featuredmedia":[{"embeddable":true,"href":"https:\/\/www.ufsm.br\/pro-reitorias\/pre\/observatorio-de-direitos-humanos\/wp-json\/wp\/v2\/media\/3217"}],"wp:attachment":[{"href":"https:\/\/www.ufsm.br\/pro-reitorias\/pre\/observatorio-de-direitos-humanos\/wp-json\/wp\/v2\/media?parent=3216"}],"wp:term":[{"taxonomy":"category","embeddable":true,"href":"https:\/\/www.ufsm.br\/pro-reitorias\/pre\/observatorio-de-direitos-humanos\/wp-json\/wp\/v2\/categories?post=3216"},{"taxonomy":"post_tag","embeddable":true,"href":"https:\/\/www.ufsm.br\/pro-reitorias\/pre\/observatorio-de-direitos-humanos\/wp-json\/wp\/v2\/tags?post=3216"}],"curies":[{"name":"wp","href":"https:\/\/api.w.org\/{rel}","templated":true}]}}