{"id":3229,"date":"2024-07-26T14:44:33","date_gmt":"2024-07-26T17:44:33","guid":{"rendered":"https:\/\/www.ufsm.br\/pro-reitorias\/pre\/observatorio-de-direitos-humanos\/?page_id=3229"},"modified":"2024-08-01T19:20:36","modified_gmt":"2024-08-01T22:20:36","slug":"selecao-apoio-copene-2024","status":"publish","type":"page","link":"https:\/\/www.ufsm.br\/pro-reitorias\/pre\/observatorio-de-direitos-humanos\/neabi\/editais\/selecao-apoio-copene-2024","title":{"rendered":"Sele\u00e7\u00e3o de apoio a participa\u00e7\u00e3o no XIII COPENE &#8211; 2024"},"content":{"rendered":"\t\t<div data-elementor-type=\"wp-page\" data-elementor-id=\"3229\" class=\"elementor elementor-3229\">\n\t\t\t\t\t\t<section class=\"elementor-section elementor-top-section elementor-element elementor-element-16ed243 elementor-section-boxed elementor-section-height-default elementor-section-height-default\" data-id=\"16ed243\" data-element_type=\"section\">\n\t\t\t\t\t\t<div class=\"elementor-container elementor-column-gap-default\">\n\t\t\t\t\t<div class=\"elementor-column elementor-col-100 elementor-top-column elementor-element elementor-element-d89c2e9\" data-id=\"d89c2e9\" data-element_type=\"column\">\n\t\t\t<div class=\"elementor-widget-wrap elementor-element-populated\">\n\t\t\t\t\t\t<div class=\"elementor-element elementor-element-38864e7 elementor-widget elementor-widget-text-editor\" data-id=\"38864e7\" data-element_type=\"widget\" data-widget_type=\"text-editor.default\">\n\t\t\t\t<div class=\"elementor-widget-container\">\n\t\t\t\t\t\t\t<p><strong>CHAMADA INTERNA:<\/strong> 01\/2024 \u2013 Sele\u00e7\u00e3o de apoio a participa\u00e7\u00e3o no XIII Congresso Brasileiro De Pesquisadores\/as Negros\/as \u2013 XIII COPENE \u2013 2024<\/p>\t\t\t\t\t\t<\/div>\n\t\t\t\t<\/div>\n\t\t\t\t<div class=\"elementor-element elementor-element-a7dfd9c elementor-widget-divider--view-line elementor-widget elementor-widget-divider\" data-id=\"a7dfd9c\" data-element_type=\"widget\" data-widget_type=\"divider.default\">\n\t\t\t\t<div class=\"elementor-widget-container\">\n\t\t\t\t\t<div class=\"elementor-divider\">\n\t\t\t<span class=\"elementor-divider-separator\">\n\t\t\t\t\t\t<\/span>\n\t\t<\/div>\n\t\t\t\t<\/div>\n\t\t\t\t<\/div>\n\t\t\t\t<div class=\"elementor-element elementor-element-414acd7 elementor-widget-divider--view-line elementor-widget elementor-widget-divider\" data-id=\"414acd7\" data-element_type=\"widget\" data-widget_type=\"divider.default\">\n\t\t\t\t<div class=\"elementor-widget-container\">\n\t\t\t\t\t<div class=\"elementor-divider\">\n\t\t\t<span class=\"elementor-divider-separator\">\n\t\t\t\t\t\t<\/span>\n\t\t<\/div>\n\t\t\t\t<\/div>\n\t\t\t\t<\/div>\n\t\t\t\t\t<\/div>\n\t\t<\/div>\n\t\t\t\t\t<\/div>\n\t\t<\/section>\n\t\t\t\t<section class=\"elementor-section elementor-top-section elementor-element elementor-element-e27978b elementor-section-boxed elementor-section-height-default elementor-section-height-default\" data-id=\"e27978b\" data-element_type=\"section\">\n\t\t\t\t\t\t<div class=\"elementor-container elementor-column-gap-default\">\n\t\t\t\t\t<div class=\"elementor-column elementor-col-100 elementor-top-column elementor-element elementor-element-14472ad\" data-id=\"14472ad\" data-element_type=\"column\">\n\t\t\t<div class=\"elementor-widget-wrap elementor-element-populated\">\n\t\t\t\t\t\t<div class=\"elementor-element elementor-element-5a08cdb elementor-widget elementor-widget-text-editor\" data-id=\"5a08cdb\" data-element_type=\"widget\" data-widget_type=\"text-editor.default\">\n\t\t\t\t<div class=\"elementor-widget-container\">\n\t\t\t\t\t\t\t<h5>Publica\u00e7\u00f5es:<\/h5>\t\t\t\t\t\t<\/div>\n\t\t\t\t<\/div>\n\t\t\t\t<section class=\"elementor-section elementor-inner-section elementor-element elementor-element-98a752f elementor-section-boxed elementor-section-height-default elementor-section-height-default\" data-id=\"98a752f\" data-element_type=\"section\">\n\t\t\t\t\t\t<div class=\"elementor-container elementor-column-gap-default\">\n\t\t\t\t\t<div class=\"elementor-column elementor-col-100 elementor-inner-column elementor-element elementor-element-53d8c2d\" data-id=\"53d8c2d\" data-element_type=\"column\">\n\t\t\t<div class=\"elementor-widget-wrap elementor-element-populated\">\n\t\t\t\t\t\t<div class=\"elementor-element elementor-element-f6bf76b elementor-widget elementor-widget-text-editor\" data-id=\"f6bf76b\" data-element_type=\"widget\" data-widget_type=\"text-editor.default\">\n\t\t\t\t<div class=\"elementor-widget-container\">\n\t\t\t\t\t\t\t<table style=\"border-collapse: collapse;width: 100%;height: 48px\"><tbody><tr style=\"height: 24px\"><td style=\"width: 77.7311%;height: 24px;border-style: solid;border-color: #000000;background-color: #e1e1e1\"><b>T\u00edtulo<\/b><\/td><td style=\"width: 22.2689%;height: 24px;border-style: solid;border-color: #000000;background-color: #e1e1e1\"><b>Data<\/b><\/td><\/tr><tr style=\"height: 24px\"><td style=\"width: 77.7311%;height: 24px\"><a href=\"https:\/\/www.ufsm.br\/app\/uploads\/sites\/414\/2024\/07\/EDITAL_CHAMADA_INTERNA_COPENE_2024_.pdf\">Edital de Abertura<\/a><\/td><td style=\"width: 22.2689%;height: 24px\">24\/07\/2024<\/td><\/tr><tr><td style=\"width: 77.7311%\"><a href=\"https:\/\/www.ufsm.br\/app\/uploads\/sites\/414\/2024\/08\/Homologacao_das_Inscricoes_Edital_COPENE.docx_assinado.pdf\">Homologa\u00e7\u00e3o das Inscri\u00e7\u00f5es<\/a><\/td><td style=\"width: 22.2689%\">01\/08\/2024<\/td><\/tr><\/tbody><\/table>\t\t\t\t\t\t<\/div>\n\t\t\t\t<\/div>\n\t\t\t\t\t<\/div>\n\t\t<\/div>\n\t\t\t\t\t<\/div>\n\t\t<\/section>\n\t\t\t\t\t<\/div>\n\t\t<\/div>\n\t\t\t\t\t<\/div>\n\t\t<\/section>\n\t\t\t\t<section class=\"elementor-section elementor-top-section elementor-element elementor-element-92f4cc4 elementor-section-boxed elementor-section-height-default elementor-section-height-default\" data-id=\"92f4cc4\" data-element_type=\"section\">\n\t\t\t\t\t\t<div class=\"elementor-container elementor-column-gap-default\">\n\t\t\t\t\t<div class=\"elementor-column elementor-col-100 elementor-top-column elementor-element elementor-element-28c695f\" data-id=\"28c695f\" data-element_type=\"column\">\n\t\t\t<div class=\"elementor-widget-wrap elementor-element-populated\">\n\t\t\t\t\t\t<div class=\"elementor-element elementor-element-4f63194 elementor-widget elementor-widget-text-editor\" data-id=\"4f63194\" data-element_type=\"widget\" data-widget_type=\"text-editor.default\">\n\t\t\t\t<div class=\"elementor-widget-container\">\n\t\t\t\t\t\t\t<h5>Descri\u00e7\u00e3o<\/h5>\t\t\t\t\t\t<\/div>\n\t\t\t\t<\/div>\n\t\t\t\t<div class=\"elementor-element elementor-element-d2b49f7 elementor-widget elementor-widget-text-editor\" data-id=\"d2b49f7\" data-element_type=\"widget\" data-widget_type=\"text-editor.default\">\n\t\t\t\t<div class=\"elementor-widget-container\">\n\t\t\t\t\t\t\t<p>A Coordena\u00e7\u00e3o do N\u00facleo de Estudos Afro-brasileiros e Ind\u00edgenas torna p\u00fablica a sele\u00e7\u00e3o de Estudante, Docente e T\u00e9cnica\/o Administrativa\/o em Educa\u00e7\u00e3o para participa\u00e7\u00e3o no XIII Congresso Brasileiros de Pesquisadores\/as Negros\/as &#8211; XIII COPENE<\/p>\t\t\t\t\t\t<\/div>\n\t\t\t\t<\/div>\n\t\t\t\t\t<\/div>\n\t\t<\/div>\n\t\t\t\t\t<\/div>\n\t\t<\/section>\n\t\t\t\t<\/div>\n\t\t","protected":false},"excerpt":{"rendered":"<p>CHAMADA INTERNA: 01\/2024 \u2013 Sele\u00e7\u00e3o de apoio a participa\u00e7\u00e3o no XIII Congresso Brasileiro De Pesquisadores\/as Negros\/as \u2013 XIII COPENE \u2013 2024 Publica\u00e7\u00f5es: T\u00edtulo Data Edital de Abertura 24\/07\/2024 Homologa\u00e7\u00e3o das Inscri\u00e7\u00f5es 01\/08\/2024 Descri\u00e7\u00e3o A Coordena\u00e7\u00e3o do N\u00facleo de Estudos Afro-brasileiros e Ind\u00edgenas torna p\u00fablica a sele\u00e7\u00e3o de Estudante, Docente e T\u00e9cnica\/o Administrativa\/o em Educa\u00e7\u00e3o para [&hellip;]<\/p>\n","protected":false},"author":545,"featured_media":0,"parent":2130,"menu_order":0,"comment_status":"closed","ping_status":"closed","template":"","meta":{"footnotes":""},"categories":[],"tags":[],"class_list":["post-3229","page","type-page","status-publish","hentry"],"acf":[],"_links":{"self":[{"href":"https:\/\/www.ufsm.br\/pro-reitorias\/pre\/observatorio-de-direitos-humanos\/wp-json\/wp\/v2\/pages\/3229","targetHints":{"allow":["GET"]}}],"collection":[{"href":"https:\/\/www.ufsm.br\/pro-reitorias\/pre\/observatorio-de-direitos-humanos\/wp-json\/wp\/v2\/pages"}],"about":[{"href":"https:\/\/www.ufsm.br\/pro-reitorias\/pre\/observatorio-de-direitos-humanos\/wp-json\/wp\/v2\/types\/page"}],"author":[{"embeddable":true,"href":"https:\/\/www.ufsm.br\/pro-reitorias\/pre\/observatorio-de-direitos-humanos\/wp-json\/wp\/v2\/users\/545"}],"replies":[{"embeddable":true,"href":"https:\/\/www.ufsm.br\/pro-reitorias\/pre\/observatorio-de-direitos-humanos\/wp-json\/wp\/v2\/comments?post=3229"}],"version-history":[{"count":0,"href":"https:\/\/www.ufsm.br\/pro-reitorias\/pre\/observatorio-de-direitos-humanos\/wp-json\/wp\/v2\/pages\/3229\/revisions"}],"up":[{"embeddable":true,"href":"https:\/\/www.ufsm.br\/pro-reitorias\/pre\/observatorio-de-direitos-humanos\/wp-json\/wp\/v2\/pages\/2130"}],"wp:attachment":[{"href":"https:\/\/www.ufsm.br\/pro-reitorias\/pre\/observatorio-de-direitos-humanos\/wp-json\/wp\/v2\/media?parent=3229"}],"wp:term":[{"taxonomy":"category","embeddable":true,"href":"https:\/\/www.ufsm.br\/pro-reitorias\/pre\/observatorio-de-direitos-humanos\/wp-json\/wp\/v2\/categories?post=3229"},{"taxonomy":"post_tag","embeddable":true,"href":"https:\/\/www.ufsm.br\/pro-reitorias\/pre\/observatorio-de-direitos-humanos\/wp-json\/wp\/v2\/tags?post=3229"}],"curies":[{"name":"wp","href":"https:\/\/api.w.org\/{rel}","templated":true}]}}