{"id":3247,"date":"2024-08-29T20:33:46","date_gmt":"2024-08-29T23:33:46","guid":{"rendered":"https:\/\/www.ufsm.br\/pro-reitorias\/pre\/observatorio-de-direitos-humanos\/?page_id=3247"},"modified":"2024-09-03T16:19:55","modified_gmt":"2024-09-03T19:19:55","slug":"processo-seletivo-simplificado-professores-tecendo-novos-saberes","status":"publish","type":"page","link":"https:\/\/www.ufsm.br\/pro-reitorias\/pre\/observatorio-de-direitos-humanos\/neabi\/editais\/processo-seletivo-simplificado-professores-tecendo-novos-saberes","title":{"rendered":"Processo Seletivo Simplificado para atua\u00e7\u00e3o como Professores na Regi\u00e3o Central do Rio Grande do Sul e nas demais cidades"},"content":{"rendered":"\t\t<div data-elementor-type=\"wp-page\" data-elementor-id=\"3247\" class=\"elementor elementor-3247\">\n\t\t\t\t\t\t<section class=\"elementor-section elementor-top-section elementor-element elementor-element-024b9ed elementor-section-boxed elementor-section-height-default elementor-section-height-default\" data-id=\"024b9ed\" data-element_type=\"section\">\n\t\t\t\t\t\t<div class=\"elementor-container elementor-column-gap-default\">\n\t\t\t\t\t<div class=\"elementor-column elementor-col-100 elementor-top-column elementor-element elementor-element-f6e40e5\" data-id=\"f6e40e5\" data-element_type=\"column\">\n\t\t\t<div class=\"elementor-widget-wrap elementor-element-populated\">\n\t\t\t\t\t\t<div class=\"elementor-element elementor-element-512ea22 elementor-widget elementor-widget-text-editor\" data-id=\"512ea22\" data-element_type=\"widget\" data-widget_type=\"text-editor.default\">\n\t\t\t\t<div class=\"elementor-widget-container\">\n\t\t\t\t\t\t\t<h6><strong>Extens\u00e3o:<\/strong> Processo Seletivo Simplificado para atua\u00e7\u00e3o como Professores na Regi\u00e3o Central do Rio Grande do Sul e nas demais cidades \u2013 Tecendo Novos Saberes para a Transforma\u00e7\u00e3o Social<\/h6>\t\t\t\t\t\t<\/div>\n\t\t\t\t<\/div>\n\t\t\t\t<div class=\"elementor-element elementor-element-9a20c65 elementor-widget-divider--view-line elementor-widget elementor-widget-divider\" data-id=\"9a20c65\" data-element_type=\"widget\" data-widget_type=\"divider.default\">\n\t\t\t\t<div class=\"elementor-widget-container\">\n\t\t\t\t\t<div class=\"elementor-divider\">\n\t\t\t<span class=\"elementor-divider-separator\">\n\t\t\t\t\t\t<\/span>\n\t\t<\/div>\n\t\t\t\t<\/div>\n\t\t\t\t<\/div>\n\t\t\t\t<div class=\"elementor-element elementor-element-2d40fdf elementor-widget-divider--view-line elementor-widget elementor-widget-divider\" data-id=\"2d40fdf\" data-element_type=\"widget\" data-widget_type=\"divider.default\">\n\t\t\t\t<div class=\"elementor-widget-container\">\n\t\t\t\t\t<div class=\"elementor-divider\">\n\t\t\t<span class=\"elementor-divider-separator\">\n\t\t\t\t\t\t<\/span>\n\t\t<\/div>\n\t\t\t\t<\/div>\n\t\t\t\t<\/div>\n\t\t\t\t<div class=\"elementor-element elementor-element-fede0b7 elementor-widget elementor-widget-text-editor\" data-id=\"fede0b7\" data-element_type=\"widget\" data-widget_type=\"text-editor.default\">\n\t\t\t\t<div class=\"elementor-widget-container\">\n\t\t\t\t\t\t\t<h5>Publica\u00e7\u00f5es<\/h5>\t\t\t\t\t\t<\/div>\n\t\t\t\t<\/div>\n\t\t\t\t<div class=\"elementor-element elementor-element-0998568 elementor-widget elementor-widget-text-editor\" data-id=\"0998568\" data-element_type=\"widget\" data-widget_type=\"text-editor.default\">\n\t\t\t\t<div class=\"elementor-widget-container\">\n\t\t\t\t\t\t\t<table style=\"width: 100%;border-collapse: collapse;border-color: #ffffff;background-color: #ffffff;border-style: none\"><tbody><tr><td style=\"width: 50%;background-color: #c8c8c8;border-style: solid;border-color: #000000\">T\u00edtulo<\/td><td style=\"width: 50%;background-color: #c8c8c8;border-style: solid;border-color: #000000\">Data<\/td><\/tr><tr><td style=\"width: 50%\"><a href=\"https:\/\/www.ufsm.br\/app\/uploads\/sites\/414\/2024\/08\/Processo-Seletivo-Simplificado-Professores-Projeto-Tecendo-Novos-Saberes.pdf\">Edital de Abertura<\/a><\/td><td style=\"width: 50%\">28\/08\/2024<\/td><\/tr><tr><td style=\"width: 50%\"><a href=\"https:\/\/www.ufsm.br\/app\/uploads\/sites\/414\/2024\/09\/PRORROGRACAOEDITAL-009-2024-PROFESSORES-TNS.pdf\">Edital de Abertura Retificado &#8211; Inscri\u00e7\u00f5es Prorrogadas<\/a><\/td><td style=\"width: 50%\">03\/09\/2024<\/td><\/tr><\/tbody><\/table>\t\t\t\t\t\t<\/div>\n\t\t\t\t<\/div>\n\t\t\t\t<div class=\"elementor-element elementor-element-3e7e4ee elementor-widget elementor-widget-spacer\" data-id=\"3e7e4ee\" data-element_type=\"widget\" data-widget_type=\"spacer.default\">\n\t\t\t\t<div class=\"elementor-widget-container\">\n\t\t\t\t\t<div class=\"elementor-spacer\">\n\t\t\t<div class=\"elementor-spacer-inner\"><\/div>\n\t\t<\/div>\n\t\t\t\t<\/div>\n\t\t\t\t<\/div>\n\t\t\t\t<div class=\"elementor-element elementor-element-b1cbf6d elementor-widget elementor-widget-text-editor\" data-id=\"b1cbf6d\" data-element_type=\"widget\" data-widget_type=\"text-editor.default\">\n\t\t\t\t<div class=\"elementor-widget-container\">\n\t\t\t\t\t\t\t<h5>Descri\u00e7\u00e3o<\/h5>\t\t\t\t\t\t<\/div>\n\t\t\t\t<\/div>\n\t\t\t\t<div class=\"elementor-element elementor-element-b982c3e elementor-widget elementor-widget-text-editor\" data-id=\"b982c3e\" data-element_type=\"widget\" data-widget_type=\"text-editor.default\">\n\t\t\t\t<div class=\"elementor-widget-container\">\n\t\t\t\t\t\t\t<p>A FUNDA\u00c7\u00c3O DE APOIO DA UNIVERSIDADE FEDERAL DO RIO GRANDE DO SUL \u2013 FAURGS, torna p\u00fablico, para conhecimento dos interessados, que realizar\u00e1 Processo Seletivo Simplificado para contrata\u00e7\u00e3o de profissional aut\u00f4nomo para servi\u00e7os necess\u00e1rios ao Projeto de Qualifica\u00e7\u00e3o Social e Profissional Tecendo Novos Saberes para a Transforma\u00e7\u00e3o Social como Professores na Regi\u00e3o Central do Rio Grande do Sul, observando os preceitos legais em conformidade com o Decreto 8.241\/2014, com vistas ao atendimento dos princ\u00edpios da impessoalidade, da moralidade, da probidade, da publicidade, da transpar\u00eancia, da efici\u00eancia, da competitividade, da busca permanente de qualidade e durabilidade e da vincula\u00e7\u00e3o ao instrumento convocat\u00f3rio e subordinado \u00e0s condi\u00e7\u00f5es e exig\u00eancias estabelecidas neste Edital e seus anexos.<\/p>\t\t\t\t\t\t<\/div>\n\t\t\t\t<\/div>\n\t\t\t\t\t<\/div>\n\t\t<\/div>\n\t\t\t\t\t<\/div>\n\t\t<\/section>\n\t\t\t\t<\/div>\n\t\t","protected":false},"excerpt":{"rendered":"<p>Extens\u00e3o: Processo Seletivo Simplificado para atua\u00e7\u00e3o como Professores na Regi\u00e3o Central do Rio Grande do Sul e nas demais cidades \u2013 Tecendo Novos Saberes para a Transforma\u00e7\u00e3o Social Publica\u00e7\u00f5es T\u00edtulo Data Edital de Abertura 28\/08\/2024 Edital de Abertura Retificado &#8211; Inscri\u00e7\u00f5es Prorrogadas 03\/09\/2024 Descri\u00e7\u00e3o A FUNDA\u00c7\u00c3O DE APOIO DA UNIVERSIDADE FEDERAL DO RIO GRANDE DO [&hellip;]<\/p>\n","protected":false},"author":545,"featured_media":0,"parent":2130,"menu_order":0,"comment_status":"closed","ping_status":"closed","template":"","meta":{"footnotes":""},"categories":[],"tags":[],"class_list":["post-3247","page","type-page","status-publish","hentry"],"acf":[],"_links":{"self":[{"href":"https:\/\/www.ufsm.br\/pro-reitorias\/pre\/observatorio-de-direitos-humanos\/wp-json\/wp\/v2\/pages\/3247","targetHints":{"allow":["GET"]}}],"collection":[{"href":"https:\/\/www.ufsm.br\/pro-reitorias\/pre\/observatorio-de-direitos-humanos\/wp-json\/wp\/v2\/pages"}],"about":[{"href":"https:\/\/www.ufsm.br\/pro-reitorias\/pre\/observatorio-de-direitos-humanos\/wp-json\/wp\/v2\/types\/page"}],"author":[{"embeddable":true,"href":"https:\/\/www.ufsm.br\/pro-reitorias\/pre\/observatorio-de-direitos-humanos\/wp-json\/wp\/v2\/users\/545"}],"replies":[{"embeddable":true,"href":"https:\/\/www.ufsm.br\/pro-reitorias\/pre\/observatorio-de-direitos-humanos\/wp-json\/wp\/v2\/comments?post=3247"}],"version-history":[{"count":0,"href":"https:\/\/www.ufsm.br\/pro-reitorias\/pre\/observatorio-de-direitos-humanos\/wp-json\/wp\/v2\/pages\/3247\/revisions"}],"up":[{"embeddable":true,"href":"https:\/\/www.ufsm.br\/pro-reitorias\/pre\/observatorio-de-direitos-humanos\/wp-json\/wp\/v2\/pages\/2130"}],"wp:attachment":[{"href":"https:\/\/www.ufsm.br\/pro-reitorias\/pre\/observatorio-de-direitos-humanos\/wp-json\/wp\/v2\/media?parent=3247"}],"wp:term":[{"taxonomy":"category","embeddable":true,"href":"https:\/\/www.ufsm.br\/pro-reitorias\/pre\/observatorio-de-direitos-humanos\/wp-json\/wp\/v2\/categories?post=3247"},{"taxonomy":"post_tag","embeddable":true,"href":"https:\/\/www.ufsm.br\/pro-reitorias\/pre\/observatorio-de-direitos-humanos\/wp-json\/wp\/v2\/tags?post=3247"}],"curies":[{"name":"wp","href":"https:\/\/api.w.org\/{rel}","templated":true}]}}