{"id":327,"date":"2018-05-28T17:34:05","date_gmt":"2018-05-28T20:34:05","guid":{"rendered":"https:\/\/www.ufsm.br\/pro-reitorias\/pre\/observatorio-de-direitos-humanos\/adote-acao-politecnico\/"},"modified":"2018-05-28T17:34:05","modified_gmt":"2018-05-28T20:34:05","slug":"adote-acao-politecnico","status":"publish","type":"page","link":"https:\/\/www.ufsm.br\/pro-reitorias\/pre\/observatorio-de-direitos-humanos\/adote-acao-politecnico","title":{"rendered":"Adote A\u00e7\u00e3o Polit\u00e9cnico"},"content":{"rendered":"<p style=\"text-align: justify;\"><span style=\"color: #000000;\">Tendo em vista que uma parcela significativa da popula\u00e7\u00e3o jovem da Regi\u00e3o Central do estado vive em condi\u00e7\u00f5es prec\u00e1rias, o que contribui para um aumento nos \u00edndices de desemprego, trabalho informal e marginalidade, e entendendo todos esses como fatores de risco, em decorr\u00eancia da fragilidade social e econ\u00f4mica na qual esses jovens se encontram, o projeto busca&nbsp;desenvolver a autonomia e incluir esses adolescentes em programas de qualifica\u00e7\u00e3o profissional, bem como sua inser\u00e7\u00e3o no mercado de trabalho.<\/span><\/p>\n<p style=\"text-align: justify;\"><span style=\"color: #000000;\">O objetivo do projeto \u00e9 formar uma a\u00e7\u00e3o permanente que possibilite a aprendizagem profissional para os jovens que estejam em acolhimento institucional na cidade de Santa Maria (RS) &#8211; futuramente estendendo o atendimento para as demais institui\u00e7\u00f5es da Regi\u00e3o Central do Estado. A atua\u00e7\u00e3o se d\u00e1 no sentido motivacional, buscando a continuidade dos estudos regulares ou programas de Educa\u00e7\u00e3o de Jovens e Adultos (EJA). O principal foco \u00e9 a inser\u00e7\u00e3o, ao final do per\u00edodo, no mercado de trabalho, para a obten\u00e7\u00e3o do sucesso profissional.<\/span><\/p>\n<p><span style=\"color: #000000;\">Considera-se a profissionaliza\u00e7\u00e3o e a prote\u00e7\u00e3o no trabalho um direito do adolescente e uma fase fundamental do seu processo educativo, regulamentado no art. 62 do Estatuto da Crian\u00e7a e do Adolescente (ECA). O projeto configura uma etapa de forma\u00e7\u00e3o de aprendizagem e profissionaliza\u00e7\u00e3o que oportunizar\u00e1 a esses adolescentes uma forma\u00e7\u00e3o empreendedora, bem como o ingresso em programas para jovens aprendizes e em cursos t\u00e9cnicos e de gradua\u00e7\u00e3o.<\/span><\/p>\n<p><span style=\"color: #000000;\">O projeto pretende estabelecer conv\u00eanios com institui\u00e7\u00f5es p\u00fablicas e privadas do munic\u00edpio de Santa Maria para a integra\u00e7\u00e3o desses jovens no mercado formal de trabalho, assegurando-lhes direitos trabalhistas e previdenci\u00e1rios.<\/span><\/p>\n<p><iframe src=\"https:\/\/www.youtube.com\/embed\/on5cwBptNr0\" width=\"560\" height=\"315\" frameborder=\"0\" allowfullscreen=\"allowfullscreen\"><\/iframe><\/p>\n","protected":false},"excerpt":{"rendered":"<p>Tendo em vista que uma parcela significativa da popula\u00e7\u00e3o jovem da Regi\u00e3o Central do estado vive em condi\u00e7\u00f5es prec\u00e1rias, o que contribui para um aumento nos \u00edndices de desemprego, trabalho informal e marginalidade, e entendendo todos esses como fatores de risco, em decorr\u00eancia da fragilidade social e econ\u00f4mica na qual esses jovens se encontram, o [&hellip;]<\/p>\n","protected":false},"author":25,"featured_media":0,"parent":0,"menu_order":46,"comment_status":"closed","ping_status":"closed","template":"","meta":{"footnotes":""},"categories":[],"tags":[],"class_list":["post-327","page","type-page","status-publish","hentry"],"acf":[],"_links":{"self":[{"href":"https:\/\/www.ufsm.br\/pro-reitorias\/pre\/observatorio-de-direitos-humanos\/wp-json\/wp\/v2\/pages\/327","targetHints":{"allow":["GET"]}}],"collection":[{"href":"https:\/\/www.ufsm.br\/pro-reitorias\/pre\/observatorio-de-direitos-humanos\/wp-json\/wp\/v2\/pages"}],"about":[{"href":"https:\/\/www.ufsm.br\/pro-reitorias\/pre\/observatorio-de-direitos-humanos\/wp-json\/wp\/v2\/types\/page"}],"author":[{"embeddable":true,"href":"https:\/\/www.ufsm.br\/pro-reitorias\/pre\/observatorio-de-direitos-humanos\/wp-json\/wp\/v2\/users\/25"}],"replies":[{"embeddable":true,"href":"https:\/\/www.ufsm.br\/pro-reitorias\/pre\/observatorio-de-direitos-humanos\/wp-json\/wp\/v2\/comments?post=327"}],"version-history":[{"count":0,"href":"https:\/\/www.ufsm.br\/pro-reitorias\/pre\/observatorio-de-direitos-humanos\/wp-json\/wp\/v2\/pages\/327\/revisions"}],"wp:attachment":[{"href":"https:\/\/www.ufsm.br\/pro-reitorias\/pre\/observatorio-de-direitos-humanos\/wp-json\/wp\/v2\/media?parent=327"}],"wp:term":[{"taxonomy":"category","embeddable":true,"href":"https:\/\/www.ufsm.br\/pro-reitorias\/pre\/observatorio-de-direitos-humanos\/wp-json\/wp\/v2\/categories?post=327"},{"taxonomy":"post_tag","embeddable":true,"href":"https:\/\/www.ufsm.br\/pro-reitorias\/pre\/observatorio-de-direitos-humanos\/wp-json\/wp\/v2\/tags?post=327"}],"curies":[{"name":"wp","href":"https:\/\/api.w.org\/{rel}","templated":true}]}}