{"id":340,"date":"2018-07-03T13:49:39","date_gmt":"2018-07-03T16:49:39","guid":{"rendered":"https:\/\/www.ufsm.br\/pro-reitorias\/pre\/observatorio-de-direitos-humanos\/coletivo-amarracoes\/"},"modified":"2018-07-03T13:49:39","modified_gmt":"2018-07-03T16:49:39","slug":"coletivo-amarracoes","status":"publish","type":"page","link":"https:\/\/www.ufsm.br\/pro-reitorias\/pre\/observatorio-de-direitos-humanos\/coletivo-amarracoes","title":{"rendered":"Coletivo Amarra\u00e7\u00f5es"},"content":{"rendered":"<p style=\"text-align: justify;\"><span style=\"color: #000000;\">O Coletivo Amarra\u00e7\u00f5es existe desde 2017. O grupo \u00e9 constitu\u00eddo por pesquisadores docentes de diferentes universidades brasileiras, da Col\u00f4mbia, da Argentina e da Fran\u00e7a, cujas pesquisas e estudos tem como tema as articula\u00e7\u00f5es da psican\u00e1lise com as pol\u00edticas referentes \u00e0 jovens em situa\u00e7\u00e3o de vulnerabilidade social.<\/span><\/p>\n<p style=\"text-align: justify;\"><span style=\"color: #000000;\">O objetivo do grupo \u00e9 disseminar novas perspectivas discursivas sobre o valor da vida juvenil e promover rotas alternativas \u00e0 viol\u00eancia urbana, \u00e0 criminalidade e \u00e0 mortalidade dos jovens.<\/span><\/p>\n<p style=\"text-align: justify;\"><span style=\"color: #000000;\">O Coletivo trabalha em rede nacional e internacional, atrav\u00e9s de a\u00e7\u00f5es acad\u00eamicas e comunit\u00e1rias a fim de dialogar com os executores das pol\u00edticas p\u00fablicas dirigidas \u00e0 juventude.<\/span><\/p>\n<p><a href=\"https:\/\/www.ufsm.br\/pro-reitorias\/pre\/observatorio-de-direitos-humanos\/wp-content\/uploads\/sites\/414\/2018\/07\/MANIFESTO-REDE-INTERNACIONAL-COLETIVO-AMARRAES.pdf\">MANIFESTO DA REDE INTERNACIONAL COLETIVO AMARRA\u00c7\u00d5ES<\/a><\/p>\n","protected":false},"excerpt":{"rendered":"<p>O Coletivo Amarra\u00e7\u00f5es existe desde 2017. O grupo \u00e9 constitu\u00eddo por pesquisadores docentes de diferentes universidades brasileiras, da Col\u00f4mbia, da Argentina e da Fran\u00e7a, cujas pesquisas e estudos tem como tema as articula\u00e7\u00f5es da psican\u00e1lise com as pol\u00edticas referentes \u00e0 jovens em situa\u00e7\u00e3o de vulnerabilidade social. O objetivo do grupo \u00e9 disseminar novas perspectivas discursivas [&hellip;]<\/p>\n","protected":false},"author":25,"featured_media":0,"parent":0,"menu_order":52,"comment_status":"closed","ping_status":"closed","template":"","meta":{"footnotes":""},"categories":[],"tags":[],"class_list":["post-340","page","type-page","status-publish","hentry"],"acf":[],"_links":{"self":[{"href":"https:\/\/www.ufsm.br\/pro-reitorias\/pre\/observatorio-de-direitos-humanos\/wp-json\/wp\/v2\/pages\/340","targetHints":{"allow":["GET"]}}],"collection":[{"href":"https:\/\/www.ufsm.br\/pro-reitorias\/pre\/observatorio-de-direitos-humanos\/wp-json\/wp\/v2\/pages"}],"about":[{"href":"https:\/\/www.ufsm.br\/pro-reitorias\/pre\/observatorio-de-direitos-humanos\/wp-json\/wp\/v2\/types\/page"}],"author":[{"embeddable":true,"href":"https:\/\/www.ufsm.br\/pro-reitorias\/pre\/observatorio-de-direitos-humanos\/wp-json\/wp\/v2\/users\/25"}],"replies":[{"embeddable":true,"href":"https:\/\/www.ufsm.br\/pro-reitorias\/pre\/observatorio-de-direitos-humanos\/wp-json\/wp\/v2\/comments?post=340"}],"version-history":[{"count":0,"href":"https:\/\/www.ufsm.br\/pro-reitorias\/pre\/observatorio-de-direitos-humanos\/wp-json\/wp\/v2\/pages\/340\/revisions"}],"wp:attachment":[{"href":"https:\/\/www.ufsm.br\/pro-reitorias\/pre\/observatorio-de-direitos-humanos\/wp-json\/wp\/v2\/media?parent=340"}],"wp:term":[{"taxonomy":"category","embeddable":true,"href":"https:\/\/www.ufsm.br\/pro-reitorias\/pre\/observatorio-de-direitos-humanos\/wp-json\/wp\/v2\/categories?post=340"},{"taxonomy":"post_tag","embeddable":true,"href":"https:\/\/www.ufsm.br\/pro-reitorias\/pre\/observatorio-de-direitos-humanos\/wp-json\/wp\/v2\/tags?post=340"}],"curies":[{"name":"wp","href":"https:\/\/api.w.org\/{rel}","templated":true}]}}