{"id":348,"date":"2018-07-17T18:12:23","date_gmt":"2018-07-17T21:12:23","guid":{"rendered":"https:\/\/www.ufsm.br\/pro-reitorias\/pre\/observatorio-de-direitos-humanos\/pacto-universitario-de-educacao-em-direitos-humanos\/"},"modified":"2019-01-15T09:20:19","modified_gmt":"2019-01-15T11:20:19","slug":"pacto-universitario-de-educacao-em-direitos-humanos","status":"publish","type":"page","link":"https:\/\/www.ufsm.br\/pro-reitorias\/pre\/observatorio-de-direitos-humanos\/pacto-universitario-de-educacao-em-direitos-humanos","title":{"rendered":"Pacto Universit\u00e1rio de Educa\u00e7\u00e3o em Direitos Humanos"},"content":{"rendered":"\t\t<div data-elementor-type=\"wp-post\" data-elementor-id=\"348\" class=\"elementor elementor-348 elementor-bc-flex-widget\">\n\t\t\t\t\t\t<section class=\"elementor-section elementor-top-section elementor-element elementor-element-73133959 elementor-section-boxed elementor-section-height-default elementor-section-height-default\" data-id=\"73133959\" data-element_type=\"section\">\n\t\t\t\t\t\t<div class=\"elementor-container elementor-column-gap-default\">\n\t\t\t\t\t<div class=\"elementor-column elementor-col-100 elementor-top-column elementor-element elementor-element-466d7169\" data-id=\"466d7169\" data-element_type=\"column\">\n\t\t\t<div class=\"elementor-widget-wrap elementor-element-populated\">\n\t\t\t\t\t\t<div class=\"elementor-element elementor-element-5b9555fe elementor-widget elementor-widget-text-editor\" data-id=\"5b9555fe\" data-element_type=\"widget\" data-widget_type=\"text-editor.default\">\n\t\t\t\t<div class=\"elementor-widget-container\">\n\t\t\t\t\t\t\t<p style=\"text-align: justify;\"><span style=\"color: #000000; font-size: 10pt;\">O Pacto Universit\u00e1rio de Educa\u00e7\u00e3o em Direitos Humanos \u00e9 uma iniciativa criada pelo Minist\u00e9rio de Educa\u00e7\u00e3o em conjunto com o Minist\u00e9rio de Justi\u00e7a e Cidadania, buscando promover a educa\u00e7\u00e3o em direitos humanos no ensino superior.<\/span><\/p><p style=\"text-align: justify;\"><span style=\"color: #000000; font-size: 10pt;\">A iniciativa se faz muito importante na era em que vivemos, onde situa\u00e7\u00f5es de intoler\u00e2ncia, discrimina\u00e7\u00e3o e preconceito vem se tornando cada vez mais freq\u00fcentes, e o conservadorismo vem ganhando for\u00e7a.<\/span><\/p><p style=\"text-align: justify;\"><span style=\"color: #000000; font-size: 10pt;\">O MEC e o MJ entendem que nesse contexto, \u00e9 necess\u00e1rio que as universidades assumam o dever de educar a todos sobre direitos humanos e o dever que os cidad\u00e3os t\u00eam de respeitar as diferen\u00e7as e saber conviver em uma sociedade plural. Por isso, \u00e9 fundamental que os educandos recebam uma forma\u00e7\u00e3o que enfatize o respeito \u00e0 diversidade.<\/span><\/p><p style=\"text-align: justify;\"><span style=\"color: #000000; font-size: 10pt;\">As universidades que aderem ao programa devem realizar atividades em um ou mais eixos de atua\u00e7\u00e3o e linhas de a\u00e7\u00e3o priorit\u00e1rias previstas pelo Pacto. Algumas dessas atividades incluem a realiza\u00e7\u00e3o de oficinas, semin\u00e1rios e congressos voltados \u00e0 Educa\u00e7\u00e3o em Direitos Humanos, inclus\u00e3o e\/ou fortalecimento da tem\u00e1tica de Direitos Humanos e\/ou Educa\u00e7\u00e3o em Direitos Humanos em documentos institucionais e acad\u00eamicos, incentivo e apoio a publica\u00e7\u00f5es sobre a tem\u00e1tica de Direitos Humanos, bem como implementa\u00e7\u00e3o de projetos de extens\u00e3o sobre a tem\u00e1tica Direitos Humanos e estabelecimento de canais institucionais voltados ao recebimento, apura\u00e7\u00e3o, acompanhamento e encaminhamento de den\u00fancias e reclama\u00e7\u00f5es de viola\u00e7\u00e3o de Direitos Humanos. Os dois \u00faltimos j\u00e1 s\u00e3o realizados pela UFSM, o primeiro sendo o Observat\u00f3rio de Direitos Humanos e o segundo sendo a Ouvidoria.<\/span><\/p><p><span style=\"font-size: 10pt;\"><strong><a href=\"https:\/\/www.ufsm.br\/pro-reitorias\/pre\/observatorio-de-direitos-humanos\/pacto-universitario_relatorio-sintetico-de-iniciativas-de-edh-e-diversidade_dezembro2018\/\" rel=\"attachment wp-att-664\">AQUI<\/a><\/strong>\u00a0voc\u00ea pode conferir o relat\u00f3rio sint\u00e9tico de iniciativas de Educa\u00e7\u00e3o em Direitos Humanos e Diversidade.<\/span><\/p>\t\t\t\t\t\t<\/div>\n\t\t\t\t<\/div>\n\t\t\t\t\t<\/div>\n\t\t<\/div>\n\t\t\t\t\t<\/div>\n\t\t<\/section>\n\t\t\t\t<\/div>\n\t\t","protected":false},"excerpt":{"rendered":"<p>O Pacto Universit\u00e1rio de Educa\u00e7\u00e3o em Direitos Humanos \u00e9 uma iniciativa criada pelo Minist\u00e9rio de Educa\u00e7\u00e3o em conjunto com o Minist\u00e9rio de Justi\u00e7a e Cidadania, buscando promover a educa\u00e7\u00e3o em direitos humanos no ensino superior. A iniciativa se faz muito importante na era em que vivemos, onde situa\u00e7\u00f5es de intoler\u00e2ncia, discrimina\u00e7\u00e3o e preconceito vem se [&hellip;]<\/p>\n","protected":false},"author":25,"featured_media":0,"parent":0,"menu_order":56,"comment_status":"closed","ping_status":"closed","template":"","meta":{"footnotes":""},"categories":[],"tags":[],"class_list":["post-348","page","type-page","status-publish","hentry"],"acf":[],"_links":{"self":[{"href":"https:\/\/www.ufsm.br\/pro-reitorias\/pre\/observatorio-de-direitos-humanos\/wp-json\/wp\/v2\/pages\/348","targetHints":{"allow":["GET"]}}],"collection":[{"href":"https:\/\/www.ufsm.br\/pro-reitorias\/pre\/observatorio-de-direitos-humanos\/wp-json\/wp\/v2\/pages"}],"about":[{"href":"https:\/\/www.ufsm.br\/pro-reitorias\/pre\/observatorio-de-direitos-humanos\/wp-json\/wp\/v2\/types\/page"}],"author":[{"embeddable":true,"href":"https:\/\/www.ufsm.br\/pro-reitorias\/pre\/observatorio-de-direitos-humanos\/wp-json\/wp\/v2\/users\/25"}],"replies":[{"embeddable":true,"href":"https:\/\/www.ufsm.br\/pro-reitorias\/pre\/observatorio-de-direitos-humanos\/wp-json\/wp\/v2\/comments?post=348"}],"version-history":[{"count":0,"href":"https:\/\/www.ufsm.br\/pro-reitorias\/pre\/observatorio-de-direitos-humanos\/wp-json\/wp\/v2\/pages\/348\/revisions"}],"wp:attachment":[{"href":"https:\/\/www.ufsm.br\/pro-reitorias\/pre\/observatorio-de-direitos-humanos\/wp-json\/wp\/v2\/media?parent=348"}],"wp:term":[{"taxonomy":"category","embeddable":true,"href":"https:\/\/www.ufsm.br\/pro-reitorias\/pre\/observatorio-de-direitos-humanos\/wp-json\/wp\/v2\/categories?post=348"},{"taxonomy":"post_tag","embeddable":true,"href":"https:\/\/www.ufsm.br\/pro-reitorias\/pre\/observatorio-de-direitos-humanos\/wp-json\/wp\/v2\/tags?post=348"}],"curies":[{"name":"wp","href":"https:\/\/api.w.org\/{rel}","templated":true}]}}