{"id":360,"date":"2018-08-28T16:46:26","date_gmt":"2018-08-28T19:46:26","guid":{"rendered":"https:\/\/www.ufsm.br\/pro-reitorias\/pre\/observatorio-de-direitos-humanos\/protagonismo-negro\/"},"modified":"2019-01-30T22:02:33","modified_gmt":"2019-01-31T00:02:33","slug":"protagonismo-negro","status":"publish","type":"page","link":"https:\/\/www.ufsm.br\/pro-reitorias\/pre\/observatorio-de-direitos-humanos\/protagonismo-negro","title":{"rendered":"Protagonismo Negro"},"content":{"rendered":"\t\t<div data-elementor-type=\"wp-post\" data-elementor-id=\"360\" class=\"elementor elementor-360 elementor-bc-flex-widget\">\n\t\t\t\t\t\t<section class=\"elementor-section elementor-top-section elementor-element elementor-element-6b14a818 elementor-section-boxed elementor-section-height-default elementor-section-height-default\" data-id=\"6b14a818\" data-element_type=\"section\">\n\t\t\t\t\t\t<div class=\"elementor-container elementor-column-gap-default\">\n\t\t\t\t\t<div class=\"elementor-column elementor-col-100 elementor-top-column elementor-element elementor-element-118bbc44\" data-id=\"118bbc44\" data-element_type=\"column\">\n\t\t\t<div class=\"elementor-widget-wrap elementor-element-populated\">\n\t\t\t\t\t\t<div class=\"elementor-element elementor-element-7746f876 elementor-widget elementor-widget-text-editor\" data-id=\"7746f876\" data-element_type=\"widget\" data-widget_type=\"text-editor.default\">\n\t\t\t\t<div class=\"elementor-widget-container\">\n\t\t\t\t\t\t\t<p><img fetchpriority=\"high\" decoding=\"async\" class=\" size-full wp-image-359\" src=\"https:\/\/www.ufsm.br\/pro-reitorias\/pre\/observatorio-de-direitos-humanos\/wp-content\/uploads\/sites\/414\/2018\/08\/12823289_1787528434804216_3990215059928189190_o-1.jpg\" alt=\"12823289 1787528434804216 3990215059928189190 o\" width=\"981\" height=\"362\" srcset=\"https:\/\/www.ufsm.br\/app\/uploads\/sites\/414\/2018\/08\/12823289_1787528434804216_3990215059928189190_o-1.jpg 981w, https:\/\/www.ufsm.br\/app\/uploads\/sites\/414\/2018\/08\/12823289_1787528434804216_3990215059928189190_o-1-300x111.jpg 300w, https:\/\/www.ufsm.br\/app\/uploads\/sites\/414\/2018\/08\/12823289_1787528434804216_3990215059928189190_o-1-768x283.jpg 768w\" sizes=\"(max-width: 981px) 100vw, 981px\" \/><\/p><p style=\"text-align: justify;\"><span style=\"color: #000000; font-size: 10pt; font-family: helvetica;\">O Protagonismo Negro \u00e9 um programa de debate que prop\u00f5e discutir quest\u00f5es referentes \u00e0 popula\u00e7\u00e3o negra, procurando desenvolver conte\u00fado sobre esse grupo social nos diferentes \u00e2mbitos da sociedade, das mais variadas problem\u00e1ticas sociais e suas intersec\u00e7\u00f5es, como as quest\u00f5es de sa\u00fade at\u00e9 as representa\u00e7\u00f5es destes indiv\u00edduos criadas pela m\u00eddia.<\/span><\/p><p style=\"text-align: justify;\"><span style=\"color: #000000; font-size: 10pt; font-family: helvetica;\">O programa j\u00e1 vem sendo executado desde setembro de 2015, na R\u00e1dio Universidade 800AM e agora tamb\u00e9m pela UNIFM107.9, o objetivo agora \u00e9, a partir de sua institucionaliza\u00e7\u00e3o, expandi-lo \u00e0 comunidade acad\u00eamica, principalmente aos estudantes negrxs, al\u00e9m de realizar atividades \u00e0 comunidade santa-mariense.<\/span><\/p><p><span style=\"font-family: helvetica; font-size: 10pt; color: #000000;\">Integrantes:<\/span><\/p><p><span style=\"font-family: helvetica; font-size: 10pt; color: #000000;\">Andressa Mour\u00e3o Duarte<\/span><br \/><span style=\"font-family: helvetica; font-size: 10pt; color: #000000;\">Leandra da Silva Cunha<\/span><br \/><span style=\"font-family: helvetica; font-size: 10pt; color: #000000;\">Alisson Batista Barbosa<\/span><br \/><span style=\"font-family: helvetica; font-size: 10pt; color: #000000;\">Sthefanny Saldanha de Oliveira<\/span><br \/><span style=\"font-family: helvetica; font-size: 10pt; color: #000000;\">Jenifer agarriberri Gosm\u00e3o (Lenora Consales)<\/span><\/p><p><span style=\"font-family: helvetica; font-size: 10pt; color: #000000;\">Alessandra Alfaro Bastos (cordenadora)<\/span><br \/><span style=\"font-family: helvetica; font-size: 10pt; color: #000000;\">Victor de Carli Lopes (co-coordenador)<\/span><\/p>\t\t\t\t\t\t<\/div>\n\t\t\t\t<\/div>\n\t\t\t\t\t<\/div>\n\t\t<\/div>\n\t\t\t\t\t<\/div>\n\t\t<\/section>\n\t\t\t\t<section class=\"elementor-section elementor-top-section elementor-element elementor-element-7c5d73c elementor-section-boxed elementor-section-height-default elementor-section-height-default\" data-id=\"7c5d73c\" data-element_type=\"section\">\n\t\t\t\t\t\t<div class=\"elementor-container elementor-column-gap-default\">\n\t\t\t\t\t<div class=\"elementor-column elementor-col-100 elementor-top-column elementor-element elementor-element-0fa75fa\" data-id=\"0fa75fa\" data-element_type=\"column\">\n\t\t\t<div class=\"elementor-widget-wrap elementor-element-populated\">\n\t\t\t\t\t\t<div class=\"elementor-element elementor-element-eb72f62 elementor-widget elementor-widget-heading\" data-id=\"eb72f62\" data-element_type=\"widget\" data-widget_type=\"heading.default\">\n\t\t\t\t<div class=\"elementor-widget-container\">\n\t\t\t<h5 class=\"elementor-heading-title elementor-size-small\">Produ\u00e7\u00f5es Textuais<\/h5>\t\t<\/div>\n\t\t\t\t<\/div>\n\t\t\t\t<div class=\"elementor-element elementor-element-868ecde elementor-widget elementor-widget-toggle\" data-id=\"868ecde\" data-element_type=\"widget\" data-widget_type=\"toggle.default\">\n\t\t\t\t<div class=\"elementor-widget-container\">\n\t\t\t\t\t<div class=\"elementor-toggle\">\n\t\t\t\t\t\t\t<div class=\"elementor-toggle-item\">\n\t\t\t\t\t<div id=\"elementor-tab-title-1411\" class=\"elementor-tab-title\" data-tab=\"1\" role=\"button\" aria-controls=\"elementor-tab-content-1411\" aria-expanded=\"false\">\n\t\t\t\t\t\t\t\t\t\t\t\t<span class=\"elementor-toggle-icon elementor-toggle-icon-left\" aria-hidden=\"true\">\n\t\t\t\t\t\t\t\t\t\t\t\t\t\t\t<span class=\"elementor-toggle-icon-closed\"><i class=\"fas fa-caret-right\"><\/i><\/span>\n\t\t\t\t\t\t\t\t<span class=\"elementor-toggle-icon-opened\"><i class=\"elementor-toggle-icon-opened fas fa-caret-up\"><\/i><\/span>\n\t\t\t\t\t\t\t\t\t\t\t\t\t<\/span>\n\t\t\t\t\t\t\t\t\t\t\t\t<a class=\"elementor-toggle-title\" tabindex=\"0\">2018<\/a>\n\t\t\t\t\t<\/div>\n\n\t\t\t\t\t<div id=\"elementor-tab-content-1411\" class=\"elementor-tab-content elementor-clearfix\" data-tab=\"1\" role=\"region\" aria-labelledby=\"elementor-tab-title-1411\"><p><blockquote class=\"wp-embedded-content\" data-secret=\"A7yodcZBHb\"><a href=\"https:\/\/www.ufsm.br\/pro-reitorias\/pre\/observatorio-de-direitos-humanos\/o-fracasso-institucional\">O Fracasso Institucional<\/a><\/blockquote><iframe class=\"wp-embedded-content\" sandbox=\"allow-scripts\" security=\"restricted\" style=\"position: absolute; clip: rect(1px, 1px, 1px, 1px);\" title=\"&#8220;O Fracasso Institucional&#8221; &#8212; Observat\u00f3rio de Direitos Humanos\" src=\"https:\/\/www.ufsm.br\/pro-reitorias\/pre\/observatorio-de-direitos-humanos\/o-fracasso-institucional\/embed#?secret=Pz5Co1q98b#?secret=A7yodcZBHb\" data-secret=\"A7yodcZBHb\" width=\"500\" height=\"282\" frameborder=\"0\" marginwidth=\"0\" marginheight=\"0\" scrolling=\"no\"><\/iframe><\/p><p><blockquote class=\"wp-embedded-content\" data-secret=\"CKGed1EUuN\"><a href=\"https:\/\/www.ufsm.br\/pro-reitorias\/pre\/observatorio-de-direitos-humanos\/voce-ja-ouviu-falar-sobre-desgaste-academico\">Voc\u00ea j\u00e1 ouviu falar sobre desgaste acad\u00eamico?<\/a><\/blockquote><iframe class=\"wp-embedded-content\" sandbox=\"allow-scripts\" security=\"restricted\" style=\"position: absolute; clip: rect(1px, 1px, 1px, 1px);\" title=\"&#8220;Voc\u00ea j\u00e1 ouviu falar sobre desgaste acad\u00eamico?&#8221; &#8212; Observat\u00f3rio de Direitos Humanos\" src=\"https:\/\/www.ufsm.br\/pro-reitorias\/pre\/observatorio-de-direitos-humanos\/voce-ja-ouviu-falar-sobre-desgaste-academico\/embed#?secret=XxDnVO0GJW#?secret=CKGed1EUuN\" data-secret=\"CKGed1EUuN\" width=\"500\" height=\"282\" frameborder=\"0\" marginwidth=\"0\" marginheight=\"0\" scrolling=\"no\"><\/iframe><\/p><p><blockquote class=\"wp-embedded-content\" data-secret=\"jASXEUG2Jz\"><a href=\"https:\/\/www.ufsm.br\/pro-reitorias\/pre\/observatorio-de-direitos-humanos\/sempre-e-tempo-de-falar-sobre-os-lanceiros-negros-e-a-traicao-de-porongos\">Sempre \u00e9 tempo de falar sobre os Lanceiros Negros e a Trai\u00e7\u00e3o de Porongos<\/a><\/blockquote><iframe class=\"wp-embedded-content\" sandbox=\"allow-scripts\" security=\"restricted\" style=\"position: absolute; clip: rect(1px, 1px, 1px, 1px);\" title=\"&#8220;Sempre \u00e9 tempo de falar sobre os Lanceiros Negros e a Trai\u00e7\u00e3o de Porongos&#8221; &#8212; Observat\u00f3rio de Direitos Humanos\" src=\"https:\/\/www.ufsm.br\/pro-reitorias\/pre\/observatorio-de-direitos-humanos\/sempre-e-tempo-de-falar-sobre-os-lanceiros-negros-e-a-traicao-de-porongos\/embed#?secret=9AxAxknJsl#?secret=jASXEUG2Jz\" data-secret=\"jASXEUG2Jz\" width=\"500\" height=\"282\" frameborder=\"0\" marginwidth=\"0\" marginheight=\"0\" scrolling=\"no\"><\/iframe><\/p><\/div>\n\t\t\t\t<\/div>\n\t\t\t\t\t\t\t<div class=\"elementor-toggle-item\">\n\t\t\t\t\t<div id=\"elementor-tab-title-1412\" class=\"elementor-tab-title\" data-tab=\"2\" role=\"button\" aria-controls=\"elementor-tab-content-1412\" aria-expanded=\"false\">\n\t\t\t\t\t\t\t\t\t\t\t\t<span class=\"elementor-toggle-icon elementor-toggle-icon-left\" aria-hidden=\"true\">\n\t\t\t\t\t\t\t\t\t\t\t\t\t\t\t<span class=\"elementor-toggle-icon-closed\"><i class=\"fas fa-caret-right\"><\/i><\/span>\n\t\t\t\t\t\t\t\t<span class=\"elementor-toggle-icon-opened\"><i class=\"elementor-toggle-icon-opened fas fa-caret-up\"><\/i><\/span>\n\t\t\t\t\t\t\t\t\t\t\t\t\t<\/span>\n\t\t\t\t\t\t\t\t\t\t\t\t<a class=\"elementor-toggle-title\" tabindex=\"0\">2019<\/a>\n\t\t\t\t\t<\/div>\n\n\t\t\t\t\t<div id=\"elementor-tab-content-1412\" class=\"elementor-tab-content elementor-clearfix\" data-tab=\"2\" role=\"region\" aria-labelledby=\"elementor-tab-title-1412\"><p><blockquote class=\"wp-embedded-content\" data-secret=\"IyXbg3c5pH\"><a href=\"https:\/\/www.ufsm.br\/pro-reitorias\/pre\/observatorio-de-direitos-humanos\/nosso-genocidio-diario\">Nosso Genoc\u00eddio Di\u00e1rio<\/a><\/blockquote><iframe class=\"wp-embedded-content\" sandbox=\"allow-scripts\" security=\"restricted\" style=\"position: absolute; clip: rect(1px, 1px, 1px, 1px);\" title=\"&#8220;Nosso Genoc\u00eddio Di\u00e1rio&#8221; &#8212; Observat\u00f3rio de Direitos Humanos\" src=\"https:\/\/www.ufsm.br\/pro-reitorias\/pre\/observatorio-de-direitos-humanos\/nosso-genocidio-diario\/embed#?secret=i6j4UTv2cy#?secret=IyXbg3c5pH\" data-secret=\"IyXbg3c5pH\" width=\"500\" height=\"282\" frameborder=\"0\" marginwidth=\"0\" marginheight=\"0\" scrolling=\"no\"><\/iframe><\/p><\/div>\n\t\t\t\t<\/div>\n\t\t\t\t\t\t\t\t<\/div>\n\t\t\t\t<\/div>\n\t\t\t\t<\/div>\n\t\t\t\t\t<\/div>\n\t\t<\/div>\n\t\t\t\t\t<\/div>\n\t\t<\/section>\n\t\t\t\t<\/div>\n\t\t","protected":false},"excerpt":{"rendered":"<p>O Protagonismo Negro \u00e9 um programa de debate que prop\u00f5e discutir quest\u00f5es referentes \u00e0 popula\u00e7\u00e3o negra, procurando desenvolver conte\u00fado sobre esse grupo social nos diferentes \u00e2mbitos da sociedade, das mais variadas problem\u00e1ticas sociais e suas intersec\u00e7\u00f5es, como as quest\u00f5es de sa\u00fade at\u00e9 as representa\u00e7\u00f5es destes indiv\u00edduos criadas pela m\u00eddia. O programa j\u00e1 vem sendo executado [&hellip;]<\/p>\n","protected":false},"author":25,"featured_media":358,"parent":0,"menu_order":58,"comment_status":"closed","ping_status":"closed","template":"","meta":{"footnotes":""},"categories":[],"tags":[],"class_list":["post-360","page","type-page","status-publish","has-post-thumbnail","hentry"],"acf":[],"_links":{"self":[{"href":"https:\/\/www.ufsm.br\/pro-reitorias\/pre\/observatorio-de-direitos-humanos\/wp-json\/wp\/v2\/pages\/360","targetHints":{"allow":["GET"]}}],"collection":[{"href":"https:\/\/www.ufsm.br\/pro-reitorias\/pre\/observatorio-de-direitos-humanos\/wp-json\/wp\/v2\/pages"}],"about":[{"href":"https:\/\/www.ufsm.br\/pro-reitorias\/pre\/observatorio-de-direitos-humanos\/wp-json\/wp\/v2\/types\/page"}],"author":[{"embeddable":true,"href":"https:\/\/www.ufsm.br\/pro-reitorias\/pre\/observatorio-de-direitos-humanos\/wp-json\/wp\/v2\/users\/25"}],"replies":[{"embeddable":true,"href":"https:\/\/www.ufsm.br\/pro-reitorias\/pre\/observatorio-de-direitos-humanos\/wp-json\/wp\/v2\/comments?post=360"}],"version-history":[{"count":0,"href":"https:\/\/www.ufsm.br\/pro-reitorias\/pre\/observatorio-de-direitos-humanos\/wp-json\/wp\/v2\/pages\/360\/revisions"}],"wp:featuredmedia":[{"embeddable":true,"href":"https:\/\/www.ufsm.br\/pro-reitorias\/pre\/observatorio-de-direitos-humanos\/wp-json\/wp\/v2\/media\/358"}],"wp:attachment":[{"href":"https:\/\/www.ufsm.br\/pro-reitorias\/pre\/observatorio-de-direitos-humanos\/wp-json\/wp\/v2\/media?parent=360"}],"wp:term":[{"taxonomy":"category","embeddable":true,"href":"https:\/\/www.ufsm.br\/pro-reitorias\/pre\/observatorio-de-direitos-humanos\/wp-json\/wp\/v2\/categories?post=360"},{"taxonomy":"post_tag","embeddable":true,"href":"https:\/\/www.ufsm.br\/pro-reitorias\/pre\/observatorio-de-direitos-humanos\/wp-json\/wp\/v2\/tags?post=360"}],"curies":[{"name":"wp","href":"https:\/\/api.w.org\/{rel}","templated":true}]}}