{"id":460,"date":"2018-10-17T18:31:56","date_gmt":"2018-10-17T21:31:56","guid":{"rendered":"https:\/\/www.ufsm.br\/pro-reitorias\/pre\/observatorio-de-direitos-humanos\/?page_id=460"},"modified":"2023-10-04T16:38:25","modified_gmt":"2023-10-04T19:38:25","slug":"documentacao-historica","status":"publish","type":"page","link":"https:\/\/www.ufsm.br\/pro-reitorias\/pre\/observatorio-de-direitos-humanos\/documentacao-historica","title":{"rendered":"Documenta\u00e7\u00e3o Hist\u00f3rica"},"content":{"rendered":"\t\t<div data-elementor-type=\"wp-page\" data-elementor-id=\"460\" class=\"elementor elementor-460\">\n\t\t\t\t\t\t<section class=\"elementor-section elementor-top-section elementor-element elementor-element-1b4a200e elementor-section-boxed elementor-section-height-default elementor-section-height-default\" data-id=\"1b4a200e\" data-element_type=\"section\">\n\t\t\t\t\t\t<div class=\"elementor-container elementor-column-gap-default\">\n\t\t\t\t\t<div class=\"elementor-column elementor-col-100 elementor-top-column elementor-element elementor-element-4150e344\" data-id=\"4150e344\" data-element_type=\"column\">\n\t\t\t<div class=\"elementor-widget-wrap elementor-element-populated\">\n\t\t\t\t\t\t<div class=\"elementor-element elementor-element-4eb59f14 elementor-widget elementor-widget-text-editor\" data-id=\"4eb59f14\" data-element_type=\"widget\" data-widget_type=\"text-editor.default\">\n\t\t\t\t<div class=\"elementor-widget-container\">\n\t\t\t\t\t\t\t<p><b>Documentos hist\u00f3ricos que representam a consagra\u00e7\u00e3o dos direitos humanos em n\u00edvel internacional e nacional:<\/b><\/p>\n<p><a href=\"http:\/\/corvobranco.tripod.com\/dwnl\/magna_carta.pdf\" target=\"_blank\" rel=\"noopener\">1215 &#8211; Magna Carta<\/a><\/p>\n<p><a href=\"http:\/\/www.direitoshumanos.usp.br\/index.php\/Documentos-anteriores-%C3%A0-cria%C3%A7%C3%A3o-da-Sociedade-das-Na%C3%A7%C3%B5es-at%C3%A9-1919\/a-declaracao-inglesa-de-direitos-1689.html\" target=\"_blank\" rel=\"noopener\">1689 &#8211; Declara\u00e7\u00e3o dos Direitos<\/a><\/p>\n<p><a href=\"https:\/\/www.ufsm.br\/pro-reitorias\/pre\/observatorio-de-direitos-humanos\/wp-content\/uploads\/sites\/414\/2018\/10\/1789.pdf\" target=\"_blank\" rel=\"noopener\">1789 &#8211; Declara\u00e7\u00e3o dos direitos do homem e do cidad\u00e3o<\/a><\/p>\n<p><a href=\"https:\/\/www.ufsm.br\/pro-reitorias\/pre\/observatorio-de-direitos-humanos\/wp-content\/uploads\/sites\/414\/2018\/10\/DeclaraDirMulherCidada1791RecDidaPESSOALJNETO.pdf\" target=\"_blank\" rel=\"noopener\">1791 &#8211; Declara\u00e7\u00e3o dos direitos da mulher e da cidad\u00e3<\/a><\/p>\n<p><a href=\"https:\/\/www.ufsm.br\/pro-reitorias\/pre\/observatorio-de-direitos-humanos\/wp-content\/uploads\/sites\/414\/2018\/10\/1948-Declara\u00e7\u00e3oUniversaldosDireitoHumanos-.pdf\" target=\"_blank\" rel=\"noopener\">1948 &#8211; Declara\u00e7\u00e3o Universal dos Direitos Humanos<\/a><\/p>\n<p><a href=\"https:\/\/www.ufsm.br\/pro-reitorias\/pre\/observatorio-de-direitos-humanos\/wp-content\/uploads\/sites\/414\/2018\/10\/declaracao_universal_direitos_crianca.pdf\" target=\"_blank\" rel=\"noopener\">1959 &#8211; Declara\u00e7\u00e3o Universal dos Direitos das Crian\u00e7as<\/a><\/p>\n<p><a href=\"https:\/\/www.ufsm.br\/pro-reitorias\/pre\/observatorio-de-direitos-humanos\/wp-content\/uploads\/sites\/414\/2018\/10\/1988-Constiitui\u00e7\u00e3oFederal.pdf\" target=\"_blank\" rel=\"noopener\">1988 &#8211; Constitui\u00e7\u00e3o Federal<\/a><\/p>\n<p><a href=\"https:\/\/www.ufsm.br\/pro-reitorias\/pre\/observatorio-de-direitos-humanos\/wp-content\/uploads\/sites\/414\/2018\/10\/1996-ProgramaNacionaldeDireitosHumanos.pdf\" target=\"_blank\" rel=\"noopener\">1996 &#8211; Programa Nacional de Direitos Humanos<\/a><\/p><p><br><\/p>\n<p><b>Legisla\u00e7\u00f5es Nacionais<\/b><\/p>\n<p><\/p>\n<p><a href=\"http:\/\/www.planalto.gov.br\/ccivil_03\/leis\/L6683.htm\">ANISTIA<\/a><\/p>\n<p><a style=\"color: #204c90;font-size: 16px\" href=\"http:\/\/www.planalto.gov.br\/ccivil_03\/leis\/L7853.htm\" target=\"_blank\" rel=\"noopener\">Apoio \u00e0s pessoas portadoras de defici\u00eancia<\/a><\/p>\n<p><a style=\"color: #204c90;font-size: 16px\" href=\"http:\/\/www.planalto.gov.br\/ccivil_03\/leis\/L7716.htm\" target=\"_blank\" rel=\"noopener\">Crimes resultantes de preconceito de ra\u00e7a e cor<\/a><\/p>\n<p style=\"color: #1c1c1c;font-size: 16px\"><span style=\"color: #204c90\"><a href=\"http:\/\/www.planalto.gov.br\/ccivil_03\/dnn\/2003\/Dnn9943.htm\">Erradica\u00e7\u00e3o do trabalho escravo<\/a><\/span><\/p>\n<p style=\"color: #1c1c1c;font-size: 16px\"><a style=\"color: #204c90\" href=\"http:\/\/www.planalto.gov.br\/ccivil_03\/leis\/L8069.htm\" target=\"_blank\" rel=\"noopener\">Estatuto da Crian\u00e7a e do Adolescente<\/a><\/p>\n<p style=\"color: #1c1c1c;font-size: 16px\"><a style=\"color: #204c90\" href=\"http:\/\/www.planalto.gov.br\/ccivil_03\/leis\/L6001.htm\" target=\"_blank\" rel=\"noopener\">Estatuto do \u00cdndio<\/a><\/p>\n<p style=\"color: #1c1c1c;font-size: 16px\"><a style=\"color: #204c90\" href=\"http:\/\/www.planalto.gov.br\/ccivil_03\/leis\/2003\/L10.741.htm\" target=\"_blank\" rel=\"noopener\">Estatuto do Idoso<\/a><\/p>\n<p style=\"color: #1c1c1c;font-size: 16px\"><a style=\"color: #204c90\" href=\"http:\/\/www.planalto.gov.br\/ccivil_03\/leis\/L7437.htm\" target=\"_blank\" rel=\"noopener\">Lei Afonso Arino<\/a><\/p>\n<p style=\"color: #1c1c1c;font-size: 16px\"><a style=\"color: #204c90\" href=\"http:\/\/www.planalto.gov.br\/ccivil_03\/leis\/L7437.htm\" target=\"_blank\" rel=\"noopener\">Lei Ca\u00f3<\/a><\/p>\n<p style=\"color: #1c1c1c;font-size: 16px\"><a style=\"color: #204c90\" href=\"http:\/\/www.planalto.gov.br\/ccivil_03\/_ato2004-2006\/2006\/lei\/l11340.htm\" target=\"_blank\" rel=\"noopener\">Lei Maria da Penha<\/a><\/p>\n<p style=\"color: #1c1c1c;font-size: 16px\"><a style=\"color: #204c90\" href=\"http:\/\/www.planalto.gov.br\/ccivil_03\/leis\/2002\/L10436.htm\" target=\"_blank\" rel=\"noopener\">L\u00edngua brasileira de sinais<\/a><\/p>\n<p style=\"color: #1c1c1c;font-size: 16px\"><a style=\"color: #204c90\" href=\"http:\/\/www.planalto.gov.br\/ccivil_03\/leis\/L10048.htm\" target=\"_blank\" rel=\"noopener\">Prioridade de atendimento<\/a><\/p>\n<p style=\"color: #1c1c1c;font-size: 16px\">C<a href=\"http:\/\/www.planalto.gov.br\/ccivil_03\/leis\/L9455.htm\" target=\"_blank\" rel=\"noopener\">rimes<\/a><a href=\"http:\/\/www.planalto.gov.br\/ccivil_03\/leis\/L9455.htm\">&nbsp;de<\/a>&nbsp;<span style=\"color: #204c90\">Torturas<\/span><\/p><p style=\"color: #1c1c1c;font-size: 16px\"><span style=\"color: #204c90\"><br><\/span><\/p>\n<p style=\"color: #1c1c1c;font-size: 16px\"><span style=\"font-size: 14pt\"><span style=\"font-weight: bolder\">Legisla\u00e7\u00e3o da UFSM<\/span><\/span><\/p>\n<p style=\"color: #1c1c1c;font-size: 16px\"><a style=\"color: #204c90\" href=\"https:\/\/www.ufsm.br\/pro-reitorias\/pre\/observatorio-de-direitos-humanos\/wp-content\/uploads\/sites\/414\/2018\/10\/PORT_GR_2017_86990.pdf\" target=\"_blank\" rel=\"noopener\">PORTARIA N. 86.990<\/a><\/p>\n<p><\/p>\t\t\t\t\t\t<\/div>\n\t\t\t\t<\/div>\n\t\t\t\t\t<\/div>\n\t\t<\/div>\n\t\t\t\t\t<\/div>\n\t\t<\/section>\n\t\t\t\t<\/div>\n\t\t","protected":false},"excerpt":{"rendered":"<p>Documentos hist\u00f3ricos que representam a consagra\u00e7\u00e3o dos direitos humanos em n\u00edvel internacional e nacional: 1215 &#8211; Magna Carta 1689 &#8211; Declara\u00e7\u00e3o dos Direitos 1789 &#8211; Declara\u00e7\u00e3o dos direitos do homem e do cidad\u00e3o 1791 &#8211; Declara\u00e7\u00e3o dos direitos da mulher e da cidad\u00e3 1948 &#8211; Declara\u00e7\u00e3o Universal dos Direitos Humanos 1959 &#8211; Declara\u00e7\u00e3o Universal dos [&hellip;]<\/p>\n","protected":false},"author":118,"featured_media":0,"parent":0,"menu_order":0,"comment_status":"closed","ping_status":"closed","template":"","meta":{"footnotes":""},"categories":[],"tags":[],"class_list":["post-460","page","type-page","status-publish","hentry"],"acf":[],"_links":{"self":[{"href":"https:\/\/www.ufsm.br\/pro-reitorias\/pre\/observatorio-de-direitos-humanos\/wp-json\/wp\/v2\/pages\/460","targetHints":{"allow":["GET"]}}],"collection":[{"href":"https:\/\/www.ufsm.br\/pro-reitorias\/pre\/observatorio-de-direitos-humanos\/wp-json\/wp\/v2\/pages"}],"about":[{"href":"https:\/\/www.ufsm.br\/pro-reitorias\/pre\/observatorio-de-direitos-humanos\/wp-json\/wp\/v2\/types\/page"}],"author":[{"embeddable":true,"href":"https:\/\/www.ufsm.br\/pro-reitorias\/pre\/observatorio-de-direitos-humanos\/wp-json\/wp\/v2\/users\/118"}],"replies":[{"embeddable":true,"href":"https:\/\/www.ufsm.br\/pro-reitorias\/pre\/observatorio-de-direitos-humanos\/wp-json\/wp\/v2\/comments?post=460"}],"version-history":[{"count":0,"href":"https:\/\/www.ufsm.br\/pro-reitorias\/pre\/observatorio-de-direitos-humanos\/wp-json\/wp\/v2\/pages\/460\/revisions"}],"wp:attachment":[{"href":"https:\/\/www.ufsm.br\/pro-reitorias\/pre\/observatorio-de-direitos-humanos\/wp-json\/wp\/v2\/media?parent=460"}],"wp:term":[{"taxonomy":"category","embeddable":true,"href":"https:\/\/www.ufsm.br\/pro-reitorias\/pre\/observatorio-de-direitos-humanos\/wp-json\/wp\/v2\/categories?post=460"},{"taxonomy":"post_tag","embeddable":true,"href":"https:\/\/www.ufsm.br\/pro-reitorias\/pre\/observatorio-de-direitos-humanos\/wp-json\/wp\/v2\/tags?post=460"}],"curies":[{"name":"wp","href":"https:\/\/api.w.org\/{rel}","templated":true}]}}