{"id":482,"date":"2018-10-19T12:48:58","date_gmt":"2018-10-19T15:48:58","guid":{"rendered":"https:\/\/www.ufsm.br\/pro-reitorias\/pre\/observatorio-de-direitos-humanos\/?page_id=482"},"modified":"2018-10-19T16:23:35","modified_gmt":"2018-10-19T19:23:35","slug":"nucleo-aquenda","status":"publish","type":"page","link":"https:\/\/www.ufsm.br\/pro-reitorias\/pre\/observatorio-de-direitos-humanos\/nucleo-aquenda","title":{"rendered":"N\u00facleo Aquenda"},"content":{"rendered":"<p>O <strong>Aquenda &#8211; N\u00facleo de Estudos em Comunica\u00e7\u00e3o, G\u00eaneros e Sexualidades<\/strong> surgiu em 2016, reunindo pesquisadoras e pesquisadores dos programas de p\u00f3s-gradua\u00e7\u00e3o em Comunica\u00e7\u00e3o e Informa\u00e7\u00e3o da Universidade Federal do Rio Grande do Sul (UFRGS), em Comunica\u00e7\u00e3o da Universidade Federal de Santa Maria (UFSM), em Ci\u00eancias da Comunica\u00e7\u00e3o da Universidade do Vale do Rio dos Sinos (Unisinos) e do Programa de P\u00f3s-Gradua\u00e7\u00e3o Interdisciplinar em Ci\u00eancias Humanas da Universidade Federal de Santa Catarina (UFSC).<\/p>\n<p>O n\u00facleo discute em suas pesquisas, cursos e eventos a constru\u00e7\u00e3o sociocultural das rela\u00e7\u00f5es de g\u00eanero e sexualidade na interface com os estudos em comunica\u00e7\u00e3o. Atenta-se ao debate das perspectivas te\u00f3ricas, metodol\u00f3gicas e epistemol\u00f3gicas presentes na elabora\u00e7\u00e3o dos conceitos de g\u00eaneros, corpos, sexualidades e seus desdobramentos nas teorias sociais contempor\u00e2neas, bem como na reflex\u00e3o dos temas, objetos e das pr\u00e1ticas de pesquisas privilegiadas no campo da comunica\u00e7\u00e3o. Contempla, ainda, o tensionamento cr\u00edtico dos meios de comunica\u00e7\u00e3o, das m\u00eddias e das tecnologias para compreender as rela\u00e7\u00f5es estabelecidas entre as problem\u00e1ticas comunicacionais e as constru\u00e7\u00f5es e interpela\u00e7\u00f5es de g\u00eaneros, das sexualidades e dos feminismos no contexto dos processos de interatua\u00e7\u00e3o e agenciamento comunicativo dos sujeitos.<\/p>\n<p>Sobre o Curso de Extens\u00e3o G\u00eanero, sexualidades e comunica\u00e7\u00e3o<\/p>\n<p>Em 2016, o N\u00facleo organizou o curso de extens\u00e3o G\u00eaneros, sexualidades e comunica\u00e7\u00e3o: desconstruindo normatividades e refletindo dissid\u00eancias, na Faculdade de Biblioteconomia e Comunica\u00e7\u00e3o, da Universidade Federal do Rio Grande do Sul.<\/p>\n<p><img fetchpriority=\"high\" decoding=\"async\" class=\"aligncenter wp-image-486\" src=\"https:\/\/www.ufsm.br\/pro-reitorias\/pre\/observatorio-de-direitos-humanos\/wp-content\/uploads\/sites\/414\/2018\/10\/2016_curso_ufrgs-1.jpg\" alt=\"\" width=\"424\" height=\"600\" srcset=\"https:\/\/www.ufsm.br\/app\/uploads\/sites\/414\/2018\/10\/2016_curso_ufrgs-1.jpg 595w, https:\/\/www.ufsm.br\/app\/uploads\/sites\/414\/2018\/10\/2016_curso_ufrgs-1-212x300.jpg 212w\" sizes=\"(max-width: 424px) 100vw, 424px\" \/><\/p>\n<p>&nbsp;<\/p>\n<p>Em 2017, o curso teve sua segunda edi\u00e7\u00e3o em Porto Alegre e uma primeira edi\u00e7\u00e3o na Universidade Federal de Santa Catarina.<\/p>\n<p><img decoding=\"async\" class=\"aligncenter wp-image-485\" src=\"https:\/\/www.ufsm.br\/pro-reitorias\/pre\/observatorio-de-direitos-humanos\/wp-content\/uploads\/sites\/414\/2018\/10\/2017_curso_ufsc.jpg\" alt=\"\" width=\"536\" height=\"536\" srcset=\"https:\/\/www.ufsm.br\/app\/uploads\/sites\/414\/2018\/10\/2017_curso_ufsc.jpg 736w, https:\/\/www.ufsm.br\/app\/uploads\/sites\/414\/2018\/10\/2017_curso_ufsc-150x150.jpg 150w, https:\/\/www.ufsm.br\/app\/uploads\/sites\/414\/2018\/10\/2017_curso_ufsc-300x300.jpg 300w\" sizes=\"(max-width: 536px) 100vw, 536px\" \/><\/p>\n<p><img decoding=\"async\" class=\"aligncenter wp-image-484\" src=\"https:\/\/www.ufsm.br\/pro-reitorias\/pre\/observatorio-de-direitos-humanos\/wp-content\/uploads\/sites\/414\/2018\/10\/2017_curso_ufrgs.jpg\" alt=\"\" width=\"536\" height=\"697\" srcset=\"https:\/\/www.ufsm.br\/app\/uploads\/sites\/414\/2018\/10\/2017_curso_ufrgs.jpg 736w, https:\/\/www.ufsm.br\/app\/uploads\/sites\/414\/2018\/10\/2017_curso_ufrgs-231x300.jpg 231w\" sizes=\"(max-width: 536px) 100vw, 536px\" \/><\/p>\n<p>Em 2017, o N\u00facleo tamb\u00e9m realizou uma aula aberta, intitulada G\u00eaneros, sexualidades e comunica\u00e7\u00e3o: trajet\u00f3rias em (des)constru\u00e7\u00e3o, na Universidade Federal de Santa Maria,\u00a0<a href=\"https:\/\/www.facebook.com\/larpufsm\/videos\/1264768023669095\/\">em parceria com o Laborat\u00f3rio de Rela\u00e7\u00f5es P\u00fablicas da UFSM (LARP)<\/a>.<\/p>\n<p>Em 2018, no segundo semestre, se realizar\u00e1 a primeira edi\u00e7\u00e3o do curso na Universidade Federal de Santa Maria, parceria do Aquenda com o Grupo de Pesquisa Comunica\u00e7\u00e3o, G\u00eanero e Desigualdades.<\/p>\n<p><strong>Sobre o I Aquenda de Comunica\u00e7\u00e3o<\/strong><\/p>\n<p>No pajub\u00e1, socioleto fruto da mistura de l\u00ednguas africanas como o ioruba e o kimbund\u00f4, difundido entre povos de santo, travestis e g\u00edrias LGBTQ, o termo aquendar possui um significado poliss\u00eamico. Em primeira inst\u00e2ncia, diz respeito ao ato sexual, a paquera, ao \u201cpegar de jeito\u201d; pode, tamb\u00e9m, sugerir a t\u00e1tica de \u201caquendar a neca\u201d entre travestis, mulheres trans e dragqueens. Por extens\u00e3o, tamb\u00e9m indica \u201cchamar a aten\u00e7\u00e3o\u201d, \u201colhar\u201d, \u201cobservar\u201d, \u201cpegar\u201d, \u201cmexer\u201d, \u201cprovocar movimento\u201d.\u00c9 nesta dire\u00e7\u00e3o que se realiza o I Aquenda de Comunica\u00e7\u00e3o, G\u00eaneros e Sexualidades nos dias 1, 2 e 3 de agosto de 2018, na Faculdade de Biblioteconomia e Comunica\u00e7\u00e3o (FABICO), da Universidade Federal do Rio Grande do Sul (UFRGS), em Porto Alegre, Rio Grande do Sul.<\/p>\n<p>Queremos movimentar, queremos aquendar. Aquendar as metodologias, os aportes te\u00f3ricos, os objetos, a produ\u00e7\u00e3o de conhecimento e o pensamento comunicacional atravessado, rasurado, sexualizado, generificado, profanado pelos estudos feministas, queer, das sexualidades, de ra\u00e7a e de g\u00eanero. O expoente crescimento da preocupa\u00e7\u00e3o da \u00e1rea da Comunica\u00e7\u00e3o com os estudos de g\u00eanero, corpos e sexualidades refletiu na produ\u00e7\u00e3o de artigos, livros, ensaios e, principalmente, em uma elevada produ\u00e7\u00e3o de disserta\u00e7\u00f5es e teses nos mais de 40 programas de p\u00f3s-gradua\u00e7\u00e3o em Comunica\u00e7\u00e3o do pa\u00eds. Busca-se assim alargar os horizontes sobre como as pr\u00e1ticas e os discursos s\u00f3cio-hist\u00f3ricos, sejam eles de ordem midi\u00e1tica ou cient\u00edfica, tiveram e ainda t\u00eam responsabilidade sobre a produ\u00e7\u00e3o e a precariza\u00e7\u00e3o de nossas vidas corporificadas.<\/p>\n<p>O I Aquenda de Comunica\u00e7\u00e3o, G\u00eaneros e Sexualidades \u00e9 proposto pelo Aquenda: N\u00facleo de Estudos em Comunica\u00e7\u00e3o, G\u00eaneros e Sexualidades, que re\u00fane pesquisadores e pesquisadoras da Universidade Federal do Rio Grande do Sul (UFRGS), Universidade Federal de Santa Catarina (UFSC), Universidade Federal de Santa Maria (UFSM) e Universidade do Vale do Rio dos Sinos (UNISINOS).Frente ao recrudescimento conservador do cen\u00e1rio sociopol\u00edtico atual, no mesmo compasso em que temas como sexualidade, aborto, feminismos, direitos reprodutivos, racismo e cidadania LGBTQ reclamam posi\u00e7\u00f5es centrais no debate contempor\u00e2neo, assumimos nosso direito de aquendar. Isto \u00e9, aquendar de perto a Comunica\u00e7\u00e3o, para oxigenar espa\u00e7os de di\u00e1logos e desafiar o pensamento comunicacional, faz\u00ea-lo dizer a que veio, especialmente quando confrontado por essas m\u00faltiplas perspectivas.<\/p>\n<p>Nosso website:\u00a0<a href=\"https:\/\/aquenda.wordpress.com\/\">https:\/\/aquenda.wordpress.com\/<\/a><\/p>\n<p><strong>N\u00facleo Aquenda promove curso de extens\u00e3o &#8220;G\u00eaneros, Interseccionalidades e Comunica\u00e7\u00e3o&#8221; de 14 de setembro \u00e0 23 de novembro.<\/strong><\/p>\n<p>O N\u00facleo Aquenda estar\u00e1 promovendo o curso de extens\u00e3o &#8220;G\u00eaneros, Interseccionalidades e Comunica\u00e7\u00e3o&#8221; na UFSM dos dias 14 de setembro \u00e0 23 de novembro. As aulas ocorrer\u00e3o \u00e0s sextas-feiras e aos s\u00e1bados de manh\u00e3. O objetivo do curso \u00e9 oferecer conceitos introdut\u00f3rios para refletir a constru\u00e7\u00e3o sociocultural das rela\u00e7\u00f5es de g\u00eanero na interface com os estudos em comunica\u00e7\u00e3o.<\/p>\n<p>O curso \u00e9 gratuito, oferecido\u00a0em uma parceria entre o N\u00facleo de Estudos Aquenda e o Grupo de Pesquisa Comunica\u00e7\u00e3o, G\u00eanero e Desigualdades, e possui uma carga hor\u00e1ria de 44h. As aulas ocorrer\u00e3o na UFSM, no pr\u00e9dio CCSH.<\/p>\n<p>O prazo para inscri\u00e7\u00f5es vai at\u00e9 o dia 06 de setembro, via\u00a0<a href=\"https:\/\/docs.google.com\/forms\/d\/e\/1FAIpQLSe7G6IwaXeDCCzPQz625HJsbHbcIm0ax0qfwZpQWnIAt2ATvQ\/viewform\">formul\u00e1rio<\/a>. Visto que o curso possui um n\u00famero limitado de vagas, ser\u00e1 feita uma sele\u00e7\u00e3o de inscritos, a ser anunciada ap\u00f3s o dia 06, junto de uma lista de suplentes.<\/p>\n<p><img loading=\"lazy\" decoding=\"async\" class=\"aligncenter wp-image-488\" src=\"https:\/\/www.ufsm.br\/pro-reitorias\/pre\/observatorio-de-direitos-humanos\/wp-content\/uploads\/sites\/414\/2018\/10\/39891256_401112597084152_3647478826981654528_n.jpg\" alt=\"\" width=\"578\" height=\"818\" srcset=\"https:\/\/www.ufsm.br\/app\/uploads\/sites\/414\/2018\/10\/39891256_401112597084152_3647478826981654528_n.jpg 678w, https:\/\/www.ufsm.br\/app\/uploads\/sites\/414\/2018\/10\/39891256_401112597084152_3647478826981654528_n-212x300.jpg 212w\" sizes=\"(max-width: 578px) 100vw, 578px\" \/><\/p>\n","protected":false},"excerpt":{"rendered":"<p>O Aquenda &#8211; N\u00facleo de Estudos em Comunica\u00e7\u00e3o, G\u00eaneros e Sexualidades surgiu em 2016, reunindo pesquisadoras e pesquisadores dos programas de p\u00f3s-gradua\u00e7\u00e3o em Comunica\u00e7\u00e3o e Informa\u00e7\u00e3o da Universidade Federal do Rio Grande do Sul (UFRGS), em Comunica\u00e7\u00e3o da Universidade Federal de Santa Maria (UFSM), em Ci\u00eancias da Comunica\u00e7\u00e3o da Universidade do Vale do Rio dos [&hellip;]<\/p>\n","protected":false},"author":118,"featured_media":0,"parent":0,"menu_order":0,"comment_status":"closed","ping_status":"closed","template":"","meta":{"footnotes":""},"categories":[],"tags":[],"class_list":["post-482","page","type-page","status-publish","hentry"],"acf":[],"_links":{"self":[{"href":"https:\/\/www.ufsm.br\/pro-reitorias\/pre\/observatorio-de-direitos-humanos\/wp-json\/wp\/v2\/pages\/482","targetHints":{"allow":["GET"]}}],"collection":[{"href":"https:\/\/www.ufsm.br\/pro-reitorias\/pre\/observatorio-de-direitos-humanos\/wp-json\/wp\/v2\/pages"}],"about":[{"href":"https:\/\/www.ufsm.br\/pro-reitorias\/pre\/observatorio-de-direitos-humanos\/wp-json\/wp\/v2\/types\/page"}],"author":[{"embeddable":true,"href":"https:\/\/www.ufsm.br\/pro-reitorias\/pre\/observatorio-de-direitos-humanos\/wp-json\/wp\/v2\/users\/118"}],"replies":[{"embeddable":true,"href":"https:\/\/www.ufsm.br\/pro-reitorias\/pre\/observatorio-de-direitos-humanos\/wp-json\/wp\/v2\/comments?post=482"}],"version-history":[{"count":0,"href":"https:\/\/www.ufsm.br\/pro-reitorias\/pre\/observatorio-de-direitos-humanos\/wp-json\/wp\/v2\/pages\/482\/revisions"}],"wp:attachment":[{"href":"https:\/\/www.ufsm.br\/pro-reitorias\/pre\/observatorio-de-direitos-humanos\/wp-json\/wp\/v2\/media?parent=482"}],"wp:term":[{"taxonomy":"category","embeddable":true,"href":"https:\/\/www.ufsm.br\/pro-reitorias\/pre\/observatorio-de-direitos-humanos\/wp-json\/wp\/v2\/categories?post=482"},{"taxonomy":"post_tag","embeddable":true,"href":"https:\/\/www.ufsm.br\/pro-reitorias\/pre\/observatorio-de-direitos-humanos\/wp-json\/wp\/v2\/tags?post=482"}],"curies":[{"name":"wp","href":"https:\/\/api.w.org\/{rel}","templated":true}]}}