{"id":545,"date":"2018-10-22T11:59:07","date_gmt":"2018-10-22T14:59:07","guid":{"rendered":"https:\/\/www.ufsm.br\/pro-reitorias\/pre\/observatorio-de-direitos-humanos\/?page_id=545"},"modified":"2020-08-20T17:17:44","modified_gmt":"2020-08-20T20:17:44","slug":"social-em-questao","status":"publish","type":"page","link":"https:\/\/www.ufsm.br\/pro-reitorias\/pre\/observatorio-de-direitos-humanos\/social-em-questao","title":{"rendered":"Social em Quest\u00e3o"},"content":{"rendered":"\t\t<div data-elementor-type=\"wp-page\" data-elementor-id=\"545\" class=\"elementor elementor-545\">\n\t\t\t\t\t\t<section class=\"elementor-section elementor-top-section elementor-element elementor-element-7a770efc elementor-section-boxed elementor-section-height-default elementor-section-height-default\" data-id=\"7a770efc\" data-element_type=\"section\">\n\t\t\t\t\t\t<div class=\"elementor-container elementor-column-gap-default\">\n\t\t\t\t\t<div class=\"elementor-column elementor-col-100 elementor-top-column elementor-element elementor-element-5e9d2d68\" data-id=\"5e9d2d68\" data-element_type=\"column\">\n\t\t\t<div class=\"elementor-widget-wrap elementor-element-populated\">\n\t\t\t\t\t\t<div class=\"elementor-element elementor-element-22172752 elementor-widget elementor-widget-text-editor\" data-id=\"22172752\" data-element_type=\"widget\" data-widget_type=\"text-editor.default\">\n\t\t\t\t<div class=\"elementor-widget-container\">\n\t\t\t\t\t\t\t<p><img decoding=\"async\" class=\"alignleft wp-image-1279\" src=\"https:\/\/www.ufsm.br\/pro-reitorias\/pre\/observatorio-de-direitos-humanos\/wp-content\/uploads\/sites\/414\/2020\/08\/logo-social-em-quest\u00e3o-300x290.jpg\" alt=\"\" width=\"177\" height=\"171\" srcset=\"https:\/\/www.ufsm.br\/app\/uploads\/sites\/414\/2020\/08\/logo-social-em-quest\u00e3o-300x290.jpg 300w, https:\/\/www.ufsm.br\/app\/uploads\/sites\/414\/2020\/08\/logo-social-em-quest\u00e3o.jpg 557w\" sizes=\"(max-width: 177px) 100vw, 177px\" \/>Criado em 2015, o <strong>Social em Quest\u00e3o<\/strong>\u00a0consiste num programa radiof\u00f4nico coordenado pelo N\u00facleo de Estudos, Pesquisa e Extens\u00e3o em Servi\u00e7o Social, M\u00eddia, Cultura e Quest\u00e3o Social \u2013 <strong>NEPMQS, <\/strong>do curso de <strong>Servi\u00e7o Social<\/strong> da UFSM.\u00a0At\u00e9 o momento, j\u00e1 gravou mais de 200 programas radiof\u00f4nicos, que abarcam a diversidade de temas relacionados aos direitos humanos e sociais. Veiculado semanalmente na R\u00e1dio Universidade 800 AM e na UniFM 107.9, o programa conta com a participa\u00e7\u00e3o de docentes, acad\u00eamicos\/as e comunidade em geral.<\/p><p>\u00a0<\/p><p>Saiba mais sobre o programa, <a href=\"https:\/\/www.facebook.com\/socialemquestao\/\">na p\u00e1gina do Facebook<\/a>.<\/p>\t\t\t\t\t\t<\/div>\n\t\t\t\t<\/div>\n\t\t\t\t\t<\/div>\n\t\t<\/div>\n\t\t\t\t\t<\/div>\n\t\t<\/section>\n\t\t\t\t<\/div>\n\t\t","protected":false},"excerpt":{"rendered":"<p>Criado em 2015, o Social em Quest\u00e3o\u00a0consiste num programa radiof\u00f4nico coordenado pelo N\u00facleo de Estudos, Pesquisa e Extens\u00e3o em Servi\u00e7o Social, M\u00eddia, Cultura e Quest\u00e3o Social \u2013 NEPMQS, do curso de Servi\u00e7o Social da UFSM.\u00a0At\u00e9 o momento, j\u00e1 gravou mais de 200 programas radiof\u00f4nicos, que abarcam a diversidade de temas relacionados aos direitos humanos e [&hellip;]<\/p>\n","protected":false},"author":118,"featured_media":0,"parent":0,"menu_order":0,"comment_status":"closed","ping_status":"closed","template":"","meta":{"footnotes":""},"categories":[],"tags":[],"class_list":["post-545","page","type-page","status-publish","hentry"],"acf":[],"_links":{"self":[{"href":"https:\/\/www.ufsm.br\/pro-reitorias\/pre\/observatorio-de-direitos-humanos\/wp-json\/wp\/v2\/pages\/545","targetHints":{"allow":["GET"]}}],"collection":[{"href":"https:\/\/www.ufsm.br\/pro-reitorias\/pre\/observatorio-de-direitos-humanos\/wp-json\/wp\/v2\/pages"}],"about":[{"href":"https:\/\/www.ufsm.br\/pro-reitorias\/pre\/observatorio-de-direitos-humanos\/wp-json\/wp\/v2\/types\/page"}],"author":[{"embeddable":true,"href":"https:\/\/www.ufsm.br\/pro-reitorias\/pre\/observatorio-de-direitos-humanos\/wp-json\/wp\/v2\/users\/118"}],"replies":[{"embeddable":true,"href":"https:\/\/www.ufsm.br\/pro-reitorias\/pre\/observatorio-de-direitos-humanos\/wp-json\/wp\/v2\/comments?post=545"}],"version-history":[{"count":0,"href":"https:\/\/www.ufsm.br\/pro-reitorias\/pre\/observatorio-de-direitos-humanos\/wp-json\/wp\/v2\/pages\/545\/revisions"}],"wp:attachment":[{"href":"https:\/\/www.ufsm.br\/pro-reitorias\/pre\/observatorio-de-direitos-humanos\/wp-json\/wp\/v2\/media?parent=545"}],"wp:term":[{"taxonomy":"category","embeddable":true,"href":"https:\/\/www.ufsm.br\/pro-reitorias\/pre\/observatorio-de-direitos-humanos\/wp-json\/wp\/v2\/categories?post=545"},{"taxonomy":"post_tag","embeddable":true,"href":"https:\/\/www.ufsm.br\/pro-reitorias\/pre\/observatorio-de-direitos-humanos\/wp-json\/wp\/v2\/tags?post=545"}],"curies":[{"name":"wp","href":"https:\/\/api.w.org\/{rel}","templated":true}]}}