{"id":566,"date":"2018-11-05T10:45:07","date_gmt":"2018-11-05T12:45:07","guid":{"rendered":"https:\/\/www.ufsm.br\/pro-reitorias\/pre\/observatorio-de-direitos-humanos\/?page_id=566"},"modified":"2018-11-09T13:49:11","modified_gmt":"2018-11-09T15:49:11","slug":"mes-da-consciencia-negra-2018","status":"publish","type":"page","link":"https:\/\/www.ufsm.br\/pro-reitorias\/pre\/observatorio-de-direitos-humanos\/mes-da-consciencia-negra-2018","title":{"rendered":"M\u00eas da Consci\u00eancia Negra 2018"},"content":{"rendered":"<p><span style=\"font-family: helvetica, arial, sans-serif;font-size: 10pt\">A edi\u00e7\u00e3o 2018 do M\u00eas da Consci\u00eancia Negra foi lan\u00e7ada no dia 15 de outubro. No ano em que\u00a0a pol\u00edtica de a\u00e7\u00f5es afirmativas\/cotas raciais completa uma d\u00e9cada na universidade, a patronesse da programa\u00e7\u00e3o de atividades alusivas ao tema \u00e9 a professora Maria Rita Py Dutra.<\/span><\/p>\n<p><span style=\"font-family: helvetica, arial, sans-serif;font-size: 10pt\">Maria Rita Py Dutra foi professora de ensino fundamental por trinta anos, \u00e9 escritora de livros infantis e sempre busca, em suas obras, empoderar as crian\u00e7as negras. Uma grande ativista do movimento negro, Maria Rita foi uma das respons\u00e1veis pela implementa\u00e7\u00e3o do sistema de cotas na UFSM em 2008. Em 2018, ela concluiu seu doutorado na UFSM, sendo a primeira mulher negra a concluir doutorado na \u00e1rea de educa\u00e7\u00e3o na UFSM.<\/span><\/p>\n<p><span style=\"font-family: helvetica, arial, sans-serif;font-size: 10pt\">O evento, cuja abertura ocorre no dia 05 de novembro, \u00e0s 20h, no Centro de Conven\u00e7\u00f5es, contar\u00e1 com rodas de conversa sobre sa\u00fade mental, interven\u00e7\u00f5es de artistas negros, exposi\u00e7\u00f5es fotogr\u00e1ficas, palestras com pessoas de Santa Maria e regi\u00e3o, al\u00e9m de espa\u00e7os voltados para servidores, estudantes e professores.<\/span><\/p>\n<p><img fetchpriority=\"high\" decoding=\"async\" class=\"alignnone size-large wp-image-567\" src=\"https:\/\/www.ufsm.br\/pro-reitorias\/pre\/observatorio-de-direitos-humanos\/wp-content\/uploads\/sites\/414\/2018\/11\/1910_Arte_para_capa_do_evento-1024x594.jpg\" alt=\"\" width=\"1024\" height=\"594\" srcset=\"https:\/\/www.ufsm.br\/app\/uploads\/sites\/414\/2018\/11\/1910_Arte_para_capa_do_evento-1024x594.jpg 1024w, https:\/\/www.ufsm.br\/app\/uploads\/sites\/414\/2018\/11\/1910_Arte_para_capa_do_evento-300x174.jpg 300w, https:\/\/www.ufsm.br\/app\/uploads\/sites\/414\/2018\/11\/1910_Arte_para_capa_do_evento-768x445.jpg 768w, https:\/\/www.ufsm.br\/app\/uploads\/sites\/414\/2018\/11\/1910_Arte_para_capa_do_evento.jpg 1920w\" sizes=\"(max-width: 1024px) 100vw, 1024px\" \/><\/p>\n<p><span style=\"font-family: helvetica, arial, sans-serif;font-size: 10pt\">O M\u00eas da Consci\u00eancia Negra 2018 \u00e9 uma realiza\u00e7\u00e3o da UFSM, do\u00a0\u00a0<a href=\"https:\/\/www.facebook.com\/NEAB.SantaMaria\/?ref=br_rs\">NEAB<\/a>, da\u00a0<a href=\"https:\/\/www.facebook.com\/profile.php?id=316032451863047&amp;ref=br_rs\">Pr\u00f3-Reitoria de Extens\u00e3o da UFSM<\/a>, da<a href=\"https:\/\/www.facebook.com\/assufsm\/?ref=br_rs\">\u00a0ASSUFSM<\/a>, do\u00a0\u00a0<a href=\"https:\/\/www.facebook.com\/profile.php?id=1605595669671255&amp;ref=br_rs\">Gabinete do Reitor<\/a>, da organiza\u00e7\u00e3o\u00a0\u00a0<a href=\"https:\/\/www.facebook.com\/aradudu\/?ref=br_rs\">Ar\u00e1 Dudu<\/a>, do\u00a0\u00a0<a href=\"https:\/\/www.facebook.com\/GTNegros\/?ref=br_rs\">GT Negros NECON<\/a>, do\u00a0\u00a0<a href=\"https:\/\/www.facebook.com\/coletivoafrontaUFSM\/?ref=br_rs\">Coletivo Afronta<\/a>, do\u00a0\u00a0<a href=\"https:\/\/www.facebook.com\/Dandarascoletivomulheresnegras\/\">Dandaras &#8211; Coletivo de Mulheres Negras<\/a>, do\u00a0\u00a0<a href=\"https:\/\/www.facebook.com\/gepaufsm\/?ref=br_rs\">GEPA<\/a>, da\u00a0\u00a0<a href=\"https:\/\/www.facebook.com\/caedufsm\/?ref=br_rs\">CAED<\/a>, Irmandade Negra, do\u00a0<a href=\"https:\/\/www.facebook.com\/CTISM.UFSM\/?ref=br_rs\">CTISM<\/a>, do\u00a0<a href=\"https:\/\/www.facebook.com\/ccneufsm\/?ref=br_rs\">CCNE<\/a>, e do\u00a0<a href=\"https:\/\/www.facebook.com\/PovodeClio\/?ref=br_rs\">N\u00facleo de Estudos sobre Educa\u00e7\u00e3o e Mem\u00f3ria &#8211; Povo de Clio<\/a>.<\/span><\/p>\n<p style=\"text-align: center\"><iframe src=\"\/\/www.youtube.com\/embed\/4qocr3vWCQQ\" width=\"560\" height=\"315\" frameborder=\"0\" allowfullscreen=\"allowfullscreen\"><\/iframe><br \/>\n<em><span style=\"font-family: helvetica, arial, sans-serif;font-size: 10pt\">Fonte: TV Campus UFSM<\/span><\/em><\/p>\n<p style=\"text-align: center\"><span style=\"font-family: helvetica, arial, sans-serif;font-size: 10pt\"><strong>I SEMIN\u00c1RIO SOBRE A TEM\u00c1TICA \u00c9TNICO-RACIAL E IX CICLO DE ESTUDOS SOBRE A HIST\u00d3RIA E CULTURA AFRO-BRASILEIRA<\/strong><\/span><\/p>\n<p><img decoding=\"async\" class=\"alignnone size-large wp-image-568\" src=\"https:\/\/www.ufsm.br\/pro-reitorias\/pre\/observatorio-de-direitos-humanos\/wp-content\/uploads\/sites\/414\/2018\/11\/seminario-1024x724.jpg\" alt=\"\" width=\"1024\" height=\"724\" srcset=\"https:\/\/www.ufsm.br\/app\/uploads\/sites\/414\/2018\/11\/seminario-1024x724.jpg 1024w, https:\/\/www.ufsm.br\/app\/uploads\/sites\/414\/2018\/11\/seminario-300x212.jpg 300w, https:\/\/www.ufsm.br\/app\/uploads\/sites\/414\/2018\/11\/seminario-768x543.jpg 768w, https:\/\/www.ufsm.br\/app\/uploads\/sites\/414\/2018\/11\/seminario.jpg 1920w\" sizes=\"(max-width: 1024px) 100vw, 1024px\" \/><\/p>\n<p><span style=\"font-family: helvetica, arial, sans-serif;font-size: 10pt\">O evento tem como objetivo, compartilhar experi\u00eancias e pesquisas realizadas ou em desenvolvimento, no \u00e2mbito regional das Institui\u00e7\u00f5es Federais de Ensino do RS sobre a tem\u00e1tica da educa\u00e7\u00e3o das rela\u00e7\u00f5es \u00e9tnico-raciais, a partir dos desdobramentos que passam a ser exigidos pela Resolu\u00e7\u00e3o 02\/2015 &#8211; CNE\/MEC e em adi\u00e7\u00e3o a avalia\u00e7\u00e3o de reserva de vagas nas IFE&#8217;s, ap\u00f3s decis\u00e3o do STF pela constitucionalidade destas.<\/span><\/p>\n<p><span style=\"font-family: helvetica, arial, sans-serif;font-size: 10pt\">As inscri\u00e7\u00f5es podem ser feitas <a href=\"https:\/\/docs.google.com\/forms\/d\/e\/1FAIpQLSc_tJGd68PrK8xnYAjSBSAUGqLRp1KCtoHfr09zPAIeMdScdg\/viewform\">aqui<\/a>.<\/span><\/p>\n","protected":false},"excerpt":{"rendered":"<p>A edi\u00e7\u00e3o 2018 do M\u00eas da Consci\u00eancia Negra foi lan\u00e7ada no dia 15 de outubro. No ano em que\u00a0a pol\u00edtica de a\u00e7\u00f5es afirmativas\/cotas raciais completa uma d\u00e9cada na universidade, a patronesse da programa\u00e7\u00e3o de atividades alusivas ao tema \u00e9 a professora Maria Rita Py Dutra. Maria Rita Py Dutra foi professora de ensino fundamental por [&hellip;]<\/p>\n","protected":false},"author":300,"featured_media":0,"parent":0,"menu_order":0,"comment_status":"closed","ping_status":"closed","template":"","meta":{"footnotes":""},"categories":[],"tags":[],"class_list":["post-566","page","type-page","status-publish","hentry"],"acf":[],"_links":{"self":[{"href":"https:\/\/www.ufsm.br\/pro-reitorias\/pre\/observatorio-de-direitos-humanos\/wp-json\/wp\/v2\/pages\/566","targetHints":{"allow":["GET"]}}],"collection":[{"href":"https:\/\/www.ufsm.br\/pro-reitorias\/pre\/observatorio-de-direitos-humanos\/wp-json\/wp\/v2\/pages"}],"about":[{"href":"https:\/\/www.ufsm.br\/pro-reitorias\/pre\/observatorio-de-direitos-humanos\/wp-json\/wp\/v2\/types\/page"}],"author":[{"embeddable":true,"href":"https:\/\/www.ufsm.br\/pro-reitorias\/pre\/observatorio-de-direitos-humanos\/wp-json\/wp\/v2\/users\/300"}],"replies":[{"embeddable":true,"href":"https:\/\/www.ufsm.br\/pro-reitorias\/pre\/observatorio-de-direitos-humanos\/wp-json\/wp\/v2\/comments?post=566"}],"version-history":[{"count":0,"href":"https:\/\/www.ufsm.br\/pro-reitorias\/pre\/observatorio-de-direitos-humanos\/wp-json\/wp\/v2\/pages\/566\/revisions"}],"wp:attachment":[{"href":"https:\/\/www.ufsm.br\/pro-reitorias\/pre\/observatorio-de-direitos-humanos\/wp-json\/wp\/v2\/media?parent=566"}],"wp:term":[{"taxonomy":"category","embeddable":true,"href":"https:\/\/www.ufsm.br\/pro-reitorias\/pre\/observatorio-de-direitos-humanos\/wp-json\/wp\/v2\/categories?post=566"},{"taxonomy":"post_tag","embeddable":true,"href":"https:\/\/www.ufsm.br\/pro-reitorias\/pre\/observatorio-de-direitos-humanos\/wp-json\/wp\/v2\/tags?post=566"}],"curies":[{"name":"wp","href":"https:\/\/api.w.org\/{rel}","templated":true}]}}