{"id":684,"date":"2019-01-10T10:11:31","date_gmt":"2019-01-10T12:11:31","guid":{"rendered":"https:\/\/www.ufsm.br\/pro-reitorias\/pre\/observatorio-de-direitos-humanos\/?page_id=684"},"modified":"2019-01-10T10:17:20","modified_gmt":"2019-01-10T12:17:20","slug":"nosso-genocidio-diario","status":"publish","type":"page","link":"https:\/\/www.ufsm.br\/pro-reitorias\/pre\/observatorio-de-direitos-humanos\/nosso-genocidio-diario","title":{"rendered":"Nosso Genoc\u00eddio Di\u00e1rio"},"content":{"rendered":"\t\t<div data-elementor-type=\"wp-post\" data-elementor-id=\"684\" class=\"elementor elementor-684 elementor-bc-flex-widget\">\n\t\t\t\t\t\t<section class=\"elementor-section elementor-top-section elementor-element elementor-element-4e06b8a4 elementor-section-boxed elementor-section-height-default elementor-section-height-default\" data-id=\"4e06b8a4\" data-element_type=\"section\">\n\t\t\t\t\t\t<div class=\"elementor-container elementor-column-gap-default\">\n\t\t\t\t\t<div class=\"elementor-column elementor-col-100 elementor-top-column elementor-element elementor-element-2fde4a2\" data-id=\"2fde4a2\" data-element_type=\"column\">\n\t\t\t<div class=\"elementor-widget-wrap elementor-element-populated\">\n\t\t\t\t\t\t<div class=\"elementor-element elementor-element-14782f4f elementor-widget elementor-widget-text-editor\" data-id=\"14782f4f\" data-element_type=\"widget\" data-widget_type=\"text-editor.default\">\n\t\t\t\t<div class=\"elementor-widget-container\">\n\t\t\t\t\t\t\t<!-- wp:tadv\/classic-paragraph -->\n<p><strong><span style=\"font-size: 10pt;\">Por Alisson Batista<\/span><\/strong><\/p>\n<p style=\"text-align: justify;\"><span style=\"font-size: 10pt;\">\u00c9 muito doloroso se ver todos os dias como a poss\u00edvel vitima que ir\u00e1 para um quadro estat\u00edstico de mortes, a quest\u00e3o que fica \u00e9, se serei vitima de uma sociedade lgbtf\u00f3bica ou de um Estado racista, com um projeto de exterm\u00ednio da popula\u00e7\u00e3o negra.<\/span><\/p>\n<p style=\"text-align: justify;\"><span style=\"font-size: 10pt;\">A estrutura social brasileira se formou, e ainda hoje continua se construindo, atrav\u00e9s do genoc\u00eddio da popula\u00e7\u00e3o ind\u00edgena e da popula\u00e7\u00e3o negra. As institui\u00e7\u00f5es religiosas ocidentais que se fixaram no pa\u00eds, tem ainda hoje o trabalho de base mais eficaz que qualquer movimento social, ditando quais os valores e moral a sociedade deve seguir, valores conservadores, que tem liga\u00e7\u00e3o direta a muitos ataques de \u00f3dio a LGBT`s\u00a0. Segundo a ANTRA(Associa\u00e7\u00e3o Nacional de Travestis e Transexuais), &#8220;95 travestis e transexuais assassinadas at\u00e9 21\/07\/2018&#8221;,\u00a0dados assutadores, infelizmente o n\u00famero de assassinatos LGBT s\u00f3 tem aumento, assim como os ataques a popula\u00e7\u00e3o negra.<\/span><\/p>\n<p style=\"text-align: justify;\"><span style=\"font-size: 10pt;\">Para muito al\u00e9m dos ataques diretos a n\u00f3s, popula\u00e7\u00e3o negra, as consequ\u00eancias que voc\u00eas deixam para ficarem em n\u00f3s, que n\u00e3o tenho tanta certeza de que n\u00e3o seja um poss\u00edvel projeto muito mais discreto arquitetado pela hegemonia branca, que \u00e9 a desestrutura\u00e7\u00e3o da nossa rela\u00e7\u00e3o com n\u00f3s mesmos, nossa autoestima dilacerada, quase sem possibilidade de reconstru\u00e7\u00e3o. Nossa autoestima \u00e9 atacada desde quando crian\u00e7as, como disse Maicol William, um dos gerenciadores do projeto\u00a0Dissecando o Racismo, &#8220;quem n\u00e3o tem a pele negra, n\u00e3o sabe o qu\u00e3o dif\u00edcil \u00e9 ser crian\u00e7a&#8221;, e s\u00e3o atacaques direto a nossa autoestima, no col\u00e9gio, na rua, na televis\u00e3o, na internet, em casa; somos metralhados quase que 24h por todos os lados dizendo que n\u00e3o somos belos, que n\u00e3o somos capazes, que n\u00e3o deviamos estar em certos espa\u00e7os, que n\u00e3o deveriamos nos vestir assim, que falamos feio, que andamos feio, nos portamos feio, nos vestimos feio, etc, COMO UMA AUTOESTIMA VAI RESISTIR A ISSO??? O processo de\u00a0empoderamento \u00e9 muito dif\u00edcil e doloroso, n\u00e3o se d\u00e1 do dia pra noite, e nem todos conseguem ou se quer tem contato com essa tem\u00e1tica nas suas vidas. ISSO \u00c9 GENOC\u00cdDIO, &#8220;Genoc\u00eddio do povo preto n\u00e3o \u00e9 s\u00f3 bala na cabe\u00e7a. Genoc\u00eddio \u00e9 um processo de aniquila\u00e7\u00e3o f\u00edsica cultural, social, epist\u00eamica, etc\u2026&#8221; (T\u00falio Cust\u00f3dio, Soci\u00f3logo).<\/span><\/p>\n<p style=\"text-align: justify;\"><span style=\"font-size: 10pt;\">Nossa autoestima \u00e9 consecutivamente minada e degrada, acabamos num ciclo de autodestrui\u00e7\u00e3o, como o Fil\u00f3sofo Cornel West coloca,\u00a0&#8220;Os dem\u00f4nios do vazio de sentido, da falta de esperan\u00e7a, da sensa\u00e7\u00e3o do nada [\u2026] v\u00eam produzindo o mais alto n\u00edvel de autodestrui\u00e7\u00e3o que os negros conheceram desde que chegamos aqui&#8221;. Somos o tempo todo subjugados, e nos subjugamos tamb\u00e9m por tudo que nos fazem acreditar, que nossos traumas da vida nos fazem acreditar.<\/span><\/p>\n<p style=\"text-align: justify;\"><span style=\"font-size: 10pt;\">Precisamos desnaturalizar a romantiza\u00e7\u00e3o do\u00a0empoderamento, \u00e9 uma coisa legal e necess\u00e1ria? SIM! Mas at\u00e9 se criar solidificadamente essa identidade empoderada, o caminho \u00e9 muito, muito dif\u00edcil, e quase sempre trilhamos ele sozinhos. N\u00e3o h\u00e1 uma m\u00e3o estendida dizendo o quanto somos belos, o quanto somos capazes, dizendo que somos merecedores de amor, que temos direito de viver e existir da forma que quisermos ser, que n\u00e3o h\u00e1 nada de errado com nossa cor, com nossa sexualidade, com nossa est\u00e9tica.N\u00e3o temos refer\u00eancias para nos espelharmos na maioria das vezes, j\u00e1 que o processo\/projeto de embranquecimento da popula\u00e7\u00e3o negra ainda segue firme, hoje em dia podemos encontrar um pouco mais de refer\u00eancias negras para nos espelharmos na internet, mas e negros e negras que n\u00e3o tem acesso as m\u00eddias, como ficam?<\/span><\/p>\n<p style=\"text-align: justify;\"><span style=\"font-size: 10pt;\">Queria ter uma solu\u00e7\u00e3o para isso agora, mas n\u00e3o tenho. Precisamos de uma rede de apoio entre n\u00f3s, que alcance pra al\u00e9m de negros e negras familiarizados intelectualmente com essas quest\u00f5es, que alcance toda a popula\u00e7\u00e3o negra. Que adentre em todos os espa\u00e7os que vivemos, precisamos de professores de negros, precisamos de negros nas novelas, filmes, s\u00e9ries, jornais, programas, na m\u00fasica, no teatro, como chefes, casais negros, etc\u2026 Precisamos nos ver nos espa\u00e7os, saber que podemos chegar l\u00e1, que podemos amar e ser amados, que somos capazes, que somos fortes, que somos belos, que pretos e pretas podem se amar! Isso \u00e9 revolucion\u00e1rio. N\u00e3o vou negar a exist\u00eancia do medo que habita em mim, sendo uma bixa preta transviada, no Brasil, o pa\u00eds extremamente racista, e que mais mata pessoas trans e travestis, qual minha expectativa de vida?!<\/span><\/p>\n<p style=\"text-align: justify;\"><span style=\"font-size: 10pt;\">Pra finalizar, deixo uma fala da Youtuber Luci Gon\u00e7alves:<\/span><br \/><span style=\"font-size: 10pt;\">\u201cQUANDO VOC\u00caS N\u00c3O MATAM A GENTE PELA CARNE, VOC\u00caS MATAM NOSSA ALMA TODOS OS DIAS\u201d<\/span><br \/><span style=\"font-size: 10pt;\">Pret@ voc\u00ea \u00e9 lind@!<\/span><br \/><span style=\"font-size: 10pt;\">Pret@ voc\u00ea \u00e9 foda!<\/span><br \/><span style=\"font-size: 10pt;\">Pret@ voc\u00ea \u00e9 capaz!<\/span><br \/><span style=\"font-size: 10pt;\">Pret@ ame outr@ pret@!<\/span><br \/><span style=\"font-size: 10pt;\">Pret@ voc\u00ea \u00e9 forte!<\/span><br \/><span style=\"font-size: 10pt;\">Pret@ voc\u00ea pode\u00a0!<\/span><br \/><span style=\"font-size: 10pt;\">Pret@ voc\u00ea merece ser amad@!<\/span><br \/><span style=\"font-size: 10pt;\">Pret@ voc\u00ea merece amar!<\/span><br \/><span style=\"font-size: 10pt;\">Pret@ eu amo voc\u00ea!<\/span><\/p>\n<!-- \/wp:tadv\/classic-paragraph -->\t\t\t\t\t\t<\/div>\n\t\t\t\t<\/div>\n\t\t\t\t\t<\/div>\n\t\t<\/div>\n\t\t\t\t\t<\/div>\n\t\t<\/section>\n\t\t\t\t<\/div>\n\t\t","protected":false},"excerpt":{"rendered":"<p>Por Alisson Batista \u00c9 muito doloroso se ver todos os dias como a poss\u00edvel vitima que ir\u00e1 para um quadro estat\u00edstico de mortes, a quest\u00e3o que fica \u00e9, se serei vitima de uma sociedade lgbtf\u00f3bica ou de um Estado racista, com um projeto de exterm\u00ednio da popula\u00e7\u00e3o negra. A estrutura social brasileira se formou, e [&hellip;]<\/p>\n","protected":false},"author":300,"featured_media":0,"parent":0,"menu_order":0,"comment_status":"closed","ping_status":"closed","template":"","meta":{"footnotes":""},"categories":[],"tags":[],"class_list":["post-684","page","type-page","status-publish","hentry"],"acf":[],"_links":{"self":[{"href":"https:\/\/www.ufsm.br\/pro-reitorias\/pre\/observatorio-de-direitos-humanos\/wp-json\/wp\/v2\/pages\/684","targetHints":{"allow":["GET"]}}],"collection":[{"href":"https:\/\/www.ufsm.br\/pro-reitorias\/pre\/observatorio-de-direitos-humanos\/wp-json\/wp\/v2\/pages"}],"about":[{"href":"https:\/\/www.ufsm.br\/pro-reitorias\/pre\/observatorio-de-direitos-humanos\/wp-json\/wp\/v2\/types\/page"}],"author":[{"embeddable":true,"href":"https:\/\/www.ufsm.br\/pro-reitorias\/pre\/observatorio-de-direitos-humanos\/wp-json\/wp\/v2\/users\/300"}],"replies":[{"embeddable":true,"href":"https:\/\/www.ufsm.br\/pro-reitorias\/pre\/observatorio-de-direitos-humanos\/wp-json\/wp\/v2\/comments?post=684"}],"version-history":[{"count":0,"href":"https:\/\/www.ufsm.br\/pro-reitorias\/pre\/observatorio-de-direitos-humanos\/wp-json\/wp\/v2\/pages\/684\/revisions"}],"wp:attachment":[{"href":"https:\/\/www.ufsm.br\/pro-reitorias\/pre\/observatorio-de-direitos-humanos\/wp-json\/wp\/v2\/media?parent=684"}],"wp:term":[{"taxonomy":"category","embeddable":true,"href":"https:\/\/www.ufsm.br\/pro-reitorias\/pre\/observatorio-de-direitos-humanos\/wp-json\/wp\/v2\/categories?post=684"},{"taxonomy":"post_tag","embeddable":true,"href":"https:\/\/www.ufsm.br\/pro-reitorias\/pre\/observatorio-de-direitos-humanos\/wp-json\/wp\/v2\/tags?post=684"}],"curies":[{"name":"wp","href":"https:\/\/api.w.org\/{rel}","templated":true}]}}