{"id":899,"date":"2019-06-11T13:55:32","date_gmt":"2019-06-11T16:55:32","guid":{"rendered":"https:\/\/www.ufsm.br\/pro-reitorias\/pre\/observatorio-de-direitos-humanos\/?page_id=899"},"modified":"2019-06-11T13:55:34","modified_gmt":"2019-06-11T16:55:34","slug":"programa-piscina-alegre-atividades-aquaticas-para-pessoas-com-deficiencias-3a-fase","status":"publish","type":"page","link":"https:\/\/www.ufsm.br\/pro-reitorias\/pre\/observatorio-de-direitos-humanos\/programa-piscina-alegre-atividades-aquaticas-para-pessoas-com-deficiencias-3a-fase","title":{"rendered":"Programa Piscina Alegre: Atividades Aqu\u00e1ticas para Pessoas com Defici\u00eancias \u2013 3\u00aa Fase"},"content":{"rendered":"\n<p>\n<strong>Coordenadora:\nProf. Dr\u00aa Luciana Erina Palma Viana<\/strong><\/p>\n\n\n\n<p>O\nprograma Piscina Alegre tem como objetivo proporcionar e estimular\nmelhorias nos dom\u00ednios do comportamento humano e nas condi\u00e7\u00f5es\nmorfofisiol\u00f3gicas de alunos com defici\u00eancia f\u00edsica, mental\ne sensorial atrav\u00e9s de atividades aqu\u00e1ticas.As atividades ser\u00e3o\nrealizadas as Quintas-feiras, das 14:30 \u00e0s 15:30 e das \u00e0s 15:30 as\n16:30, no complexo de piscinas t\u00e9rmicas do Centro de Educa\u00e7\u00e3o\nF\u00edsica e Desportos (CEFD) do Campus da Universidade Federal de Santa\nMaria (UFSM).O Grupo Participante do Programa &#8220;Piscina Alegre&#8221;\nse constituir\u00e1 de indiv\u00edduos com defici\u00eancia mental, f\u00edsica e\nsensorial da cidade de Santa Maria\/RS e regi\u00e3o.O Grupo de Trabalho\nque atuar\u00e1 no Programa &#8220;Piscina Alegre&#8221; se constituir\u00e1 de\nprofessores de Educa\u00e7\u00e3o F\u00edsica e acad\u00eamicos dos Cursos de\nEduca\u00e7\u00e3o F\u00edsica &#8211; Licenciatura e Bacharelado do CEFD\/UFSM.<\/p>\n\n\n\n<p>Com\nestes Grupos, espera-se:<\/p>\n\n\n\n<p>1\u00ba)\nque ao oferecer um espa\u00e7o de pr\u00e1tica de atividades f\u00edsicas,\nesportivas, de lazer e de conviv\u00eancia para pessoas com defici\u00eancia\ne seus familiares, contribuir para a efetiva\u00e7\u00e3o da inclus\u00e3o social\natrav\u00e9s de um sentimento de pertencimento, de fazer parte da\nsociedade usufruindo dos mesmos direitos como cidad\u00e3os na\nparticipa\u00e7\u00e3o social.<\/p>\n\n\n\n<p>2\u00ba)\ndesenvolver habilidades e capacidades f\u00edsicas\/motoras e outras\ncompet\u00eancias de aprendizagem, visando dar maior e melhor qualidade\nde vida aos participantes.<\/p>\n\n\n\n<p>3\u00ba)\nque este espa\u00e7o de pr\u00e1tica oportunize a promo\u00e7\u00e3o da sa\u00fade e da\nqualidade de vida; conviv\u00eancia social, aprendizagens diversas para\ntodos os envolvidos (pessoas com defici\u00eancia \u2013 alunos ,\nprofessores, acad\u00eamicos, familiares); continuidade em usufruir do\ndireito humano de acesso aos programas de Esporte e Lazer; e,\ncontribuir na forma\u00e7\u00e3o profissional .<\/p>\n\n\n\n<p>Espera-se\ntamb\u00e9m, ampliar e dar visibilidade ao Programa e a UFSM, atrav\u00e9s do\ndesenvolvimento de atividades qualificadas junto as Pessoas com\nDefici\u00eancia, seus familiares e as Institui\u00e7\u00f5es parceiras, assim\ncomo ao oferecer profissionais e acad\u00eamicos com experi\u00eancia,\nforma\u00e7\u00e3o e qualifica\u00e7\u00e3o na atua\u00e7\u00e3o, concretizar a confian\u00e7a no\ntrabalho desenvolvido no Programa e o reconhecimento da UFSM como\nformadora de profissionais qualificados e de possibilitar e\ndesenvolver Projetos e Programa de cunho inclusivo reconhecido como\num princ\u00edpio de cidadania, atrav\u00e9s da extens\u00e3o.<\/p>\n","protected":false},"excerpt":{"rendered":"<p>Coordenadora: Prof. Dr\u00aa Luciana Erina Palma Viana O programa Piscina Alegre tem como objetivo proporcionar e estimular melhorias nos dom\u00ednios do comportamento humano e nas condi\u00e7\u00f5es morfofisiol\u00f3gicas de alunos com defici\u00eancia f\u00edsica, mental e sensorial atrav\u00e9s de atividades aqu\u00e1ticas.As atividades ser\u00e3o realizadas as Quintas-feiras, das 14:30 \u00e0s 15:30 e das \u00e0s 15:30 as 16:30, no [&hellip;]<\/p>\n","protected":false},"author":1074,"featured_media":0,"parent":0,"menu_order":0,"comment_status":"closed","ping_status":"closed","template":"","meta":{"footnotes":""},"categories":[],"tags":[],"class_list":["post-899","page","type-page","status-publish","hentry"],"acf":[],"_links":{"self":[{"href":"https:\/\/www.ufsm.br\/pro-reitorias\/pre\/observatorio-de-direitos-humanos\/wp-json\/wp\/v2\/pages\/899","targetHints":{"allow":["GET"]}}],"collection":[{"href":"https:\/\/www.ufsm.br\/pro-reitorias\/pre\/observatorio-de-direitos-humanos\/wp-json\/wp\/v2\/pages"}],"about":[{"href":"https:\/\/www.ufsm.br\/pro-reitorias\/pre\/observatorio-de-direitos-humanos\/wp-json\/wp\/v2\/types\/page"}],"author":[{"embeddable":true,"href":"https:\/\/www.ufsm.br\/pro-reitorias\/pre\/observatorio-de-direitos-humanos\/wp-json\/wp\/v2\/users\/1074"}],"replies":[{"embeddable":true,"href":"https:\/\/www.ufsm.br\/pro-reitorias\/pre\/observatorio-de-direitos-humanos\/wp-json\/wp\/v2\/comments?post=899"}],"version-history":[{"count":0,"href":"https:\/\/www.ufsm.br\/pro-reitorias\/pre\/observatorio-de-direitos-humanos\/wp-json\/wp\/v2\/pages\/899\/revisions"}],"wp:attachment":[{"href":"https:\/\/www.ufsm.br\/pro-reitorias\/pre\/observatorio-de-direitos-humanos\/wp-json\/wp\/v2\/media?parent=899"}],"wp:term":[{"taxonomy":"category","embeddable":true,"href":"https:\/\/www.ufsm.br\/pro-reitorias\/pre\/observatorio-de-direitos-humanos\/wp-json\/wp\/v2\/categories?post=899"},{"taxonomy":"post_tag","embeddable":true,"href":"https:\/\/www.ufsm.br\/pro-reitorias\/pre\/observatorio-de-direitos-humanos\/wp-json\/wp\/v2\/tags?post=899"}],"curies":[{"name":"wp","href":"https:\/\/api.w.org\/{rel}","templated":true}]}}