{"id":967,"date":"2019-07-03T15:53:45","date_gmt":"2019-07-03T18:53:45","guid":{"rendered":"https:\/\/www.ufsm.br\/pro-reitorias\/pre\/observatorio-de-direitos-humanos\/?page_id=967"},"modified":"2020-09-01T15:47:02","modified_gmt":"2020-09-01T18:47:02","slug":"migraidh-2","status":"publish","type":"page","link":"https:\/\/www.ufsm.br\/pro-reitorias\/pre\/observatorio-de-direitos-humanos\/migraidh-2","title":{"rendered":"MIGRAIDH"},"content":{"rendered":"\n<p> <strong>COORDENADORA: Prof\u00aa Dr\u00aa Giuliana Redin<\/strong><\/p>\n\n\n\n<p>O <strong>Migraidh<\/strong>, Grupo de Pesquisa, Ensino e Extens\u00e3o Direitos Humanos e Mobilidade Humana Internacional da UFSM, iniciou suas atividades em 2013 junto ao curso de Direito da UFSM, desenvolvendo atividades interdisciplinares ao longo dos anos. O grupo prev\u00ea a\u00e7\u00f5es de ensino, pesquisa e extens\u00e3o dirigidas \u00e0 prote\u00e7\u00e3o e promo\u00e7\u00e3o de direitos humanos, ao acesso \u00e0 direitos, ao combate \u00e0 xenofobia, ao desenvolvimento de processos legislativos e pol\u00edticas p\u00fablicas e de integra\u00e7\u00e3o local da popula\u00e7\u00e3o migrante e refugiada, estruturalmente vulner\u00e1vel. Tamb\u00e9m prev\u00ea o planejamento e a execu\u00e7\u00e3o dos compromissos do Termo de Parceria firmado entre ACNUR e UFSM, em 2015, que institui a <strong>C\u00e1tedra S\u00e9rgio Vieira de Melo<\/strong> e designa o Migraidh como respons\u00e1vel t\u00e9cnico do conv\u00eanio na universidade, por meio da assessoria t\u00e9cnico-jur\u00eddica, a\u00e7\u00f5es de acolhimento, forma\u00e7\u00e3o e fortalecimento de redes e atua\u00e7\u00e3o pol\u00edtica.<\/p>\n\n\n\n<p>Em 2019, foi contemplado como projeto selecionado pelo Observat\u00f3rio de Direitos Humanos, no eixo Imigrantes e Refugiados.<\/p>\n\n\n\n<p>Para mais informa\u00e7\u00f5es sobre o grupo e suas a\u00e7\u00f5es, acesse o <a rel=\"noreferrer noopener\" href=\"https:\/\/www.ufsm.br\/grupos\/migraidh\/\" target=\"_blank\">site do grupo<\/a> ou a <a rel=\"noreferrer noopener\" href=\"https:\/\/www.facebook.com\/MigraidhCSVMUFSM\" target=\"_blank\">p\u00e1gina no Facebook<\/a>. <br>Para acessar o Projeto no Portal de Projetos da UFSM, <a href=\"https:\/\/portal.ufsm.br\/projetos\/publico\/projetos\/view.html?idProjeto=65607\" data-type=\"URL\" data-id=\"https:\/\/portal.ufsm.br\/projetos\/publico\/projetos\/view.html?idProjeto=65607\">clique aqui.<\/a><\/p>\n","protected":false},"excerpt":{"rendered":"<p>COORDENADORA: Prof\u00aa Dr\u00aa Giuliana Redin O Migraidh, Grupo de Pesquisa, Ensino e Extens\u00e3o Direitos Humanos e Mobilidade Humana Internacional da UFSM, iniciou suas atividades em 2013 junto ao curso de Direito da UFSM, desenvolvendo atividades interdisciplinares ao longo dos anos. O grupo prev\u00ea a\u00e7\u00f5es de ensino, pesquisa e extens\u00e3o dirigidas \u00e0 prote\u00e7\u00e3o e promo\u00e7\u00e3o de [&hellip;]<\/p>\n","protected":false},"author":1074,"featured_media":0,"parent":0,"menu_order":0,"comment_status":"closed","ping_status":"closed","template":"","meta":{"footnotes":""},"categories":[],"tags":[],"class_list":["post-967","page","type-page","status-publish","hentry"],"acf":[],"_links":{"self":[{"href":"https:\/\/www.ufsm.br\/pro-reitorias\/pre\/observatorio-de-direitos-humanos\/wp-json\/wp\/v2\/pages\/967","targetHints":{"allow":["GET"]}}],"collection":[{"href":"https:\/\/www.ufsm.br\/pro-reitorias\/pre\/observatorio-de-direitos-humanos\/wp-json\/wp\/v2\/pages"}],"about":[{"href":"https:\/\/www.ufsm.br\/pro-reitorias\/pre\/observatorio-de-direitos-humanos\/wp-json\/wp\/v2\/types\/page"}],"author":[{"embeddable":true,"href":"https:\/\/www.ufsm.br\/pro-reitorias\/pre\/observatorio-de-direitos-humanos\/wp-json\/wp\/v2\/users\/1074"}],"replies":[{"embeddable":true,"href":"https:\/\/www.ufsm.br\/pro-reitorias\/pre\/observatorio-de-direitos-humanos\/wp-json\/wp\/v2\/comments?post=967"}],"version-history":[{"count":0,"href":"https:\/\/www.ufsm.br\/pro-reitorias\/pre\/observatorio-de-direitos-humanos\/wp-json\/wp\/v2\/pages\/967\/revisions"}],"wp:attachment":[{"href":"https:\/\/www.ufsm.br\/pro-reitorias\/pre\/observatorio-de-direitos-humanos\/wp-json\/wp\/v2\/media?parent=967"}],"wp:term":[{"taxonomy":"category","embeddable":true,"href":"https:\/\/www.ufsm.br\/pro-reitorias\/pre\/observatorio-de-direitos-humanos\/wp-json\/wp\/v2\/categories?post=967"},{"taxonomy":"post_tag","embeddable":true,"href":"https:\/\/www.ufsm.br\/pro-reitorias\/pre\/observatorio-de-direitos-humanos\/wp-json\/wp\/v2\/tags?post=967"}],"curies":[{"name":"wp","href":"https:\/\/api.w.org\/{rel}","templated":true}]}}