{"id":341,"date":"2021-07-07T10:07:20","date_gmt":"2021-07-07T13:07:20","guid":{"rendered":"https:\/\/www.ufsm.br\/orgaos-de-apoio\/silveira-martins\/?page_id=341"},"modified":"2025-06-10T09:19:07","modified_gmt":"2025-06-10T12:19:07","slug":"4a-edicao-da-festa-literaria-de-santa-maria-acontece-na-proxima-semana","status":"publish","type":"page","link":"https:\/\/www.ufsm.br\/pro-reitorias\/pre\/silveira-martins\/4a-edicao-da-festa-literaria-de-santa-maria-acontece-na-proxima-semana","title":{"rendered":"4\u00aa Edi\u00e7\u00e3o da Festa Liter\u00e1ria de Santa Maria acontece na pr\u00f3xima semana"},"content":{"rendered":"<p style=\"text-align: center\">A quarta edi\u00e7\u00e3o da Festa Liter\u00e1ria de Santa Maria (FLISM) acontece na pr\u00f3xima semana, do dia 13 a 16 de julho de 2021. A iniciativa \u00e9 do Centro de Artes de Letras (CAL\/UFSM), em especial dos professores do curso de Letras Raquel Trentin (DLV) e En\u00e9ias Tavares (DLCL) e do docente do curso de M\u00fasica G\u00e9rson Werlang, sendo os tr\u00eas pesquisadores do P\u00f3s-Gradua\u00e7\u00e3o em Letras e da linha de pesquisa Literatura, Cultura e Interdisciplinaridade.\u00a0\u00a0Como no ano passado, em 2021 a FLISM retorna em seu site oficial (<a href=\"http:\/\/flism.com.br\/\">flism.com.br<\/a>) e no seu canal do YouTube (<a href=\"http:\/\/youtube.com\/flism\">youtube.com\/flism<\/a>) para mais uma edi\u00e7\u00e3o virtual, desta vez investindo n\u00e3o apenas nomes importantes da literatura brasileira contempor\u00e2nea como tamb\u00e9m em sua primeira presen\u00e7a internacional, a da autora portuguesa L\u00eddia Jorge. Al\u00e9m dela, a FLISM continua investindo numa programa\u00e7\u00e3o variada e ecl\u00e9tica, com pain\u00e9is sobre literatura brasileira, literatura de autoria feminina, literatura fant\u00e1stica &#8211; com a presen\u00e7a de Braulio Tavares e Eduardo Spohr -, do quadrinista Andr\u00e9 Diniz, e com encerramento com Milton Hatoum.\u00a0\u00a0Para garantir vaga no evento gratuito e tamb\u00e9m certificado, inscri\u00e7\u00f5es est\u00e3o sendo feitos atrav\u00e9s do seguinte formul\u00e1rio\u00a0<a href=\"https:\/\/forms.gle\/ih2nnSrc3RyGwPE98\">https:\/\/forms.gle\/ih2nnSrc3RyGwPE98<\/a>\u00a0. Neste ano, al\u00e9m do apoio da UFSM, da UFSM Silveira Martins e da Prefeitura de Santa Maria, o evento conta tamb\u00e9m com apoio financeiro do edital decorrente da Lei Emergencial Audir Blanc. A FLISM \u00e9 um dos projetos que integram o Espa\u00e7o Multidisciplinar de Pesquisa e Extens\u00e3o UFSM Silveira Martins.<\/p>\n<p style=\"text-align: center\">\n<img fetchpriority=\"high\" decoding=\"async\" src=\"https:\/\/www.ufsm.br\/app\/uploads\/sites\/821\/2021\/07\/PHOTO-2021-07-07-09-55-12-768x768.jpg\" alt=\"\" width=\"768\" height=\"768\" \/><\/p>\n<p style=\"text-align: center\">\n<img decoding=\"async\" src=\"https:\/\/www.ufsm.br\/app\/uploads\/sites\/821\/2021\/07\/PHOTO-2021-07-07-09-55-40-768x768.jpg\" alt=\"\" width=\"768\" height=\"768\" \/><\/p>\n","protected":false},"excerpt":{"rendered":"<p>A quarta edi\u00e7\u00e3o da Festa Liter\u00e1ria de Santa Maria (FLISM) acontece na pr\u00f3xima semana, do dia 13 a 16 de julho de 2021. A iniciativa \u00e9 do Centro de Artes de Letras (CAL\/UFSM), em especial dos professores do curso de Letras Raquel Trentin (DLV) e En\u00e9ias Tavares (DLCL) e do docente do curso de M\u00fasica [&hellip;]<\/p>\n","protected":false},"author":8855,"featured_media":0,"parent":0,"menu_order":0,"comment_status":"closed","ping_status":"closed","template":"","meta":{"footnotes":""},"categories":[],"tags":[],"class_list":["post-341","page","type-page","status-publish","hentry"],"acf":[],"_links":{"self":[{"href":"https:\/\/www.ufsm.br\/pro-reitorias\/pre\/silveira-martins\/wp-json\/wp\/v2\/pages\/341","targetHints":{"allow":["GET"]}}],"collection":[{"href":"https:\/\/www.ufsm.br\/pro-reitorias\/pre\/silveira-martins\/wp-json\/wp\/v2\/pages"}],"about":[{"href":"https:\/\/www.ufsm.br\/pro-reitorias\/pre\/silveira-martins\/wp-json\/wp\/v2\/types\/page"}],"author":[{"embeddable":true,"href":"https:\/\/www.ufsm.br\/pro-reitorias\/pre\/silveira-martins\/wp-json\/wp\/v2\/users\/8855"}],"replies":[{"embeddable":true,"href":"https:\/\/www.ufsm.br\/pro-reitorias\/pre\/silveira-martins\/wp-json\/wp\/v2\/comments?post=341"}],"version-history":[{"count":0,"href":"https:\/\/www.ufsm.br\/pro-reitorias\/pre\/silveira-martins\/wp-json\/wp\/v2\/pages\/341\/revisions"}],"wp:attachment":[{"href":"https:\/\/www.ufsm.br\/pro-reitorias\/pre\/silveira-martins\/wp-json\/wp\/v2\/media?parent=341"}],"wp:term":[{"taxonomy":"category","embeddable":true,"href":"https:\/\/www.ufsm.br\/pro-reitorias\/pre\/silveira-martins\/wp-json\/wp\/v2\/categories?post=341"},{"taxonomy":"post_tag","embeddable":true,"href":"https:\/\/www.ufsm.br\/pro-reitorias\/pre\/silveira-martins\/wp-json\/wp\/v2\/tags?post=341"}],"curies":[{"name":"wp","href":"https:\/\/api.w.org\/{rel}","templated":true}]}}