{"id":10394,"date":"2024-09-02T10:24:15","date_gmt":"2024-09-02T13:24:15","guid":{"rendered":"https:\/\/www.ufsm.br\/pro-reitorias\/pre\/?page_id=10394"},"modified":"2024-09-04T11:01:39","modified_gmt":"2024-09-04T14:01:39","slug":"bolsas-progredir-geoparque-cacapava","status":"publish","type":"page","link":"https:\/\/www.ufsm.br\/pro-reitorias\/pre\/bolsas-progredir-geoparque-cacapava","title":{"rendered":"Bolsas Progredir Geoparque Ca\u00e7apava"},"content":{"rendered":"\t\t<div data-elementor-type=\"wp-page\" data-elementor-id=\"10394\" class=\"elementor elementor-10394\">\n\t\t\t\t\t\t<section class=\"elementor-section elementor-top-section elementor-element elementor-element-15ce960 elementor-section-boxed elementor-section-height-default elementor-section-height-default\" data-id=\"15ce960\" data-element_type=\"section\">\n\t\t\t\t\t\t<div class=\"elementor-container elementor-column-gap-default\">\n\t\t\t\t\t<div class=\"elementor-column elementor-col-100 elementor-top-column elementor-element elementor-element-9d7eb03\" data-id=\"9d7eb03\" data-element_type=\"column\">\n\t\t\t<div class=\"elementor-widget-wrap elementor-element-populated\">\n\t\t\t\t\t\t<div class=\"elementor-element elementor-element-bc47b3c elementor-widget elementor-widget-text-editor\" data-id=\"bc47b3c\" data-element_type=\"widget\" data-widget_type=\"text-editor.default\">\n\t\t\t\t<div class=\"elementor-widget-container\">\n\t\t\t\t\t\t\t<table style=\"border-collapse: collapse;width: 100%\"><tbody><tr><td style=\"width: 25%;text-align: center\"><strong>Oportunidade<\/strong><\/td><td style=\"width: 25%;text-align: center\"><strong>N\u00ba. de Bolsa(s)<\/strong><\/td><td style=\"width: 25%;text-align: center\"><strong>Edital<\/strong><\/td><td style=\"width: 25%;text-align: center\"><strong>Resultado(s)<\/strong><\/td><\/tr><tr><td style=\"width: 25%\"><h4 class=\"my-2 py-2 editais-titulo\">Sele\u00e7\u00e3o de Bolsistas \u2013 Tutores para o Programa Progredir Geoparque Ca\u00e7apava<\/h4><\/td><td style=\"width: 25%;text-align: center\">03<\/td><td style=\"width: 25%;text-align: center\"><a href=\"https:\/\/www.ufsm.br\/pro-reitorias\/pre\/editais\/013-2024\">Edital 013\/2024<\/a><\/td><td style=\"width: 25%;text-align: center\"><p><a href=\"https:\/\/www.ufsm.br\/app\/uploads\/sites\/346\/2024\/04\/013-2024-PRE-UFSM-Resultado-Final.pdf\">Resultado Final<\/a><\/p><\/td><\/tr><tr><td style=\"width: 25%\"><h4 class=\"my-2 py-2 editais-titulo\">Sele\u00e7\u00e3o de cuidadores de crian\u00e7as Progredir Geoparque Ca\u00e7apava<\/h4><\/td><td style=\"width: 25%;text-align: center\">16<\/td><td style=\"width: 25%;text-align: center\"><a href=\"https:\/\/www.ufsm.br\/pro-reitorias\/pre\/editais\/015-2024\">Edital 015\/2024<\/a><\/td><td style=\"width: 25%;text-align: center\"><a href=\"https:\/\/www.ufsm.br\/app\/uploads\/sites\/346\/2024\/05\/015-2024-RESULTADO-FINAL-Cuidador_externo-interno.pdf\">Resultado Final<\/a><\/td><\/tr><tr><td style=\"width: 25%\"><h4 class=\"my-2 py-2 editais-titulo\">Sele\u00e7\u00e3o de bolsistas \u2013 Tutores da Comunica\u00e7\u00e3o Progredir Geoparque Ca\u00e7apava<\/h4><\/td><td style=\"width: 25%;text-align: center\">01<\/td><td style=\"width: 25%;text-align: center\"><a href=\"https:\/\/www.ufsm.br\/pro-reitorias\/pre\/editais\/059-2024\">Edital 059\/2024<\/a><\/td><td style=\"width: 25%;text-align: center\">\u00a0<\/td><\/tr><\/tbody><\/table>\t\t\t\t\t\t<\/div>\n\t\t\t\t<\/div>\n\t\t\t\t\t<\/div>\n\t\t<\/div>\n\t\t\t\t\t<\/div>\n\t\t<\/section>\n\t\t\t\t<\/div>\n\t\t","protected":false},"excerpt":{"rendered":"<p>Oportunidade N\u00ba. de Bolsa(s) Edital Resultado(s) Sele\u00e7\u00e3o de Bolsistas \u2013 Tutores para o Programa Progredir Geoparque Ca\u00e7apava 03 Edital 013\/2024 Resultado Final Sele\u00e7\u00e3o de cuidadores de crian\u00e7as Progredir Geoparque Ca\u00e7apava 16 Edital 015\/2024 Resultado Final Sele\u00e7\u00e3o de bolsistas \u2013 Tutores da Comunica\u00e7\u00e3o Progredir Geoparque Ca\u00e7apava 01 Edital 059\/2024 \u00a0<\/p>\n","protected":false},"author":8292,"featured_media":0,"parent":0,"menu_order":0,"comment_status":"closed","ping_status":"closed","template":"","meta":{"footnotes":""},"categories":[],"tags":[587,695,420],"class_list":["post-10394","page","type-page","status-publish","hentry","tag-geoparque-cacapava","tag-progredir-geoparque-cacapava","tag-selecao-de-bolsistas"],"acf":[],"_links":{"self":[{"href":"https:\/\/www.ufsm.br\/pro-reitorias\/pre\/wp-json\/wp\/v2\/pages\/10394","targetHints":{"allow":["GET"]}}],"collection":[{"href":"https:\/\/www.ufsm.br\/pro-reitorias\/pre\/wp-json\/wp\/v2\/pages"}],"about":[{"href":"https:\/\/www.ufsm.br\/pro-reitorias\/pre\/wp-json\/wp\/v2\/types\/page"}],"author":[{"embeddable":true,"href":"https:\/\/www.ufsm.br\/pro-reitorias\/pre\/wp-json\/wp\/v2\/users\/8292"}],"replies":[{"embeddable":true,"href":"https:\/\/www.ufsm.br\/pro-reitorias\/pre\/wp-json\/wp\/v2\/comments?post=10394"}],"version-history":[{"count":0,"href":"https:\/\/www.ufsm.br\/pro-reitorias\/pre\/wp-json\/wp\/v2\/pages\/10394\/revisions"}],"wp:attachment":[{"href":"https:\/\/www.ufsm.br\/pro-reitorias\/pre\/wp-json\/wp\/v2\/media?parent=10394"}],"wp:term":[{"taxonomy":"category","embeddable":true,"href":"https:\/\/www.ufsm.br\/pro-reitorias\/pre\/wp-json\/wp\/v2\/categories?post=10394"},{"taxonomy":"post_tag","embeddable":true,"href":"https:\/\/www.ufsm.br\/pro-reitorias\/pre\/wp-json\/wp\/v2\/tags?post=10394"}],"curies":[{"name":"wp","href":"https:\/\/api.w.org\/{rel}","templated":true}]}}