{"id":11502,"date":"2025-04-11T09:06:56","date_gmt":"2025-04-11T12:06:56","guid":{"rendered":"https:\/\/www.ufsm.br\/pro-reitorias\/pre\/?page_id=11502"},"modified":"2025-04-11T14:20:58","modified_gmt":"2025-04-11T17:20:58","slug":"fiex-2025","status":"publish","type":"page","link":"https:\/\/www.ufsm.br\/pro-reitorias\/pre\/oportunidades-de-bolsas-de-extensao\/fiex-2025","title":{"rendered":"Fundo de Incentivo \u00e0 Extens\u00e3o 2025"},"content":{"rendered":"\t\t<div data-elementor-type=\"wp-page\" data-elementor-id=\"11502\" class=\"elementor elementor-11502\">\n\t\t\t\t\t\t<section class=\"elementor-section elementor-top-section elementor-element elementor-element-09327f8 elementor-section-boxed elementor-section-height-default elementor-section-height-default\" data-id=\"09327f8\" data-element_type=\"section\">\n\t\t\t\t\t\t<div class=\"elementor-container elementor-column-gap-default\">\n\t\t\t\t\t<div class=\"elementor-column elementor-col-100 elementor-top-column elementor-element elementor-element-297d640\" data-id=\"297d640\" data-element_type=\"column\">\n\t\t\t<div class=\"elementor-widget-wrap elementor-element-populated\">\n\t\t\t\t\t\t<div class=\"elementor-element elementor-element-b643df2 elementor-widget elementor-widget-text-editor\" data-id=\"b643df2\" data-element_type=\"widget\" data-widget_type=\"text-editor.default\">\n\t\t\t\t<div class=\"elementor-widget-container\">\n\t\t\t\t\t\t\t<table style=\"border-collapse: collapse;width: 100%;height: 563px\"><tbody><tr style=\"height: 23px\"><td style=\"width: 100%;height: 23px\"><a href=\"https:\/\/www.ufsm.br\/pro-reitorias\/pre\/oportunidades-de-bolsas-de-extensao\/fiex-2025\/bolsas-de-extensao-cal-2025\">Centro de Artes e Letras &#8211; CAL<\/a><\/td><\/tr><tr style=\"height: 47px\"><td style=\"width: 100%;height: 47px\"><a href=\"https:\/\/www.ufsm.br\/pro-reitorias\/pre\/oportunidades-de-bolsas-de-extensao\/fiex-2025\/bolsas-de-extensao-ccs-2025\">Centro de Ci\u00eancias da Sa\u00fade &#8211; CCS<\/a><\/td><\/tr><tr style=\"height: 47px\"><td style=\"width: 100%;height: 47px\"><a href=\"https:\/\/www.ufsm.br\/pro-reitorias\/pre\/oportunidades-de-bolsas-de-extensao\/fiex-2025\/bolsas-de-extensao-ccne-2025\">Centro de Ci\u00eancias Naturais e Exatas &#8211; CCNE<\/a><\/td><\/tr><tr style=\"height: 47px\"><td style=\"width: 100%;height: 47px\"><a href=\"https:\/\/www.ufsm.br\/pro-reitorias\/pre\/oportunidades-de-bolsas-de-extensao\/fiex-2025\/bolsas-de-extensao-ccr-2025\">Centro de Ci\u00eancias Rurais &#8211; CCR<\/a><\/td><\/tr><tr style=\"height: 47px\"><td style=\"width: 100%;height: 47px\"><a href=\"https:\/\/www.ufsm.br\/pro-reitorias\/pre\/oportunidades-de-bolsas-de-extensao\/fiex-2025\/bolsas-de-extensao-ccsh-2025\">Centro de Ci\u00eancias Sociais e Humanas &#8211; CCSH<\/a><\/td><\/tr><tr style=\"height: 23px\"><td style=\"width: 100%;height: 23px\"><a href=\"https:\/\/www.ufsm.br\/pro-reitorias\/pre\/oportunidades-de-bolsas-de-extensao\/fiex-2025\/bolsas-de-extensao-ce-2025\">Centro de Educa\u00e7\u00e3o &#8211; CE<\/a><\/td><\/tr><tr style=\"height: 47px\"><td style=\"width: 100%;height: 47px\"><a href=\"https:\/\/www.ufsm.br\/pro-reitorias\/pre\/oportunidades-de-bolsas-de-extensao\/fiex-2025\/bolsas-de-extensao-cefd-2025\">Centro de Educa\u00e7\u00e3o F\u00edsica e Desportos &#8211; CEFD<\/a><\/td><\/tr><tr style=\"height: 23px\"><td style=\"width: 100%;height: 23px\"><a href=\"https:\/\/www.ufsm.br\/pro-reitorias\/pre\/oportunidades-de-bolsas-de-extensao\/fiex-2025\/bolsas-de-extensao-ct-2025\">Centro de Tecnologia &#8211; CT<\/a><\/td><\/tr><tr style=\"height: 47px\"><td style=\"width: 100%;height: 47px\"><a href=\"https:\/\/www.ufsm.br\/pro-reitorias\/pre\/oportunidades-de-bolsas-de-extensao\/fiex-2025\/bolsas-de-extensao-cs-2025\">Campus de Cachoeira do Sul &#8211; CS<\/a><\/td><\/tr><tr style=\"height: 47px\"><td style=\"width: 100%;height: 47px\"><a href=\"https:\/\/www.ufsm.br\/pro-reitorias\/pre\/oportunidades-de-bolsas-de-extensao\/fiex-2025\/bolsas-de-extensao-pm-2025\">Campus de Palmeira das Miss\u00f5es &#8211; PM<\/a><\/td><\/tr><tr style=\"height: 47px\"><td style=\"width: 100%;height: 47px\"><a href=\"https:\/\/www.ufsm.br\/pro-reitorias\/pre\/oportunidades-de-bolsas-de-extensao\/fiex-2025\/bolsas-de-extensao-fw-2025\">Campus de Frederico Westphalen &#8211; FW<\/a><\/td><\/tr><tr style=\"height: 47px\"><td style=\"width: 100%;height: 47px\"><a href=\"https:\/\/www.ufsm.br\/pro-reitorias\/pre\/oportunidades-de-bolsas-de-extensao\/fiex-2025\/bolsas-de-extensao-poli-2025\">Col\u00e9gio Polit\u00e9cnico de Santa Maria &#8211; POLIT\u00c9CNICO<\/a><\/td><\/tr><tr style=\"height: 47px\"><td style=\"width: 100%;height: 47px\"><a href=\"https:\/\/www.ufsm.br\/pro-reitorias\/pre\/oportunidades-de-bolsas-de-extensao\/fiex-2025\/bolsas-de-extensao-ctism-2025\">Col\u00e9gio T\u00e9cnico Industrial de Santa Maria &#8211; CTISM<\/a><\/td><\/tr><tr style=\"height: 24px\"><td style=\"width: 100%;height: 24px\"><a href=\"https:\/\/www.ufsm.br\/pro-reitorias\/pre\/oportunidades-de-bolsas-de-extensao\/fiex-2025\/bolsas-de-extensao-reitoria-ipe-2025\">Reitoria &#8211; Ip\u00ea Amarelo<\/a><\/td><\/tr><\/tbody><\/table>\t\t\t\t\t\t<\/div>\n\t\t\t\t<\/div>\n\t\t\t\t\t<\/div>\n\t\t<\/div>\n\t\t\t\t\t<\/div>\n\t\t<\/section>\n\t\t\t\t<\/div>\n\t\t","protected":false},"excerpt":{"rendered":"<p>Centro de Artes e Letras &#8211; CAL Centro de Ci\u00eancias da Sa\u00fade &#8211; CCS Centro de Ci\u00eancias Naturais e Exatas &#8211; CCNE Centro de Ci\u00eancias Rurais &#8211; CCR Centro de Ci\u00eancias Sociais e Humanas &#8211; CCSH Centro de Educa\u00e7\u00e3o &#8211; CE Centro de Educa\u00e7\u00e3o F\u00edsica e Desportos &#8211; CEFD Centro de Tecnologia &#8211; CT Campus [&hellip;]<\/p>\n","protected":false},"author":7238,"featured_media":0,"parent":8941,"menu_order":0,"comment_status":"closed","ping_status":"closed","template":"","meta":{"footnotes":""},"categories":[],"tags":[],"class_list":["post-11502","page","type-page","status-publish","hentry"],"acf":[],"_links":{"self":[{"href":"https:\/\/www.ufsm.br\/pro-reitorias\/pre\/wp-json\/wp\/v2\/pages\/11502","targetHints":{"allow":["GET"]}}],"collection":[{"href":"https:\/\/www.ufsm.br\/pro-reitorias\/pre\/wp-json\/wp\/v2\/pages"}],"about":[{"href":"https:\/\/www.ufsm.br\/pro-reitorias\/pre\/wp-json\/wp\/v2\/types\/page"}],"author":[{"embeddable":true,"href":"https:\/\/www.ufsm.br\/pro-reitorias\/pre\/wp-json\/wp\/v2\/users\/7238"}],"replies":[{"embeddable":true,"href":"https:\/\/www.ufsm.br\/pro-reitorias\/pre\/wp-json\/wp\/v2\/comments?post=11502"}],"version-history":[{"count":0,"href":"https:\/\/www.ufsm.br\/pro-reitorias\/pre\/wp-json\/wp\/v2\/pages\/11502\/revisions"}],"up":[{"embeddable":true,"href":"https:\/\/www.ufsm.br\/pro-reitorias\/pre\/wp-json\/wp\/v2\/pages\/8941"}],"wp:attachment":[{"href":"https:\/\/www.ufsm.br\/pro-reitorias\/pre\/wp-json\/wp\/v2\/media?parent=11502"}],"wp:term":[{"taxonomy":"category","embeddable":true,"href":"https:\/\/www.ufsm.br\/pro-reitorias\/pre\/wp-json\/wp\/v2\/categories?post=11502"},{"taxonomy":"post_tag","embeddable":true,"href":"https:\/\/www.ufsm.br\/pro-reitorias\/pre\/wp-json\/wp\/v2\/tags?post=11502"}],"curies":[{"name":"wp","href":"https:\/\/api.w.org\/{rel}","templated":true}]}}