{"id":11507,"date":"2025-04-11T11:12:21","date_gmt":"2025-04-11T14:12:21","guid":{"rendered":"https:\/\/www.ufsm.br\/pro-reitorias\/pre\/?page_id=11507"},"modified":"2025-09-12T16:21:40","modified_gmt":"2025-09-12T19:21:40","slug":"bolsas-de-extensao-ccr-2025","status":"publish","type":"page","link":"https:\/\/www.ufsm.br\/pro-reitorias\/pre\/oportunidades-de-bolsas-de-extensao\/fiex-2025\/bolsas-de-extensao-ccr-2025","title":{"rendered":"Bolsas de Extens\u00e3o &#8211; CCR 2025"},"content":{"rendered":"\t\t<div data-elementor-type=\"wp-page\" data-elementor-id=\"11507\" class=\"elementor elementor-11507\">\n\t\t\t\t\t\t<section class=\"elementor-section elementor-top-section elementor-element elementor-element-67580be elementor-section-boxed elementor-section-height-default elementor-section-height-default\" data-id=\"67580be\" data-element_type=\"section\">\n\t\t\t\t\t\t<div class=\"elementor-container elementor-column-gap-default\">\n\t\t\t\t\t<div class=\"elementor-column elementor-col-100 elementor-top-column elementor-element elementor-element-5bc9b96\" data-id=\"5bc9b96\" data-element_type=\"column\">\n\t\t\t<div class=\"elementor-widget-wrap elementor-element-populated\">\n\t\t\t\t\t\t<div class=\"elementor-element elementor-element-eb1ab5a elementor-widget elementor-widget-text-editor\" data-id=\"eb1ab5a\" data-element_type=\"widget\" data-widget_type=\"text-editor.default\">\n\t\t\t\t<div class=\"elementor-widget-container\">\n\t\t\t\t\t\t\t<table style=\"height: 168px;width: 92.101%;border-collapse: collapse\" cellpadding=\"20 px\"><tbody><tr style=\"height: 24px\"><td style=\"width: 38.1314%;height: 24px;text-align: center\"><span style=\"font-family: arial, helvetica, sans-serif\"><strong>A\u00c7\u00c3O DE EXTENS\u00c3O<\/strong><\/span><\/td><td style=\"width: 1.86865%;height: 24px;text-align: center\"><span style=\"font-family: arial, helvetica, sans-serif\"><strong>COORDENADOR(A)<\/strong><\/span><\/td><td style=\"width: 20%;height: 24px;text-align: center\"><span style=\"font-family: arial, helvetica, sans-serif\"><strong>BOLSAS<\/strong><\/span><\/td><td style=\"width: 20%;height: 24px;text-align: center\"><span style=\"font-family: arial, helvetica, sans-serif\"><strong>EDITAL<\/strong><\/span><\/td><td style=\"width: 20%;height: 24px;text-align: center\"><span style=\"font-family: arial, helvetica, sans-serif\"><strong>RESULTADO<\/strong><\/span><\/td><\/tr><tr style=\"height: 20px\"><td style=\"width: 38.1314%;height: 10px\">&#8220;IRRIGA-A\u00c7\u00c3O&#8221;: Vitrines tecnol\u00f3gicas regionais de irriga\u00e7\u00e3o<\/td><td style=\"width: 1.86865%;height: 10px\">Juliano Dalcin Martins<\/td><td style=\"width: 20%;text-align: center;height: 10px\">03<\/td><td style=\"width: 20%;height: 10px;text-align: center\"><a href=\"https:\/\/www.ufsm.br\/app\/uploads\/sites\/346\/2025\/04\/001-2025-ANEXO-C-MODELO-DE-EDITAL-DE-SELECAO-DE-BOLSISTAS-EDITAL-FIEX-2025_assinado-Juliano-Martins.pdf\">Edital<\/a><br \/><a href=\"https:\/\/www.ufsm.br\/app\/uploads\/sites\/346\/2025\/04\/001-2025-ANEXO-C-MODELO-DE-EDITAL-DE-SELECAO-DE-BOLSISTAS-EDITAL-FIEX-2025_RETIFICADO_assinado_JULIANO-DALCIN-MARTINS.pdf\">Edital retificado<\/a><\/td><td style=\"width: 20%;height: 10px;text-align: center\">\u00a0<a href=\"https:\/\/www.ufsm.br\/app\/uploads\/sites\/346\/2025\/04\/RESULTADO_-EDITAL-DE-SELECAO-DE-BOLSISTAS-EDITAL-FIEX-2025_assinado-1.pdf\">Resultado<\/a><\/td><\/tr><tr style=\"height: 20px\"><td style=\"width: 38.1314%;height: 10px\">\u00a0Divulga\u00e7\u00e3o e Expans\u00e3o da Cunicultura atrav\u00e9s da Coelhoterapia<\/td><td style=\"width: 1.86865%;height: 10px\">\u00a0PRISCILA BECKER FERREIRA BURDULIS<\/td><td style=\"width: 20%;text-align: center;height: 10px\">02\u00a0<\/td><td style=\"width: 20%;height: 10px;text-align: center\">\u00a0<a href=\"https:\/\/www.ufsm.br\/app\/uploads\/sites\/346\/2025\/04\/Edital-de-selecao-de-bolsista-FIEX-projeto-063239.pdf\">Edital<\/a><\/td><td style=\"width: 20%;height: 10px;text-align: center\"><a href=\"https:\/\/www.ufsm.br\/app\/uploads\/sites\/346\/2025\/04\/resultado_final_fiex_assinado_PRISCILA-BECKER-FERREIRA-BURDULIS.pdf\">Resultado Final<\/a><\/td><\/tr><tr style=\"height: 24px\"><td style=\"width: 38.1314%;height: 24px\">Vamos conversar sobre abelhas?<\/td><td style=\"width: 1.86865%;height: 24px\">\u00a0FERNANDA CRISTINA BREDA MELLO<\/td><td style=\"width: 20%;text-align: center;height: 24px\">01\u00a0<\/td><td style=\"width: 20%;height: 24px;text-align: center\">\u00a0<a href=\"https:\/\/www.ufsm.br\/app\/uploads\/sites\/346\/2025\/04\/Edital-FIX-2025_-Lapimel.pdf\">Edital<\/a>; <a href=\"https:\/\/www.ufsm.br\/app\/uploads\/sites\/346\/2025\/04\/EDITAL-DE-SELECAO-DE-BOLSISTAS-EDITAL-FIEX-2025_retificado-1.pdf\">Edital Retificado<\/a><\/td><td style=\"width: 20%;height: 24px;text-align: center\"><a href=\"https:\/\/www.ufsm.br\/app\/uploads\/sites\/346\/2025\/04\/Resultado_FIEX_Fernanda-Cristina-Breda-Mello.pdf\">Resultado Final<\/a><\/td><\/tr><tr style=\"height: 20px\"><td style=\"width: 38.1314%;height: 10px\">USO DE FERRAMENTAS<br \/>VIRTUAIS PARA<br \/>DISSEMINA\u00c7\u00c3O DE<br \/>CONHECIMENTO SOBRE<br \/>MELHORAMENTO<br \/>GEN\u00c9TICO ANIMAL A<br \/>SOCIEDADE<\/td><td style=\"width: 1.86865%;height: 10px\">Thaise Pinto de Melo<\/td><td style=\"width: 20%;text-align: center;height: 10px\">01<\/td><td style=\"width: 20%;height: 10px;text-align: center\"><a href=\"https:\/\/www.ufsm.br\/app\/uploads\/sites\/346\/2025\/04\/Thaise-Pinto-de-Melo_CCR.pdf\">Edital\u00a0<\/a><\/td><td style=\"width: 20%;height: 10px;text-align: center\"><a href=\"https:\/\/www.ufsm.br\/app\/uploads\/sites\/346\/2025\/04\/fiex_resultado2025_assinado_THAISE-PINTO-DE-MELO.pdf\">Resultado Final<\/a><\/td><\/tr><tr style=\"height: 20px\"><td style=\"width: 38.1314%;height: 10px\">\u00a0Alimenta\u00e7\u00e3o consciente: incentivando o consumo de fibras na comunidade escolar<\/td><td style=\"width: 1.86865%;height: 10px\">\u00a0ANA BETINE BEUTINGER BENDER<\/td><td style=\"width: 20%;text-align: center;height: 10px\">\u00a001<\/td><td style=\"width: 20%;height: 10px;text-align: center\">\u00a0<a href=\"https:\/\/www.ufsm.br\/app\/uploads\/sites\/346\/2025\/04\/EDITAL-DE-SELECAO-DE-BOLSISTAS-EDITAL-FIEX-2025_Ana_Betine_Bender.pdf\">Edital<\/a><\/td><td style=\"width: 20%;height: 10px;text-align: center\"><a href=\"https:\/\/www.ufsm.br\/app\/uploads\/sites\/346\/2025\/04\/RESULTADO_FINAL_EDITAL-DE-SELECAO-DE-BOLSISTAS-EDITAL-FIEX-2025_Ana_Betine_Bender.pdf\">Resulado Final<\/a><\/td><\/tr><tr style=\"height: 20px\"><td style=\"width: 38.1314%;height: 10px\">\u00a0Introdu\u00e7\u00e3o de Novas Esp\u00e9cies de Flores no Projeto Flores para Todos<\/td><td style=\"width: 1.86865%;height: 10px\">\u00a0Nereu Augusto Streck<\/td><td style=\"width: 20%;text-align: center;height: 10px\">01\u00a0<\/td><td style=\"width: 20%;height: 10px;text-align: center\"><a href=\"https:\/\/www.ufsm.br\/app\/uploads\/sites\/346\/2025\/04\/DOC-20250418-WA0049_.pdf\">Edital<\/a>\u00a0<\/td><td style=\"width: 20%;height: 10px;text-align: center\"><a href=\"https:\/\/www.ufsm.br\/app\/uploads\/sites\/346\/2025\/04\/DOC-20250429-WA0004_Nereu-Augusto-Streck.pdf\">Resultado Final<\/a><\/td><\/tr><tr style=\"height: 20px\"><td style=\"width: 38.1314%;height: 10px\">\u201cHortas Comunit\u00e1rias em Santa Maria \u2013 Seguran\u00e7a alimentar e economia solid\u00e1ria\u201d<\/td><td style=\"width: 1.86865%;height: 10px\">Juarez Felisberto<\/td><td style=\"width: 20%;text-align: center;height: 10px\">02<\/td><td style=\"width: 20%;height: 10px;text-align: center\"><a href=\"https:\/\/www.ufsm.br\/app\/uploads\/sites\/346\/2025\/04\/001_2025_Edital_Fiex_Hortas_assinado.pdf\">Edital<\/a><\/td><td style=\"width: 20%;height: 10px;text-align: center\"><a href=\"https:\/\/www.ufsm.br\/app\/uploads\/sites\/346\/2025\/04\/001_2025_Edital_Fiex_Hortas_ResultadoFinal_Assinado_Juarez-Felisberto.pdf\">Resultado Final<\/a><\/td><\/tr><tr style=\"height: 20px\"><td style=\"width: 38.1314%;height: 10px\">\u00a0Programa de orienta\u00e7\u00e3o permanente em reprodu\u00e7\u00e3o, sanidade, nutri\u00e7\u00e3o e manejo de su\u00ednos para os pequenos e m\u00e9dios produtores localizados na regi\u00e3o de Santa Maria &#8211; RS<\/td><td style=\"width: 1.86865%;height: 10px\">\u00a0Carlos Rossi<\/td><td style=\"width: 20%;text-align: center;height: 10px\">\u00a001<\/td><td style=\"width: 20%;height: 10px;text-align: center\"><a href=\"https:\/\/www.ufsm.br\/app\/uploads\/sites\/346\/2025\/04\/Selecao-bolsistas-fiex-2025-1.pdf\">Edital<\/a>\u00a0<\/td><td style=\"width: 20%;height: 10px;text-align: center\"><p><a href=\"https:\/\/www.ufsm.br\/app\/uploads\/sites\/346\/2025\/04\/Selecionados_bolsistas-fiex-2025_Carlos-Rossi.pdf\">Resultado Preliminar<\/a><\/p><p><a href=\"https:\/\/www.ufsm.br\/app\/uploads\/sites\/346\/2025\/04\/Selecionados_bolsistas-fiex-2025_resultado-Final_Carlos-Rossi.pdf\">Resultado Final<\/a><\/p><\/td><\/tr><tr style=\"height: 20px\"><td style=\"width: 38.1314%;height: 10px\">PLANTAS<br \/>ALIMENT\u00cdCIAS N\u00c3O<br \/>CONVENCIONAIS<br \/>(PANC): CULTIVO,<br \/>IDENTIFICA\u00c7\u00c3O E<br \/>USOS<br \/>ALIMENTARES E<br \/>MEDICINAIS.<\/td><td style=\"width: 1.86865%;height: 10px\">Aline Sobreira<br \/>Bezerra<\/td><td style=\"width: 20%;text-align: center;height: 10px\">02<\/td><td style=\"width: 20%;height: 10px;text-align: center\"><a href=\"https:\/\/www.ufsm.br\/app\/uploads\/sites\/346\/2025\/04\/EDITAL-DE-SELECAO-DE-BOLSISTAS-EDITAL-FIEX-2025_-_Prof._Aline_Sobreira_Bezerra_assinado.pdf\">Edital<\/a><\/td><td style=\"width: 20%;height: 10px;text-align: center\"><a href=\"https:\/\/www.ufsm.br\/app\/uploads\/sites\/346\/2025\/04\/RESULTADO_FINAL_FIEX_2025_assinado_Aline-Sobreira-Bezerra.pdf\">Resultado Final<\/a><\/td><\/tr><tr style=\"height: 20px\"><td style=\"width: 38.1314%;height: 10px\">Diagn\u00f3stico e evolu\u00e7\u00e3o<br \/>da fertilidade do solo<br \/>no Rio Grande do Sul e<br \/>Santa Catarina<\/td><td style=\"width: 1.86865%;height: 10px\">F\u00e1bio Joel Kochem Mallmann<\/td><td style=\"width: 20%;text-align: center;height: 10px\">02<\/td><td style=\"width: 20%;height: 10px;text-align: center\"><a href=\"https:\/\/www.ufsm.br\/app\/uploads\/sites\/346\/2025\/04\/FIEX-2025-EDITAL-DE-SELECAO-DE-BOLSISTAS-Fabio-Mallmann.pdf\">Edital<\/a><\/td><td style=\"width: 20%;height: 10px;text-align: center\"><a href=\"https:\/\/www.ufsm.br\/app\/uploads\/sites\/346\/2025\/04\/Resultado-final-da-selecao-de-bolsistas-FIEX-2025-Fabio-Mallmann.pdf\">Resultado Final<\/a><\/td><\/tr><tr><td style=\"width: 38.1314%\">PROGRAMA<br \/>DE EXTENS\u00c3O<br \/>EM<br \/>ALIMENTOS<\/td><td style=\"width: 1.86865%\">Grazielle Castagna Cezimbra Weis<\/td><td style=\"width: 20%;text-align: center\">02<\/td><td style=\"width: 20%;text-align: center\"><a href=\"https:\/\/www.ufsm.br\/app\/uploads\/sites\/346\/2025\/04\/EDITAL-DE-SELECAO-DE-BOLSISTAS-EDITAL-FIEX-2025_assinado_Grazielle-Castagna-Cezimbra-Weis.pdf\">Edital<\/a><\/td><td style=\"width: 20%;text-align: center\"><a href=\"https:\/\/www.ufsm.br\/app\/uploads\/sites\/346\/2025\/04\/Resultado-FINAL-selecao-Bolsista-Extensao_FIEX-2025_Programa-de-Extensao_Grazielle-Castagna-Cezimbra-Weis.pdf\">Resultado Final<\/a><\/td><\/tr><tr><td style=\"width: 38.1314%\">MANEJO E USO<br \/>SEGURO DE<br \/>MOTORRO\u00c7ADORA<br \/>S NA REGI\u00c3O<br \/>CENTRAL DO<br \/>ESTADO DO RIO<br \/>GRANDE DO SUL<\/td><td style=\"width: 1.86865%\">Catize Brandelero<\/td><td style=\"width: 20%;text-align: center\"><p>02<\/p><p>01<\/p><\/td><td style=\"width: 20%;text-align: center\"><p><a href=\"https:\/\/www.ufsm.br\/app\/uploads\/sites\/346\/2025\/04\/FIEX_-_MANEJO_E_USO_SEGURO_DE_MOTORROCADORAS_NA_REGIAO_CENTRAL_DO_ESTADO_DO_RIO_GRANDE_DO_SUL_assinado_Catize-Brandelero.pdf\">Edital\/01<\/a><\/p><p><a href=\"https:\/\/www.ufsm.br\/app\/uploads\/sites\/346\/2025\/09\/Catize-Brandelero-1.pdf\">Edital\/02<\/a><\/p><\/td><td style=\"width: 20%;text-align: center\"><p><a href=\"https:\/\/www.ufsm.br\/app\/uploads\/sites\/346\/2025\/04\/Resultado_Parcial_selecao_do_bolsista-FIEX_Catize-Brandelero.pdf\">Resultado Preliminar\/01<\/a><\/p><p><a href=\"https:\/\/www.ufsm.br\/app\/uploads\/sites\/346\/2025\/04\/Resultado_Final_selecao_do_bolsista_30_04_assinado_Catize-Brandelero.pdf\">Resultado Final\/01<\/a><\/p><p><a href=\"https:\/\/www.ufsm.br\/app\/uploads\/sites\/346\/2025\/09\/Resultado_Parcial_selecao_do_bolsista_12_09_2025_assinado-1.pdf\">Resultado Preliminar\/02<\/a><\/p><\/td><\/tr><tr><td style=\"width: 38.1314%\">Programa Prodotti Alimentari: conectando saberes acad\u00eamicos e viv\u00eancias de sabores na Quarta Col\u00f4nia<\/td><td style=\"width: 1.86865%\">\u00a0Neila Silvia Pereira e Flavia Michelon Dalla Nora<\/td><td style=\"width: 20%;text-align: center\">02\u00a0<\/td><td style=\"width: 20%;text-align: center\">\u00a0<a href=\"https:\/\/www.ufsm.br\/app\/uploads\/sites\/346\/2025\/04\/Edital_de_selecao_de_bolsista_FIEX_2025_abril_2025_21_04_1_assinado_assinado.pdf\">Edital<\/a><\/td><td style=\"width: 20%;text-align: center\"><p><a href=\"https:\/\/www.ufsm.br\/app\/uploads\/sites\/346\/2025\/04\/ResultadoPreliminarSelacaoBolsistaFIEX2025.pdf\">Resultado Preliminar<\/a><\/p><p><a href=\"https:\/\/www.ufsm.br\/app\/uploads\/sites\/346\/2025\/04\/RESULTADO-FINAL-FIEX-CCR-2025-28-04-2025_Neila-Richards.pdf\">Resultado Final<\/a><\/p><\/td><\/tr><tr><td style=\"width: 38.1314%\">\u00a0Capacita\u00e7\u00e3o de<br \/>manipuladores e<br \/>propriet\u00e1rios de<br \/>Servi\u00e7os de<br \/>Alimenta\u00e7\u00e3o para<br \/>adequa\u00e7\u00e3o \u00e0s normas<br \/>da RDC n\u00b0 216 da<br \/>Anvisa<\/td><td style=\"width: 1.86865%\">\u00a0Neila Silvia Pereira e Flavia Michelon Dalla Nora<\/td><td style=\"width: 20%;text-align: center\">02\u00a0<\/td><td style=\"width: 20%;text-align: center\">\u00a0<a href=\"https:\/\/www.ufsm.br\/app\/uploads\/sites\/346\/2025\/04\/Edital_de_selecao_de_bolsista_FIEX_2025_abril_2025_21_04_1_assinado_assinado.pdf\">Edital<\/a><\/td><td style=\"width: 20%;text-align: center\"><p><a href=\"https:\/\/www.ufsm.br\/app\/uploads\/sites\/346\/2025\/04\/ResultadoPreliminarSelacaoBolsistaFIEX2025.pdf\">Resultado Preliminar\u00a0<\/a><\/p><p><a href=\"https:\/\/www.ufsm.br\/app\/uploads\/sites\/346\/2025\/04\/RESULTADO-FINAL-FIEX-CCR-2025-28-04-2025_Neila-Richards.pdf\">Resultado Final<\/a><\/p><\/td><\/tr><tr><td style=\"width: 38.1314%\">\u00a0MELIPONICULTUR A UMA FORMA DE VALORIZAR A FAM\u00cdLIA DO CAMPO DA REGI\u00c3O CENTRAL DO RIO GRANDE DO SUL E DA BAIXADA MARANHENSE \u201c<\/td><td style=\"width: 1.86865%\">\u00a0Mari Silvia de Oliveira<\/td><td style=\"width: 20%;text-align: center\">01\u00a0<\/td><td style=\"width: 20%;text-align: center\"><a href=\"https:\/\/www.ufsm.br\/app\/uploads\/sites\/346\/2025\/04\/001-2025-ANEXO-C-MODELO-DE-EDITAL-DE-SELECAO-DE-BOLSISTAS-EDITAL-FIEX-2025_assinado-3.pdf\">Edital<\/a>\u00a0<\/td><td style=\"width: 20%;text-align: center\"><a href=\"https:\/\/www.ufsm.br\/app\/uploads\/sites\/346\/2025\/04\/Chamada_FIEX_2025_assinado_Mari-Silvia-de-Oliveira.pdf\">Resultado Final<\/a><\/td><\/tr><tr><td style=\"width: 38.1314%\">\u00a0AVALIA\u00c7\u00c3O E ACONSELHAMENTO PARA SISTEMAS DE PRODU\u00c7\u00c3O COM PASTAGENS\u00a0<\/td><td style=\"width: 1.86865%\">\u00a0Adriano Rudi Maixner<\/td><td style=\"width: 20%;text-align: center\">02\u00a0<\/td><td style=\"width: 20%;text-align: center\"><a href=\"https:\/\/www.ufsm.br\/app\/uploads\/sites\/346\/2025\/04\/EDITAL-SELECAO-BOLSISTAS-FIEX-2025_Maixner_CCR_assinado.pdf\">Edital<\/a>\u00a0<\/td><td style=\"width: 20%;text-align: center\"><a href=\"https:\/\/www.ufsm.br\/app\/uploads\/sites\/346\/2025\/04\/EDITAL-DE-SELECAO-DE-BOLSISTAS-FIEX_2025_Maixner_Resultado_Preliminar_assinado_ADRIANO-RUDI-MAIXNER.pdf\">Resultado Preliminar<\/a><br \/><a href=\"https:\/\/www.ufsm.br\/app\/uploads\/sites\/346\/2025\/05\/5_EDITAL-DE-SELECAO-DE-BOLSISTAS-FIEX_2025_Maixner_Resultado_FINAL_assinado.pdf\">\u00a0Resultado Final<\/a><\/td><\/tr><tr><td style=\"width: 38.1314%\">A melhor cultivar de soja para a sua lavoura<\/td><td style=\"width: 1.86865%\">Alencar Junior Zanon<\/td><td style=\"width: 20%;text-align: center\">02<\/td><td style=\"width: 20%;text-align: center\"><a href=\"https:\/\/www.ufsm.br\/app\/uploads\/sites\/346\/2025\/04\/EDITAL-DE-SELECAO-DE-BOLSISTAS-EDITAL-FIEX-2025-1.pdf\">Edital<\/a><\/td><td style=\"width: 20%;text-align: center\"><a href=\"https:\/\/www.ufsm.br\/app\/uploads\/sites\/346\/2025\/04\/RESULTADO-DE-SELECAO-DE-BOLSISTAS-FIEX-2025_ALENCAR-JUNIOR-ZANON.pdf\">Resultado Final<\/a><\/td><\/tr><tr><td style=\"width: 38.1314%\">Ferramentas extensionistas em nutri\u00e7\u00e3o de herb\u00edvoros e planejamento forrageiro<\/td><td style=\"width: 1.86865%\">Eduardo Bohrer de Azevedo<\/td><td style=\"width: 20%;text-align: center\">01<\/td><td style=\"width: 20%;text-align: center\"><a href=\"https:\/\/www.ufsm.br\/app\/uploads\/sites\/346\/2025\/04\/001-2025-ANEXO-C-MODELO-DE-EDITAL-DE-SELECAO-DE-BOLSISTAS-EDITAL-FIEX-2025-1.pdf\">Edital<\/a><\/td><td style=\"width: 20%;text-align: center\">\u00a0<\/td><\/tr><tr><td style=\"width: 38.1314%\">GenLeite \u2013 Projeto de extens\u00e3o em melhoramento gen\u00e9tico de bovinos leiteiros<\/td><td style=\"width: 1.86865%\">Pamela Itajara Otto<\/td><td style=\"width: 20%;text-align: center\">02<\/td><td style=\"width: 20%;text-align: center\"><a href=\"https:\/\/www.ufsm.br\/app\/uploads\/sites\/346\/2025\/04\/Edital-de-selecao_FIEX_GenLeite2025_PamelaOtto.pdf\">Edital<\/a><\/td><td style=\"width: 20%;text-align: center\"><a href=\"https:\/\/www.ufsm.br\/app\/uploads\/sites\/346\/2025\/04\/Resultado-selecao-edital-FIEX.pdf\">Resultado Final<\/a>\u00a0<\/td><\/tr><tr><td style=\"width: 38.1314%\">Capacita\u00e7\u00e3o de produtores de leite do munic\u00edpio de para\u00edso do sul e \u00e1rea de abrang\u00eancia com foco na melhoria da qualidade do leite<\/td><td style=\"width: 1.86865%\">Julio Vi\u00e9gas<\/td><td style=\"width: 20%;text-align: center\">03<\/td><td style=\"width: 20%;text-align: center\"><a href=\"https:\/\/www.ufsm.br\/app\/uploads\/sites\/346\/2025\/04\/Edital_FIEX_2025_Prof_Julio_Viegas_assinado-2.pdf\">Edital<\/a><\/td><td style=\"width: 20%;text-align: center\"><a href=\"https:\/\/www.ufsm.br\/app\/uploads\/sites\/346\/2025\/05\/Resultado_de_selecao_de_bolsistas_Edital_FIEX_2025_Prof._Julio_Viegas_assinado.pdf\">Resultado<\/a><\/td><\/tr><tr><td style=\"width: 38.1314%\">Desenvolvimento participativo de tecnologias para o cultivo do morango<\/td><td style=\"width: 1.86865%\">Dilson A. Bisognin<\/td><td style=\"width: 20%;text-align: center\">03<\/td><td style=\"width: 20%;text-align: center\"><a href=\"https:\/\/www.ufsm.br\/app\/uploads\/sites\/346\/2025\/04\/001-2025-ANEXO-C-MODELO-DE-EDITAL-DE-SELECAO-DE-BOLSISTAS-EDITAL-FIEX-2025_Dilson-Bisognin.pdf\">Edital<\/a><\/td><td style=\"width: 20%;text-align: center\"><a href=\"https:\/\/www.ufsm.br\/app\/uploads\/sites\/346\/2025\/04\/RESULTADO-FINAL-EDITAL-DE-SELECAO-DE-BOLSISTA-EDITAL-FIEX-2025_Dilson-Bisognin.pdf\">Resultado Final<\/a><\/td><\/tr><tr><td style=\"width: 38.1314%\">\u00a0Ateli\u00ea de tecelagem<\/td><td style=\"width: 1.86865%\">\u00a0Alzira Gabriela da Silva Pause<\/td><td style=\"width: 20%;text-align: center\">\u00a001<\/td><td style=\"width: 20%;text-align: center\"><a href=\"https:\/\/www.ufsm.br\/app\/uploads\/sites\/346\/2025\/04\/Edital-Projeto-053779-Alzira-Gabriela-da-Silva-Pause-1.pdf\">Edital<\/a>\u00a0<\/td><td style=\"width: 20%;text-align: center\"><p><a href=\"https:\/\/www.ufsm.br\/app\/uploads\/sites\/346\/2025\/04\/Resultado_preliminar_FIEX__assinado_250425_171027.pdf\">\u00a0Resultado Preliminar<\/a><\/p><p><a href=\"https:\/\/www.ufsm.br\/app\/uploads\/sites\/346\/2025\/04\/Resultado_Final_FIEX_assinado_250429_132214_assinado_1_assinado-2_Alzira-Gabriela-da-Silva-Pause.pdf\">Resultado Final<\/a><\/p><\/td><\/tr><\/tbody><\/table>\t\t\t\t\t\t<\/div>\n\t\t\t\t<\/div>\n\t\t\t\t\t<\/div>\n\t\t<\/div>\n\t\t\t\t\t<\/div>\n\t\t<\/section>\n\t\t\t\t<\/div>\n\t\t","protected":false},"excerpt":{"rendered":"<p>A\u00c7\u00c3O DE EXTENS\u00c3O COORDENADOR(A) BOLSAS EDITAL RESULTADO &#8220;IRRIGA-A\u00c7\u00c3O&#8221;: Vitrines tecnol\u00f3gicas regionais de irriga\u00e7\u00e3o Juliano Dalcin Martins 03 EditalEdital retificado \u00a0Resultado \u00a0Divulga\u00e7\u00e3o e Expans\u00e3o da Cunicultura atrav\u00e9s da Coelhoterapia \u00a0PRISCILA BECKER FERREIRA BURDULIS 02\u00a0 \u00a0Edital Resultado Final Vamos conversar sobre abelhas? \u00a0FERNANDA CRISTINA BREDA MELLO 01\u00a0 \u00a0Edital; Edital Retificado Resultado Final USO DE FERRAMENTASVIRTUAIS PARADISSEMINA\u00c7\u00c3O DECONHECIMENTO [&hellip;]<\/p>\n","protected":false},"author":7238,"featured_media":0,"parent":11502,"menu_order":0,"comment_status":"closed","ping_status":"closed","template":"","meta":{"footnotes":""},"categories":[],"tags":[],"class_list":["post-11507","page","type-page","status-publish","hentry"],"acf":[],"_links":{"self":[{"href":"https:\/\/www.ufsm.br\/pro-reitorias\/pre\/wp-json\/wp\/v2\/pages\/11507","targetHints":{"allow":["GET"]}}],"collection":[{"href":"https:\/\/www.ufsm.br\/pro-reitorias\/pre\/wp-json\/wp\/v2\/pages"}],"about":[{"href":"https:\/\/www.ufsm.br\/pro-reitorias\/pre\/wp-json\/wp\/v2\/types\/page"}],"author":[{"embeddable":true,"href":"https:\/\/www.ufsm.br\/pro-reitorias\/pre\/wp-json\/wp\/v2\/users\/7238"}],"replies":[{"embeddable":true,"href":"https:\/\/www.ufsm.br\/pro-reitorias\/pre\/wp-json\/wp\/v2\/comments?post=11507"}],"version-history":[{"count":0,"href":"https:\/\/www.ufsm.br\/pro-reitorias\/pre\/wp-json\/wp\/v2\/pages\/11507\/revisions"}],"up":[{"embeddable":true,"href":"https:\/\/www.ufsm.br\/pro-reitorias\/pre\/wp-json\/wp\/v2\/pages\/11502"}],"wp:attachment":[{"href":"https:\/\/www.ufsm.br\/pro-reitorias\/pre\/wp-json\/wp\/v2\/media?parent=11507"}],"wp:term":[{"taxonomy":"category","embeddable":true,"href":"https:\/\/www.ufsm.br\/pro-reitorias\/pre\/wp-json\/wp\/v2\/categories?post=11507"},{"taxonomy":"post_tag","embeddable":true,"href":"https:\/\/www.ufsm.br\/pro-reitorias\/pre\/wp-json\/wp\/v2\/tags?post=11507"}],"curies":[{"name":"wp","href":"https:\/\/api.w.org\/{rel}","templated":true}]}}