{"id":11510,"date":"2025-04-11T11:50:45","date_gmt":"2025-04-11T14:50:45","guid":{"rendered":"https:\/\/www.ufsm.br\/pro-reitorias\/pre\/?page_id=11510"},"modified":"2025-05-06T09:48:56","modified_gmt":"2025-05-06T12:48:56","slug":"bolsas-de-extensao-cefd-2025","status":"publish","type":"page","link":"https:\/\/www.ufsm.br\/pro-reitorias\/pre\/oportunidades-de-bolsas-de-extensao\/fiex-2025\/bolsas-de-extensao-cefd-2025","title":{"rendered":"Bolsas de Extens\u00e3o &#8211; CEFD 2025"},"content":{"rendered":"\t\t<div data-elementor-type=\"wp-page\" data-elementor-id=\"11510\" class=\"elementor elementor-11510\">\n\t\t\t\t\t\t<section class=\"elementor-section elementor-top-section elementor-element elementor-element-27f2e59 elementor-section-boxed elementor-section-height-default elementor-section-height-default\" data-id=\"27f2e59\" data-element_type=\"section\">\n\t\t\t\t\t\t<div class=\"elementor-container elementor-column-gap-default\">\n\t\t\t\t\t<div class=\"elementor-column elementor-col-100 elementor-top-column elementor-element elementor-element-dce9f5f\" data-id=\"dce9f5f\" data-element_type=\"column\">\n\t\t\t<div class=\"elementor-widget-wrap elementor-element-populated\">\n\t\t\t\t\t\t<div class=\"elementor-element elementor-element-6024233 elementor-widget elementor-widget-text-editor\" data-id=\"6024233\" data-element_type=\"widget\" data-widget_type=\"text-editor.default\">\n\t\t\t\t<div class=\"elementor-widget-container\">\n\t\t\t\t\t\t\t<table style=\"height: 168px;width: 62.3477%;border-collapse: collapse\" cellpadding=\"20 px\">\n<tbody>\n<tr style=\"height: 20px\">\n<td style=\"width: 29.3705%;height: 10px\">Pr\u00f3-Sa\u00fade \u2013 Avalia\u00e7\u00e3o, exerc\u00edcios f\u00edsicos e reabilita\u00e7\u00e3o para a comunidade de Santa Maria.<\/td>\n<td style=\"width: 22.7468%;height: 10px\">Luciane Sanchotene Etchepare<\/td>\n<td style=\"width: 13.5623%;text-align: center;height: 10px\">02<\/td>\n<td style=\"width: 19.1415%;height: 10px;text-align: center\"><a href=\"https:\/\/www.ufsm.br\/app\/uploads\/sites\/346\/2025\/04\/Luciane-Sanchotene-Etchepare.CEFD_.pdf\">Edital<\/a><\/td>\n<td style=\"width: 27.2962%;height: 10px;text-align: center\"><a href=\"https:\/\/www.ufsm.br\/app\/uploads\/sites\/346\/2025\/05\/fiex_bolsistas_250430_210310_assinado_250430_210504.pdf\">Resultado Final<\/a><\/td>\n<\/tr>\n<tr style=\"height: 20px\">\n<td style=\"width: 29.3705%;height: 10px\">Equoterapia \u2013 Quinta Fase<\/td>\n<td style=\"width: 22.7468%;height: 10px\">Fernando Copetti<\/td>\n<td style=\"width: 13.5623%;text-align: center;height: 10px\">01&nbsp;<\/td>\n<td style=\"width: 19.1415%;height: 10px;text-align: center\"><a href=\"https:\/\/www.ufsm.br\/app\/uploads\/sites\/346\/2025\/04\/Fernando-Copetti_CEFD.pdf\">&nbsp;Edital<\/a><\/td>\n<td style=\"width: 27.2962%;height: 10px;text-align: center\"><a href=\"https:\/\/www.ufsm.br\/app\/uploads\/sites\/346\/2025\/04\/Resultado-Edital-FIEX-01_2025_Equoterapia-2025.pdf\">Resultado<\/a>&nbsp;<\/td>\n<\/tr>\n<tr style=\"height: 24px\">\n<td style=\"width: 29.3705%;height: 24px\">Basquetebol \u00e0 Tardinha<\/td>\n<td style=\"width: 22.7468%;height: 24px\">Ariane Corr\u00eaa Pacheco<\/td>\n<td style=\"width: 13.5623%;text-align: center;height: 24px\">01<\/td>\n<td style=\"width: 19.1415%;height: 24px;text-align: center\"><a href=\"https:\/\/www.ufsm.br\/app\/uploads\/sites\/346\/2025\/04\/Ariane-Correa-Pacheco_CEFD.pdf\">Edital<\/a><\/td>\n<td style=\"width: 27.2962%;height: 24px;text-align: center\">&nbsp;<a href=\"https:\/\/www.ufsm.br\/app\/uploads\/sites\/346\/2025\/04\/Resultado-Bolsa-FIEX-Basquete-a-Tardinha-2025.pdf\">Resultado<\/a><\/td>\n<\/tr>\n<tr style=\"height: 20px\">\n<td style=\"width: 29.3705%;height: 10px\">N\u00facleo de Implementa\u00e7\u00e3o da Excel\u00eancia Esportiva e Manuten\u00e7\u00e3o da Sa\u00fade \u2013 NIEEMS<\/td>\n<td style=\"width: 22.7468%;height: 10px\">Luiz Fernando Cuozzo Lemos<\/td>\n<td style=\"width: 13.5623%;text-align: center;height: 10px\">02<\/td>\n<td style=\"width: 19.1415%;height: 10px;text-align: center\"><a href=\"https:\/\/www.ufsm.br\/app\/uploads\/sites\/346\/2025\/04\/Luiz-Fernando-Cuozzo-Lemos_CEFD.pdf\">Edital<\/a><\/td>\n<td style=\"width: 27.2962%;height: 10px;text-align: center\">\n<p><a href=\"https:\/\/www.ufsm.br\/app\/uploads\/sites\/346\/2025\/04\/Resultado-FIEX-2025_LUIZ-FERNANDO-CUOZZO-LEMOS.pdf\">Resultado Final<\/a><\/p>\n<\/td>\n<\/tr>\n<tr style=\"height: 20px\">\n<td style=\"width: 29.3705%;height: 10px\">Exerc\u00edcio f\u00edsico para promo\u00e7\u00e3o de sa\u00fade f\u00edsica e mental<\/td>\n<td style=\"width: 22.7468%;height: 10px\">Felipe Barreto Schuch<\/td>\n<td style=\"width: 13.5623%;text-align: center;height: 10px\">01<\/td>\n<td style=\"width: 19.1415%;height: 10px;text-align: center\"><a href=\"https:\/\/www.ufsm.br\/app\/uploads\/sites\/346\/2025\/04\/001-2025-ANEXO-C-MODELO-DE-EDITAL-DE-SELECAO-DE-BOLSISTAS-EDITAL-FIEX-2025_fs_assinado_Felipe-Barreto-Schuch.pdf\">Edital<\/a><\/td>\n<td style=\"width: 27.2962%;height: 10px;text-align: center\"><a href=\"https:\/\/www.ufsm.br\/app\/uploads\/sites\/346\/2025\/05\/resultado_extensao_final_assinado.pdf\">Resultado Final&nbsp;<\/a><\/td>\n<\/tr>\n<\/tbody>\n<\/table>\t\t\t\t\t\t<\/div>\n\t\t\t\t<\/div>\n\t\t\t\t\t<\/div>\n\t\t<\/div>\n\t\t\t\t\t<\/div>\n\t\t<\/section>\n\t\t\t\t<\/div>\n\t\t","protected":false},"excerpt":{"rendered":"<p>Pr\u00f3-Sa\u00fade \u2013 Avalia\u00e7\u00e3o, exerc\u00edcios f\u00edsicos e reabilita\u00e7\u00e3o para a comunidade de Santa Maria. Luciane Sanchotene Etchepare 02 Edital Resultado Final Equoterapia \u2013 Quinta Fase Fernando Copetti 01&nbsp; &nbsp;Edital Resultado&nbsp; Basquetebol \u00e0 Tardinha Ariane Corr\u00eaa Pacheco 01 Edital &nbsp;Resultado N\u00facleo de Implementa\u00e7\u00e3o da Excel\u00eancia Esportiva e Manuten\u00e7\u00e3o da Sa\u00fade \u2013 NIEEMS Luiz Fernando Cuozzo Lemos 02 [&hellip;]<\/p>\n","protected":false},"author":7238,"featured_media":0,"parent":11502,"menu_order":0,"comment_status":"closed","ping_status":"closed","template":"","meta":{"footnotes":""},"categories":[],"tags":[],"class_list":["post-11510","page","type-page","status-publish","hentry"],"acf":[],"_links":{"self":[{"href":"https:\/\/www.ufsm.br\/pro-reitorias\/pre\/wp-json\/wp\/v2\/pages\/11510","targetHints":{"allow":["GET"]}}],"collection":[{"href":"https:\/\/www.ufsm.br\/pro-reitorias\/pre\/wp-json\/wp\/v2\/pages"}],"about":[{"href":"https:\/\/www.ufsm.br\/pro-reitorias\/pre\/wp-json\/wp\/v2\/types\/page"}],"author":[{"embeddable":true,"href":"https:\/\/www.ufsm.br\/pro-reitorias\/pre\/wp-json\/wp\/v2\/users\/7238"}],"replies":[{"embeddable":true,"href":"https:\/\/www.ufsm.br\/pro-reitorias\/pre\/wp-json\/wp\/v2\/comments?post=11510"}],"version-history":[{"count":0,"href":"https:\/\/www.ufsm.br\/pro-reitorias\/pre\/wp-json\/wp\/v2\/pages\/11510\/revisions"}],"up":[{"embeddable":true,"href":"https:\/\/www.ufsm.br\/pro-reitorias\/pre\/wp-json\/wp\/v2\/pages\/11502"}],"wp:attachment":[{"href":"https:\/\/www.ufsm.br\/pro-reitorias\/pre\/wp-json\/wp\/v2\/media?parent=11510"}],"wp:term":[{"taxonomy":"category","embeddable":true,"href":"https:\/\/www.ufsm.br\/pro-reitorias\/pre\/wp-json\/wp\/v2\/categories?post=11510"},{"taxonomy":"post_tag","embeddable":true,"href":"https:\/\/www.ufsm.br\/pro-reitorias\/pre\/wp-json\/wp\/v2\/tags?post=11510"}],"curies":[{"name":"wp","href":"https:\/\/api.w.org\/{rel}","templated":true}]}}