{"id":11512,"date":"2025-04-11T11:56:24","date_gmt":"2025-04-11T14:56:24","guid":{"rendered":"https:\/\/www.ufsm.br\/pro-reitorias\/pre\/?page_id=11512"},"modified":"2025-08-18T11:14:35","modified_gmt":"2025-08-18T14:14:35","slug":"bolsas-de-extensao-cs-2025","status":"publish","type":"page","link":"https:\/\/www.ufsm.br\/pro-reitorias\/pre\/oportunidades-de-bolsas-de-extensao\/fiex-2025\/bolsas-de-extensao-cs-2025","title":{"rendered":"Bolsas de Extens\u00e3o &#8211; CS 2025"},"content":{"rendered":"\t\t<div data-elementor-type=\"wp-page\" data-elementor-id=\"11512\" class=\"elementor elementor-11512\">\n\t\t\t\t\t\t<section class=\"elementor-section elementor-top-section elementor-element elementor-element-21e2455 elementor-section-boxed elementor-section-height-default elementor-section-height-default\" data-id=\"21e2455\" data-element_type=\"section\">\n\t\t\t\t\t\t<div class=\"elementor-container elementor-column-gap-default\">\n\t\t\t\t\t<div class=\"elementor-column elementor-col-100 elementor-top-column elementor-element elementor-element-cb137af\" data-id=\"cb137af\" data-element_type=\"column\">\n\t\t\t<div class=\"elementor-widget-wrap elementor-element-populated\">\n\t\t\t\t\t\t<div class=\"elementor-element elementor-element-ae44f88 elementor-widget elementor-widget-text-editor\" data-id=\"ae44f88\" data-element_type=\"widget\" data-widget_type=\"text-editor.default\">\n\t\t\t\t<div class=\"elementor-widget-container\">\n\t\t\t\t\t\t\t<table style=\"height: 168px;width: 97.7745%;border-collapse: collapse\" cellpadding=\"20 px\"><tbody><tr style=\"height: 24px\"><td style=\"width: 18.3333%;height: 24px;text-align: center\"><span style=\"font-family: arial, helvetica, sans-serif\"><strong>PROJETO<\/strong><\/span><\/td><td style=\"width: 18.3333%;text-align: center\"><span style=\"font-family: arial, helvetica, sans-serif\"><strong>T\u00cdTULO<\/strong><\/span><\/td><td style=\"width: 3.33336%;height: 24px;text-align: center\"><span style=\"font-family: arial, helvetica, sans-serif\"><strong>COORDENADOR(A)<\/strong><\/span><\/td><td style=\"width: 20%;height: 24px;text-align: center\"><span style=\"font-family: arial, helvetica, sans-serif\"><strong>BOLSAS<\/strong><\/span><\/td><td style=\"width: 20%;height: 24px;text-align: center\"><span style=\"font-family: arial, helvetica, sans-serif\"><strong>EDITAL<\/strong><\/span><\/td><td style=\"width: 20%;height: 24px;text-align: center\"><span style=\"font-family: arial, helvetica, sans-serif\"><strong>RESULTADO<\/strong><\/span><\/td><\/tr><tr style=\"height: 20px\"><td style=\"width: 18.3333%;height: 10px;text-align: center\">061145<\/td><td style=\"width: 18.3333%\">DIFUS\u00c3O DE CONHECIMENTOS E TECNOLOGIAS PARA O AUMENTO DA PRODUTIVIDADE DA CULTURA DA SOJA EM CACHOEIRA DO SUL<\/td><td style=\"width: 3.33336%;height: 10px\">Zanandra Boff de Oliveira<\/td><td style=\"width: 20%;height: 10px;text-align: center\">01<\/td><td style=\"width: 20%;height: 10px;text-align: center\"><a href=\"https:\/\/www.ufsm.br\/app\/uploads\/sites\/346\/2025\/04\/ZANADRA-CACHOEIRA-EDITAL.pdf\">Edital\u00a0<\/a><\/td><td style=\"width: 20%;height: 10px;text-align: center\"><a href=\"https:\/\/www.ufsm.br\/app\/uploads\/sites\/346\/2025\/04\/Divulgacao_final_edital_FIEX__Zanandra_assinado_divulgacao_ZANANDRA-BOFF-DE-OLIVEIRA.pdf\">Resultado Final<\/a><\/td><\/tr><tr style=\"height: 20px\"><td style=\"width: 18.3333%;height: 10px\">\u00a0<\/td><td style=\"width: 18.3333%\">JOGOS<br \/>MATEM\u00c1TICOS<br \/>SUSTENT\u00c1VEIS:<br \/>INOVA\u00c7\u00c3O COM<br \/>IMPRESS\u00c3O 3D E<br \/>MATERIAIS<br \/>ALTERNATIVOS NO<br \/>ENSINO DE<br \/>MATEM\u00c1TICA<\/td><td style=\"width: 3.33336%;height: 10px\">Ana Luisa Soubhia<\/td><td style=\"width: 20%;text-align: center;height: 10px\">01<\/td><td style=\"width: 20%;height: 10px;text-align: center\"><a href=\"https:\/\/www.ufsm.br\/app\/uploads\/sites\/346\/2025\/04\/Selecao-Bolsista-FIEX-2025-Ana-Luisa-Soubhia.pdf\">Edital<\/a><\/td><td style=\"width: 20%;height: 10px;text-align: center\"><a href=\"https:\/\/www.ufsm.br\/app\/uploads\/sites\/346\/2025\/04\/Resultado-final-FIEX_Ana-Luisa-Soubhia.pdf\">Resultado Final<\/a><\/td><\/tr><tr style=\"height: 24px\"><td style=\"width: 18.3333%;height: 24px\">063481<\/td><td style=\"width: 18.3333%\">Feira de Ci\u00eancias, Tecnologia e Inova\u00e7\u00e3o<\/td><td style=\"width: 3.33336%;height: 24px\">Jocenir Boita<\/td><td style=\"width: 20%;text-align: center;height: 24px\">03<\/td><td style=\"width: 20%;height: 24px;text-align: center\"><p><a href=\"https:\/\/www.ufsm.br\/app\/uploads\/sites\/346\/2025\/04\/Edital_FIEX_2025_Jocenir.pdf\">Edital 2025.1<\/a><\/p><p><a href=\"https:\/\/www.ufsm.br\/app\/uploads\/sites\/346\/2025\/08\/Edital_FIEX_2025_B.pdf\">Edital 2025.2<\/a><\/p><\/td><td style=\"width: 20%;height: 24px;text-align: center\"><p><a href=\"https:\/\/www.ufsm.br\/app\/uploads\/sites\/346\/2025\/04\/resultado_preliminar_Jocenir-Boita.pdf\">Resultado Preliminar 2025.1<\/a>, <a href=\"https:\/\/www.ufsm.br\/app\/uploads\/sites\/346\/2025\/04\/Resultado_Final_assinado-6.pdf\">Resultado Final 2025.1<\/a><\/p><p><a href=\"https:\/\/www.ufsm.br\/app\/uploads\/sites\/346\/2025\/08\/Resultado_Final_B.pdf\">Resultado Final 2025.2<\/a><\/p><\/td><\/tr><tr style=\"height: 20px\"><td style=\"width: 18.3333%;height: 10px\">059306<\/td><td style=\"width: 18.3333%\">\u00a0Seguran\u00e7a Vi\u00e1ria: Teoria \u00e0 Pr\u00e1tica<\/td><td style=\"width: 3.33336%;height: 10px\">\u00a0Brenda Medeiros Pereira<\/td><td style=\"width: 20%;text-align: center;height: 10px\">\u00a001<\/td><td style=\"width: 20%;height: 10px;text-align: center\"><a href=\"https:\/\/www.ufsm.br\/app\/uploads\/sites\/346\/2025\/04\/SELECAO-DE-BOLSISTAS-EDITAL-FIEX-2025.docx_assinado.pdf\">Edital<\/a>\u00a0<\/td><td style=\"width: 20%;height: 10px;text-align: center\"><p><a href=\"https:\/\/www.ufsm.br\/app\/uploads\/sites\/346\/2025\/04\/Resultado_SELECAO-DE-BOLSISTAS-EDITAL-FIEX-2025_seg-viaria_Brenda-Medeiros-Pereira.pdf\">Resultado Preliminar\u00a0<\/a><\/p><p><a href=\"https:\/\/www.ufsm.br\/app\/uploads\/sites\/346\/2025\/05\/Brenda-Medeiros-Pereira_Resultado-final_CS.pdf\">Resultado Final<\/a><\/p><\/td><\/tr><tr style=\"height: 20px\"><td style=\"width: 18.3333%;height: 10px\">\u00a0060570<\/td><td style=\"width: 18.3333%\">\u00a0\u201cCACHOEIRA DO SUL: Para conhecer \u2013 Para valorizar\u201d<\/td><td style=\"width: 3.33336%;height: 10px\">\u00a0Luiza Segabinazzi Pacheco Delongui<\/td><td style=\"width: 20%;text-align: center;height: 10px\">\u00a001<\/td><td style=\"width: 20%;height: 10px;text-align: center\">\u00a0<a href=\"https:\/\/www.ufsm.br\/app\/uploads\/sites\/346\/2025\/04\/001-2025-EDITAL-DE-SELECAO-DE-BOLSISTAS-EDITAL-FIEX-2025_assinado.pdf\">Edital<\/a><\/td><td style=\"width: 20%;height: 10px;text-align: center\"><p><a href=\"https:\/\/www.ufsm.br\/app\/uploads\/sites\/346\/2025\/04\/Resultado_preliminar_selecao_bolsista_Edital_FIEX_2025_assinado_Luiza-Segabinazzi-Pacheco-Delongui.pdf\">Resultado Preliminar<\/a><\/p><p><a href=\"https:\/\/www.ufsm.br\/app\/uploads\/sites\/346\/2025\/05\/Resultado_final_selecao_bolsista_Edital_FIEX_2025_assinado_Luiza-Segabinazzi-Pacheco-Delongui.pdf\">Resultado Final<\/a><\/p><\/td><\/tr><tr style=\"height: 20px\"><td style=\"width: 18.3333%;height: 10px\">\u00a0063498\u00a0<\/td><td style=\"width: 18.3333%\">\u00a0Publica\u00e7\u00e3o Anual de E-book dos Trabalhos Apresentados na Feira de Ci\u00eancias \u2013 Modalidade Extens\u00e3o\u00a0<\/td><td style=\"width: 3.33336%;height: 10px\">\u00a0GLAUBER RODRIGUES DE QUADROS<\/td><td style=\"width: 20%;text-align: center;height: 10px\">02\u00a0<\/td><td style=\"width: 20%;height: 10px;text-align: center\"><a href=\"https:\/\/www.ufsm.br\/app\/uploads\/sites\/346\/2025\/04\/Fiex_2025_-_Glauber-1.pdf\">Edital<\/a>\u00a0<\/td><td style=\"width: 20%;height: 10px;text-align: center\"><a href=\"https:\/\/www.ufsm.br\/app\/uploads\/sites\/346\/2025\/04\/Resultado-preliminar-FIEX-2025_GLAUBER-RODRIGUES-DE-QUADROS.pdf\">Resultado Preliminar<\/a>, <a href=\"https:\/\/www.ufsm.br\/app\/uploads\/sites\/346\/2025\/04\/Resultado-final-FIEX-2025-1.pdf\">Resultado Final<\/a><\/td><\/tr><tr style=\"height: 20px\"><td style=\"width: 18.3333%;height: 10px\">062816<\/td><td style=\"width: 18.3333%\">Desvendando a<br \/>Rob\u00f3tica:<br \/>construindo e<br \/>programando rob\u00f4s<br \/>de baixo custo com<br \/>softwares de c\u00f3digo<br \/>aberto.<\/td><td style=\"width: 3.33336%;height: 10px\">Andr\u00e9 Francisco Caldeira<\/td><td style=\"width: 20%;text-align: center;height: 10px\">01<\/td><td style=\"width: 20%;height: 10px;text-align: center\"><a href=\"https:\/\/www.ufsm.br\/app\/uploads\/sites\/346\/2025\/04\/Andre-Francisco-Caldeira.Cachoeira-do-Sul.pdf\">Edital<\/a><\/td><td style=\"width: 20%;height: 10px;text-align: center\"><p><a href=\"https:\/\/www.ufsm.br\/app\/uploads\/sites\/346\/2025\/04\/resultado_fiex_2025_assinado.pdf\">Resultado\u00a0<\/a><\/p><p><a href=\"https:\/\/www.ufsm.br\/app\/uploads\/sites\/346\/2025\/05\/resultado-final-Andre-Francisco-Caldeira_CS.pdf\">Resultado final<\/a><\/p><\/td><\/tr><tr style=\"height: 20px\"><td style=\"width: 18.3333%;height: 10px\">063456<\/td><td style=\"width: 18.3333%\">EDUCA\u00c7\u00c3O<br \/>SUSTENT\u00c1VEL<br \/>INTEGRADA:<br \/>Semear Conhecimento para<br \/>Transformar<br \/>Realidades<\/td><td style=\"width: 3.33336%;height: 10px\">Mariana Vieira Coronas<\/td><td style=\"width: 20%;text-align: center;height: 10px\">01<\/td><td style=\"width: 20%;height: 10px;text-align: center\"><a href=\"https:\/\/www.ufsm.br\/app\/uploads\/sites\/346\/2025\/04\/Mariana-Vieira-Coronas_CS.pdf\">Edital<\/a><\/td><td style=\"width: 20%;height: 10px;text-align: center\"><a href=\"https:\/\/www.ufsm.br\/app\/uploads\/sites\/346\/2025\/05\/Resultado-Final-FIEX-Edital-003_2025.pdf\">Resultado Final\u00a0<\/a><\/td><\/tr><tr style=\"height: 20px\"><td style=\"width: 18.3333%;height: 10px\">\u00a0059933<\/td><td style=\"width: 18.3333%\">\u00a0A\u00e7\u00f5es e Pr\u00e1ticas Sustent\u00e1veis na Educa\u00e7\u00e3o Ambiental<\/td><td style=\"width: 3.33336%;height: 10px\">\u00a0DEISE MARIA CIROLINI MILBRADT<\/td><td style=\"width: 20%;text-align: center;height: 10px\">01\u00a0<\/td><td style=\"width: 20%;height: 10px;text-align: center\">\u00a0<a href=\"https:\/\/www.ufsm.br\/app\/uploads\/sites\/346\/2025\/04\/Edital-Selecao-Bolsista-FIEX-Projeto-059933.pdf\">Edital<\/a><\/td><td style=\"width: 20%;height: 10px;text-align: center\"><a href=\"https:\/\/www.ufsm.br\/app\/uploads\/sites\/346\/2025\/04\/FIEX-Resultado-Preliminar-Selecao-Bolsista_Deise-M.-C.-Milbradt.pdf\">Resultado Preliminar<\/a>, <a href=\"https:\/\/www.ufsm.br\/app\/uploads\/sites\/346\/2025\/04\/FIEX-Resultado-FINAL-Selecao-Bolsista.pdf\">Resultado Final<\/a><\/td><\/tr><\/tbody><\/table>\t\t\t\t\t\t<\/div>\n\t\t\t\t<\/div>\n\t\t\t\t\t<\/div>\n\t\t<\/div>\n\t\t\t\t\t<\/div>\n\t\t<\/section>\n\t\t\t\t<\/div>\n\t\t","protected":false},"excerpt":{"rendered":"<p>PROJETO T\u00cdTULO COORDENADOR(A) BOLSAS EDITAL RESULTADO 061145 DIFUS\u00c3O DE CONHECIMENTOS E TECNOLOGIAS PARA O AUMENTO DA PRODUTIVIDADE DA CULTURA DA SOJA EM CACHOEIRA DO SUL Zanandra Boff de Oliveira 01 Edital\u00a0 Resultado Final \u00a0 JOGOSMATEM\u00c1TICOSSUSTENT\u00c1VEIS:INOVA\u00c7\u00c3O COMIMPRESS\u00c3O 3D EMATERIAISALTERNATIVOS NOENSINO DEMATEM\u00c1TICA Ana Luisa Soubhia 01 Edital Resultado Final 063481 Feira de Ci\u00eancias, Tecnologia e Inova\u00e7\u00e3o Jocenir [&hellip;]<\/p>\n","protected":false},"author":7238,"featured_media":0,"parent":11502,"menu_order":0,"comment_status":"closed","ping_status":"closed","template":"","meta":{"footnotes":""},"categories":[],"tags":[],"class_list":["post-11512","page","type-page","status-publish","hentry"],"acf":[],"_links":{"self":[{"href":"https:\/\/www.ufsm.br\/pro-reitorias\/pre\/wp-json\/wp\/v2\/pages\/11512","targetHints":{"allow":["GET"]}}],"collection":[{"href":"https:\/\/www.ufsm.br\/pro-reitorias\/pre\/wp-json\/wp\/v2\/pages"}],"about":[{"href":"https:\/\/www.ufsm.br\/pro-reitorias\/pre\/wp-json\/wp\/v2\/types\/page"}],"author":[{"embeddable":true,"href":"https:\/\/www.ufsm.br\/pro-reitorias\/pre\/wp-json\/wp\/v2\/users\/7238"}],"replies":[{"embeddable":true,"href":"https:\/\/www.ufsm.br\/pro-reitorias\/pre\/wp-json\/wp\/v2\/comments?post=11512"}],"version-history":[{"count":0,"href":"https:\/\/www.ufsm.br\/pro-reitorias\/pre\/wp-json\/wp\/v2\/pages\/11512\/revisions"}],"up":[{"embeddable":true,"href":"https:\/\/www.ufsm.br\/pro-reitorias\/pre\/wp-json\/wp\/v2\/pages\/11502"}],"wp:attachment":[{"href":"https:\/\/www.ufsm.br\/pro-reitorias\/pre\/wp-json\/wp\/v2\/media?parent=11512"}],"wp:term":[{"taxonomy":"category","embeddable":true,"href":"https:\/\/www.ufsm.br\/pro-reitorias\/pre\/wp-json\/wp\/v2\/categories?post=11512"},{"taxonomy":"post_tag","embeddable":true,"href":"https:\/\/www.ufsm.br\/pro-reitorias\/pre\/wp-json\/wp\/v2\/tags?post=11512"}],"curies":[{"name":"wp","href":"https:\/\/api.w.org\/{rel}","templated":true}]}}