{"id":11513,"date":"2025-04-11T11:59:20","date_gmt":"2025-04-11T14:59:20","guid":{"rendered":"https:\/\/www.ufsm.br\/pro-reitorias\/pre\/?page_id=11513"},"modified":"2025-10-31T14:31:41","modified_gmt":"2025-10-31T17:31:41","slug":"bolsas-de-extensao-pm-2025","status":"publish","type":"page","link":"https:\/\/www.ufsm.br\/pro-reitorias\/pre\/oportunidades-de-bolsas-de-extensao\/fiex-2025\/bolsas-de-extensao-pm-2025","title":{"rendered":"Bolsas de Extens\u00e3o &#8211; PM 2025"},"content":{"rendered":"\t\t<div data-elementor-type=\"wp-page\" data-elementor-id=\"11513\" class=\"elementor elementor-11513\">\n\t\t\t\t\t\t<section class=\"elementor-section elementor-top-section elementor-element elementor-element-d5ba9fc elementor-section-boxed elementor-section-height-default elementor-section-height-default\" data-id=\"d5ba9fc\" data-element_type=\"section\">\n\t\t\t\t\t\t<div class=\"elementor-container elementor-column-gap-default\">\n\t\t\t\t\t<div class=\"elementor-column elementor-col-100 elementor-top-column elementor-element elementor-element-dbacc68\" data-id=\"dbacc68\" data-element_type=\"column\">\n\t\t\t<div class=\"elementor-widget-wrap elementor-element-populated\">\n\t\t\t\t\t\t<div class=\"elementor-element elementor-element-24c3f25 elementor-widget elementor-widget-text-editor\" data-id=\"24c3f25\" data-element_type=\"widget\" data-widget_type=\"text-editor.default\">\n\t\t\t\t<div class=\"elementor-widget-container\">\n\t\t\t\t\t\t\t<table style=\"height: 118px;width: 0%;border-collapse: collapse\" cellpadding=\"20 px\"><tbody><tr style=\"height: 24px\"><td style=\"width: 36.6667%;height: 24px;text-align: center\"><span style=\"font-family: arial, helvetica, sans-serif\"><strong>A\u00c7\u00c3O DE EXTENS\u00c3O<\/strong><\/span><\/td><td style=\"width: 3.33336%;height: 24px;text-align: center\"><span style=\"font-family: arial, helvetica, sans-serif\"><strong>COORDENADOR(A)<\/strong><\/span><\/td><td style=\"width: 20%;height: 24px;text-align: center\"><span style=\"font-family: arial, helvetica, sans-serif\"><strong>BOLSAS<\/strong><\/span><\/td><td style=\"width: 20%;height: 24px;text-align: center\"><span style=\"font-family: arial, helvetica, sans-serif\"><strong>EDITAL<\/strong><\/span><\/td><td style=\"width: 20%;height: 24px;text-align: center\"><span style=\"font-family: arial, helvetica, sans-serif\"><strong>RESULTADO<\/strong><\/span><\/td><\/tr><tr style=\"height: 20px\"><td style=\"width: 36.6667%;height: 10px\">\u00a0Projeto de Aten\u00e7\u00e3o Nutricional do Ambulat\u00f3rio de Atendimento Nutricional (PROAN- AMANUT)<\/td><td style=\"width: 3.33336%;height: 10px\">\u00a0GREISSE VIERO DA SILVA LEAL<\/td><td style=\"width: 20%;text-align: center;height: 10px\">\u00a001<\/td><td style=\"width: 20%;height: 10px;text-align: center\">\u00a0<a href=\"https:\/\/www.ufsm.br\/app\/uploads\/sites\/346\/2025\/04\/EDITAL-DE-SELECAO-DE-BOLSISTAS-EDITAL-FIEX-2025_PROAN.pdf\">Edital<\/a><\/td><td style=\"width: 20%;height: 10px;text-align: center\"><p><a href=\"https:\/\/www.ufsm.br\/app\/uploads\/sites\/346\/2025\/04\/EDITAL_01_resultado_preliminar_assinado_GREISSE-VIERO-DA-SILVA-LEAL.pdf\">Resultado Preliminar<\/a><\/p><p><a href=\"https:\/\/www.ufsm.br\/app\/uploads\/sites\/346\/2025\/04\/EDITAL_01_resultado_final_assinado_GREISSE-VIERO-DA-SILVA-LEAL.pdf\">Resultado Final<\/a><\/p><\/td><\/tr><tr style=\"height: 20px\"><td style=\"width: 36.6667%;height: 10px\">\u00a0PROJETO ABELHA NA PRA\u00c7A<\/td><td style=\"width: 3.33336%;height: 10px\">\u00a0Danilo Freitas da Silva<\/td><td style=\"width: 20%;text-align: center;height: 10px\">01\u00a0<\/td><td style=\"width: 20%;height: 10px;text-align: center\">\u00a0<a href=\"https:\/\/www.ufsm.br\/app\/uploads\/sites\/346\/2025\/04\/EDITAL-DE-SELECAO-DE-BOLSISTAS-EDITAL-FIEX-2025_Abelha_na_Praca_assinado-1.pdf\">Edital<\/a><\/td><td style=\"width: 20%;height: 10px;text-align: center\"><a href=\"https:\/\/www.ufsm.br\/app\/uploads\/sites\/346\/2025\/04\/Resultado-preliminar-FIEX-2025_Danilo-Freitas-da-Silva.pdf\">Resultado Preliminar<\/a>, <a href=\"https:\/\/www.ufsm.br\/app\/uploads\/sites\/346\/2025\/04\/Resultado-final-FIEX-2025.pdf\">Resultado Final<\/a><\/td><\/tr><tr style=\"height: 24px\"><td style=\"width: 36.6667%;height: 24px\">\u00a0PLANTAS BIOATIVAS: CULTIVANDO CONHECIMENTO E SA\u00daDE<\/td><td style=\"width: 3.33336%;height: 24px\">\u00a0TANEA MARIA BISOGNIN GARLET<\/td><td style=\"width: 20%;text-align: center;height: 24px\">\u00a002<\/td><td style=\"width: 20%;height: 24px;text-align: center\"><a href=\"https:\/\/www.ufsm.br\/app\/uploads\/sites\/346\/2025\/04\/Edital-de-Selecao-de-Bolsista-FIEX-Projeto-Plantas-Bioativas-2025.pdf\">Edital<\/a>\u00a0<\/td><td style=\"width: 20%;height: 24px;text-align: center\"><a href=\"https:\/\/www.ufsm.br\/app\/uploads\/sites\/346\/2025\/04\/EDITAL-No-001-Resultado.pdf\">Resultado\u00a0<\/a><\/td><\/tr><tr style=\"height: 20px\"><td style=\"width: 36.6667%;height: 10px\">DETECTA-TB: PACTUA\u00c7\u00c3O PARA DIAGN\u00d3STICO DE TUBERCULOSE PARA 2a E 15a CRS.<\/td><td style=\"width: 3.33336%;height: 10px\">Terimar Facin Ruoso<\/td><td style=\"width: 20%;text-align: center;height: 10px\">01<\/td><td style=\"width: 20%;height: 10px;text-align: center\"><a href=\"https:\/\/www.ufsm.br\/app\/uploads\/sites\/346\/2025\/04\/Terimar-Facin-Ruoso_PM.pdf\">Edital<\/a><\/td><td style=\"width: 20%;height: 10px;text-align: center\"><a href=\"https:\/\/www.ufsm.br\/app\/uploads\/sites\/346\/2025\/05\/Terimar-Facin-Ruoso_Resultado-final_PM.pdf\">Resultado Final\u00a0<\/a><\/td><\/tr><tr style=\"height: 20px\"><td style=\"width: 36.6667%;height: 10px\">PROCESSO DE<br \/>ENFERMAGEM<br \/>COMO<br \/>TECNOLOGIA DE<br \/>CUIDADO NA<br \/>REDE DE<br \/>ATEN\u00c7\u00c3O \u00c0<br \/>SA\u00daDE.<\/td><td style=\"width: 3.33336%;height: 10px\">Eliane Raquel Rieth Benetti<\/td><td style=\"width: 20%;text-align: center;height: 10px\">02<\/td><td style=\"width: 20%;height: 10px;text-align: center\"><a href=\"https:\/\/www.ufsm.br\/app\/uploads\/sites\/346\/2025\/04\/Eliane-Raquel-Rieth-Benetti_PM.pdf\">Edital<\/a><\/td><td style=\"width: 20%;height: 10px;text-align: center\"><a href=\"https:\/\/www.ufsm.br\/app\/uploads\/sites\/346\/2025\/04\/Resultado_Final_FIEX_assinado-4.pdf\">Resultado\u00a0<\/a><\/td><\/tr><tr style=\"height: 20px\"><td style=\"width: 36.6667%;height: 10px\">HumanizaUTI \u2013<br \/>a\u00e7\u00f5es de promo\u00e7\u00e3o \u00e0<br \/>humaniza\u00e7\u00e3o do<br \/>trabalho e do cuidado<br \/>em Unidade de<br \/>Terapia Intensiva<\/td><td style=\"width: 3.33336%;height: 10px\">Alexa Pupiara Flores Coelho Centenaro<\/td><td style=\"width: 20%;text-align: center;height: 10px\">01<\/td><td style=\"width: 20%;height: 10px;text-align: center\"><a href=\"https:\/\/www.ufsm.br\/app\/uploads\/sites\/346\/2025\/04\/Alexa-Pupiara-Flores-Coelho-Centenaro_PM.pdf\">Edital<\/a><\/td><td style=\"width: 20%;height: 10px;text-align: center\"><a href=\"https:\/\/www.ufsm.br\/app\/uploads\/sites\/346\/2025\/04\/Selecao_Bolsista_FIEX_2025_Resultado_Final_Alexa-Pupiara-Flores-Coelho-Centenaro.pdf\">Resultado Final<\/a><\/td><\/tr><tr style=\"height: 20px\"><td style=\"width: 36.6667%;height: 10px\">Corede Rio da V\u00e1rzea em dados: um portal de acesso \u00e0 informa\u00e7\u00e3o para a popula\u00e7\u00e3o<\/td><td style=\"width: 3.33336%;height: 10px\">Nelson Guilherme Machado Pinto<\/td><td style=\"width: 20%;text-align: center;height: 10px\">01<\/td><td style=\"width: 20%;height: 10px;text-align: center\"><a href=\"https:\/\/www.ufsm.br\/app\/uploads\/sites\/346\/2025\/04\/Edital_FIEX_2025_Nelson_Pinto_Corede.pdf\">Edital<\/a><\/td><td style=\"width: 20%;height: 10px;text-align: center\"><a href=\"https:\/\/www.ufsm.br\/app\/uploads\/sites\/346\/2025\/05\/Resultado-Final-FIEX-2025-Nelson-Pinto.pdf\">Resultado Final\u00a0<\/a><\/td><\/tr><tr style=\"height: 20px\"><td style=\"width: 36.6667%;height: 10px\">Promo\u00e7\u00e3o do Direto Humano \u00e0 alimenta\u00e7\u00e3o e da seguran\u00e7a alimentar e nutricional &#8211; NUTRISAN<\/td><td style=\"width: 3.33336%;height: 10px\">Adriane Cervi Bl\u00fcmke<\/td><td style=\"width: 20%;text-align: center;height: 10px\">02\u00a0<\/td><td style=\"width: 20%;height: 10px;text-align: center\"><a href=\"https:\/\/www.ufsm.br\/app\/uploads\/sites\/346\/2025\/04\/EDITAL-DE-SELECAO-DE-BOLSISTAS-EDITAL-FIEX-2025_assinado_Adriane-Cervi-Blumke.pdf\">Edital com anexos<\/a><\/td><td style=\"width: 20%;height: 10px;text-align: center\"><a href=\"https:\/\/www.ufsm.br\/app\/uploads\/sites\/346\/2025\/04\/Resultado-FIEX_2025_Adriane-Cervi-Blumke.pdf\">Resultado Final<\/a><\/td><\/tr><tr><td style=\"width: 36.6667%\">ROTULAGEM DE<br \/>ALIMENTOS<br \/>TRANSPARENTE:<br \/>INTERPRETA\u00c7\u00c3O E<br \/>ELABORA\u00c7\u00c3O<\/td><td style=\"width: 3.33336%\">Maritiele Naissinger da Silva<\/td><td style=\"width: 20%;text-align: center\">01<\/td><td style=\"width: 20%;text-align: center\"><a href=\"https:\/\/www.ufsm.br\/app\/uploads\/sites\/346\/2025\/10\/Maritiele-Naissinger-da-Silva.pdf\">Edital<\/a><\/td><td style=\"width: 20%;text-align: center\"><a href=\"https:\/\/www.ufsm.br\/app\/uploads\/sites\/346\/2025\/10\/Maritiele-Naissinger-da-Silva-1.pdf\">Resultado Final<\/a><\/td><\/tr><\/tbody><\/table>\t\t\t\t\t\t<\/div>\n\t\t\t\t<\/div>\n\t\t\t\t\t<\/div>\n\t\t<\/div>\n\t\t\t\t\t<\/div>\n\t\t<\/section>\n\t\t\t\t<\/div>\n\t\t","protected":false},"excerpt":{"rendered":"<p>A\u00c7\u00c3O DE EXTENS\u00c3O COORDENADOR(A) BOLSAS EDITAL RESULTADO \u00a0Projeto de Aten\u00e7\u00e3o Nutricional do Ambulat\u00f3rio de Atendimento Nutricional (PROAN- AMANUT) \u00a0GREISSE VIERO DA SILVA LEAL \u00a001 \u00a0Edital Resultado Preliminar Resultado Final \u00a0PROJETO ABELHA NA PRA\u00c7A \u00a0Danilo Freitas da Silva 01\u00a0 \u00a0Edital Resultado Preliminar, Resultado Final \u00a0PLANTAS BIOATIVAS: CULTIVANDO CONHECIMENTO E SA\u00daDE \u00a0TANEA MARIA BISOGNIN GARLET \u00a002 Edital\u00a0 [&hellip;]<\/p>\n","protected":false},"author":7238,"featured_media":0,"parent":11502,"menu_order":0,"comment_status":"closed","ping_status":"closed","template":"","meta":{"footnotes":""},"categories":[],"tags":[],"class_list":["post-11513","page","type-page","status-publish","hentry"],"acf":[],"_links":{"self":[{"href":"https:\/\/www.ufsm.br\/pro-reitorias\/pre\/wp-json\/wp\/v2\/pages\/11513","targetHints":{"allow":["GET"]}}],"collection":[{"href":"https:\/\/www.ufsm.br\/pro-reitorias\/pre\/wp-json\/wp\/v2\/pages"}],"about":[{"href":"https:\/\/www.ufsm.br\/pro-reitorias\/pre\/wp-json\/wp\/v2\/types\/page"}],"author":[{"embeddable":true,"href":"https:\/\/www.ufsm.br\/pro-reitorias\/pre\/wp-json\/wp\/v2\/users\/7238"}],"replies":[{"embeddable":true,"href":"https:\/\/www.ufsm.br\/pro-reitorias\/pre\/wp-json\/wp\/v2\/comments?post=11513"}],"version-history":[{"count":0,"href":"https:\/\/www.ufsm.br\/pro-reitorias\/pre\/wp-json\/wp\/v2\/pages\/11513\/revisions"}],"up":[{"embeddable":true,"href":"https:\/\/www.ufsm.br\/pro-reitorias\/pre\/wp-json\/wp\/v2\/pages\/11502"}],"wp:attachment":[{"href":"https:\/\/www.ufsm.br\/pro-reitorias\/pre\/wp-json\/wp\/v2\/media?parent=11513"}],"wp:term":[{"taxonomy":"category","embeddable":true,"href":"https:\/\/www.ufsm.br\/pro-reitorias\/pre\/wp-json\/wp\/v2\/categories?post=11513"},{"taxonomy":"post_tag","embeddable":true,"href":"https:\/\/www.ufsm.br\/pro-reitorias\/pre\/wp-json\/wp\/v2\/tags?post=11513"}],"curies":[{"name":"wp","href":"https:\/\/api.w.org\/{rel}","templated":true}]}}