{"id":11514,"date":"2025-04-11T11:59:45","date_gmt":"2025-04-11T14:59:45","guid":{"rendered":"https:\/\/www.ufsm.br\/pro-reitorias\/pre\/?page_id=11514"},"modified":"2025-05-13T15:40:11","modified_gmt":"2025-05-13T18:40:11","slug":"bolsas-de-extensao-fw-2025","status":"publish","type":"page","link":"https:\/\/www.ufsm.br\/pro-reitorias\/pre\/oportunidades-de-bolsas-de-extensao\/fiex-2025\/bolsas-de-extensao-fw-2025","title":{"rendered":"Bolsas de Extens\u00e3o &#8211; FW 2025"},"content":{"rendered":"\t\t<div data-elementor-type=\"wp-page\" data-elementor-id=\"11514\" class=\"elementor elementor-11514\">\n\t\t\t\t\t\t<section class=\"elementor-section elementor-top-section elementor-element elementor-element-60a943c elementor-section-boxed elementor-section-height-default elementor-section-height-default\" data-id=\"60a943c\" data-element_type=\"section\">\n\t\t\t\t\t\t<div class=\"elementor-container elementor-column-gap-default\">\n\t\t\t\t\t<div class=\"elementor-column elementor-col-100 elementor-top-column elementor-element elementor-element-26d9118\" data-id=\"26d9118\" data-element_type=\"column\">\n\t\t\t<div class=\"elementor-widget-wrap elementor-element-populated\">\n\t\t\t\t\t\t<div class=\"elementor-element elementor-element-5dd8923 elementor-widget elementor-widget-text-editor\" data-id=\"5dd8923\" data-element_type=\"widget\" data-widget_type=\"text-editor.default\">\n\t\t\t\t<div class=\"elementor-widget-container\">\n\t\t\t\t\t\t\t<p>\u00a0<\/p><table style=\"height: 168px;width: 92.101%;border-collapse: collapse\" cellpadding=\"20 px\"><tbody><tr style=\"height: 24px\"><td style=\"width: 34.2449%;height: 24px;text-align: center\"><span style=\"font-family: arial, helvetica, sans-serif\">A\u00c7\u00c3O DE EXTENS\u00c3O<\/span><\/td><td style=\"width: 17.7632%;height: 24px;text-align: center\"><span style=\"font-family: arial, helvetica, sans-serif\">COORDENADOR(A)<\/span><\/td><td style=\"width: 7.99197%;height: 24px;text-align: center\"><span style=\"font-family: arial, helvetica, sans-serif\">BOLSAS<\/span><\/td><td style=\"width: 19.8916%;height: 24px;text-align: center\"><span style=\"font-family: arial, helvetica, sans-serif\">EDITAL<\/span><\/td><td style=\"width: 20.1084%;height: 24px;text-align: center\"><span style=\"font-family: arial, helvetica, sans-serif\">RESULTADO<\/span><\/td><\/tr><tr style=\"height: 20px\"><td style=\"width: 34.2449%;height: 10px\">HACKTUBE: ELABORA\u00c7\u00c3O DE\u00a0CONTE\u00daDOS<br \/>PARA\u00a0CONSCIENTIZA\u00c7\u00c3O\u00a0SOBRE\u00a0CIBERSEGURAN\u00c7A<br \/>PARA A\u00a0PLATAFORMA\u00a0YOUTUBE<\/td><td style=\"width: 17.7632%;height: 10px\">Ricardo Tombesi Macedo<\/td><td style=\"width: 7.99197%;text-align: center;height: 10px\">01<\/td><td style=\"width: 19.8916%;height: 10px;text-align: center\"><a href=\"https:\/\/www.ufsm.br\/app\/uploads\/sites\/346\/2025\/04\/FREDERICO-WESTPHALEN.pdf\">Edital<\/a><\/td><td style=\"width: 20.1084%;height: 10px;text-align: center\"><p><a href=\"https:\/\/www.ufsm.br\/app\/uploads\/sites\/346\/2025\/04\/Resultado-Preliminar-FIEX-25-04-2025_assinado_RICARDO-TOMBESI-MACEDO.pdf\">Resultado Preliminar<\/a><\/p><p><a href=\"https:\/\/www.ufsm.br\/app\/uploads\/sites\/346\/2025\/04\/Resultado-Final-30-04-2025_assinado_RICARDO-TOMBESI-MACEDO.pdf\">Resultado Final<\/a><\/p><\/td><\/tr><tr style=\"height: 20px\"><td style=\"width: 34.2449%;height: 10px\"><p>A\u00e7\u00f5es de conscientiza\u00e7\u00e3o ambiental com\u00a0\u00eanfase no gerenciamento de res\u00edduos s\u00f3lidos em Munic\u00edpios do M\u00e9dio Alto Uruguai<\/p><\/td><td style=\"width: 17.7632%;height: 10px\">Willian Fernando de Borba<\/td><td style=\"width: 7.99197%;text-align: center;height: 10px\">01<\/td><td style=\"width: 19.8916%;height: 10px;text-align: center\"><a href=\"https:\/\/www.ufsm.br\/app\/uploads\/sites\/346\/2025\/04\/Modelo_de_edital_assinado-Willian-Fernando-de-Borba.pdf\">Edital<\/a><br \/><a href=\"https:\/\/www.ufsm.br\/app\/uploads\/sites\/346\/2025\/04\/Anexo-1-Willian-Fernando-de-Borba.docx\">Ficha de Inscri\u00e7\u00e3o<\/a><\/td><td style=\"width: 20.1084%;height: 10px;text-align: center\"><a href=\"https:\/\/www.ufsm.br\/app\/uploads\/sites\/346\/2025\/04\/RESULTADO_FINAL_assinado-3-1.pdf\">\u00a0Resultado Final<\/a><\/td><\/tr><tr style=\"height: 24px\"><td style=\"width: 34.2449%;height: 24px\"><p>Ampliando Caminhos do Conhecimento pela OBMEP<\/p><\/td><td style=\"width: 17.7632%;height: 24px\">Patricia Rodrigues Fortes<\/td><td style=\"width: 7.99197%;text-align: center;height: 24px\">01<\/td><td style=\"width: 19.8916%;height: 24px;text-align: center\"><p><a href=\"https:\/\/www.ufsm.br\/app\/uploads\/sites\/346\/2025\/04\/Edital-de-Selecao-Bolsistas-2025-Patricia-Rodrigues-Fortes.pdf\">Edital<\/a><\/p><\/td><td style=\"width: 20.1084%;height: 24px;text-align: center\"><a href=\"https:\/\/www.ufsm.br\/app\/uploads\/sites\/346\/2025\/04\/Resultado-Final-2.pdf\">\u00a0Resultado Final<\/a><\/td><\/tr><tr style=\"height: 20px\"><td style=\"width: 34.2449%;height: 10px\">\u00c1gua pot\u00e1vel para a sociedade<\/td><td style=\"width: 17.7632%;height: 10px\">Jaqueline Ineu Golombieski<\/td><td style=\"width: 7.99197%;text-align: center;height: 10px\">02<\/td><td style=\"width: 19.8916%;height: 10px;text-align: center\"><a href=\"https:\/\/www.ufsm.br\/app\/uploads\/sites\/346\/2025\/04\/Selecao_bolsistas_FIEX_2025-_UFSM_FW_assinado.pdf\">Edital<\/a><\/td><td style=\"width: 20.1084%;height: 10px;text-align: center\"><a href=\"https:\/\/www.ufsm.br\/app\/uploads\/sites\/346\/2025\/05\/RESULTADO_FINAL-_BOLSAS_FIEX_2025-_UFSM-FW_assinado-1.pdf\">\u00a0Resultado Final<\/a><\/td><\/tr><tr style=\"height: 20px\"><td style=\"width: 34.2449%;height: 10px\">\u00a0M\u00e3o na M\u00eddia<\/td><td style=\"width: 17.7632%;height: 10px\">Claudia Herte<\/td><td style=\"width: 7.99197%;text-align: center;height: 10px\">02\u00a0<\/td><td style=\"width: 19.8916%;height: 10px;text-align: center\"><a href=\"https:\/\/www.ufsm.br\/app\/uploads\/sites\/346\/2025\/04\/001-2025-EDITAL-DE-SELECAO-DE-BOLSISTAS-EDITAL-FIEX-2025_MNM_assinado-1.pdf\">Edital\u00a0<\/a><\/td><td style=\"width: 20.1084%;height: 10px;text-align: center\">\u00a0<a href=\"https:\/\/www.ufsm.br\/app\/uploads\/sites\/346\/2025\/04\/Edital_de_resultado_final_FIEX_2025_Claudia_assinado-1.pdf\">Resultado<\/a><\/td><\/tr><tr style=\"height: 20px\"><td style=\"width: 34.2449%;height: 10px\">\u00a0QUALIFICA\u00c7\u00c3O DE R\u00c1DIOS COMUNIT\u00c1RIAS DA REGI\u00c3O DO M\u00c9DIO ALTO URUGUAI<\/td><td style=\"width: 17.7632%;height: 10px\">Mirian Redin de Quadros<\/td><td style=\"width: 7.99197%;text-align: center;height: 10px\">02<\/td><td style=\"width: 19.8916%;height: 10px;text-align: center\">\u00a0<a href=\"https:\/\/www.ufsm.br\/app\/uploads\/sites\/346\/2025\/04\/Edital_Selecao_Bolsista_FIEX_2025_assinado.pdf\">Edital<\/a><\/td><td style=\"width: 20.1084%;height: 10px;text-align: center\"><a href=\"https:\/\/www.ufsm.br\/app\/uploads\/sites\/346\/2025\/04\/Resultado_parcial_Selecao_Bolsista_Fiex_2025_assinado.pdf\">Resultado Preliminar<\/a>, <a href=\"https:\/\/www.ufsm.br\/app\/uploads\/sites\/346\/2025\/04\/Resultado_final_Selecao_Bolsista_Fiex_2025_assinado.pdf\">Resultado Final<\/a><\/td><\/tr><tr style=\"height: 20px\"><td style=\"width: 34.2449%;height: 10px\">PET Rocket: Ci\u00eancia\u00a0em A\u00e7\u00e3o<\/td><td style=\"width: 17.7632%;height: 10px\">Celina Ceolin<\/td><td style=\"width: 7.99197%;text-align: center;height: 10px\"><p>01<\/p><\/td><td style=\"width: 19.8916%;height: 10px;text-align: center\"><p><a href=\"https:\/\/www.ufsm.br\/app\/uploads\/sites\/346\/2025\/04\/Celina-Ceolin_FW.pdf\">Edital<\/a><\/p><p><a href=\"https:\/\/www.ufsm.br\/app\/uploads\/sites\/346\/2025\/04\/FICHA_DE_INSCRICAO_Celina-Ceolin.docx\">Ficha de Inscri\u00e7\u00e3o<\/a>\u00a0<\/p><\/td><td style=\"width: 20.1084%;height: 10px;text-align: center\"><a href=\"https:\/\/www.ufsm.br\/app\/uploads\/sites\/346\/2025\/04\/EDITAL_01-RESULTADO-PRELIMINAR_assinado_Celina-Ceolin.pdf\">Resultado Preliminar<\/a>, <a href=\"https:\/\/www.ufsm.br\/app\/uploads\/sites\/346\/2025\/04\/EDITAL_01-RESULTADO-FINAL_assinado.pdf\">Resultado Final<\/a><\/td><\/tr><tr style=\"height: 20px\"><td style=\"width: 34.2449%;height: 10px\">A\u00e7\u00f5es de Educa\u00e7\u00e3o Ambiental em Escolas da<br \/>Regi\u00e3o de Frederico Westphalen \u2013 RS<\/td><td style=\"width: 17.7632%;height: 10px\">Mariza de Camargo<\/td><td style=\"width: 7.99197%;text-align: center;height: 10px\">01<\/td><td style=\"width: 19.8916%;height: 10px;text-align: center\"><a href=\"https:\/\/www.ufsm.br\/app\/uploads\/sites\/346\/2025\/04\/Mariza-de-Camargo_FW.pdf\">Edital<\/a><\/td><td style=\"width: 20.1084%;height: 10px;text-align: center\"><a href=\"https:\/\/www.ufsm.br\/app\/uploads\/sites\/346\/2025\/05\/Resultados-FINAL-_2025_assinado-1-1.pdf\">\u00a0Resultado Final<\/a><\/td><\/tr><tr style=\"height: 20px\"><td style=\"width: 34.2449%;height: 10px\">\u00a0FLORES PARA TODOS NA REGI\u00c3O NORTE DO RIO GRANDE DO SUL<\/td><td style=\"width: 17.7632%;height: 10px\">Gizelli M. de Paula<\/td><td style=\"width: 7.99197%;text-align: center;height: 10px\">\u00a001<\/td><td style=\"width: 19.8916%;height: 10px;text-align: center\"><a href=\"https:\/\/www.ufsm.br\/app\/uploads\/sites\/346\/2025\/04\/EDITAL-DE-SELECAO-DE-BOLSISTAS-EDITAL-FIEX-2025_Flores_Para_todos_assinado-1.pdf\">Edital<\/a>\u00a0<\/td><td style=\"width: 20.1084%;height: 10px;text-align: center\"><a href=\"https:\/\/www.ufsm.br\/app\/uploads\/sites\/346\/2025\/04\/RESULTADO_FINAL-DE-SELECAO-DE-BOLSISTAS_FIEX_assinado_GIZELLI-MOIANO-DE-PAULA.pdf\">Resultado Final<\/a><\/td><\/tr><tr style=\"height: 20px\"><td style=\"width: 34.2449%;height: 10px\">AN\u00c1LISE MACROSC\u00d3PICA DAS\u00a0CONDI\u00c7\u00d5ES AMBIENTAIS NO CURSO\u00a0DO RIO LAJEADO PARDO NO<br \/>MUNIC\u00cdPIO DE FREDERICO WESTPHALEN &#8211; RS<\/td><td style=\"width: 17.7632%;height: 10px\">Bryan Brummelhaus de Menezes<\/td><td style=\"width: 7.99197%;text-align: center;height: 10px\">01<\/td><td style=\"width: 19.8916%;height: 10px;text-align: center\"><p>&#8211;\u00a0<a href=\"https:\/\/www.ufsm.br\/app\/uploads\/sites\/346\/2025\/04\/EDITAL-DE-SELECAO-DE-BOLSISTAS-FIEX-2025_-_Bryan-Brummelhaus-de-Menezes.pdf\">Edital<\/a>\u00a0<\/p><p>&#8211;\u00a0<a href=\"https:\/\/www.ufsm.br\/app\/uploads\/sites\/346\/2025\/05\/EDITAL-EXTRAORDINARIO_FW.pdf\">EDITAL EXTRAORDIN\u00c1RIO<\/a><\/p><\/td><td style=\"width: 20.1084%;height: 10px;text-align: center\"><a href=\"https:\/\/www.ufsm.br\/app\/uploads\/sites\/346\/2025\/04\/RESULTADO-Final-Bryan-063536_Bryan-Brummelhaus-de-Menezes.pdf\">Resultado Final<\/a><\/td><\/tr><\/tbody><\/table>\t\t\t\t\t\t<\/div>\n\t\t\t\t<\/div>\n\t\t\t\t\t<\/div>\n\t\t<\/div>\n\t\t\t\t\t<\/div>\n\t\t<\/section>\n\t\t\t\t<\/div>\n\t\t","protected":false},"excerpt":{"rendered":"<p>\u00a0 A\u00c7\u00c3O DE EXTENS\u00c3O COORDENADOR(A) BOLSAS EDITAL RESULTADO HACKTUBE: ELABORA\u00c7\u00c3O DE\u00a0CONTE\u00daDOSPARA\u00a0CONSCIENTIZA\u00c7\u00c3O\u00a0SOBRE\u00a0CIBERSEGURAN\u00c7APARA A\u00a0PLATAFORMA\u00a0YOUTUBE Ricardo Tombesi Macedo 01 Edital Resultado Preliminar Resultado Final A\u00e7\u00f5es de conscientiza\u00e7\u00e3o ambiental com\u00a0\u00eanfase no gerenciamento de res\u00edduos s\u00f3lidos em Munic\u00edpios do M\u00e9dio Alto Uruguai Willian Fernando de Borba 01 EditalFicha de Inscri\u00e7\u00e3o \u00a0Resultado Final Ampliando Caminhos do Conhecimento pela OBMEP Patricia Rodrigues [&hellip;]<\/p>\n","protected":false},"author":7238,"featured_media":0,"parent":11502,"menu_order":0,"comment_status":"closed","ping_status":"closed","template":"","meta":{"footnotes":""},"categories":[],"tags":[],"class_list":["post-11514","page","type-page","status-publish","hentry"],"acf":[],"_links":{"self":[{"href":"https:\/\/www.ufsm.br\/pro-reitorias\/pre\/wp-json\/wp\/v2\/pages\/11514","targetHints":{"allow":["GET"]}}],"collection":[{"href":"https:\/\/www.ufsm.br\/pro-reitorias\/pre\/wp-json\/wp\/v2\/pages"}],"about":[{"href":"https:\/\/www.ufsm.br\/pro-reitorias\/pre\/wp-json\/wp\/v2\/types\/page"}],"author":[{"embeddable":true,"href":"https:\/\/www.ufsm.br\/pro-reitorias\/pre\/wp-json\/wp\/v2\/users\/7238"}],"replies":[{"embeddable":true,"href":"https:\/\/www.ufsm.br\/pro-reitorias\/pre\/wp-json\/wp\/v2\/comments?post=11514"}],"version-history":[{"count":0,"href":"https:\/\/www.ufsm.br\/pro-reitorias\/pre\/wp-json\/wp\/v2\/pages\/11514\/revisions"}],"up":[{"embeddable":true,"href":"https:\/\/www.ufsm.br\/pro-reitorias\/pre\/wp-json\/wp\/v2\/pages\/11502"}],"wp:attachment":[{"href":"https:\/\/www.ufsm.br\/pro-reitorias\/pre\/wp-json\/wp\/v2\/media?parent=11514"}],"wp:term":[{"taxonomy":"category","embeddable":true,"href":"https:\/\/www.ufsm.br\/pro-reitorias\/pre\/wp-json\/wp\/v2\/categories?post=11514"},{"taxonomy":"post_tag","embeddable":true,"href":"https:\/\/www.ufsm.br\/pro-reitorias\/pre\/wp-json\/wp\/v2\/tags?post=11514"}],"curies":[{"name":"wp","href":"https:\/\/api.w.org\/{rel}","templated":true}]}}