{"id":11515,"date":"2025-04-11T12:00:14","date_gmt":"2025-04-11T15:00:14","guid":{"rendered":"https:\/\/www.ufsm.br\/pro-reitorias\/pre\/?page_id=11515"},"modified":"2025-05-05T08:18:13","modified_gmt":"2025-05-05T11:18:13","slug":"bolsas-de-extensao-poli-2025","status":"publish","type":"page","link":"https:\/\/www.ufsm.br\/pro-reitorias\/pre\/oportunidades-de-bolsas-de-extensao\/fiex-2025\/bolsas-de-extensao-poli-2025","title":{"rendered":"Bolsas de Extens\u00e3o &#8211; Polit\u00e9cnico 2025"},"content":{"rendered":"\t\t<div data-elementor-type=\"wp-page\" data-elementor-id=\"11515\" class=\"elementor elementor-11515\">\n\t\t\t\t\t\t<section class=\"elementor-section elementor-top-section elementor-element elementor-element-911b264 elementor-section-boxed elementor-section-height-default elementor-section-height-default\" data-id=\"911b264\" data-element_type=\"section\">\n\t\t\t\t\t\t<div class=\"elementor-container elementor-column-gap-default\">\n\t\t\t\t\t<div class=\"elementor-column elementor-col-100 elementor-top-column elementor-element elementor-element-ab5fcee\" data-id=\"ab5fcee\" data-element_type=\"column\">\n\t\t\t<div class=\"elementor-widget-wrap elementor-element-populated\">\n\t\t\t\t\t\t<div class=\"elementor-element elementor-element-9f30354 elementor-widget elementor-widget-text-editor\" data-id=\"9f30354\" data-element_type=\"widget\" data-widget_type=\"text-editor.default\">\n\t\t\t\t<div class=\"elementor-widget-container\">\n\t\t\t\t\t\t\t<table style=\"height: 168px;width: 92.101%;border-collapse: collapse\" cellpadding=\"20 px\"><tbody><tr style=\"height: 24px\"><td style=\"width: 36.6667%;height: 24px;text-align: center\"><span style=\"font-family: arial, helvetica, sans-serif\">A\u00c7\u00c3O DE EXTENS\u00c3O<\/span><\/td><td style=\"width: 3.33336%;height: 24px;text-align: center\"><span style=\"font-family: arial, helvetica, sans-serif\">COORDENADOR(A)<\/span><\/td><td style=\"width: 20%;height: 24px;text-align: center\"><span style=\"font-family: arial, helvetica, sans-serif\">BOLSAS<\/span><\/td><td style=\"width: 20%;height: 24px;text-align: center\"><span style=\"font-family: arial, helvetica, sans-serif\">EDITAL<\/span><\/td><td style=\"width: 20%;height: 24px;text-align: center\"><span style=\"font-family: arial, helvetica, sans-serif\">RESULTADO<\/span><\/td><\/tr><tr style=\"height: 20px\"><td style=\"width: 36.6667%;height: 10px\">\u00a0Conex\u00e3o Digital na Sa\u00fade Animal: Capacita\u00e7\u00e3o e Difus\u00e3o Tecnol\u00f3gica no Rio Grande do Sul<\/td><td style=\"width: 3.33336%;height: 10px\">\u00a0Vin\u00edcius Maran<\/td><td style=\"width: 20%;text-align: center;height: 10px\">01\u00a0<\/td><td style=\"width: 20%;height: 10px;text-align: center\"><a href=\"https:\/\/www.ufsm.br\/app\/uploads\/sites\/346\/2025\/04\/edital_maran_corrigido.pdf\"><span style=\"color: #333333\">Edital\u00a0<\/span><\/a><\/td><td style=\"width: 20%;height: 10px;text-align: center\"><a href=\"https:\/\/www.ufsm.br\/app\/uploads\/sites\/346\/2025\/04\/resultado_fiex_maran.pdf\">Resultado\u00a0<\/a><\/td><\/tr><tr style=\"height: 20px\"><td style=\"width: 36.6667%;height: 10px\">Atividade f\u00edsica e<br \/>lazer para a pessoa<br \/>idosa independente<\/td><td style=\"width: 3.33336%;height: 10px\">Renato Xavier Coutinho<\/td><td style=\"width: 20%;text-align: center;height: 10px\">01<\/td><td style=\"width: 20%;height: 10px;text-align: center\"><a href=\"https:\/\/www.ufsm.br\/app\/uploads\/sites\/346\/2025\/04\/Renato-Xavier-Coutinho.POLITECNICO.pdf\"><span style=\"color: #333333\">Edital<\/span><\/a><\/td><td style=\"width: 20%;height: 10px;text-align: center\"><a href=\"https:\/\/www.ufsm.br\/app\/uploads\/sites\/346\/2025\/04\/Resultado_Selecao_de_Bolsista_Projeto_062778_FIEX_assinado.pdf\">\u00a0Resultado Preliminar<\/a>, <a href=\"https:\/\/www.ufsm.br\/app\/uploads\/sites\/346\/2025\/04\/Resultado_Final_Selecao_de_Bolsista_Projeto_062778_FIEX.pdf\">Resultado Final<\/a><\/td><\/tr><tr style=\"height: 24px\"><td style=\"width: 36.6667%;height: 24px\">\u00a0EcoPoli \u2013 Oficinas Ambientais<\/td><td style=\"width: 3.33336%;height: 24px\">\u00a0\u00cdsis Samara Ruschel Pasquali<\/td><td style=\"width: 20%;text-align: center;height: 24px\">02\u00a0<\/td><td style=\"width: 20%;height: 24px;text-align: center\">\u00a0<a href=\"https:\/\/www.ufsm.br\/app\/uploads\/sites\/346\/2025\/04\/EDITAL-DE-SELECAO-DE-BOLSISTAS-EDITAL-FIEX-2025_-_PROJETO_ECOPOLI_-_060873_-_FINAL_assinado.pdf\">Edital<\/a><\/td><td style=\"width: 20%;height: 24px;text-align: center\"><p><a href=\"https:\/\/www.ufsm.br\/app\/uploads\/sites\/346\/2025\/04\/Resultado_preliminar_bolsas_EcoPoli_Fiex_2025_assinado_Isis-Pasquali.pdf\">Resultado Preliminar<\/a><\/p><p><a href=\"https:\/\/www.ufsm.br\/app\/uploads\/sites\/346\/2025\/04\/RESULTADO_FINAL_DA_SELECAO_DE_BOLSISTAS_FIEX_2025_PARA_O_PROJETO_ECOPOLI_-_OFICINAS_AMBIENTAIS_assinado_Isis-Samara-Ruschel-Pasquali.pdf\">Resultado Final<\/a><\/p><\/td><\/tr><tr style=\"height: 20px\"><td style=\"width: 36.6667%;height: 10px\">Curso de Forma\u00e7\u00e3o de Articuladores\u00a0Regionais em Informa\u00e7\u00e3o e Gest\u00e3o do Trabalho em Sa\u00fade<\/td><td style=\"width: 3.33336%;height: 10px\">Guilherme Emanuel Weiss Pinheiro<\/td><td style=\"width: 20%;text-align: center;height: 10px\">01<\/td><td style=\"width: 20%;height: 10px;text-align: center\"><a href=\"https:\/\/www.ufsm.br\/app\/uploads\/sites\/346\/2025\/04\/EDITAL-DE-SELECAO-DE-BOLSISTAS-EDITAL-FIEX-2025-_Articuladores_Regionais_assinado-Guilherme-Emanuel-Weiss-Pinheiro.pdf\"><span style=\"color: #333333\">Edital<\/span><\/a><\/td><td style=\"width: 20%;height: 10px;text-align: center\"><p><a href=\"https:\/\/www.ufsm.br\/app\/uploads\/sites\/346\/2025\/04\/RESULTADO-EDITAL-FIEX-2025-_Curso_assinado_Guilherme-Emanuel-Weiss-Pinheiro.pdf\">Resultado Preliminar<\/a><\/p><p><a href=\"https:\/\/www.ufsm.br\/app\/uploads\/sites\/346\/2025\/04\/RESULTADOFINAL-EDITAL-FIEX-2025-_Curso_assinado_Guilherme-Emanuel-Weiss-Pinheiro.pdf\">Resultado Final<\/a><\/p><\/td><\/tr><tr style=\"height: 20px\"><td style=\"width: 36.6667%;height: 10px\"><p>Hortas Urbanas<br \/>Comunit\u00e1rias em<br \/>Escolas P\u00fablicas de<br \/>Camobi, Santa Maria, RS<\/p><\/td><td style=\"width: 3.33336%;height: 10px\">Alejandro Lezcano Schwarzkopf<\/td><td style=\"width: 20%;text-align: center;height: 10px\">01<\/td><td style=\"width: 20%;height: 10px;text-align: center\"><a href=\"https:\/\/www.ufsm.br\/app\/uploads\/sites\/346\/2025\/04\/001-sELECAO-DE-BOLSISTAS-EDITAL-FIEX-2025aaaa_assinado_Alejandro-Lezcano-Schwarzkopf_RETIFICADO.pdf\">Edital<\/a><\/td><td style=\"width: 20%;height: 10px;text-align: center\"><a href=\"https:\/\/www.ufsm.br\/app\/uploads\/sites\/346\/2025\/05\/RESULTADO_FINAL_extensao_fiex_01_assinado.pdf\">Resultado Final<\/a><\/td><\/tr><\/tbody><\/table>\t\t\t\t\t\t<\/div>\n\t\t\t\t<\/div>\n\t\t\t\t\t<\/div>\n\t\t<\/div>\n\t\t\t\t\t<\/div>\n\t\t<\/section>\n\t\t\t\t<\/div>\n\t\t","protected":false},"excerpt":{"rendered":"<p>A\u00c7\u00c3O DE EXTENS\u00c3O COORDENADOR(A) BOLSAS EDITAL RESULTADO \u00a0Conex\u00e3o Digital na Sa\u00fade Animal: Capacita\u00e7\u00e3o e Difus\u00e3o Tecnol\u00f3gica no Rio Grande do Sul \u00a0Vin\u00edcius Maran 01\u00a0 Edital\u00a0 Resultado\u00a0 Atividade f\u00edsica elazer para a pessoaidosa independente Renato Xavier Coutinho 01 Edital \u00a0Resultado Preliminar, Resultado Final \u00a0EcoPoli \u2013 Oficinas Ambientais \u00a0\u00cdsis Samara Ruschel Pasquali 02\u00a0 \u00a0Edital Resultado Preliminar Resultado [&hellip;]<\/p>\n","protected":false},"author":7238,"featured_media":0,"parent":11502,"menu_order":0,"comment_status":"closed","ping_status":"closed","template":"","meta":{"footnotes":""},"categories":[],"tags":[],"class_list":["post-11515","page","type-page","status-publish","hentry"],"acf":[],"_links":{"self":[{"href":"https:\/\/www.ufsm.br\/pro-reitorias\/pre\/wp-json\/wp\/v2\/pages\/11515","targetHints":{"allow":["GET"]}}],"collection":[{"href":"https:\/\/www.ufsm.br\/pro-reitorias\/pre\/wp-json\/wp\/v2\/pages"}],"about":[{"href":"https:\/\/www.ufsm.br\/pro-reitorias\/pre\/wp-json\/wp\/v2\/types\/page"}],"author":[{"embeddable":true,"href":"https:\/\/www.ufsm.br\/pro-reitorias\/pre\/wp-json\/wp\/v2\/users\/7238"}],"replies":[{"embeddable":true,"href":"https:\/\/www.ufsm.br\/pro-reitorias\/pre\/wp-json\/wp\/v2\/comments?post=11515"}],"version-history":[{"count":0,"href":"https:\/\/www.ufsm.br\/pro-reitorias\/pre\/wp-json\/wp\/v2\/pages\/11515\/revisions"}],"up":[{"embeddable":true,"href":"https:\/\/www.ufsm.br\/pro-reitorias\/pre\/wp-json\/wp\/v2\/pages\/11502"}],"wp:attachment":[{"href":"https:\/\/www.ufsm.br\/pro-reitorias\/pre\/wp-json\/wp\/v2\/media?parent=11515"}],"wp:term":[{"taxonomy":"category","embeddable":true,"href":"https:\/\/www.ufsm.br\/pro-reitorias\/pre\/wp-json\/wp\/v2\/categories?post=11515"},{"taxonomy":"post_tag","embeddable":true,"href":"https:\/\/www.ufsm.br\/pro-reitorias\/pre\/wp-json\/wp\/v2\/tags?post=11515"}],"curies":[{"name":"wp","href":"https:\/\/api.w.org\/{rel}","templated":true}]}}