{"id":11516,"date":"2025-04-11T12:02:55","date_gmt":"2025-04-11T15:02:55","guid":{"rendered":"https:\/\/www.ufsm.br\/pro-reitorias\/pre\/?page_id=11516"},"modified":"2025-04-11T14:18:58","modified_gmt":"2025-04-11T17:18:58","slug":"bolsas-de-extensao-ctism-2025","status":"publish","type":"page","link":"https:\/\/www.ufsm.br\/pro-reitorias\/pre\/oportunidades-de-bolsas-de-extensao\/fiex-2025\/bolsas-de-extensao-ctism-2025","title":{"rendered":"Bolsas de Extens\u00e3o &#8211; CTISM 2025"},"content":{"rendered":"\t\t<div data-elementor-type=\"wp-page\" data-elementor-id=\"11516\" class=\"elementor elementor-11516\">\n\t\t\t\t\t\t<section class=\"elementor-section elementor-top-section elementor-element elementor-element-b9d46ce elementor-section-boxed elementor-section-height-default elementor-section-height-default\" data-id=\"b9d46ce\" data-element_type=\"section\">\n\t\t\t\t\t\t<div class=\"elementor-container elementor-column-gap-default\">\n\t\t\t\t\t<div class=\"elementor-column elementor-col-100 elementor-top-column elementor-element elementor-element-2fccebe\" data-id=\"2fccebe\" data-element_type=\"column\">\n\t\t\t<div class=\"elementor-widget-wrap elementor-element-populated\">\n\t\t\t\t\t\t<div class=\"elementor-element elementor-element-cdcc9eb elementor-widget elementor-widget-text-editor\" data-id=\"cdcc9eb\" data-element_type=\"widget\" data-widget_type=\"text-editor.default\">\n\t\t\t\t<div class=\"elementor-widget-container\">\n\t\t\t\t\t\t\t<table style=\"height: 168px;width: 92.101%;border-collapse: collapse\" cellpadding=\"20 px\"><tbody><tr style=\"height: 24px\"><td style=\"width: 36.6667%;height: 24px;text-align: center\"><span style=\"font-family: arial, helvetica, sans-serif\"><strong>A\u00c7\u00c3O DE EXTENS\u00c3O<\/strong><\/span><\/td><td style=\"width: 3.33336%;height: 24px;text-align: center\"><span style=\"font-family: arial, helvetica, sans-serif\"><strong>COORDENADOR(A)<\/strong><\/span><\/td><td style=\"width: 20%;height: 24px;text-align: center\"><span style=\"font-family: arial, helvetica, sans-serif\"><strong>BOLSAS<\/strong><\/span><\/td><td style=\"width: 20%;height: 24px;text-align: center\"><span style=\"font-family: arial, helvetica, sans-serif\"><strong>EDITAL<\/strong><\/span><\/td><td style=\"width: 20%;height: 24px;text-align: center\"><span style=\"font-family: arial, helvetica, sans-serif\"><strong>RESULTADO<\/strong><\/span><\/td><\/tr><tr style=\"height: 20px\"><td style=\"width: 36.6667%;height: 10px\">\u00a0<\/td><td style=\"width: 3.33336%;height: 10px\">\u00a0<\/td><td style=\"width: 20%;text-align: center;height: 10px\">\u00a0<\/td><td style=\"width: 20%;height: 10px;text-align: center\">\u00a0<\/td><td style=\"width: 20%;height: 10px;text-align: center\">\u00a0<\/td><\/tr><tr style=\"height: 20px\"><td style=\"width: 36.6667%;height: 10px\">\u00a0<\/td><td style=\"width: 3.33336%;height: 10px\">\u00a0<\/td><td style=\"width: 20%;text-align: center;height: 10px\">\u00a0<\/td><td style=\"width: 20%;height: 10px;text-align: center\">\u00a0<\/td><td style=\"width: 20%;height: 10px;text-align: center\">\u00a0<\/td><\/tr><tr style=\"height: 24px\"><td style=\"width: 36.6667%;height: 24px\">\u00a0<\/td><td style=\"width: 3.33336%;height: 24px\">\u00a0<\/td><td style=\"width: 20%;text-align: center;height: 24px\">\u00a0<\/td><td style=\"width: 20%;height: 24px;text-align: center\">\u00a0<\/td><td style=\"width: 20%;height: 24px;text-align: center\">\u00a0<\/td><\/tr><tr style=\"height: 20px\"><td style=\"width: 36.6667%;height: 10px\">\u00a0<\/td><td style=\"width: 3.33336%;height: 10px\">\u00a0<\/td><td style=\"width: 20%;text-align: center;height: 10px\">\u00a0<\/td><td style=\"width: 20%;height: 10px;text-align: center\">\u00a0<\/td><td style=\"width: 20%;height: 10px;text-align: center\">\u00a0<\/td><\/tr><tr style=\"height: 20px\"><td style=\"width: 36.6667%;height: 10px\">\u00a0<\/td><td style=\"width: 3.33336%;height: 10px\">\u00a0<\/td><td style=\"width: 20%;text-align: center;height: 10px\">\u00a0<\/td><td style=\"width: 20%;height: 10px;text-align: center\">\u00a0<\/td><td style=\"width: 20%;height: 10px;text-align: center\">\u00a0<\/td><\/tr><tr style=\"height: 20px\"><td style=\"width: 36.6667%;height: 10px\">\u00a0<\/td><td style=\"width: 3.33336%;height: 10px\">\u00a0<\/td><td style=\"width: 20%;text-align: center;height: 10px\">\u00a0<\/td><td style=\"width: 20%;height: 10px;text-align: center\">\u00a0<\/td><td style=\"width: 20%;height: 10px;text-align: center\">\u00a0<\/td><\/tr><tr style=\"height: 20px\"><td style=\"width: 36.6667%;height: 10px\">\u00a0<\/td><td style=\"width: 3.33336%;height: 10px\">\u00a0<\/td><td style=\"width: 20%;text-align: center;height: 10px\">\u00a0<\/td><td style=\"width: 20%;height: 10px;text-align: center\">\u00a0<\/td><td style=\"width: 20%;height: 10px;text-align: center\">\u00a0<\/td><\/tr><tr style=\"height: 20px\"><td style=\"width: 36.6667%;height: 10px\">\u00a0<\/td><td style=\"width: 3.33336%;height: 10px\">\u00a0<\/td><td style=\"width: 20%;text-align: center;height: 10px\">\u00a0<\/td><td style=\"width: 20%;height: 10px;text-align: center\">\u00a0<\/td><td style=\"width: 20%;height: 10px;text-align: center\">\u00a0<\/td><\/tr><tr style=\"height: 20px\"><td style=\"width: 36.6667%;height: 10px\">\u00a0<\/td><td style=\"width: 3.33336%;height: 10px\">\u00a0<\/td><td style=\"width: 20%;text-align: center;height: 10px\">\u00a0<\/td><td style=\"width: 20%;height: 10px;text-align: center\">\u00a0<\/td><td style=\"width: 20%;height: 10px;text-align: center\">\u00a0<\/td><\/tr><tr style=\"height: 20px\"><td style=\"width: 36.6667%;height: 10px\">\u00a0<\/td><td style=\"width: 3.33336%;height: 10px\">\u00a0<\/td><td style=\"width: 20%;text-align: center;height: 10px\">\u00a0<\/td><td style=\"width: 20%;height: 10px;text-align: center\">\u00a0<\/td><td style=\"width: 20%;height: 10px;text-align: center\">\u00a0<\/td><\/tr><\/tbody><\/table>\t\t\t\t\t\t<\/div>\n\t\t\t\t<\/div>\n\t\t\t\t\t<\/div>\n\t\t<\/div>\n\t\t\t\t\t<\/div>\n\t\t<\/section>\n\t\t\t\t<\/div>\n\t\t","protected":false},"excerpt":{"rendered":"<p>A\u00c7\u00c3O DE EXTENS\u00c3O COORDENADOR(A) BOLSAS EDITAL RESULTADO \u00a0 \u00a0 \u00a0 \u00a0 \u00a0 \u00a0 \u00a0 \u00a0 \u00a0 \u00a0 \u00a0 \u00a0 \u00a0 \u00a0 \u00a0 \u00a0 \u00a0 \u00a0 \u00a0 \u00a0 \u00a0 \u00a0 \u00a0 \u00a0 \u00a0 \u00a0 \u00a0 \u00a0 \u00a0 \u00a0 \u00a0 \u00a0 \u00a0 \u00a0 \u00a0 \u00a0 \u00a0 \u00a0 \u00a0 \u00a0 \u00a0 \u00a0 \u00a0 \u00a0 \u00a0 \u00a0 \u00a0 \u00a0 [&hellip;]<\/p>\n","protected":false},"author":7238,"featured_media":0,"parent":11502,"menu_order":0,"comment_status":"closed","ping_status":"closed","template":"","meta":{"footnotes":""},"categories":[],"tags":[],"class_list":["post-11516","page","type-page","status-publish","hentry"],"acf":[],"_links":{"self":[{"href":"https:\/\/www.ufsm.br\/pro-reitorias\/pre\/wp-json\/wp\/v2\/pages\/11516","targetHints":{"allow":["GET"]}}],"collection":[{"href":"https:\/\/www.ufsm.br\/pro-reitorias\/pre\/wp-json\/wp\/v2\/pages"}],"about":[{"href":"https:\/\/www.ufsm.br\/pro-reitorias\/pre\/wp-json\/wp\/v2\/types\/page"}],"author":[{"embeddable":true,"href":"https:\/\/www.ufsm.br\/pro-reitorias\/pre\/wp-json\/wp\/v2\/users\/7238"}],"replies":[{"embeddable":true,"href":"https:\/\/www.ufsm.br\/pro-reitorias\/pre\/wp-json\/wp\/v2\/comments?post=11516"}],"version-history":[{"count":0,"href":"https:\/\/www.ufsm.br\/pro-reitorias\/pre\/wp-json\/wp\/v2\/pages\/11516\/revisions"}],"up":[{"embeddable":true,"href":"https:\/\/www.ufsm.br\/pro-reitorias\/pre\/wp-json\/wp\/v2\/pages\/11502"}],"wp:attachment":[{"href":"https:\/\/www.ufsm.br\/pro-reitorias\/pre\/wp-json\/wp\/v2\/media?parent=11516"}],"wp:term":[{"taxonomy":"category","embeddable":true,"href":"https:\/\/www.ufsm.br\/pro-reitorias\/pre\/wp-json\/wp\/v2\/categories?post=11516"},{"taxonomy":"post_tag","embeddable":true,"href":"https:\/\/www.ufsm.br\/pro-reitorias\/pre\/wp-json\/wp\/v2\/tags?post=11516"}],"curies":[{"name":"wp","href":"https:\/\/api.w.org\/{rel}","templated":true}]}}