{"id":13151,"date":"2025-07-21T12:43:23","date_gmt":"2025-07-21T15:43:23","guid":{"rendered":"https:\/\/www.ufsm.br\/pro-reitorias\/pre\/?page_id=13151"},"modified":"2025-07-21T12:48:39","modified_gmt":"2025-07-21T15:48:39","slug":"instrucao-normativa-para-auxilios-financeiros-a-estudantes","status":"publish","type":"page","link":"https:\/\/www.ufsm.br\/pro-reitorias\/pre\/instrucao-normativa-para-auxilios-financeiros-a-estudantes","title":{"rendered":"Instru\u00e7\u00e3o Normativa para aux\u00edlios financeiros a estudantes"},"content":{"rendered":"\t\t<div data-elementor-type=\"wp-page\" data-elementor-id=\"13151\" class=\"elementor elementor-13151\">\n\t\t\t\t\t\t<section class=\"elementor-section elementor-top-section elementor-element elementor-element-2578d27 elementor-section-boxed elementor-section-height-default elementor-section-height-default\" data-id=\"2578d27\" data-element_type=\"section\">\n\t\t\t\t\t\t<div class=\"elementor-container elementor-column-gap-default\">\n\t\t\t\t\t<div class=\"elementor-column elementor-col-100 elementor-top-column elementor-element elementor-element-6a940ee\" data-id=\"6a940ee\" data-element_type=\"column\">\n\t\t\t<div class=\"elementor-widget-wrap elementor-element-populated\">\n\t\t\t\t\t\t<div class=\"elementor-element elementor-element-be06bd5 elementor-widget elementor-widget-text-editor\" data-id=\"be06bd5\" data-element_type=\"widget\" data-widget_type=\"text-editor.default\">\n\t\t\t\t<div class=\"elementor-widget-container\">\n\t\t\t\t\t\t\t<h3><span style=\"text-decoration: underline\"><a href=\"https:\/\/www.ufsm.br\/app\/uploads\/sites\/346\/2025\/03\/IN_PRE_001_2025.pdf\">Instru\u00e7\u00e3o Normativa N\u00ba 001\/PRE\/UFSM\/2025<\/a><\/span><\/h3><p>Regulamenta aux\u00edlios financeiros \u00e0 estudantes<\/p><p>\u00a0<\/p><h3><span style=\"text-decoration: underline\"><a href=\"https:\/\/www.ufsm.br\/app\/uploads\/sites\/346\/2025\/03\/Anexo-I-Modelo-de-justificativa-de-pagamento.pdf\">ANEXO I da Instru\u00e7\u00e3o Normativa N\u00ba 001\/PRE\/UFSM\/2025<\/a><\/span><\/h3><p>Modelo de justificativa de pagamento com valor superior<\/p><p>\u00a0<\/p><h3><span style=\"text-decoration: underline\"><a href=\"https:\/\/www.ufsm.br\/app\/uploads\/sites\/346\/2025\/03\/Anexo-II-Declarao-de-valores-recebidos.pdf\">ANEXO II da Instru\u00e7\u00e3o Normativa N\u00ba 001\/PRE\/UFSM\/2025<\/a><\/span><\/h3><p>Declara\u00e7\u00e3o de valores recebidos<\/p>\t\t\t\t\t\t<\/div>\n\t\t\t\t<\/div>\n\t\t\t\t\t<\/div>\n\t\t<\/div>\n\t\t\t\t\t<\/div>\n\t\t<\/section>\n\t\t\t\t<\/div>\n\t\t","protected":false},"excerpt":{"rendered":"<p>Instru\u00e7\u00e3o Normativa N\u00ba 001\/PRE\/UFSM\/2025 Regulamenta aux\u00edlios financeiros \u00e0 estudantes \u00a0 ANEXO I da Instru\u00e7\u00e3o Normativa N\u00ba 001\/PRE\/UFSM\/2025 Modelo de justificativa de pagamento com valor superior \u00a0 ANEXO II da Instru\u00e7\u00e3o Normativa N\u00ba 001\/PRE\/UFSM\/2025 Declara\u00e7\u00e3o de valores recebidos<\/p>\n","protected":false},"author":7238,"featured_media":0,"parent":0,"menu_order":0,"comment_status":"closed","ping_status":"closed","template":"","meta":{"footnotes":""},"categories":[],"tags":[],"class_list":["post-13151","page","type-page","status-publish","hentry"],"acf":[],"_links":{"self":[{"href":"https:\/\/www.ufsm.br\/pro-reitorias\/pre\/wp-json\/wp\/v2\/pages\/13151","targetHints":{"allow":["GET"]}}],"collection":[{"href":"https:\/\/www.ufsm.br\/pro-reitorias\/pre\/wp-json\/wp\/v2\/pages"}],"about":[{"href":"https:\/\/www.ufsm.br\/pro-reitorias\/pre\/wp-json\/wp\/v2\/types\/page"}],"author":[{"embeddable":true,"href":"https:\/\/www.ufsm.br\/pro-reitorias\/pre\/wp-json\/wp\/v2\/users\/7238"}],"replies":[{"embeddable":true,"href":"https:\/\/www.ufsm.br\/pro-reitorias\/pre\/wp-json\/wp\/v2\/comments?post=13151"}],"version-history":[{"count":0,"href":"https:\/\/www.ufsm.br\/pro-reitorias\/pre\/wp-json\/wp\/v2\/pages\/13151\/revisions"}],"wp:attachment":[{"href":"https:\/\/www.ufsm.br\/pro-reitorias\/pre\/wp-json\/wp\/v2\/media?parent=13151"}],"wp:term":[{"taxonomy":"category","embeddable":true,"href":"https:\/\/www.ufsm.br\/pro-reitorias\/pre\/wp-json\/wp\/v2\/categories?post=13151"},{"taxonomy":"post_tag","embeddable":true,"href":"https:\/\/www.ufsm.br\/pro-reitorias\/pre\/wp-json\/wp\/v2\/tags?post=13151"}],"curies":[{"name":"wp","href":"https:\/\/api.w.org\/{rel}","templated":true}]}}