{"id":13699,"date":"2025-09-22T14:43:27","date_gmt":"2025-09-22T17:43:27","guid":{"rendered":"https:\/\/www.ufsm.br\/pro-reitorias\/pre\/?page_id=13699"},"modified":"2025-09-24T11:18:29","modified_gmt":"2025-09-24T14:18:29","slug":"documentos-extensao","status":"publish","type":"page","link":"https:\/\/www.ufsm.br\/pro-reitorias\/pre\/documentos-extensao","title":{"rendered":"Extens\u00e3o UFSM &#8211; Documentos importantes sobre a Extens\u00e3o Universit\u00e1ria"},"content":{"rendered":"\t\t<div data-elementor-type=\"wp-page\" data-elementor-id=\"13699\" class=\"elementor elementor-13699\">\n\t\t\t\t\t\t<section class=\"elementor-section elementor-top-section elementor-element elementor-element-7a2c2c07 elementor-section-boxed elementor-section-height-default elementor-section-height-default\" data-id=\"7a2c2c07\" data-element_type=\"section\">\n\t\t\t\t\t\t<div class=\"elementor-container elementor-column-gap-default\">\n\t\t\t\t\t<div class=\"elementor-column elementor-col-100 elementor-top-column elementor-element elementor-element-18018aa3\" data-id=\"18018aa3\" data-element_type=\"column\">\n\t\t\t<div class=\"elementor-widget-wrap elementor-element-populated\">\n\t\t\t\t\t\t<div class=\"elementor-element elementor-element-62ac89b3 elementor-widget elementor-widget-text-editor\" data-id=\"62ac89b3\" data-element_type=\"widget\" data-widget_type=\"text-editor.default\">\n\t\t\t\t<div class=\"elementor-widget-container\">\n\t\t\t\t\t\t\t<p>Acesse abaixo o Guia da Extens\u00e3o UFSM e outros links importantes para sua forma\u00e7\u00e3o extensionista:<\/p>\n<p><span style=\"text-decoration: underline\"><span style=\"font-size: 12pt\"><a href=\"https:\/\/repositorio.ufsm.br\/handle\/1\/35193\">Guia da Extens\u00e3o UFSM<\/a><\/span><\/span><\/p>\n<p><span style=\"font-size: 1rem\"><span style=\"text-decoration: underline\"><a href=\"https:\/\/proex.ufsc.br\/files\/2016\/04\/Pol\u00edtica-Nacional-de-Extens\u00e3o-Universit\u00e1ria-e-book.pdf\">Pol\u00edtica Nacional da Extens\u00e3o Universit\u00e1ria (PNEU)<\/a><\/span><\/span><\/p>\n<p><span style=\"font-size: 1rem\"><span style=\"text-decoration: underline\"><a href=\"https:\/\/portal.mec.gov.br\/index.php?option=com_docman&amp;view=download&amp;alias=104251-rces007-18&amp;category_slug=dezembro-2018-pdf&amp;Itemid=30192\">Resolu\u00e7\u00e3o de 2018 do Conselho Nacional de Educa\u00e7\u00e3o (CNE)<\/a><\/span><\/span><\/p>\n<p><span style=\"font-size: 1rem\"><span style=\"text-decoration: underline\"><a href=\"https:\/\/www.ufsm.br\/app\/uploads\/sites\/346\/2019\/10\/Resolu\u00e7\u00e3o-006-2019.pdf\">Resolu\u00e7\u00e3o n\u00ba 06\/2019: Pol\u00edtica de Extens\u00e3o da UFSM<\/a><\/span><\/span><\/p>\n<p><span style=\"font-size: 16px\"><span style=\"text-decoration: underline\"><a href=\"https:\/\/www.ufsm.br\/app\/uploads\/sites\/346\/2019\/07\/Instru\u00e7\u00e3o-Normativa-01.2019-PRE-julho-2019.pdf\">Instru\u00e7\u00e3o Normativa n\u00ba 01\/2019 da PRE<\/a><\/span><\/span><\/p>\n<p><span style=\"text-decoration: underline\"><a href=\"https:\/\/www.ufsm.br\/app\/uploads\/sites\/346\/2021\/12\/ANEXO-H-AREAS-E-LINHAS-TEMATICAS-DA-POLITICA-DE-EXTENSAO.pdf\"><span style=\"font-size: 1rem\">\u00c1reas e Linhas Tem\u00e1ticas da Pol\u00edtica de Extens\u00e3o da UFSM<\/span><\/a><\/span><\/p>\n<p><span style=\"text-decoration: underline\"><a href=\"https:\/\/portal.ufsm.br\/projetos\/index.html\">Portal de Projetos da UFSM<\/a><\/span><\/p>\n<p><span style=\"font-size: 1rem\"><span style=\"text-decoration: underline\"><a href=\"https:\/\/www.ufsm.br\/app\/uploads\/sites\/819\/2021\/08\/Modelo-de-Projeto-de-Extensao-IN-001-2019.doc\">Modelo de Minuta de Projeto<\/a><\/span><\/span><\/p>\n<p><span style=\"font-size: 1rem\"><span style=\"text-decoration: underline\"><a href=\"https:\/\/brasil.un.org\/pt-br\/sdgs\">Agenda 2030 da ONU<\/a><\/span><\/span><\/p>\n<p><!-- \/wp:tadv\/classic-paragraph --><\/p>\t\t\t\t\t\t<\/div>\n\t\t\t\t<\/div>\n\t\t\t\t\t<\/div>\n\t\t<\/div>\n\t\t\t\t\t<\/div>\n\t\t<\/section>\n\t\t\t\t<\/div>\n\t\t","protected":false},"excerpt":{"rendered":"<p>Acesse abaixo o Guia da Extens\u00e3o UFSM e outros links importantes para sua forma\u00e7\u00e3o extensionista: Guia da Extens\u00e3o UFSM Pol\u00edtica Nacional da Extens\u00e3o Universit\u00e1ria (PNEU) Resolu\u00e7\u00e3o de 2018 do Conselho Nacional de Educa\u00e7\u00e3o (CNE) Resolu\u00e7\u00e3o n\u00ba 06\/2019: Pol\u00edtica de Extens\u00e3o da UFSM Instru\u00e7\u00e3o Normativa n\u00ba 01\/2019 da PRE \u00c1reas e Linhas Tem\u00e1ticas da Pol\u00edtica de [&hellip;]<\/p>\n","protected":false},"author":7238,"featured_media":0,"parent":0,"menu_order":0,"comment_status":"closed","ping_status":"closed","template":"","meta":{"footnotes":""},"categories":[],"tags":[],"class_list":["post-13699","page","type-page","status-publish","hentry"],"acf":[],"_links":{"self":[{"href":"https:\/\/www.ufsm.br\/pro-reitorias\/pre\/wp-json\/wp\/v2\/pages\/13699","targetHints":{"allow":["GET"]}}],"collection":[{"href":"https:\/\/www.ufsm.br\/pro-reitorias\/pre\/wp-json\/wp\/v2\/pages"}],"about":[{"href":"https:\/\/www.ufsm.br\/pro-reitorias\/pre\/wp-json\/wp\/v2\/types\/page"}],"author":[{"embeddable":true,"href":"https:\/\/www.ufsm.br\/pro-reitorias\/pre\/wp-json\/wp\/v2\/users\/7238"}],"replies":[{"embeddable":true,"href":"https:\/\/www.ufsm.br\/pro-reitorias\/pre\/wp-json\/wp\/v2\/comments?post=13699"}],"version-history":[{"count":0,"href":"https:\/\/www.ufsm.br\/pro-reitorias\/pre\/wp-json\/wp\/v2\/pages\/13699\/revisions"}],"wp:attachment":[{"href":"https:\/\/www.ufsm.br\/pro-reitorias\/pre\/wp-json\/wp\/v2\/media?parent=13699"}],"wp:term":[{"taxonomy":"category","embeddable":true,"href":"https:\/\/www.ufsm.br\/pro-reitorias\/pre\/wp-json\/wp\/v2\/categories?post=13699"},{"taxonomy":"post_tag","embeddable":true,"href":"https:\/\/www.ufsm.br\/pro-reitorias\/pre\/wp-json\/wp\/v2\/tags?post=13699"}],"curies":[{"name":"wp","href":"https:\/\/api.w.org\/{rel}","templated":true}]}}