{"id":13855,"date":"2025-10-03T11:41:28","date_gmt":"2025-10-03T14:41:28","guid":{"rendered":"https:\/\/www.ufsm.br\/pro-reitorias\/pre\/?page_id=13855"},"modified":"2026-01-14T09:28:52","modified_gmt":"2026-01-14T12:28:52","slug":"salao-de-extensao-2025","status":"publish","type":"page","link":"https:\/\/www.ufsm.br\/pro-reitorias\/pre\/cafe\/siec\/salao-de-extensao\/salao-de-extensao-2025","title":{"rendered":"20\u00ba Sal\u00e3o de Extens\u00e3o &#8211; JAI 2025"},"content":{"rendered":"\t\t<div data-elementor-type=\"wp-page\" data-elementor-id=\"13855\" class=\"elementor elementor-13855\">\n\t\t\t\t\t\t<section class=\"elementor-section elementor-top-section elementor-element elementor-element-b92d858 elementor-section-boxed elementor-section-height-default elementor-section-height-default\" data-id=\"b92d858\" data-element_type=\"section\">\n\t\t\t\t\t\t<div class=\"elementor-container elementor-column-gap-default\">\n\t\t\t\t\t<div class=\"elementor-column elementor-col-100 elementor-top-column elementor-element elementor-element-ada2f8b\" data-id=\"ada2f8b\" data-element_type=\"column\">\n\t\t\t<div class=\"elementor-widget-wrap elementor-element-populated\">\n\t\t\t\t\t\t<div class=\"elementor-element elementor-element-415e71b elementor-widget elementor-widget-text-editor\" data-id=\"415e71b\" data-element_type=\"widget\" data-widget_type=\"text-editor.default\">\n\t\t\t\t<div class=\"elementor-widget-container\">\n\t\t\t\t\t\t\t<p>O 20\u00b0 Sal\u00e3o de Extens\u00e3o acontece entre os dias 03 e 07 de novembro de 2025, promovido pela Pr\u00f3-Reitoria de Extens\u00e3o (PRE), em paralelo \u00e0 Jornada Acad\u00eamica Integrada (JAI). O evento, que tem como foco divulgar e fomentar discuss\u00f5es sobre os trabalhos acad\u00eamicos produzidos a partir de pr\u00e1ticas extensionistas, conta com apresenta\u00e7\u00f5es de trabalhos, mesas redondas, oficinas e premia\u00e7\u00f5es.<\/p>\t\t\t\t\t\t<\/div>\n\t\t\t\t<\/div>\n\t\t\t\t<div class=\"elementor-element elementor-element-67abdeb elementor-widget-divider--view-line elementor-widget elementor-widget-divider\" data-id=\"67abdeb\" data-element_type=\"widget\" data-widget_type=\"divider.default\">\n\t\t\t\t<div class=\"elementor-widget-container\">\n\t\t\t\t\t<div class=\"elementor-divider\">\n\t\t\t<span class=\"elementor-divider-separator\">\n\t\t\t\t\t\t<\/span>\n\t\t<\/div>\n\t\t\t\t<\/div>\n\t\t\t\t<\/div>\n\t\t\t\t\t<\/div>\n\t\t<\/div>\n\t\t\t\t\t<\/div>\n\t\t<\/section>\n\t\t\t\t<section class=\"elementor-section elementor-top-section elementor-element elementor-element-662340a elementor-section-boxed elementor-section-height-default elementor-section-height-default\" data-id=\"662340a\" data-element_type=\"section\">\n\t\t\t\t\t\t<div class=\"elementor-container elementor-column-gap-default\">\n\t\t\t\t\t<div class=\"elementor-column elementor-col-100 elementor-top-column elementor-element elementor-element-c72b230\" data-id=\"c72b230\" data-element_type=\"column\">\n\t\t\t<div class=\"elementor-widget-wrap elementor-element-populated\">\n\t\t\t\t\t\t<div class=\"elementor-element elementor-element-582b95f elementor-widget elementor-widget-text-editor\" data-id=\"582b95f\" data-element_type=\"widget\" data-widget_type=\"text-editor.default\">\n\t\t\t\t<div class=\"elementor-widget-container\">\n\t\t\t\t\t\t\t<p><strong>Apresenta\u00e7\u00f5es de Trabalhos Orais da Extens\u00e3o \u2013 de 04\/11 \u00e0 07\/11\/2025<\/strong><\/p><p><strong>Hor\u00e1rio:<\/strong> das 10:00 \u00e0s 12:00hs (Quarta noturno: das 20:30 \u00e0s 22:30h)<\/p><p><strong>Local:<\/strong> Salas do CCR (pr\u00e9dio 44)<\/p><p>TER\u00c7A-FEIRA \u2013 04 DE NOVEMBRO DE 2025<br \/>\u00c1REA TEM\u00c1TICA: SA\u00daDE<\/p><p><span style=\"text-decoration: underline\"><a href=\"https:\/\/www.ufsm.br\/app\/uploads\/sites\/346\/2025\/10\/DIVULGACAO-JAI-DISTRIBUICAO-SALAS-ORAIS-EXTENSAO-TERCA-04_11-SAUDE-1.pdf\">Confira aqui os locais de apresenta\u00e7\u00e3o da ter\u00e7a-feira.<\/a><\/span><\/p><p>QUARTA-FEIRA \u2013 05 DE NOVEMBRO DE 2025<br \/>\u00c1REA TEM\u00c1TICA: TRABALHO, MEIO AMBIENTE E TECNOLOGIA E PRODU\u00c7\u00c3O<\/p><p><span style=\"text-decoration: underline\"><a href=\"https:\/\/www.ufsm.br\/app\/uploads\/sites\/346\/2025\/11\/DIVULGACAO-JAI-DISTRIBUICAO-SALAS-ORAIS-EXTENSAO-QUARTA-05_11-TRABALHO-MA-E-TP.pdf\">Confira aqui os locais de apresenta\u00e7\u00e3o da quarta-feira (diurnos).<\/a><\/span><\/p><p>QUARTA-FEIRA \u2013 05 DE NOVEMBRO DE 2025 (NOTURNO)<br \/>\u00c1REA TEM\u00c1TICA: GERAL \u2013 NOTURNOS<\/p><p><span style=\"text-decoration: underline\"><a href=\"https:\/\/www.ufsm.br\/app\/uploads\/sites\/346\/2025\/11\/DIVULGACAO-JAI-DISTRIBUICAO-SALAS-ORAIS-EXTENSAO-QUARTA-05_11-NOTURNO.pdf\">Confira aqui os locais de apresenta\u00e7\u00e3o da quarta-feira (noturnos).<\/a><\/span><\/p><p>QUINTA-FEIRA \u2013 06 NOVEMBRO DE 2025<br \/>\u00c1REA TEM\u00c1TICA: EDUCA\u00c7\u00c3O E DIREITOS HUMANOS<\/p><p><span style=\"text-decoration: underline\"><a href=\"https:\/\/www.ufsm.br\/app\/uploads\/sites\/346\/2025\/11\/DIVULGACAO-JAI-DISTRIBUICAO-SALAS-ORAIS-EXTENSAO-QUINTA-06_11-EDUCACAO-E-DH.pdf\">Confira aqui os locais de apresenta\u00e7\u00e3o da quinta-feira.<\/a><\/span><\/p><p>SEXTA-FEIRA \u2013 07 DE NOVEMBRO DE 2025<br \/>\u00c1REA TEM\u00c1TICA: COMUNICA\u00c7\u00c3O E CULTURA E ARTE<\/p><p><span style=\"text-decoration: underline\"><a href=\"https:\/\/www.ufsm.br\/app\/uploads\/sites\/346\/2025\/11\/DIVULGACAO-JAI-DISTRIBUICAO-SALAS-ORAIS-EXTENSAO-SEXTA-07_11-COMUNICACAO-E-CA.pdf\">Confira aqui os locais de apresenta\u00e7\u00e3o da sexta-feira.<\/a><\/span><\/p>\t\t\t\t\t\t<\/div>\n\t\t\t\t<\/div>\n\t\t\t\t\t<\/div>\n\t\t<\/div>\n\t\t\t\t\t<\/div>\n\t\t<\/section>\n\t\t\t\t<section class=\"elementor-section elementor-top-section elementor-element elementor-element-223096c elementor-section-boxed elementor-section-height-default elementor-section-height-default\" data-id=\"223096c\" data-element_type=\"section\">\n\t\t\t\t\t\t<div class=\"elementor-container elementor-column-gap-default\">\n\t\t\t\t\t<div class=\"elementor-column elementor-col-100 elementor-top-column elementor-element elementor-element-316a91b\" data-id=\"316a91b\" data-element_type=\"column\">\n\t\t\t<div class=\"elementor-widget-wrap elementor-element-populated\">\n\t\t\t\t\t\t<div class=\"elementor-element elementor-element-55c6cf2 elementor-widget-divider--view-line elementor-widget elementor-widget-divider\" data-id=\"55c6cf2\" data-element_type=\"widget\" data-widget_type=\"divider.default\">\n\t\t\t\t<div class=\"elementor-widget-container\">\n\t\t\t\t\t<div class=\"elementor-divider\">\n\t\t\t<span class=\"elementor-divider-separator\">\n\t\t\t\t\t\t<\/span>\n\t\t<\/div>\n\t\t\t\t<\/div>\n\t\t\t\t<\/div>\n\t\t\t\t\t<\/div>\n\t\t<\/div>\n\t\t\t\t\t<\/div>\n\t\t<\/section>\n\t\t\t\t<section class=\"elementor-section elementor-top-section elementor-element elementor-element-d0e7799 elementor-section-boxed elementor-section-height-default elementor-section-height-default\" data-id=\"d0e7799\" data-element_type=\"section\">\n\t\t\t\t\t\t<div class=\"elementor-container elementor-column-gap-default\">\n\t\t\t\t\t<div class=\"elementor-column elementor-col-100 elementor-top-column elementor-element elementor-element-04b2faa\" data-id=\"04b2faa\" data-element_type=\"column\">\n\t\t\t<div class=\"elementor-widget-wrap elementor-element-populated\">\n\t\t\t\t\t\t<div class=\"elementor-element elementor-element-dd0bf31 elementor-widget elementor-widget-text-editor\" data-id=\"dd0bf31\" data-element_type=\"widget\" data-widget_type=\"text-editor.default\">\n\t\t\t\t<div class=\"elementor-widget-container\">\n\t\t\t\t\t\t\t<p style=\"text-align: center\">Confira abaixo a programa\u00e7\u00e3o do Sal\u00e3o de Extens\u00e3o, come\u00e7ando pela programa\u00e7\u00e3o principal e, ap\u00f3s, as atividades simult\u00e2neas:<\/p>\t\t\t\t\t\t<\/div>\n\t\t\t\t<\/div>\n\t\t\t\t\t<\/div>\n\t\t<\/div>\n\t\t\t\t\t<\/div>\n\t\t<\/section>\n\t\t\t\t<section class=\"elementor-section elementor-top-section elementor-element elementor-element-4045d7c elementor-section-boxed elementor-section-height-default elementor-section-height-default\" data-id=\"4045d7c\" data-element_type=\"section\">\n\t\t\t\t\t\t<div class=\"elementor-container elementor-column-gap-default\">\n\t\t\t\t\t<div class=\"elementor-column elementor-col-100 elementor-top-column elementor-element elementor-element-0fe0103\" data-id=\"0fe0103\" data-element_type=\"column\">\n\t\t\t<div class=\"elementor-widget-wrap elementor-element-populated\">\n\t\t\t\t\t\t<div class=\"elementor-element elementor-element-e2c795e elementor-widget elementor-widget-text-editor\" data-id=\"e2c795e\" data-element_type=\"widget\" data-widget_type=\"text-editor.default\">\n\t\t\t\t<div class=\"elementor-widget-container\">\n\t\t\t\t\t\t\t<p style=\"text-align: center\"><span style=\"color: #ff6600\"><strong>Programa\u00e7\u00e3o Principal<\/strong><\/span><\/p>\t\t\t\t\t\t<\/div>\n\t\t\t\t<\/div>\n\t\t\t\t\t<\/div>\n\t\t<\/div>\n\t\t\t\t\t<\/div>\n\t\t<\/section>\n\t\t\t\t<section class=\"elementor-section elementor-top-section elementor-element elementor-element-1f99f71 elementor-section-boxed elementor-section-height-default elementor-section-height-default\" data-id=\"1f99f71\" data-element_type=\"section\">\n\t\t\t\t\t\t<div class=\"elementor-container elementor-column-gap-default\">\n\t\t\t\t\t<div class=\"elementor-column elementor-col-100 elementor-top-column elementor-element elementor-element-13d76c8\" data-id=\"13d76c8\" data-element_type=\"column\">\n\t\t\t<div class=\"elementor-widget-wrap elementor-element-populated\">\n\t\t\t\t\t\t<div class=\"elementor-element elementor-element-eb7d176 elementor-widget elementor-widget-text-editor\" data-id=\"eb7d176\" data-element_type=\"widget\" data-widget_type=\"text-editor.default\">\n\t\t\t\t<div class=\"elementor-widget-container\">\n\t\t\t\t\t\t\t<table style=\"height: 3786px;width: 100%;border-collapse: collapse;border-style: solid\"><tbody><tr style=\"height: 23px;background-color: #f07d00\"><td style=\"height: 46px;text-align: center;width: 13.8098%\" rowspan=\"2\">\u00a0<\/td><td style=\"text-align: center;width: 86.1901%;height: 23px\"><span style=\"color: #ffffff\"><strong>SEGUNDA-FEIRA &#8211; 03\/11\/2025<\/strong><\/span><\/td><\/tr><tr style=\"height: 23px;background-color: #ffc68a\"><td style=\"text-align: center;width: 86.1901%;height: 23px\">MANH\u00c3<\/td><\/tr><tr style=\"height: 23px\"><td style=\"width: 13.8098%;height: 23px;text-align: center\">08:30<\/td><td style=\"width: 86.1901%;height: 23px;text-align: center\"><p><strong>Abertura Oficial da JAI<\/strong><\/p><p>Cerim\u00f4nia Destaque Extensionista<\/p><p><strong>Local:<\/strong> Centro de Conven\u00e7\u00f5es<\/p><\/td><\/tr><tr style=\"height: 23px;background-color: #ffc68a\"><td style=\"width: 13.8098%;height: 23px;text-align: center\">\u00a0<\/td><td style=\"height: 23px;text-align: center;width: 86.1901%\">TARDE<\/td><\/tr><tr style=\"height: 96px\"><td style=\"width: 13.8098%;text-align: center;height: 96px\">13:30 &#8211; 15:30<\/td><td style=\"width: 86.1901%;text-align: center;height: 96px\"><p><strong>Sess\u00e3o de banners<\/strong><\/p><p><strong>Local:<\/strong> Hall e mezanino Centro de Conven\u00e7\u00f5es<\/p><\/td><\/tr><tr style=\"height: 23px\"><td style=\"width: 13.8098%;height: 23px;text-align: center\">14:00<\/td><td style=\"width: 86.1901%;height: 23px;text-align: center\"><p><strong>Abertura do Sal\u00e3o de Extens\u00e3o<\/strong><\/p><p>Apresenta\u00e7\u00e3o musical de abertura: Quinteto &#8220;A Truta&#8221; de F. Schubert por estudantes do Curso de M\u00fasica: <em><span style=\"font-size: 12pt\">Violino &#8211; Pablo Reis, Viola &#8211; Felipe Saldanha, Violoncelo &#8211; Estev\u00e3o Becher, Contrabaixo &#8211; Dener Madruga, Piano &#8211; Lucas Soares.<\/span><\/em><\/p><p>Melhores Trabalhos Extens\u00e3o JAI 2024<\/p><p>Men\u00e7\u00e3o Honrosa Destaques Extensionistas<\/p><p>Lan\u00e7amento de obras da Editora PRE<\/p><p><strong>Local:<\/strong> Sal\u00e3o Imembu\u00ed | Contato: cafe.pre@ufsm.br<\/p><\/td><\/tr><tr style=\"height: 23px;background-color: #f07d00\"><td style=\"width: 13.8098%;height: 46px;text-align: center\" rowspan=\"2\">\u00a0<\/td><td style=\"width: 86.1901%;height: 23px;text-align: center\"><span style=\"color: #ffffff\"><strong>TER\u00c7A-FEIRA &#8211; 04\/11\/2025<\/strong><\/span><\/td><\/tr><tr style=\"height: 23px;background-color: #ffc68a\"><td style=\"width: 86.1901%;height: 23px;text-align: center\">MANH\u00c3<\/td><\/tr><tr style=\"height: 23px\"><td style=\"width: 13.8098%;height: 23px;text-align: center\">08:00 &#8211; 10:00<\/td><td style=\"width: 86.1901%;height: 23px;text-align: center\"><p><strong>Sess\u00e3o de banners<\/strong><\/p><p><strong>Local:<\/strong> Hall e mezanino Centro de Conven\u00e7\u00f5es<\/p><\/td><\/tr><tr style=\"height: 23px\"><td style=\"width: 13.8098%;height: 23px;text-align: center\">10:00 &#8211; 12:00<\/td><td style=\"width: 86.1901%;height: 23px;text-align: center\"><p><strong>Sess\u00e3o Oral<\/strong><\/p><p><strong>Local:<\/strong> Salas do CCR (pr\u00e9dio 44) | Contato: cafe.pre@ufsm.br<\/p><\/td><\/tr><tr style=\"height: 24px;background-color: #ffc68a\"><td style=\"width: 13.8098%;text-align: center;height: 24px\">\u00a0<\/td><td style=\"width: 86.1901%;text-align: center;height: 24px\">TARDE<\/td><\/tr><tr style=\"height: 96px\"><td style=\"width: 13.8098%;text-align: center;height: 87px\">13:30 &#8211; 15:30<\/td><td style=\"width: 86.1901%;text-align: center;height: 87px\"><p><strong>Sess\u00e3o de banners<\/strong><\/p><p><strong>Local:<\/strong> Hall e mezanino Centro de Conven\u00e7\u00f5es<\/p><\/td><\/tr><tr style=\"height: 23px;background-color: #f07d00\"><td style=\"width: 13.8098%;text-align: center;height: 48px\" rowspan=\"2\">\u00a0<\/td><td style=\"width: 86.1901%;text-align: center;height: 24px\"><span style=\"color: #ffffff\"><strong>QUARTA-FEIRA &#8211; 05\/11\/2025<\/strong><\/span><\/td><\/tr><tr style=\"height: 24px;background-color: #ffc68a\"><td style=\"width: 86.1901%;text-align: center;height: 24px\">MANH\u00c3<\/td><\/tr><tr style=\"height: 23px\"><td style=\"width: 13.8098%;height: 23px;text-align: center\">08:00 &#8211; 10:00<\/td><td style=\"width: 86.1901%;height: 23px;text-align: center\"><p><strong>Sess\u00e3o de banners<\/strong><\/p><p><strong>Local:<\/strong> Hall e mezanino Centro de Conven\u00e7\u00f5es<\/p><\/td><\/tr><tr style=\"height: 96px\"><td style=\"width: 13.8098%;text-align: center;height: 96px\">09:00 &#8211; 11:00<\/td><td style=\"width: 86.1901%;text-align: center;height: 96px\"><p><strong>Corpos, Pol\u00edtica e Autonomia \u2013 1\u00aa exposi\u00e7\u00e3o do Projeto de Extens\u00e3o enCorpA<br \/><\/strong><\/p><p><strong>Inscri\u00e7\u00f5es:<\/strong>\u00a0a exposi\u00e7\u00e3o \u00e9 aberta ao p\u00fablico, sem limite de participantes.<\/p><p><strong>Descri\u00e7\u00e3o:\u00a0<\/strong>O objetivo do evento \u00e9 compartilhar as viv\u00eancias obtidas com as moradoras do bairro Cerrito nas oficinas de artesanato realizadas pelo Projeto enCorpA durante os anos de 2024 e 2025<\/p><p><strong>Local:<\/strong> Espa\u00e7o Din\u00e2mico Interativo do Col\u00e9gio Polit\u00e9cnico<\/p><p>Al\u00e9m da exposi\u00e7\u00e3o das pe\u00e7as produzidas e de fotos das oficinas, ser\u00e1 realizada uma din\u00e2mica visando a intera\u00e7\u00e3o dos participantes. Mais informa\u00e7\u00f5es ser\u00e3o divulgadas pr\u00f3ximo a data do evento, atrav\u00e9s do Instagram do projeto:\u00a0<a href=\"https:\/\/www.instagram.com\/encorpa__?igsh=MWY5M2pvYmVrNWIyZA==\">@encorpa__<\/a><\/p><\/td><\/tr><tr style=\"height: 23px\"><td style=\"width: 13.8098%;height: 23px;text-align: center\">10:00 &#8211; 12:00<\/td><td style=\"width: 86.1901%;height: 23px;text-align: center\"><p><strong>Sess\u00e3o Oral<\/strong><\/p><p><strong>Local:<\/strong> Salas do CCR (pr\u00e9dio 44) | Contato: cafe.pre@ufsm.br<\/p><\/td><\/tr><tr style=\"height: 24px;background-color: #ffc68a\"><td style=\"width: 13.8098%;text-align: center;height: 24px\">\u00a0<\/td><td style=\"width: 86.1901%;text-align: center;height: 24px\">TARDE<\/td><\/tr><tr style=\"height: 96px\"><td style=\"width: 13.8098%;text-align: center;height: 96px\">13:30 &#8211; 15:30<\/td><td style=\"width: 86.1901%;text-align: center;height: 96px\"><p><strong>Sess\u00e3o de banners<\/strong><\/p><p>Local: Hall e mezanino Centro de Conven\u00e7\u00f5es<\/p><\/td><\/tr><tr style=\"height: 24px;background-color: #ffc68a\"><td style=\"width: 13.8098%;text-align: center;height: 24px\">\u00a0<\/td><td style=\"width: 86.1901%;text-align: center;height: 24px\">NOITE<\/td><\/tr><tr style=\"height: 96px\"><td style=\"width: 13.8098%;text-align: center;height: 96px\">19:00 &#8211; 20:30<\/td><td style=\"width: 86.1901%;text-align: center;height: 96px\"><p><strong>Sess\u00e3o de banners Noturnos<\/strong><\/p><p>Local: Hall e mezanino do Centro de Conven\u00e7\u00f5es<\/p><\/td><\/tr><tr style=\"height: 96px\"><td style=\"width: 13.8098%;text-align: center;height: 96px\">20:30 &#8211; 22:30<\/td><td style=\"width: 86.1901%;text-align: center;height: 96px\"><p><strong>Sess\u00e3o de orais Noturnos<\/strong><\/p><p>Local: Salas do CCR (pr\u00e9dio 44)<\/p><\/td><\/tr><tr style=\"height: 23px;background-color: #f07d00\"><td style=\"width: 13.8098%;text-align: center;height: 48px\" rowspan=\"2\">\u00a0<\/td><td style=\"width: 86.1901%;text-align: center;height: 24px\"><span style=\"color: #ffffff\"><strong>QUINTA-FEIRA &#8211; 06\/11\/2025<\/strong><\/span><\/td><\/tr><tr style=\"height: 24px;background-color: #ffc68a\"><td style=\"width: 86.1901%;text-align: center;height: 24px\">MANH\u00c3<\/td><\/tr><tr style=\"height: 23px\"><td style=\"width: 13.8098%;height: 23px;text-align: center\">08:00 &#8211; 10:00<\/td><td style=\"width: 86.1901%;height: 23px;text-align: center\"><p><strong>Sess\u00e3o de banners<\/strong><\/p><p>Local: Hall e mezanino Centro de Conven\u00e7\u00f5es<\/p><\/td><\/tr><tr style=\"height: 23px\"><td style=\"width: 13.8098%;height: 23px;text-align: center\">10:00 &#8211; 12:00<\/td><td style=\"width: 86.1901%;height: 23px;text-align: center\"><p><strong>Sess\u00e3o Oral<\/strong><\/p><p>Local: Salas do CCR (pr\u00e9dio 44) | Contato: cafe.pre@ufsm.br<\/p><\/td><\/tr><tr style=\"height: 24px;background-color: #ffc68a\"><td style=\"width: 13.8098%;text-align: center;height: 24px\">\u00a0<\/td><td style=\"width: 86.1901%;text-align: center;height: 24px\">TARDE<\/td><\/tr><tr style=\"height: 96px\"><td style=\"width: 13.8098%;text-align: center;height: 96px\">13:30 &#8211; 15:30<\/td><td style=\"width: 86.1901%;text-align: center;height: 96px\"><p><strong>Sess\u00e3o de banners<\/strong><\/p><p>Local: Hall e mezanino Centro de Conven\u00e7\u00f5es<\/p><\/td><\/tr><tr style=\"height: 23px;background-color: #f07d00\"><td style=\"width: 13.8098%;text-align: center;height: 48px\" rowspan=\"2\">\u00a0<\/td><td style=\"width: 86.1901%;text-align: center;height: 24px\"><span style=\"color: #ffffff\"><strong>SEXTA-FEIRA &#8211; 07\/11\/2025<\/strong><\/span><\/td><\/tr><tr style=\"height: 24px;background-color: #ffc68a\"><td style=\"width: 86.1901%;text-align: center;height: 24px\">MANH\u00c3<\/td><\/tr><tr style=\"height: 23px\"><td style=\"width: 13.8098%;height: 23px;text-align: center\">08:00 &#8211; 10:00<\/td><td style=\"width: 86.1901%;height: 23px;text-align: center\"><p><strong>Sess\u00e3o de banners<\/strong><\/p><p>Local: Hall e mezanino Centro de Conven\u00e7\u00f5es<\/p><\/td><\/tr><tr style=\"height: 23px\"><td style=\"width: 13.8098%;height: 23px;text-align: center\">10:00 &#8211; 12:00<\/td><td style=\"width: 86.1901%;height: 23px;text-align: center\"><p><strong>Sess\u00e3o Oral<\/strong><\/p><p>Local: Salas do CCR (pr\u00e9dio 44) | Contato: cafe.pre@ufsm.br<\/p><\/td><\/tr><tr style=\"height: 24px;background-color: #ffc68a\"><td style=\"width: 13.8098%;text-align: center;height: 24px\">\u00a0<\/td><td style=\"width: 86.1901%;text-align: center;height: 24px\">TARDE<\/td><\/tr><tr style=\"height: 96px\"><td style=\"width: 13.8098%;text-align: center;height: 96px\">13:30 &#8211; 15:30<\/td><td style=\"width: 86.1901%;text-align: center;height: 96px\"><p><strong>Sess\u00e3o de banners<\/strong><\/p><p>Local: Hall e mezanino Centro de Conven\u00e7\u00f5es<\/p><\/td><\/tr><\/tbody><\/table>\t\t\t\t\t\t<\/div>\n\t\t\t\t<\/div>\n\t\t\t\t\t<\/div>\n\t\t<\/div>\n\t\t\t\t\t<\/div>\n\t\t<\/section>\n\t\t\t\t<\/div>\n\t\t","protected":false},"excerpt":{"rendered":"<p>O 20\u00b0 Sal\u00e3o de Extens\u00e3o acontece entre os dias 03 e 07 de novembro de 2025, promovido pela Pr\u00f3-Reitoria de Extens\u00e3o (PRE), em paralelo \u00e0 Jornada Acad\u00eamica Integrada (JAI). O evento, que tem como foco divulgar e fomentar discuss\u00f5es sobre os trabalhos acad\u00eamicos produzidos a partir de pr\u00e1ticas extensionistas, conta com apresenta\u00e7\u00f5es de trabalhos, mesas [&hellip;]<\/p>\n","protected":false},"author":7238,"featured_media":0,"parent":10405,"menu_order":0,"comment_status":"closed","ping_status":"closed","template":"","meta":{"footnotes":""},"categories":[27],"tags":[],"class_list":["post-13855","page","type-page","status-publish","hentry","category-banner"],"acf":[],"_links":{"self":[{"href":"https:\/\/www.ufsm.br\/pro-reitorias\/pre\/wp-json\/wp\/v2\/pages\/13855","targetHints":{"allow":["GET"]}}],"collection":[{"href":"https:\/\/www.ufsm.br\/pro-reitorias\/pre\/wp-json\/wp\/v2\/pages"}],"about":[{"href":"https:\/\/www.ufsm.br\/pro-reitorias\/pre\/wp-json\/wp\/v2\/types\/page"}],"author":[{"embeddable":true,"href":"https:\/\/www.ufsm.br\/pro-reitorias\/pre\/wp-json\/wp\/v2\/users\/7238"}],"replies":[{"embeddable":true,"href":"https:\/\/www.ufsm.br\/pro-reitorias\/pre\/wp-json\/wp\/v2\/comments?post=13855"}],"version-history":[{"count":0,"href":"https:\/\/www.ufsm.br\/pro-reitorias\/pre\/wp-json\/wp\/v2\/pages\/13855\/revisions"}],"up":[{"embeddable":true,"href":"https:\/\/www.ufsm.br\/pro-reitorias\/pre\/wp-json\/wp\/v2\/pages\/10405"}],"wp:attachment":[{"href":"https:\/\/www.ufsm.br\/pro-reitorias\/pre\/wp-json\/wp\/v2\/media?parent=13855"}],"wp:term":[{"taxonomy":"category","embeddable":true,"href":"https:\/\/www.ufsm.br\/pro-reitorias\/pre\/wp-json\/wp\/v2\/categories?post=13855"},{"taxonomy":"post_tag","embeddable":true,"href":"https:\/\/www.ufsm.br\/pro-reitorias\/pre\/wp-json\/wp\/v2\/tags?post=13855"}],"curies":[{"name":"wp","href":"https:\/\/api.w.org\/{rel}","templated":true}]}}