{"id":14592,"date":"2025-12-18T10:52:04","date_gmt":"2025-12-18T13:52:04","guid":{"rendered":"https:\/\/www.ufsm.br\/pro-reitorias\/pre\/?page_id=14592"},"modified":"2025-12-18T12:14:48","modified_gmt":"2025-12-18T15:14:48","slug":"prazos-fiex-2026","status":"publish","type":"page","link":"https:\/\/www.ufsm.br\/pro-reitorias\/pre\/cafe\/fiex\/prazos-fiex-2026","title":{"rendered":"Prazos FIEX 2026"},"content":{"rendered":"\t\t<div data-elementor-type=\"wp-page\" data-elementor-id=\"14592\" class=\"elementor elementor-14592\">\n\t\t\t\t\t\t<section class=\"elementor-section elementor-top-section elementor-element elementor-element-870089c elementor-section-boxed elementor-section-height-default elementor-section-height-default\" data-id=\"870089c\" data-element_type=\"section\">\n\t\t\t\t\t\t<div class=\"elementor-container elementor-column-gap-default\">\n\t\t\t\t\t<div class=\"elementor-column elementor-col-100 elementor-top-column elementor-element elementor-element-96ba3b2\" data-id=\"96ba3b2\" data-element_type=\"column\">\n\t\t\t<div class=\"elementor-widget-wrap elementor-element-populated\">\n\t\t\t\t\t\t<div class=\"elementor-element elementor-element-1b49a5e elementor-widget elementor-widget-text-editor\" data-id=\"1b49a5e\" data-element_type=\"widget\" data-widget_type=\"text-editor.default\">\n\t\t\t\t<div class=\"elementor-widget-container\">\n\t\t\t\t\t\t\t<table><thead><tr><th><strong>ATIVIDADE<\/strong><\/th><th><strong>PER\u00cdODO<\/strong><\/th><\/tr><\/thead><tbody><tr><td>Publica\u00e7\u00e3o do edital<\/td><td>05\/01\/2026<\/td><\/tr><tr><td>Inscri\u00e7\u00e3o das propostas<\/td><td>05\/01\/2026 a 09\/03\/2026<\/td><\/tr><tr><td>Data limite para solicita\u00e7\u00e3o de registro (para nova a\u00e7\u00e3o) pelo proponente<\/td><td>at\u00e9 06\/02\/2026<\/td><\/tr><tr><td>Per\u00edodo de avalia\u00e7\u00e3o das propostas pelos avaliadores<\/td><td>13\/03\/2026 a 27\/03\/2026<\/td><\/tr><tr><td>Divulga\u00e7\u00e3o do resultado preliminar da sele\u00e7\u00e3o de propostas no Portal de Bolsas e Editais<\/td><td>30\/03\/2026<\/td><\/tr><tr><td>Divulga\u00e7\u00e3o resultado final<\/td><td>13\/04\/2026<\/td><\/tr><tr><td>Envio dos arquivos de editais de sele\u00e7\u00e3o de bolsistas por parte dos(as) contemplados(as) para publica\u00e7\u00e3o na p\u00e1gina da UFSM<\/td><td>13\/04 a 17\/04\/2026<\/td><\/tr><tr><td>Envio do resultado final do edital de sele\u00e7\u00e3o de bolsistas para publica\u00e7\u00e3o na p\u00e1gina da UFSM<\/td><td>at\u00e9 30\/04\/2026<\/td><\/tr><\/tbody><\/table>\t\t\t\t\t\t<\/div>\n\t\t\t\t<\/div>\n\t\t\t\t\t<\/div>\n\t\t<\/div>\n\t\t\t\t\t<\/div>\n\t\t<\/section>\n\t\t\t\t<section class=\"elementor-section elementor-top-section elementor-element elementor-element-4ad0687 elementor-section-boxed elementor-section-height-default elementor-section-height-default\" data-id=\"4ad0687\" data-element_type=\"section\">\n\t\t\t\t\t\t<div class=\"elementor-container elementor-column-gap-default\">\n\t\t\t\t\t<div class=\"elementor-column elementor-col-100 elementor-top-column elementor-element elementor-element-4288a6a\" data-id=\"4288a6a\" data-element_type=\"column\">\n\t\t\t<div class=\"elementor-widget-wrap elementor-element-populated\">\n\t\t\t\t\t\t<div class=\"elementor-element elementor-element-4c904f1 elementor-widget elementor-widget-image\" data-id=\"4c904f1\" data-element_type=\"widget\" data-widget_type=\"image.default\">\n\t\t\t\t<div class=\"elementor-widget-container\">\n\t\t\t\t\t\t\t\t\t\t\t\t\t\t<a href=\"https:\/\/www.ufsm.br\/app\/uploads\/sites\/346\/2025\/12\/PRAZOS-FIEX-2026-corrigido.png\" data-elementor-open-lightbox=\"yes\" data-elementor-lightbox-title=\"PRAZOS FIEX 2026 corrigido\" data-e-action-hash=\"#elementor-action%3Aaction%3Dlightbox%26settings%3DeyJpZCI6IjE0NTk1IiwidXJsIjoiaHR0cHM6XC9cL3d3dy51ZnNtLmJyXC9hcHBcL3VwbG9hZHNcL3NpdGVzXC8zNDZcLzIwMjVcLzEyXC9QUkFaT1MtRklFWC0yMDI2LWNvcnJpZ2lkby5wbmcifQ%3D%3D\">\n\t\t\t\t\t\t\t<img fetchpriority=\"high\" decoding=\"async\" width=\"768\" height=\"960\" src=\"https:\/\/www.ufsm.br\/app\/uploads\/sites\/346\/2025\/12\/PRAZOS-FIEX-2026-corrigido-768x960.png\" class=\"attachment-medium_large size-medium_large wp-image-14595\" alt=\"\" srcset=\"https:\/\/www.ufsm.br\/app\/uploads\/sites\/346\/2025\/12\/PRAZOS-FIEX-2026-corrigido-768x960.png 768w, https:\/\/www.ufsm.br\/app\/uploads\/sites\/346\/2025\/12\/PRAZOS-FIEX-2026-corrigido-240x300.png 240w, https:\/\/www.ufsm.br\/app\/uploads\/sites\/346\/2025\/12\/PRAZOS-FIEX-2026-corrigido-819x1024.png 819w, https:\/\/www.ufsm.br\/app\/uploads\/sites\/346\/2025\/12\/PRAZOS-FIEX-2026-corrigido.png 1080w\" sizes=\"(max-width: 768px) 100vw, 768px\" \/>\t\t\t\t\t\t\t\t<\/a>\n\t\t\t\t\t\t\t\t\t\t\t\t\t<\/div>\n\t\t\t\t<\/div>\n\t\t\t\t\t<\/div>\n\t\t<\/div>\n\t\t\t\t\t<\/div>\n\t\t<\/section>\n\t\t\t\t<\/div>\n\t\t","protected":false},"excerpt":{"rendered":"<p>ATIVIDADE PER\u00cdODO Publica\u00e7\u00e3o do edital 05\/01\/2026 Inscri\u00e7\u00e3o das propostas 05\/01\/2026 a 09\/03\/2026 Data limite para solicita\u00e7\u00e3o de registro (para nova a\u00e7\u00e3o) pelo proponente at\u00e9 06\/02\/2026 Per\u00edodo de avalia\u00e7\u00e3o das propostas pelos avaliadores 13\/03\/2026 a 27\/03\/2026 Divulga\u00e7\u00e3o do resultado preliminar da sele\u00e7\u00e3o de propostas no Portal de Bolsas e Editais 30\/03\/2026 Divulga\u00e7\u00e3o resultado final 13\/04\/2026 Envio [&hellip;]<\/p>\n","protected":false},"author":7238,"featured_media":0,"parent":27,"menu_order":0,"comment_status":"closed","ping_status":"closed","template":"","meta":{"footnotes":""},"categories":[],"tags":[],"class_list":["post-14592","page","type-page","status-publish","hentry"],"acf":[],"_links":{"self":[{"href":"https:\/\/www.ufsm.br\/pro-reitorias\/pre\/wp-json\/wp\/v2\/pages\/14592","targetHints":{"allow":["GET"]}}],"collection":[{"href":"https:\/\/www.ufsm.br\/pro-reitorias\/pre\/wp-json\/wp\/v2\/pages"}],"about":[{"href":"https:\/\/www.ufsm.br\/pro-reitorias\/pre\/wp-json\/wp\/v2\/types\/page"}],"author":[{"embeddable":true,"href":"https:\/\/www.ufsm.br\/pro-reitorias\/pre\/wp-json\/wp\/v2\/users\/7238"}],"replies":[{"embeddable":true,"href":"https:\/\/www.ufsm.br\/pro-reitorias\/pre\/wp-json\/wp\/v2\/comments?post=14592"}],"version-history":[{"count":0,"href":"https:\/\/www.ufsm.br\/pro-reitorias\/pre\/wp-json\/wp\/v2\/pages\/14592\/revisions"}],"up":[{"embeddable":true,"href":"https:\/\/www.ufsm.br\/pro-reitorias\/pre\/wp-json\/wp\/v2\/pages\/27"}],"wp:attachment":[{"href":"https:\/\/www.ufsm.br\/pro-reitorias\/pre\/wp-json\/wp\/v2\/media?parent=14592"}],"wp:term":[{"taxonomy":"category","embeddable":true,"href":"https:\/\/www.ufsm.br\/pro-reitorias\/pre\/wp-json\/wp\/v2\/categories?post=14592"},{"taxonomy":"post_tag","embeddable":true,"href":"https:\/\/www.ufsm.br\/pro-reitorias\/pre\/wp-json\/wp\/v2\/tags?post=14592"}],"curies":[{"name":"wp","href":"https:\/\/api.w.org\/{rel}","templated":true}]}}