{"id":14871,"date":"2026-02-06T11:39:46","date_gmt":"2026-02-06T14:39:46","guid":{"rendered":"https:\/\/www.ufsm.br\/pro-reitorias\/pre\/?page_id=14871"},"modified":"2026-02-06T11:54:24","modified_gmt":"2026-02-06T14:54:24","slug":"curso-bolsista-fiex","status":"publish","type":"page","link":"https:\/\/www.ufsm.br\/pro-reitorias\/pre\/cafe\/fiex\/curso-bolsista-fiex","title":{"rendered":"Curso de Forma\u00e7\u00e3o para Bolsistas FIEX"},"content":{"rendered":"\t\t<div data-elementor-type=\"wp-page\" data-elementor-id=\"14871\" class=\"elementor elementor-14871\">\n\t\t\t\t\t\t<section class=\"elementor-section elementor-top-section elementor-element elementor-element-759dbf31 elementor-section-boxed elementor-section-height-default elementor-section-height-default\" data-id=\"759dbf31\" data-element_type=\"section\">\n\t\t\t\t\t\t<div class=\"elementor-container elementor-column-gap-default\">\n\t\t\t\t\t<div class=\"elementor-column elementor-col-100 elementor-top-column elementor-element elementor-element-2e9cb789\" data-id=\"2e9cb789\" data-element_type=\"column\">\n\t\t\t<div class=\"elementor-widget-wrap elementor-element-populated\">\n\t\t\t\t\t\t<div class=\"elementor-element elementor-element-402d7762 elementor-widget elementor-widget-text-editor\" data-id=\"402d7762\" data-element_type=\"widget\" data-widget_type=\"text-editor.default\">\n\t\t\t\t<div class=\"elementor-widget-container\">\n\t\t\t\t\t\t\t<!-- wp:tadv\/classic-paragraph -->\n<p>A Pr\u00f3-Reitoria de Extens\u00e3o divulgar\u00e1, nesta p\u00e1gina,\u00a0<b>durante o m\u00eas de setembro de 2026<\/b>, a lista de inscritos e a lista de concluintes do Curso de Forma\u00e7\u00e3o obrigat\u00f3rio, a fim de que as Subdivis\u00f5es de Projetos possam realizar o acompanhamento e a verifica\u00e7\u00e3o do cumprimento dessa exig\u00eancia em tempo h\u00e1bil para eventual cancelamento da bolsa, caso o(a) estudante n\u00e3o tenha realizado o curso dentro do prazo estabelecido no cronograma.<\/p>\n<p>Conforme o disposto no\u00a0<strong>EDITAL FIEX PRE\/UFSM N\u00ba 001\/2026<\/strong>, dentre as obriga\u00e7\u00f5es do(a) bolsista consta:<\/p>\n<p><strong>12.2.3<\/strong>\u00a0Participar de Curso de Forma\u00e7\u00e3o na \u00e1rea de Direitos Humanos e\/ou Extens\u00e3o Universit\u00e1ria, a ser promovido pela Pr\u00f3-Reitoria de Extens\u00e3o (PRE), durante o ano de vig\u00eancia da bolsa.<\/p>\n<p>O n\u00e3o atendimento ao item acima mencionado implicar\u00e1 no cancelamento da bolsa e na devolu\u00e7\u00e3o \u00e0 Uni\u00e3o dos valores recebidos, conforme disposto no item\u00a0<strong>12.4<\/strong>\u00a0do edital.<\/p>\n<p>Ainda, de acordo com o cronograma do Edital, o prazo para realiza\u00e7\u00e3o do Curso de Forma\u00e7\u00e3o \u00e9\u00a0<strong>at\u00e9 30 de setembro de 2026<\/strong>.<\/p>\n<!-- \/wp:tadv\/classic-paragraph --><!-- wp:tadv\/classic-paragraph \/-->\t\t\t\t\t\t<\/div>\n\t\t\t\t<\/div>\n\t\t\t\t\t<\/div>\n\t\t<\/div>\n\t\t\t\t\t<\/div>\n\t\t<\/section>\n\t\t\t\t<\/div>\n\t\t","protected":false},"excerpt":{"rendered":"<p>A Pr\u00f3-Reitoria de Extens\u00e3o divulgar\u00e1, nesta p\u00e1gina,\u00a0durante o m\u00eas de setembro de 2026, a lista de inscritos e a lista de concluintes do Curso de Forma\u00e7\u00e3o obrigat\u00f3rio, a fim de que as Subdivis\u00f5es de Projetos possam realizar o acompanhamento e a verifica\u00e7\u00e3o do cumprimento dessa exig\u00eancia em tempo h\u00e1bil para eventual cancelamento da bolsa, caso [&hellip;]<\/p>\n","protected":false},"author":7238,"featured_media":0,"parent":27,"menu_order":0,"comment_status":"closed","ping_status":"closed","template":"","meta":{"footnotes":""},"categories":[],"tags":[],"class_list":["post-14871","page","type-page","status-publish","hentry"],"acf":[],"_links":{"self":[{"href":"https:\/\/www.ufsm.br\/pro-reitorias\/pre\/wp-json\/wp\/v2\/pages\/14871","targetHints":{"allow":["GET"]}}],"collection":[{"href":"https:\/\/www.ufsm.br\/pro-reitorias\/pre\/wp-json\/wp\/v2\/pages"}],"about":[{"href":"https:\/\/www.ufsm.br\/pro-reitorias\/pre\/wp-json\/wp\/v2\/types\/page"}],"author":[{"embeddable":true,"href":"https:\/\/www.ufsm.br\/pro-reitorias\/pre\/wp-json\/wp\/v2\/users\/7238"}],"replies":[{"embeddable":true,"href":"https:\/\/www.ufsm.br\/pro-reitorias\/pre\/wp-json\/wp\/v2\/comments?post=14871"}],"version-history":[{"count":0,"href":"https:\/\/www.ufsm.br\/pro-reitorias\/pre\/wp-json\/wp\/v2\/pages\/14871\/revisions"}],"up":[{"embeddable":true,"href":"https:\/\/www.ufsm.br\/pro-reitorias\/pre\/wp-json\/wp\/v2\/pages\/27"}],"wp:attachment":[{"href":"https:\/\/www.ufsm.br\/pro-reitorias\/pre\/wp-json\/wp\/v2\/media?parent=14871"}],"wp:term":[{"taxonomy":"category","embeddable":true,"href":"https:\/\/www.ufsm.br\/pro-reitorias\/pre\/wp-json\/wp\/v2\/categories?post=14871"},{"taxonomy":"post_tag","embeddable":true,"href":"https:\/\/www.ufsm.br\/pro-reitorias\/pre\/wp-json\/wp\/v2\/tags?post=14871"}],"curies":[{"name":"wp","href":"https:\/\/api.w.org\/{rel}","templated":true}]}}