{"id":1882,"date":"2019-02-14T10:24:08","date_gmt":"2019-02-14T12:24:08","guid":{"rendered":"https:\/\/www.ufsm.br\/pro-reitorias\/pre\/?page_id=1882"},"modified":"2024-03-27T18:47:32","modified_gmt":"2024-03-27T21:47:32","slug":"geoparques","status":"publish","type":"page","link":"https:\/\/www.ufsm.br\/pro-reitorias\/pre\/geoparques","title":{"rendered":"Geoparques"},"content":{"rendered":"\t\t<div data-elementor-type=\"wp-post\" data-elementor-id=\"1882\" class=\"elementor elementor-1882\">\n\t\t\t\t\t\t<section class=\"elementor-section elementor-top-section elementor-element elementor-element-60c3d183 elementor-section-boxed elementor-section-height-default elementor-section-height-default\" data-id=\"60c3d183\" data-element_type=\"section\">\n\t\t\t\t\t\t<div class=\"elementor-container elementor-column-gap-default\">\n\t\t\t\t\t<div class=\"elementor-column elementor-col-100 elementor-top-column elementor-element elementor-element-270c280\" data-id=\"270c280\" data-element_type=\"column\">\n\t\t\t<div class=\"elementor-widget-wrap elementor-element-populated\">\n\t\t\t\t\t\t<div class=\"elementor-element elementor-element-3815dad elementor-arrows-position-inside elementor-pagination-position-outside elementor-widget elementor-widget-image-carousel\" data-id=\"3815dad\" data-element_type=\"widget\" data-settings=\"{&quot;slides_to_show&quot;:&quot;1&quot;,&quot;navigation&quot;:&quot;both&quot;,&quot;autoplay&quot;:&quot;yes&quot;,&quot;pause_on_hover&quot;:&quot;yes&quot;,&quot;pause_on_interaction&quot;:&quot;yes&quot;,&quot;autoplay_speed&quot;:5000,&quot;infinite&quot;:&quot;yes&quot;,&quot;effect&quot;:&quot;slide&quot;,&quot;speed&quot;:500}\" data-widget_type=\"image-carousel.default\">\n\t\t\t\t<div class=\"elementor-widget-container\">\n\t\t\t\t\t<div class=\"elementor-image-carousel-wrapper swiper\" dir=\"ltr\">\n\t\t\t<div class=\"elementor-image-carousel swiper-wrapper\" aria-live=\"off\">\n\t\t\t\t\t\t\t\t<div class=\"swiper-slide\" role=\"group\" aria-roledescription=\"slide\" aria-label=\"1 of 1\"><figure class=\"swiper-slide-inner\"><img decoding=\"async\" class=\"swiper-slide-image\" src=\"https:\/\/www.ufsm.br\/app\/uploads\/sites\/346\/2023\/06\/25-de-Junho-Atividades-das-14-as-18-horas-2-4.jpg\" alt=\"25 de Junho - Atividades das 14 as 18 horas (2)\" \/><\/figure><\/div>\t\t\t<\/div>\n\t\t\t\t\t<\/div>\n\t\t\t\t<\/div>\n\t\t\t\t<\/div>\n\t\t\t\t<div class=\"elementor-element elementor-element-2e5b52ad elementor-widget elementor-widget-text-editor\" data-id=\"2e5b52ad\" data-element_type=\"widget\" data-widget_type=\"text-editor.default\">\n\t\t\t\t<div class=\"elementor-widget-container\">\n\t\t\t\t\t\t\t<p><!-- wp:tadv\/classic-paragraph --><\/p>\n<p align=\"justify\">Os Geoparques s\u00e3o territ\u00f3rios reconhecidos pela UNESCO em que a \u201cMem\u00f3ria da Terra\u201d \u00e9 preservada e utilizada de forma sustent\u00e1vel para gerar desenvolvimento para a sua comunidade. Esse desenvolvimento pode se dar no turismo, na cria\u00e7\u00e3o de produtos, na gastronomia, no artesanato e em todas as formas de atividades que conservem e valorizem o patrim\u00f4nio geol\u00f3gico-geomorfol\u00f3gico, como rochas, minerais, \u00e1gua, solos, relevos, paisagens e f\u00f3sseis, em associa\u00e7\u00e3o \u00e0 cultura da comunidade. \u00c9 um territ\u00f3rio \u201cvivo\u201d, onde o tempo da Terra e o tempo da humanidade se encontram e se misturam para celebrar a heran\u00e7a daquilo que recebemos, olhando para o presente, com conhecimento do passado e planejando o futuro. Atualmente, existem 147 Geoparques Mundiais da UNESCO em 41 pa\u00edses, e somente um deles est\u00e1 localizado no Brasil (UNESCO, 2018). Na regi\u00e3o central do estado alguns territ\u00f3rios apresentam condi\u00e7\u00e3o \u00edmpar dentro do pa\u00eds para a cria\u00e7\u00e3o de novos Geoparques.<\/p>\n<p align=\"justify\">O munic\u00edpio de Ca\u00e7apava do Sul tem a presen\u00e7a de sucess\u00f5es de rochas sedimentares marinhas e continentais muito antigas, de mais de 500 milh\u00f5es de anos, expostas em \u00e1reas de grande beleza c\u00eanica e alta relev\u00e2ncia ecol\u00f3gica, como as Pedras das Guaritas e a Serra do Segredo. Aliada a isso, est\u00e1 a presen\u00e7a, nos sedimentos de seus arroios, de f\u00f3sseis de animais extintos da megafauna, em especial as pregui\u00e7as-gigantes. Esp\u00e9cies vegetais raras e end\u00eamicas do bioma pampa, al\u00e9m de comunidades humanas tradicionais, como ind\u00edgenas, quilombolas e pecuaristas familiares, completam esse cen\u00e1rio singular na Am\u00e9rica do Sul.<\/p>\n<p align=\"justify\">J\u00e1 o conjunto de munic\u00edpios que comp\u00f5em a Quarta Col\u00f4nia, essas caracter\u00edsticas relevantes se d\u00e3o pela beleza natural das suas paisagens, da abund\u00e2ncia de \u00e1gua de seus rios e de suas cascatas, da raridade dos f\u00f3sseis ali encontrados &#8211; que testemunham as mudan\u00e7as ambientais do planeta nos \u00faltimos 150 milh\u00f5es de anos &#8211; e pela cultura preservada dos seus imigrantes.<\/p>\n<p align=\"justify\">Em ambos os territ\u00f3rios esse agrupamento de caracter\u00edsticas, se bem articuladas, podem permitir \u00e0s comunidades legar \u00e0s pr\u00f3ximas gera\u00e7\u00f5es deste planeta um futuro em que a qualidade de vida esteja em sintonia com a conserva\u00e7\u00e3o da sua cultura e com a sua heran\u00e7a geopatrimonial. Por isso, os projetos Geoparque Ca\u00e7apava e Geoparque Quarta Col\u00f4nia, assumidos como projetos estrat\u00e9gicos pela Pr\u00f3-Reitoria de Extens\u00e3o a partir de 2018, tratam-se de uma iniciativa multidisciplinar e integrada n\u00e3o s\u00f3 com a comunidade, mas tamb\u00e9m com o poder p\u00fablico e com potenciais empreendedores. Em vista disso, s\u00e3o previstas a\u00e7\u00f5es que respeitem o modo de vida tradicional, os seus direitos, os seus saberes, a sua dignidade e o potencial local de cada territ\u00f3rio.\u00a0<\/p>\n<p>O projeto Geoparques articula a presen\u00e7a da UFSM na comunidade regional, qualificando a oferta de produtos e servi\u00e7os, al\u00e9m de contribuir na preserva\u00e7\u00e3o dos patrim\u00f4nios cultural e natural, gerando renda e possibilitando a fixa\u00e7\u00e3o dos jovens no territ\u00f3rio. Um terreno f\u00e9rtil para propostas de extens\u00e3o, pesquisa, ensino e inova\u00e7\u00e3o; uma oportunidade de contribuir com o desenvolvimento local\/regional e com a obten\u00e7\u00e3o de uma certifica\u00e7\u00e3o de visibilidade internacional.<\/p>\n<p align=\"justify\">A inten\u00e7\u00e3o desta proposta estrat\u00e9gica da gest\u00e3o 2018-2021 tamb\u00e9m \u00e9 refor\u00e7ar o interesse dos pesquisadores da UFSM na tem\u00e1tica e institucionalizar a iniciativa de promover o desenvolvimento local end\u00f3geno junto \u00e0s comunidades. Atualmente, 34 a\u00e7\u00f5es de extens\u00e3o est\u00e3o em desenvolvimento nos territ\u00f3rios por equipes da UFSM. Para conhecer as atividades em desenvolvimento e j\u00e1 desenvolvidas, al\u00e9m de outras informa\u00e7\u00f5es sobre os <strong>Geoparques Mundiais da UNESCO<\/strong> apoiados pela UFSM, escolha uma das op\u00e7\u00f5es abaixo.<\/p>\n<p align=\"justify\">\u00a0<\/p>\n<p><!-- \/wp:tadv\/classic-paragraph --><\/p>\t\t\t\t\t\t<\/div>\n\t\t\t\t<\/div>\n\t\t\t\t<div class=\"elementor-element elementor-element-e13b523 elementor-widget-divider--view-line elementor-widget elementor-widget-divider\" data-id=\"e13b523\" data-element_type=\"widget\" data-widget_type=\"divider.default\">\n\t\t\t\t<div class=\"elementor-widget-container\">\n\t\t\t\t\t<div class=\"elementor-divider\">\n\t\t\t<span class=\"elementor-divider-separator\">\n\t\t\t\t\t\t<\/span>\n\t\t<\/div>\n\t\t\t\t<\/div>\n\t\t\t\t<\/div>\n\t\t\t\t\t<\/div>\n\t\t<\/div>\n\t\t\t\t\t<\/div>\n\t\t<\/section>\n\t\t\t\t<section class=\"elementor-section elementor-top-section elementor-element elementor-element-c0bdf29 elementor-section-boxed elementor-section-height-default elementor-section-height-default\" data-id=\"c0bdf29\" data-element_type=\"section\">\n\t\t\t\t\t\t<div class=\"elementor-container elementor-column-gap-default\">\n\t\t\t\t\t<div class=\"elementor-column elementor-col-100 elementor-top-column elementor-element elementor-element-ae5b1c7\" data-id=\"ae5b1c7\" data-element_type=\"column\">\n\t\t\t<div class=\"elementor-widget-wrap elementor-element-populated\">\n\t\t\t\t\t\t<div class=\"elementor-element elementor-element-b4cec1b elementor-widget elementor-widget-heading\" data-id=\"b4cec1b\" data-element_type=\"widget\" data-widget_type=\"heading.default\">\n\t\t\t\t<div class=\"elementor-widget-container\">\n\t\t\t<h5 class=\"elementor-heading-title elementor-size-default\">Conhe\u00e7a os projetos, as a\u00e7\u00f5es desenvolvidas e os territ\u00f3rios<\/h5>\t\t<\/div>\n\t\t\t\t<\/div>\n\t\t\t\t\t<\/div>\n\t\t<\/div>\n\t\t\t\t\t<\/div>\n\t\t<\/section>\n\t\t\t\t<section class=\"elementor-section elementor-top-section elementor-element elementor-element-c61d618 elementor-section-boxed elementor-section-height-default elementor-section-height-default\" data-id=\"c61d618\" data-element_type=\"section\">\n\t\t\t\t\t\t<div class=\"elementor-container elementor-column-gap-default\">\n\t\t\t\t\t<div class=\"elementor-column elementor-col-100 elementor-top-column elementor-element elementor-element-992e36d\" data-id=\"992e36d\" data-element_type=\"column\">\n\t\t\t<div class=\"elementor-widget-wrap elementor-element-populated\">\n\t\t\t\t\t\t<div class=\"elementor-element elementor-element-93ad7f9 elementor-widget elementor-widget-image\" data-id=\"93ad7f9\" data-element_type=\"widget\" data-widget_type=\"image.default\">\n\t\t\t\t<div class=\"elementor-widget-container\">\n\t\t\t\t\t\t\t\t\t\t\t\t\t<img decoding=\"async\" width=\"300\" height=\"109\" src=\"https:\/\/www.ufsm.br\/app\/uploads\/sites\/346\/2020\/09\/Marca_Geoparque-Quarta-Colonia_Aspirante_01_Versao-Principal_Horizontal_Versao-PORTUGUES_Versao-Principal-RGB-fundo-branco-300dpi-300x109.jpg\" class=\"attachment-medium size-medium wp-image-4328\" alt=\"\" srcset=\"https:\/\/www.ufsm.br\/app\/uploads\/sites\/346\/2020\/09\/Marca_Geoparque-Quarta-Colonia_Aspirante_01_Versao-Principal_Horizontal_Versao-PORTUGUES_Versao-Principal-RGB-fundo-branco-300dpi-300x109.jpg 300w, https:\/\/www.ufsm.br\/app\/uploads\/sites\/346\/2020\/09\/Marca_Geoparque-Quarta-Colonia_Aspirante_01_Versao-Principal_Horizontal_Versao-PORTUGUES_Versao-Principal-RGB-fundo-branco-300dpi-1024x372.jpg 1024w, https:\/\/www.ufsm.br\/app\/uploads\/sites\/346\/2020\/09\/Marca_Geoparque-Quarta-Colonia_Aspirante_01_Versao-Principal_Horizontal_Versao-PORTUGUES_Versao-Principal-RGB-fundo-branco-300dpi-768x279.jpg 768w, https:\/\/www.ufsm.br\/app\/uploads\/sites\/346\/2020\/09\/Marca_Geoparque-Quarta-Colonia_Aspirante_01_Versao-Principal_Horizontal_Versao-PORTUGUES_Versao-Principal-RGB-fundo-branco-300dpi.jpg 1319w\" sizes=\"(max-width: 300px) 100vw, 300px\" \/>\t\t\t\t\t\t\t\t\t\t\t\t\t<\/div>\n\t\t\t\t<\/div>\n\t\t\t\t<div class=\"elementor-element elementor-element-d24edc1 elementor-align-center elementor-widget elementor-widget-button\" data-id=\"d24edc1\" data-element_type=\"widget\" data-widget_type=\"button.default\">\n\t\t\t\t<div class=\"elementor-widget-container\">\n\t\t\t\t\t\t\t<div class=\"elementor-button-wrapper\">\n\t\t\t\t\t<a class=\"elementor-button elementor-button-link elementor-size-md\" href=\"https:\/\/www.ufsm.br\/pro-reitorias\/pre\/geoparque-quarta-colonia\">\n\t\t\t\t\t\t<span class=\"elementor-button-content-wrapper\">\n\t\t\t\t\t\t\t\t\t<span class=\"elementor-button-text\">Geoparque Quarta Col\u00f4nia Mundial UNESCO<\/span>\n\t\t\t\t\t<\/span>\n\t\t\t\t\t<\/a>\n\t\t\t\t<\/div>\n\t\t\t\t\t\t<\/div>\n\t\t\t\t<\/div>\n\t\t\t\t\t<\/div>\n\t\t<\/div>\n\t\t\t\t\t<\/div>\n\t\t<\/section>\n\t\t\t\t<section class=\"elementor-section elementor-top-section elementor-element elementor-element-51a4df3 elementor-section-boxed elementor-section-height-default elementor-section-height-default\" data-id=\"51a4df3\" data-element_type=\"section\">\n\t\t\t\t\t\t<div class=\"elementor-container elementor-column-gap-default\">\n\t\t\t\t\t<div class=\"elementor-column elementor-col-100 elementor-top-column elementor-element elementor-element-4f279fd\" data-id=\"4f279fd\" data-element_type=\"column\">\n\t\t\t<div class=\"elementor-widget-wrap elementor-element-populated\">\n\t\t\t\t\t\t<div class=\"elementor-element elementor-element-9a5154b elementor-widget elementor-widget-image\" data-id=\"9a5154b\" data-element_type=\"widget\" data-widget_type=\"image.default\">\n\t\t\t\t<div class=\"elementor-widget-container\">\n\t\t\t\t\t\t\t\t\t\t\t\t\t<img decoding=\"async\" width=\"300\" height=\"90\" src=\"https:\/\/www.ufsm.br\/app\/uploads\/sites\/346\/2020\/09\/Marca_Geoparque-Cacapava_Aspirante_01_Versao-Principal_Versao-em-Portugues_Versao-principal-CMYK-fundo-branco-300dpi-300x90.jpg\" class=\"attachment-medium size-medium wp-image-4329\" alt=\"\" srcset=\"https:\/\/www.ufsm.br\/app\/uploads\/sites\/346\/2020\/09\/Marca_Geoparque-Cacapava_Aspirante_01_Versao-Principal_Versao-em-Portugues_Versao-principal-CMYK-fundo-branco-300dpi-300x90.jpg 300w, https:\/\/www.ufsm.br\/app\/uploads\/sites\/346\/2020\/09\/Marca_Geoparque-Cacapava_Aspirante_01_Versao-Principal_Versao-em-Portugues_Versao-principal-CMYK-fundo-branco-300dpi-1024x307.jpg 1024w, https:\/\/www.ufsm.br\/app\/uploads\/sites\/346\/2020\/09\/Marca_Geoparque-Cacapava_Aspirante_01_Versao-Principal_Versao-em-Portugues_Versao-principal-CMYK-fundo-branco-300dpi-768x230.jpg 768w, https:\/\/www.ufsm.br\/app\/uploads\/sites\/346\/2020\/09\/Marca_Geoparque-Cacapava_Aspirante_01_Versao-Principal_Versao-em-Portugues_Versao-principal-CMYK-fundo-branco-300dpi-1536x460.jpg 1536w, https:\/\/www.ufsm.br\/app\/uploads\/sites\/346\/2020\/09\/Marca_Geoparque-Cacapava_Aspirante_01_Versao-Principal_Versao-em-Portugues_Versao-principal-CMYK-fundo-branco-300dpi.jpg 1920w\" sizes=\"(max-width: 300px) 100vw, 300px\" \/>\t\t\t\t\t\t\t\t\t\t\t\t\t<\/div>\n\t\t\t\t<\/div>\n\t\t\t\t<div class=\"elementor-element elementor-element-d525f02 elementor-align-center elementor-widget elementor-widget-button\" data-id=\"d525f02\" data-element_type=\"widget\" data-widget_type=\"button.default\">\n\t\t\t\t<div class=\"elementor-widget-container\">\n\t\t\t\t\t\t\t<div class=\"elementor-button-wrapper\">\n\t\t\t\t\t<a class=\"elementor-button elementor-button-link elementor-size-md\" href=\"https:\/\/www.ufsm.br\/pro-reitorias\/pre\/geoparque-cacapava\/\">\n\t\t\t\t\t\t<span class=\"elementor-button-content-wrapper\">\n\t\t\t\t\t\t\t\t\t<span class=\"elementor-button-text\">Geoparque Ca\u00e7apava Mundial UNESCO<\/span>\n\t\t\t\t\t<\/span>\n\t\t\t\t\t<\/a>\n\t\t\t\t<\/div>\n\t\t\t\t\t\t<\/div>\n\t\t\t\t<\/div>\n\t\t\t\t\t<\/div>\n\t\t<\/div>\n\t\t\t\t\t<\/div>\n\t\t<\/section>\n\t\t\t\t<section class=\"elementor-section elementor-top-section elementor-element elementor-element-689db13 elementor-section-boxed elementor-section-height-default elementor-section-height-default\" data-id=\"689db13\" data-element_type=\"section\">\n\t\t\t\t\t\t<div class=\"elementor-container elementor-column-gap-default\">\n\t\t\t\t\t<div class=\"elementor-column elementor-col-100 elementor-top-column elementor-element elementor-element-c775bcd\" data-id=\"c775bcd\" data-element_type=\"column\">\n\t\t\t<div class=\"elementor-widget-wrap elementor-element-populated\">\n\t\t\t\t\t\t<div class=\"elementor-element elementor-element-220c165 elementor-widget elementor-widget-image\" data-id=\"220c165\" data-element_type=\"widget\" data-widget_type=\"image.default\">\n\t\t\t\t<div class=\"elementor-widget-container\">\n\t\t\t\t\t\t\t\t\t\t\t\t\t<img decoding=\"async\" width=\"300\" height=\"74\" src=\"https:\/\/www.ufsm.br\/app\/uploads\/sites\/346\/2024\/01\/Site_Progredir-300x74.jpg\" class=\"attachment-medium size-medium wp-image-8752\" alt=\"\" srcset=\"https:\/\/www.ufsm.br\/app\/uploads\/sites\/346\/2024\/01\/Site_Progredir-300x74.jpg 300w, https:\/\/www.ufsm.br\/app\/uploads\/sites\/346\/2024\/01\/Site_Progredir-1024x254.jpg 1024w, https:\/\/www.ufsm.br\/app\/uploads\/sites\/346\/2024\/01\/Site_Progredir-768x190.jpg 768w, https:\/\/www.ufsm.br\/app\/uploads\/sites\/346\/2024\/01\/Site_Progredir-1536x381.jpg 1536w, https:\/\/www.ufsm.br\/app\/uploads\/sites\/346\/2024\/01\/Site_Progredir.jpg 1920w\" sizes=\"(max-width: 300px) 100vw, 300px\" \/>\t\t\t\t\t\t\t\t\t\t\t\t\t<\/div>\n\t\t\t\t<\/div>\n\t\t\t\t<div class=\"elementor-element elementor-element-312d316 elementor-align-center elementor-widget elementor-widget-button\" data-id=\"312d316\" data-element_type=\"widget\" data-widget_type=\"button.default\">\n\t\t\t\t<div class=\"elementor-widget-container\">\n\t\t\t\t\t\t\t<div class=\"elementor-button-wrapper\">\n\t\t\t\t\t<a class=\"elementor-button elementor-button-link elementor-size-sm\" href=\"https:\/\/www.ufsm.br\/pro-reitorias\/pre\/geoparques\/progredir-geoparque-quarta-colonia\">\n\t\t\t\t\t\t<span class=\"elementor-button-content-wrapper\">\n\t\t\t\t\t\t\t\t\t<span class=\"elementor-button-text\">Programa Progredir Geoparque Quarta Col\u00f4nia<\/span>\n\t\t\t\t\t<\/span>\n\t\t\t\t\t<\/a>\n\t\t\t\t<\/div>\n\t\t\t\t\t\t<\/div>\n\t\t\t\t<\/div>\n\t\t\t\t<div class=\"elementor-element elementor-element-1bdc816 elementor-widget-divider--view-line elementor-widget elementor-widget-divider\" data-id=\"1bdc816\" data-element_type=\"widget\" data-widget_type=\"divider.default\">\n\t\t\t\t<div class=\"elementor-widget-container\">\n\t\t\t\t\t<div class=\"elementor-divider\">\n\t\t\t<span class=\"elementor-divider-separator\">\n\t\t\t\t\t\t<\/span>\n\t\t<\/div>\n\t\t\t\t<\/div>\n\t\t\t\t<\/div>\n\t\t\t\t\t<\/div>\n\t\t<\/div>\n\t\t\t\t\t<\/div>\n\t\t<\/section>\n\t\t\t\t<section class=\"elementor-section elementor-top-section elementor-element elementor-element-9457770 elementor-section-boxed elementor-section-height-default elementor-section-height-default\" data-id=\"9457770\" data-element_type=\"section\">\n\t\t\t\t\t\t<div class=\"elementor-container elementor-column-gap-default\">\n\t\t\t\t\t<div class=\"elementor-column elementor-col-100 elementor-top-column elementor-element elementor-element-c7de637\" data-id=\"c7de637\" data-element_type=\"column\">\n\t\t\t<div class=\"elementor-widget-wrap elementor-element-populated\">\n\t\t\t\t\t\t<div class=\"elementor-element elementor-element-ba58695 elementor-widget elementor-widget-spacer\" data-id=\"ba58695\" data-element_type=\"widget\" data-widget_type=\"spacer.default\">\n\t\t\t\t<div class=\"elementor-widget-container\">\n\t\t\t\t\t<div class=\"elementor-spacer\">\n\t\t\t<div class=\"elementor-spacer-inner\"><\/div>\n\t\t<\/div>\n\t\t\t\t<\/div>\n\t\t\t\t<\/div>\n\t\t\t\t\t<\/div>\n\t\t<\/div>\n\t\t\t\t\t<\/div>\n\t\t<\/section>\n\t\t\t\t<section class=\"elementor-section elementor-top-section elementor-element elementor-element-22c04af elementor-section-boxed elementor-section-height-default elementor-section-height-default\" data-id=\"22c04af\" data-element_type=\"section\">\n\t\t\t\t\t\t<div class=\"elementor-container elementor-column-gap-default\">\n\t\t\t\t\t<div class=\"elementor-column elementor-col-100 elementor-top-column elementor-element elementor-element-ba7da06\" data-id=\"ba7da06\" data-element_type=\"column\">\n\t\t\t<div class=\"elementor-widget-wrap elementor-element-populated\">\n\t\t\t\t\t\t<div class=\"elementor-element elementor-element-1530ae8 elementor-widget elementor-widget-heading\" data-id=\"1530ae8\" data-element_type=\"widget\" data-widget_type=\"heading.default\">\n\t\t\t\t<div class=\"elementor-widget-container\">\n\t\t\t<h5 class=\"elementor-heading-title elementor-size-default\">Links \u00dateis<\/h5>\t\t<\/div>\n\t\t\t\t<\/div>\n\t\t\t\t\t<\/div>\n\t\t<\/div>\n\t\t\t\t\t<\/div>\n\t\t<\/section>\n\t\t\t\t<section class=\"elementor-section elementor-top-section elementor-element elementor-element-b77c8ef elementor-section-boxed elementor-section-height-default elementor-section-height-default\" data-id=\"b77c8ef\" data-element_type=\"section\">\n\t\t\t\t\t\t<div class=\"elementor-container elementor-column-gap-default\">\n\t\t\t\t\t<div class=\"elementor-column elementor-col-33 elementor-top-column elementor-element elementor-element-e42e4ea\" data-id=\"e42e4ea\" data-element_type=\"column\">\n\t\t\t<div class=\"elementor-widget-wrap elementor-element-populated\">\n\t\t\t\t\t\t<div class=\"elementor-element elementor-element-1b9836d elementor-view-default elementor-widget elementor-widget-icon\" data-id=\"1b9836d\" data-element_type=\"widget\" data-widget_type=\"icon.default\">\n\t\t\t\t<div class=\"elementor-widget-container\">\n\t\t\t\t\t<div class=\"elementor-icon-wrapper\">\n\t\t\t<a class=\"elementor-icon\" href=\"https:\/\/geoparquecacapava.com.br\/\">\n\t\t\t<i aria-hidden=\"true\" class=\"fas fa-street-view\"><\/i>\t\t\t<\/a>\n\t\t<\/div>\n\t\t\t\t<\/div>\n\t\t\t\t<\/div>\n\t\t\t\t<div class=\"elementor-element elementor-element-5f8d92e elementor-widget elementor-widget-heading\" data-id=\"5f8d92e\" data-element_type=\"widget\" data-widget_type=\"heading.default\">\n\t\t\t\t<div class=\"elementor-widget-container\">\n\t\t\t<h6 class=\"elementor-heading-title elementor-size-default\">Site tur\u00edstico Geoparque Ca\u00e7apava<\/h6>\t\t<\/div>\n\t\t\t\t<\/div>\n\t\t\t\t\t<\/div>\n\t\t<\/div>\n\t\t\t\t<div class=\"elementor-column elementor-col-33 elementor-top-column elementor-element elementor-element-9b5a659\" data-id=\"9b5a659\" data-element_type=\"column\">\n\t\t\t<div class=\"elementor-widget-wrap elementor-element-populated\">\n\t\t\t\t\t\t<div class=\"elementor-element elementor-element-d093922 elementor-view-default elementor-widget elementor-widget-icon\" data-id=\"d093922\" data-element_type=\"widget\" data-widget_type=\"icon.default\">\n\t\t\t\t<div class=\"elementor-widget-container\">\n\t\t\t\t\t<div class=\"elementor-icon-wrapper\">\n\t\t\t<a class=\"elementor-icon\" href=\"https:\/\/www.ufsm.br\/pro-reitorias\/pre\/coderc\/\">\n\t\t\t<i aria-hidden=\"true\" class=\"fas fa-globe\"><\/i>\t\t\t<\/a>\n\t\t<\/div>\n\t\t\t\t<\/div>\n\t\t\t\t<\/div>\n\t\t\t\t<div class=\"elementor-element elementor-element-8fa479d elementor-widget elementor-widget-heading\" data-id=\"8fa479d\" data-element_type=\"widget\" data-widget_type=\"heading.default\">\n\t\t\t\t<div class=\"elementor-widget-container\">\n\t\t\t<h6 class=\"elementor-heading-title elementor-size-default\">Desenvolvimento Regional e Cidadania<\/h6>\t\t<\/div>\n\t\t\t\t<\/div>\n\t\t\t\t\t<\/div>\n\t\t<\/div>\n\t\t\t\t<div class=\"elementor-column elementor-col-33 elementor-top-column elementor-element elementor-element-932083d\" data-id=\"932083d\" data-element_type=\"column\">\n\t\t\t<div class=\"elementor-widget-wrap elementor-element-populated\">\n\t\t\t\t\t\t<div class=\"elementor-element elementor-element-436d600 elementor-view-default elementor-widget elementor-widget-icon\" data-id=\"436d600\" data-element_type=\"widget\" data-widget_type=\"icon.default\">\n\t\t\t\t<div class=\"elementor-widget-container\">\n\t\t\t\t\t<div class=\"elementor-icon-wrapper\">\n\t\t\t<a class=\"elementor-icon\" href=\"https:\/\/www.geoparquequartacolonia.com.br\/home\">\n\t\t\t<i aria-hidden=\"true\" class=\"fas fa-street-view\"><\/i>\t\t\t<\/a>\n\t\t<\/div>\n\t\t\t\t<\/div>\n\t\t\t\t<\/div>\n\t\t\t\t<div class=\"elementor-element elementor-element-71643cc elementor-widget elementor-widget-heading\" data-id=\"71643cc\" data-element_type=\"widget\" data-widget_type=\"heading.default\">\n\t\t\t\t<div class=\"elementor-widget-container\">\n\t\t\t<h6 class=\"elementor-heading-title elementor-size-default\">Site tur\u00edstico Geoparque Quarta Col\u00f4nia<\/h6>\t\t<\/div>\n\t\t\t\t<\/div>\n\t\t\t\t\t<\/div>\n\t\t<\/div>\n\t\t\t\t\t<\/div>\n\t\t<\/section>\n\t\t\t\t<\/div>\n\t\t","protected":false},"excerpt":{"rendered":"<p>Os Geoparques s\u00e3o territ\u00f3rios reconhecidos pela UNESCO em que a \u201cMem\u00f3ria da Terra\u201d \u00e9 preservada e utilizada de forma sustent\u00e1vel para gerar desenvolvimento para a sua comunidade. Esse desenvolvimento pode se dar no turismo, na cria\u00e7\u00e3o de produtos, na gastronomia, no artesanato e em todas as formas de atividades que conservem e valorizem o patrim\u00f4nio [&hellip;]<\/p>\n","protected":false},"author":161,"featured_media":7866,"parent":0,"menu_order":0,"comment_status":"closed","ping_status":"closed","template":"","meta":{"footnotes":""},"categories":[],"tags":[],"class_list":["post-1882","page","type-page","status-publish","has-post-thumbnail","hentry"],"acf":[],"_links":{"self":[{"href":"https:\/\/www.ufsm.br\/pro-reitorias\/pre\/wp-json\/wp\/v2\/pages\/1882","targetHints":{"allow":["GET"]}}],"collection":[{"href":"https:\/\/www.ufsm.br\/pro-reitorias\/pre\/wp-json\/wp\/v2\/pages"}],"about":[{"href":"https:\/\/www.ufsm.br\/pro-reitorias\/pre\/wp-json\/wp\/v2\/types\/page"}],"author":[{"embeddable":true,"href":"https:\/\/www.ufsm.br\/pro-reitorias\/pre\/wp-json\/wp\/v2\/users\/161"}],"replies":[{"embeddable":true,"href":"https:\/\/www.ufsm.br\/pro-reitorias\/pre\/wp-json\/wp\/v2\/comments?post=1882"}],"version-history":[{"count":0,"href":"https:\/\/www.ufsm.br\/pro-reitorias\/pre\/wp-json\/wp\/v2\/pages\/1882\/revisions"}],"wp:featuredmedia":[{"embeddable":true,"href":"https:\/\/www.ufsm.br\/pro-reitorias\/pre\/wp-json\/wp\/v2\/media\/7866"}],"wp:attachment":[{"href":"https:\/\/www.ufsm.br\/pro-reitorias\/pre\/wp-json\/wp\/v2\/media?parent=1882"}],"wp:term":[{"taxonomy":"category","embeddable":true,"href":"https:\/\/www.ufsm.br\/pro-reitorias\/pre\/wp-json\/wp\/v2\/categories?post=1882"},{"taxonomy":"post_tag","embeddable":true,"href":"https:\/\/www.ufsm.br\/pro-reitorias\/pre\/wp-json\/wp\/v2\/tags?post=1882"}],"curies":[{"name":"wp","href":"https:\/\/api.w.org\/{rel}","templated":true}]}}