{"id":1892,"date":"2019-02-14T15:11:35","date_gmt":"2019-02-14T17:11:35","guid":{"rendered":"https:\/\/www.ufsm.br\/pro-reitorias\/pre\/?page_id=1892"},"modified":"2026-01-16T10:28:50","modified_gmt":"2026-01-16T13:28:50","slug":"gabinete-do-pro-reitor","status":"publish","type":"page","link":"https:\/\/www.ufsm.br\/pro-reitorias\/pre\/gabinete-do-pro-reitor","title":{"rendered":"Gabinete da Pr\u00f3-Reitora"},"content":{"rendered":"\t\t<div data-elementor-type=\"wp-page\" data-elementor-id=\"1892\" class=\"elementor elementor-1892\">\n\t\t\t\t\t\t<section class=\"elementor-section elementor-top-section elementor-element elementor-element-274fe30 elementor-section-boxed elementor-section-height-default elementor-section-height-default\" data-id=\"274fe30\" data-element_type=\"section\">\n\t\t\t\t\t\t<div class=\"elementor-container elementor-column-gap-default\">\n\t\t\t\t\t<div class=\"elementor-column elementor-col-100 elementor-top-column elementor-element elementor-element-527c93e\" data-id=\"527c93e\" data-element_type=\"column\">\n\t\t\t<div class=\"elementor-widget-wrap elementor-element-populated\">\n\t\t\t\t\t\t<div class=\"elementor-element elementor-element-0092e43 elementor-widget-divider--view-line elementor-widget elementor-widget-divider\" data-id=\"0092e43\" data-element_type=\"widget\" data-widget_type=\"divider.default\">\n\t\t\t\t<div class=\"elementor-widget-container\">\n\t\t\t\t\t<div class=\"elementor-divider\">\n\t\t\t<span class=\"elementor-divider-separator\">\n\t\t\t\t\t\t<\/span>\n\t\t<\/div>\n\t\t\t\t<\/div>\n\t\t\t\t<\/div>\n\t\t\t\t\t<\/div>\n\t\t<\/div>\n\t\t\t\t\t<\/div>\n\t\t<\/section>\n\t\t\t\t<section class=\"elementor-section elementor-top-section elementor-element elementor-element-be53df5 elementor-section-boxed elementor-section-height-default elementor-section-height-default\" data-id=\"be53df5\" data-element_type=\"section\">\n\t\t\t\t\t\t<div class=\"elementor-container elementor-column-gap-default\">\n\t\t\t\t\t<div class=\"elementor-column elementor-col-100 elementor-top-column elementor-element elementor-element-a8f3157\" data-id=\"a8f3157\" data-element_type=\"column\">\n\t\t\t<div class=\"elementor-widget-wrap elementor-element-populated\">\n\t\t\t\t\t\t<div class=\"elementor-element elementor-element-913c1a7 elementor-widget elementor-widget-text-editor\" data-id=\"913c1a7\" data-element_type=\"widget\" data-widget_type=\"text-editor.default\">\n\t\t\t\t<div class=\"elementor-widget-container\">\n\t\t\t\t\t\t\t<p align=\"justify\">A <b>Pr\u00f3-Reitoria de Extens\u00e3o<\/b> (PRE-UFSM) \u00e9 representada pela autoridade denominada \u201cPr\u00f3-Reitor (a) de Extens\u00e3o\u201d, e s\u00e3o <i>suas compet\u00eancias:<\/i><\/p><p align=\"justify\">I &#8211; convocar e presidir as reuni\u00f5es da C\u00e2mara de Extens\u00e3o da Pr\u00f3-Reitoria;<\/p><p align=\"justify\">II &#8211; representar a Pr\u00f3-Reitoria no Conselho de Ensino, Pesquisa e Extens\u00e3o;<\/p><p align=\"justify\">III &#8211; coordenar, fiscalizar, supervisionar e divulgar \u00e0 comunidade universit\u00e1ria a\u00e7\u00f5es desenvolvidas pela Pr\u00f3-Reitoria;<\/p><p align=\"justify\">IV &#8211; empreender as medidas necess\u00e1rias ao bom e regular funcionamento da Pr\u00f3-Reitoria, observadas as normas pertinentes, incluindo a defini\u00e7\u00e3o das atribui\u00e7\u00f5es administrativas dos integrantes da Pr\u00f3Reitoria;<\/p><p align=\"justify\">V &#8211; encaminhar os assuntos \u00e0s inst\u00e2ncias superiores quando excederem os limites de sua compet\u00eancia;<\/p><p align=\"justify\">VI &#8211; zelar pelo fiel cumprimento das a\u00e7\u00f5es de extens\u00e3o, buscando harmonizar os interesses e necessidades da comunidade acad\u00eamica, relacionados com a Pr\u00f3-Reitoria, nos campos did\u00e1tico, administrativo e disciplinar, expedindo, quando necess\u00e1rio, instru\u00e7\u00f5es, ordens de servi\u00e7o, editais e outros atos relativos \u00e0s atividades de extens\u00e3o, necess\u00e1rios \u00e0 sua consecu\u00e7\u00e3o;<\/p><p align=\"justify\">VII &#8211; homologar as decis\u00f5es tomadas pelas coordenadorias e encaminh\u00e1-las \u00e0s inst\u00e2ncias superiores, se for o caso;<\/p><p align=\"justify\">VIII &#8211; identificar as necessidades de treinamento do quadro funcional da Pr\u00f3-Reitoria e encaminhar a demanda aos \u00f3rg\u00e3os competentes para a devida qualifica\u00e7\u00e3o;<\/p><p align=\"justify\">IX &#8211; acompanhar o desempenho das a\u00e7\u00f5es de extens\u00e3o da Universidade; e<\/p><p align=\"justify\">X &#8211; manter articula\u00e7\u00f5es, cont\u00ednuas e permanentes, com as demais unidades da UFSM e com institui\u00e7\u00f5es da comunidade, para assegurar a integra\u00e7\u00e3o, o aperfei\u00e7oamento e a efic\u00e1cia das atividades sob sua coordena\u00e7\u00e3o.<\/p>\t\t\t\t\t\t<\/div>\n\t\t\t\t<\/div>\n\t\t\t\t\t<\/div>\n\t\t<\/div>\n\t\t\t\t\t<\/div>\n\t\t<\/section>\n\t\t\t\t<section class=\"elementor-section elementor-top-section elementor-element elementor-element-291e2a9 elementor-section-boxed elementor-section-height-default elementor-section-height-default\" data-id=\"291e2a9\" data-element_type=\"section\">\n\t\t\t\t\t\t<div class=\"elementor-container elementor-column-gap-default\">\n\t\t\t\t\t<div class=\"elementor-column elementor-col-100 elementor-top-column elementor-element elementor-element-5a58157\" data-id=\"5a58157\" data-element_type=\"column\">\n\t\t\t<div class=\"elementor-widget-wrap elementor-element-populated\">\n\t\t\t\t\t\t<div class=\"elementor-element elementor-element-81bf85a elementor-widget-divider--view-line elementor-widget elementor-widget-divider\" data-id=\"81bf85a\" data-element_type=\"widget\" data-widget_type=\"divider.default\">\n\t\t\t\t<div class=\"elementor-widget-container\">\n\t\t\t\t\t<div class=\"elementor-divider\">\n\t\t\t<span class=\"elementor-divider-separator\">\n\t\t\t\t\t\t<\/span>\n\t\t<\/div>\n\t\t\t\t<\/div>\n\t\t\t\t<\/div>\n\t\t\t\t\t<\/div>\n\t\t<\/div>\n\t\t\t\t\t<\/div>\n\t\t<\/section>\n\t\t\t\t<section class=\"elementor-section elementor-top-section elementor-element elementor-element-65e5c3c elementor-section-boxed elementor-section-height-default elementor-section-height-default\" data-id=\"65e5c3c\" data-element_type=\"section\">\n\t\t\t\t\t\t<div class=\"elementor-container elementor-column-gap-default\">\n\t\t\t\t\t<div class=\"elementor-column elementor-col-100 elementor-top-column elementor-element elementor-element-345a7d9\" data-id=\"345a7d9\" data-element_type=\"column\">\n\t\t\t<div class=\"elementor-widget-wrap elementor-element-populated\">\n\t\t\t\t\t\t<div class=\"elementor-element elementor-element-dbcb7b6 elementor-widget elementor-widget-heading\" data-id=\"dbcb7b6\" data-element_type=\"widget\" data-widget_type=\"heading.default\">\n\t\t\t\t<div class=\"elementor-widget-container\">\n\t\t\t<h5 class=\"elementor-heading-title elementor-size-default\">Pr\u00f3-Reitora e Pr\u00f3-Reitora Substituta<\/h5>\t\t<\/div>\n\t\t\t\t<\/div>\n\t\t\t\t\t<\/div>\n\t\t<\/div>\n\t\t\t\t\t<\/div>\n\t\t<\/section>\n\t\t\t\t<section class=\"elementor-section elementor-top-section elementor-element elementor-element-8fb1549 elementor-section-boxed elementor-section-height-default elementor-section-height-default\" data-id=\"8fb1549\" data-element_type=\"section\">\n\t\t\t\t\t\t<div class=\"elementor-container elementor-column-gap-default\">\n\t\t\t\t\t<div class=\"elementor-column elementor-col-50 elementor-top-column elementor-element elementor-element-de0309e\" data-id=\"de0309e\" data-element_type=\"column\">\n\t\t\t<div class=\"elementor-widget-wrap elementor-element-populated\">\n\t\t\t\t\t\t<div class=\"elementor-element elementor-element-38744d9 elementor-widget elementor-widget-text-editor\" data-id=\"38744d9\" data-element_type=\"widget\" data-widget_type=\"text-editor.default\">\n\t\t\t\t<div class=\"elementor-widget-container\">\n\t\t\t\t\t\t\t<p style=\"text-align: center\"><strong>Prof. Dra. Milena Freire de Oliveira-Cruz<\/strong><\/p><p style=\"text-align: center\"><em>Pr\u00f3-Reitora de Extens\u00e3o<\/em><\/p>\t\t\t\t\t\t<\/div>\n\t\t\t\t<\/div>\n\t\t\t\t<div class=\"elementor-element elementor-element-5ed7a25 elementor-widget elementor-widget-spacer\" data-id=\"5ed7a25\" data-element_type=\"widget\" data-widget_type=\"spacer.default\">\n\t\t\t\t<div class=\"elementor-widget-container\">\n\t\t\t\t\t<div class=\"elementor-spacer\">\n\t\t\t<div class=\"elementor-spacer-inner\"><\/div>\n\t\t<\/div>\n\t\t\t\t<\/div>\n\t\t\t\t<\/div>\n\t\t\t\t\t<\/div>\n\t\t<\/div>\n\t\t\t\t<div class=\"elementor-column elementor-col-50 elementor-top-column elementor-element elementor-element-3deb1e6\" data-id=\"3deb1e6\" data-element_type=\"column\">\n\t\t\t<div class=\"elementor-widget-wrap elementor-element-populated\">\n\t\t\t\t\t\t<div class=\"elementor-element elementor-element-61c0edc elementor-widget elementor-widget-text-editor\" data-id=\"61c0edc\" data-element_type=\"widget\" data-widget_type=\"text-editor.default\">\n\t\t\t\t<div class=\"elementor-widget-container\">\n\t\t\t\t\t\t\t<p style=\"text-align: center\"><span style=\"text-align: var(--bs-body-text-align)\"><b>Prof. Dra. Angela Weber Righi\u00a0<\/b><\/span><strong><br \/><\/strong><\/p><p style=\"text-align: center\"><em>Pr\u00f3-Reitora de Extens\u00e3o Substituta<br \/><\/em><\/p>\t\t\t\t\t\t<\/div>\n\t\t\t\t<\/div>\n\t\t\t\t<div class=\"elementor-element elementor-element-df75afc elementor-widget elementor-widget-spacer\" data-id=\"df75afc\" data-element_type=\"widget\" data-widget_type=\"spacer.default\">\n\t\t\t\t<div class=\"elementor-widget-container\">\n\t\t\t\t\t<div class=\"elementor-spacer\">\n\t\t\t<div class=\"elementor-spacer-inner\"><\/div>\n\t\t<\/div>\n\t\t\t\t<\/div>\n\t\t\t\t<\/div>\n\t\t\t\t\t<\/div>\n\t\t<\/div>\n\t\t\t\t\t<\/div>\n\t\t<\/section>\n\t\t\t\t<section class=\"elementor-section elementor-top-section elementor-element elementor-element-5261321 elementor-section-boxed elementor-section-height-default elementor-section-height-default\" data-id=\"5261321\" data-element_type=\"section\">\n\t\t\t\t\t\t<div class=\"elementor-container elementor-column-gap-default\">\n\t\t\t\t\t<div class=\"elementor-column elementor-col-100 elementor-top-column elementor-element elementor-element-5d9860c\" data-id=\"5d9860c\" data-element_type=\"column\">\n\t\t\t<div class=\"elementor-widget-wrap elementor-element-populated\">\n\t\t\t\t\t\t<div class=\"elementor-element elementor-element-3b562b8 elementor-widget elementor-widget-heading\" data-id=\"3b562b8\" data-element_type=\"widget\" data-widget_type=\"heading.default\">\n\t\t\t\t<div class=\"elementor-widget-container\">\n\t\t\t<h5 class=\"elementor-heading-title elementor-size-default\">Contato<\/h5>\t\t<\/div>\n\t\t\t\t<\/div>\n\t\t\t\t<div class=\"elementor-element elementor-element-7ac38d5 elementor-widget elementor-widget-text-editor\" data-id=\"7ac38d5\" data-element_type=\"widget\" data-widget_type=\"text-editor.default\">\n\t\t\t\t<div class=\"elementor-widget-container\">\n\t\t\t\t\t\t\t<p style=\"text-align: center\"><strong>Pr\u00e9dio da Reitoria UFSM, 9\u00ba andar, sala 945. Cidade Universit\u00e1ria UFSM. Santa Maria (RS).<\/strong><\/p>\n<p style=\"text-align: center\">Telefone: 55 3220 8366<\/p>\n<p style=\"text-align: center\">E-mail: <a href=\"mailto:extensao@ufsm.br\">extensao@ufsm.br<\/a><\/p>\n<p style=\"text-align: center\"><strong>Atendimento:<\/strong> segunda a sexta, das 08h \u00e0s 12h e das 13h \u00e0s 17h<\/p>\t\t\t\t\t\t<\/div>\n\t\t\t\t<\/div>\n\t\t\t\t<div class=\"elementor-element elementor-element-81cdd7f elementor-widget elementor-widget-spacer\" data-id=\"81cdd7f\" data-element_type=\"widget\" data-widget_type=\"spacer.default\">\n\t\t\t\t<div class=\"elementor-widget-container\">\n\t\t\t\t\t<div class=\"elementor-spacer\">\n\t\t\t<div class=\"elementor-spacer-inner\"><\/div>\n\t\t<\/div>\n\t\t\t\t<\/div>\n\t\t\t\t<\/div>\n\t\t\t\t\t<\/div>\n\t\t<\/div>\n\t\t\t\t\t<\/div>\n\t\t<\/section>\n\t\t\t\t<section class=\"elementor-section elementor-top-section elementor-element elementor-element-5735ef5 elementor-section-boxed elementor-section-height-default elementor-section-height-default\" data-id=\"5735ef5\" data-element_type=\"section\">\n\t\t\t\t\t\t<div class=\"elementor-container elementor-column-gap-default\">\n\t\t\t\t\t<div class=\"elementor-column elementor-col-100 elementor-top-column elementor-element elementor-element-d5b3aa5\" data-id=\"d5b3aa5\" data-element_type=\"column\">\n\t\t\t<div class=\"elementor-widget-wrap elementor-element-populated\">\n\t\t\t\t\t\t<div class=\"elementor-element elementor-element-f3f63d5 elementor-widget elementor-widget-heading\" data-id=\"f3f63d5\" data-element_type=\"widget\" data-widget_type=\"heading.default\">\n\t\t\t\t<div class=\"elementor-widget-container\">\n\t\t\t<h5 class=\"elementor-heading-title elementor-size-default\">Links \u00dateis<\/h5>\t\t<\/div>\n\t\t\t\t<\/div>\n\t\t\t\t\t<\/div>\n\t\t<\/div>\n\t\t\t\t\t<\/div>\n\t\t<\/section>\n\t\t\t\t<section class=\"elementor-section elementor-top-section elementor-element elementor-element-4be9681 elementor-section-boxed elementor-section-height-default elementor-section-height-default\" data-id=\"4be9681\" data-element_type=\"section\">\n\t\t\t\t\t\t<div class=\"elementor-container elementor-column-gap-default\">\n\t\t\t\t\t<div class=\"elementor-column elementor-col-50 elementor-top-column elementor-element elementor-element-c19dfcb\" data-id=\"c19dfcb\" data-element_type=\"column\">\n\t\t\t<div class=\"elementor-widget-wrap elementor-element-populated\">\n\t\t\t\t\t\t<div class=\"elementor-element elementor-element-2f805bf elementor-view-default elementor-widget elementor-widget-icon\" data-id=\"2f805bf\" data-element_type=\"widget\" data-widget_type=\"icon.default\">\n\t\t\t\t<div class=\"elementor-widget-container\">\n\t\t\t\t\t<div class=\"elementor-icon-wrapper\">\n\t\t\t<a class=\"elementor-icon\" href=\"https:\/\/www.ufsm.br\/pro-reitorias\/pre\/agenda-pro-reitor\/\">\n\t\t\t<i aria-hidden=\"true\" class=\"far fa-calendar-alt\"><\/i>\t\t\t<\/a>\n\t\t<\/div>\n\t\t\t\t<\/div>\n\t\t\t\t<\/div>\n\t\t\t\t<div class=\"elementor-element elementor-element-4a22449 elementor-widget elementor-widget-heading\" data-id=\"4a22449\" data-element_type=\"widget\" data-widget_type=\"heading.default\">\n\t\t\t\t<div class=\"elementor-widget-container\">\n\t\t\t<h6 class=\"elementor-heading-title elementor-size-default\">Agenda da Pr\u00f3-Reitora<\/h6>\t\t<\/div>\n\t\t\t\t<\/div>\n\t\t\t\t\t<\/div>\n\t\t<\/div>\n\t\t\t\t<div class=\"elementor-column elementor-col-50 elementor-top-column elementor-element elementor-element-6824bd7\" data-id=\"6824bd7\" data-element_type=\"column\">\n\t\t\t<div class=\"elementor-widget-wrap elementor-element-populated\">\n\t\t\t\t\t\t<div class=\"elementor-element elementor-element-8af5964 elementor-view-default elementor-widget elementor-widget-icon\" data-id=\"8af5964\" data-element_type=\"widget\" data-widget_type=\"icon.default\">\n\t\t\t\t<div class=\"elementor-widget-container\">\n\t\t\t\t\t<div class=\"elementor-icon-wrapper\">\n\t\t\t<a class=\"elementor-icon\" href=\"https:\/\/www.ufsm.br\/pro-reitorias\/pre\/cafe\/siec\/camara-de-extensao\">\n\t\t\t<i aria-hidden=\"true\" class=\"fas fa-university\"><\/i>\t\t\t<\/a>\n\t\t<\/div>\n\t\t\t\t<\/div>\n\t\t\t\t<\/div>\n\t\t\t\t<div class=\"elementor-element elementor-element-ba3dc26 elementor-widget elementor-widget-heading\" data-id=\"ba3dc26\" data-element_type=\"widget\" data-widget_type=\"heading.default\">\n\t\t\t\t<div class=\"elementor-widget-container\">\n\t\t\t<h6 class=\"elementor-heading-title elementor-size-default\">C\u00e2mara de Extens\u00e3o<\/h6>\t\t<\/div>\n\t\t\t\t<\/div>\n\t\t\t\t\t<\/div>\n\t\t<\/div>\n\t\t\t\t\t<\/div>\n\t\t<\/section>\n\t\t\t\t<\/div>\n\t\t","protected":false},"excerpt":{"rendered":"<p>A Pr\u00f3-Reitoria de Extens\u00e3o (PRE-UFSM) \u00e9 representada pela autoridade denominada \u201cPr\u00f3-Reitor (a) de Extens\u00e3o\u201d, e s\u00e3o suas compet\u00eancias: I &#8211; convocar e presidir as reuni\u00f5es da C\u00e2mara de Extens\u00e3o da Pr\u00f3-Reitoria; II &#8211; representar a Pr\u00f3-Reitoria no Conselho de Ensino, Pesquisa e Extens\u00e3o; III &#8211; coordenar, fiscalizar, supervisionar e divulgar \u00e0 comunidade universit\u00e1ria a\u00e7\u00f5es desenvolvidas [&hellip;]<\/p>\n","protected":false},"author":161,"featured_media":0,"parent":0,"menu_order":0,"comment_status":"closed","ping_status":"closed","template":"","meta":{"footnotes":""},"categories":[],"tags":[],"class_list":["post-1892","page","type-page","status-publish","hentry"],"acf":[],"_links":{"self":[{"href":"https:\/\/www.ufsm.br\/pro-reitorias\/pre\/wp-json\/wp\/v2\/pages\/1892","targetHints":{"allow":["GET"]}}],"collection":[{"href":"https:\/\/www.ufsm.br\/pro-reitorias\/pre\/wp-json\/wp\/v2\/pages"}],"about":[{"href":"https:\/\/www.ufsm.br\/pro-reitorias\/pre\/wp-json\/wp\/v2\/types\/page"}],"author":[{"embeddable":true,"href":"https:\/\/www.ufsm.br\/pro-reitorias\/pre\/wp-json\/wp\/v2\/users\/161"}],"replies":[{"embeddable":true,"href":"https:\/\/www.ufsm.br\/pro-reitorias\/pre\/wp-json\/wp\/v2\/comments?post=1892"}],"version-history":[{"count":0,"href":"https:\/\/www.ufsm.br\/pro-reitorias\/pre\/wp-json\/wp\/v2\/pages\/1892\/revisions"}],"wp:attachment":[{"href":"https:\/\/www.ufsm.br\/pro-reitorias\/pre\/wp-json\/wp\/v2\/media?parent=1892"}],"wp:term":[{"taxonomy":"category","embeddable":true,"href":"https:\/\/www.ufsm.br\/pro-reitorias\/pre\/wp-json\/wp\/v2\/categories?post=1892"},{"taxonomy":"post_tag","embeddable":true,"href":"https:\/\/www.ufsm.br\/pro-reitorias\/pre\/wp-json\/wp\/v2\/tags?post=1892"}],"curies":[{"name":"wp","href":"https:\/\/api.w.org\/{rel}","templated":true}]}}