{"id":2981,"date":"2019-09-02T17:09:28","date_gmt":"2019-09-02T20:09:28","guid":{"rendered":"https:\/\/www.ufsm.br\/pro-reitorias\/pre\/?page_id=2981"},"modified":"2019-09-03T17:26:15","modified_gmt":"2019-09-03T20:26:15","slug":"no-meio-do-caminho-tinha-uma-pedra-terra-irapua-no-contexto-do-geoparque-de-cacapava-do-sul","status":"publish","type":"page","link":"https:\/\/www.ufsm.br\/pro-reitorias\/pre\/no-meio-do-caminho-tinha-uma-pedra-terra-irapua-no-contexto-do-geoparque-de-cacapava-do-sul","title":{"rendered":"No meio do caminho \u201ctinha\u201d uma (pedra) terra: Irapu\u00e1 no contexto do Geoparque de Ca\u00e7apava do Sul"},"content":{"rendered":"\n<p align=\"justify\"><strong>Coordenador:<\/strong> Jos\u00e9 Luiz de Moura Filho<\/p>\n<p align=\"justify\"><strong>Resumo:<\/strong> Embora a proposta do Geoparque de Ca\u00e7apava do Sul (RS) pare\u00e7a facilitada em rela\u00e7\u00e3o \u00e0 Quarta Col\u00f4nia, por envolver apenas um munic\u00edpio \u2013 ao contr\u00e1rio dessa, que abarca nove &#8211; as trativas para tanto, a\u00ed, se tornam complexas na medida em que h\u00e1 em seu territ\u00f3rio a terra ind\u00edgena Irapu\u00e1: 222 ha j\u00e1 reconhecidos como tal, pela Uni\u00e3o, em fase de demarca\u00e7\u00e3o. Conforme a Conven\u00e7\u00e3o 169 da OIT (Organiza\u00e7\u00e3o Internacional do Trabalho), ratificada pelo Brasil e, pois, em vigor, todas as medidas legislativas e administrativas que digam respeito \u00e0 popula\u00e7\u00f5es ind\u00edgenas s\u00f3 poder\u00e3o ser adotadas depois de serem essas consultadas, para o que dever\u00e3o ser esclarecidas de maneira inequ\u00edvoca sobre todos os aspectos que as envolvem. Muito embora o Congresso Nacional ainda n\u00e3o tenha decidido acerca dos procedimentos a serem adotados com vistas \u00e0 efetiva\u00e7\u00e3o dessa medida pr\u00e9via, entende-se indispens\u00e1vel que um equipamento como um Geoparque, que visa o desenvolvimento regional por meio da promo\u00e7\u00e3o do patrim\u00f4nio natural (geologia), atrav\u00e9s da coopera\u00e7\u00e3o com seus habitantes, observe-a, especialmente porque os conhecimentos tradicionais dessa comunidade podem ser apropriados com vistas \u00e0 sustentabilidade ambiental almejada. Assim, a presente proposta visa a abertura de di\u00e1logo com essa comunidade aut\u00f3ctone, podendo, inclusive, buscar nas experi\u00eancias dos Geoparques mexicanos instrumentos jur\u00eddicos adotados para sua consolida\u00e7\u00e3o, dado que tamb\u00e9m se estabeleceram em locais com incid\u00eancia de popula\u00e7\u00f5es tradicionais.<\/p>\n<p align=\"justify\">A\u00e7\u00f5es previstas:<\/p>\n<ul>\n<li>Identifica\u00e7\u00e3o e resposta \u00e0s principais necessidades atuais, em termos de sa\u00fade e educa\u00e7\u00e3o da popula\u00e7\u00e3o ind\u00edgena acampada a espera da demarca\u00e7\u00e3o da \u00e1rea;<\/li>\n<li>Levantamento do n\u00famero de ind\u00edgenas da comunidade, por sexo, idade e escolaridade;<\/li>\n<li>Diagn\u00f3stico ambiental da \u00e1rea titulada;<\/li>\n<li>Desenvolvimento de metodologias de consulta sobre a proposta de um Geoparque;<\/li>\n<li>Evento para divulga\u00e7\u00e3o da proposta do Geoparque;<\/li>\n<li>Mapeamento dos saberes e produtos detidos pela comunidade, pass\u00edveis de transforma\u00e7\u00e3o em renda;<\/li>\n<\/ul>\n<p align=\"justify\">A proposta \u00e9 uma a\u00e7\u00e3o do N\u00facleo Interdisciplinar de Intera\u00e7\u00e3o Jur\u00eddica Comunit\u00e1ria. Para acess\u00e1-lo no Portal de Projetos, clique <a href=\"https:\/\/portal.ufsm.br\/projetos\/publico\/projetos\/view.html?idProjeto=53954\">aqui<\/a>.<\/p>\n","protected":false},"excerpt":{"rendered":"<p>Coordenador: Jos\u00e9 Luiz de Moura Filho Resumo: Embora a proposta do Geoparque de Ca\u00e7apava do Sul (RS) pare\u00e7a facilitada em rela\u00e7\u00e3o \u00e0 Quarta Col\u00f4nia, por envolver apenas um munic\u00edpio \u2013 ao contr\u00e1rio dessa, que abarca nove &#8211; as trativas para tanto, a\u00ed, se tornam complexas na medida em que h\u00e1 em seu territ\u00f3rio a terra [&hellip;]<\/p>\n","protected":false},"author":1265,"featured_media":0,"parent":0,"menu_order":0,"comment_status":"closed","ping_status":"closed","template":"","meta":{"footnotes":""},"categories":[],"tags":[],"class_list":["post-2981","page","type-page","status-publish","hentry"],"acf":[],"_links":{"self":[{"href":"https:\/\/www.ufsm.br\/pro-reitorias\/pre\/wp-json\/wp\/v2\/pages\/2981","targetHints":{"allow":["GET"]}}],"collection":[{"href":"https:\/\/www.ufsm.br\/pro-reitorias\/pre\/wp-json\/wp\/v2\/pages"}],"about":[{"href":"https:\/\/www.ufsm.br\/pro-reitorias\/pre\/wp-json\/wp\/v2\/types\/page"}],"author":[{"embeddable":true,"href":"https:\/\/www.ufsm.br\/pro-reitorias\/pre\/wp-json\/wp\/v2\/users\/1265"}],"replies":[{"embeddable":true,"href":"https:\/\/www.ufsm.br\/pro-reitorias\/pre\/wp-json\/wp\/v2\/comments?post=2981"}],"version-history":[{"count":0,"href":"https:\/\/www.ufsm.br\/pro-reitorias\/pre\/wp-json\/wp\/v2\/pages\/2981\/revisions"}],"wp:attachment":[{"href":"https:\/\/www.ufsm.br\/pro-reitorias\/pre\/wp-json\/wp\/v2\/media?parent=2981"}],"wp:term":[{"taxonomy":"category","embeddable":true,"href":"https:\/\/www.ufsm.br\/pro-reitorias\/pre\/wp-json\/wp\/v2\/categories?post=2981"},{"taxonomy":"post_tag","embeddable":true,"href":"https:\/\/www.ufsm.br\/pro-reitorias\/pre\/wp-json\/wp\/v2\/tags?post=2981"}],"curies":[{"name":"wp","href":"https:\/\/api.w.org\/{rel}","templated":true}]}}