{"id":2987,"date":"2019-09-03T16:28:01","date_gmt":"2019-09-03T19:28:01","guid":{"rendered":"https:\/\/www.ufsm.br\/pro-reitorias\/pre\/?page_id=2987"},"modified":"2019-09-03T17:24:10","modified_gmt":"2019-09-03T20:24:10","slug":"paisagem-de-agudo-rs-procedimentos-tecnicos-e-fundamentos-iconograficos","status":"publish","type":"page","link":"https:\/\/www.ufsm.br\/pro-reitorias\/pre\/paisagem-de-agudo-rs-procedimentos-tecnicos-e-fundamentos-iconograficos","title":{"rendered":"Paisagem de Agudo, RS: procedimentos t\u00e9cnicos e fundamentos iconogr\u00e1ficos"},"content":{"rendered":"\n<p align=\"justify\"><strong>Coordenador:<\/strong> Altamir Moreira<\/p>\n<p align=\"justify\"><strong>Resumo:<\/strong> Apresenta-se sob forma de um subprojeto tem\u00e1tico voltado ao estudo da paisagem, vinculado ao projeto geral Desenho e Pintura: t\u00e9cnicas e fundamentos iconogr\u00e1ficos da arte figurativa, registrado em janeiro de 2019 no GAP\/CAL- UFSM. Projeto geral que, por sua vez, t\u00eam a fun\u00e7\u00e3o de congregar atividades de pesquisa de pesquisadores, estudantes de gradua\u00e7\u00e3o, e de p\u00f3s-gradua\u00e7\u00e3o em artes visuais com tem\u00e1ticas afins \u00e0 linha de pesquisa em arte e cultura.<\/p>\n<p align=\"justify\">Nas \u00e1reas de pesquisa po\u00e9tica, busca-se a realiza\u00e7\u00e3o de no m\u00ednimo uma pesquisa de campo, que resultar\u00e1 em um conjunto de obras com \u00eanfase na linguagem do desenho e da pintura, reflex\u00f5es te\u00f3ricas e exposi\u00e7\u00e3o coletiva de artes visuais. Essas obras integrar\u00e3o uma exposi\u00e7\u00e3o coletiva a ser realizada em espa\u00e7o p\u00fablico na cidade de Agudo, RS.<\/p>\n<p align=\"justify\">Para acessar o projeto no Portal de Projetos, clique <a href=\"https:\/\/portal.ufsm.br\/projetos\/publico\/projetos\/view.html?idProjeto=63049\">aqui<\/a>.<\/p>\n","protected":false},"excerpt":{"rendered":"<p>Coordenador: Altamir Moreira Resumo: Apresenta-se sob forma de um subprojeto tem\u00e1tico voltado ao estudo da paisagem, vinculado ao projeto geral Desenho e Pintura: t\u00e9cnicas e fundamentos iconogr\u00e1ficos da arte figurativa, registrado em janeiro de 2019 no GAP\/CAL- UFSM. Projeto geral que, por sua vez, t\u00eam a fun\u00e7\u00e3o de congregar atividades de pesquisa de pesquisadores, estudantes [&hellip;]<\/p>\n","protected":false},"author":1265,"featured_media":0,"parent":0,"menu_order":0,"comment_status":"closed","ping_status":"closed","template":"","meta":{"footnotes":""},"categories":[],"tags":[],"class_list":["post-2987","page","type-page","status-publish","hentry"],"acf":[],"_links":{"self":[{"href":"https:\/\/www.ufsm.br\/pro-reitorias\/pre\/wp-json\/wp\/v2\/pages\/2987","targetHints":{"allow":["GET"]}}],"collection":[{"href":"https:\/\/www.ufsm.br\/pro-reitorias\/pre\/wp-json\/wp\/v2\/pages"}],"about":[{"href":"https:\/\/www.ufsm.br\/pro-reitorias\/pre\/wp-json\/wp\/v2\/types\/page"}],"author":[{"embeddable":true,"href":"https:\/\/www.ufsm.br\/pro-reitorias\/pre\/wp-json\/wp\/v2\/users\/1265"}],"replies":[{"embeddable":true,"href":"https:\/\/www.ufsm.br\/pro-reitorias\/pre\/wp-json\/wp\/v2\/comments?post=2987"}],"version-history":[{"count":0,"href":"https:\/\/www.ufsm.br\/pro-reitorias\/pre\/wp-json\/wp\/v2\/pages\/2987\/revisions"}],"wp:attachment":[{"href":"https:\/\/www.ufsm.br\/pro-reitorias\/pre\/wp-json\/wp\/v2\/media?parent=2987"}],"wp:term":[{"taxonomy":"category","embeddable":true,"href":"https:\/\/www.ufsm.br\/pro-reitorias\/pre\/wp-json\/wp\/v2\/categories?post=2987"},{"taxonomy":"post_tag","embeddable":true,"href":"https:\/\/www.ufsm.br\/pro-reitorias\/pre\/wp-json\/wp\/v2\/tags?post=2987"}],"curies":[{"name":"wp","href":"https:\/\/api.w.org\/{rel}","templated":true}]}}