{"id":2988,"date":"2019-09-03T16:36:25","date_gmt":"2019-09-03T19:36:25","guid":{"rendered":"https:\/\/www.ufsm.br\/pro-reitorias\/pre\/?page_id=2988"},"modified":"2019-09-03T17:37:19","modified_gmt":"2019-09-03T20:37:19","slug":"2988-2","status":"publish","type":"page","link":"https:\/\/www.ufsm.br\/pro-reitorias\/pre\/2988-2","title":{"rendered":"Programa de Extens\u00e3o Centro de Documenta\u00e7\u00e3o e Mem\u00f3ria: por uma pol\u00edtica de fundos (o caso da Quarta Col\u00f4nia)"},"content":{"rendered":"\n<p><strong>Coordenadora:<\/strong> Amanda Eloina Scherer<br \/><br \/><strong>Resumo:<\/strong> Nosso objetivo primeiro \u00e9 o de fomentar uma rede de forma\u00e7\u00e3o de pessoas implementando uma pol\u00edtica de guarda de documentos na sua rela\u00e7\u00e3o com acervos pessoais, art\u00edsticos, hist\u00f3ricos e acervo em geral, passando por semin\u00e1rios de forma\u00e7\u00e3o, jornada de pesquisa de jovens pesquisadores, grupos de estudos, encontros para discuss\u00e3o de tem\u00e1ticas pertinentes \u00e0 demanda social e profissional, exposi\u00e7\u00f5es art\u00edsticas e culturais at\u00e9 sua inser\u00e7\u00e3o na comunidade. Nosso objeto maior neste Programa de Extens\u00e3o est\u00e1 centrado no desenvolvimento de reflex\u00f5es sobre as no\u00e7\u00f5es de mem\u00f3ria, hist\u00f3ria voltadas para as tecnologias de linguagem na contemporaneidade. Nosso eixo de enfoque \u00e9 aquele de car\u00e1ter multidisciplinar e org\u00e2nico-institucional atrav\u00e9s da integra\u00e7\u00e3o com a comunidade de Silveira Martins, capital da Quarta Col\u00f4nia e, tamb\u00e9m, com as secretarias de cultura e educa\u00e7\u00e3o dos munic\u00edpios que fazem parte desta regi\u00e3o geoeducacional.<br \/><br \/>Tamb\u00e9m almejamos, viabilizar a forma\u00e7\u00e3o de novos parceiros junto \u00e0s comunidades citadinas e rurais da Quarta Col\u00f4nia. Queremos proporcionar visitas p\u00fablicas, aliadas a discuss\u00f5es sobre o que \u00e9 um acervo, um fundo documental e a problem\u00e1tica da mem\u00f3ria, procurar viabilizar atividades em conjunto para refletirmos sobre poss\u00edveis caminhos e a\u00e7\u00f5es conjuntas na futura cria\u00e7\u00e3o de uma Pol\u00edtica de Geoparques na regi\u00e3o a partir do patrim\u00f4nio cultural, lingu\u00edstico e art\u00edstico. Nosso objetivo principal \u00e9 refletir sobre dados e fatos hist\u00f3ricos dos munic\u00edpios e das comunidades escolares da regi\u00e3o, para que, assim, os estudantes e a comunidade em geral, participantes de nossas a\u00e7\u00f5es, possam construir uma narrativa mais intimista (fotogr\u00e1fica e textual), ecoando na hist\u00f3ria e na mem\u00f3ria das refer\u00eancias familiares.<\/p>\n<p>A\u00e7\u00f5es previstas<\/p>\n<ul>\n<li>Exposi\u00e7\u00f5es, sobre os temas elencados mais abaixo, na Sala de Exposi\u00e7\u00e3o Nelson Ellwanger \u2013UFSM \u2013Silveira Martins<\/li>\n<li>Oficinas sobre tratamento arquiv\u00edstico<\/li>\n<li>Oficinas de escrita criativa\u00a0<\/li>\n<li>Oficina sobre fotografia\u00a0<\/li>\n<li>Reuni\u00f5es administrativas e tamb\u00e9m de discuss\u00f5es sobre as no\u00e7\u00f5es de mem\u00f3ria, arquivo, hist\u00f3ria, a partir dos eixos tem\u00e1ticos elencados mais abaixo, para come\u00e7armos a implanta\u00e7\u00e3o de uma cultura de forma\u00e7\u00e3o t\u00e9cnica reflexiva com os agenciadores e respons\u00e1veis pela pol\u00edtica de mem\u00f3ria no ambiente da Quarta Col\u00f4nia, para quando da cria\u00e7\u00e3o do Geoparque possamos indicar a\u00e7\u00f5es mais sustentadas no fazer quotidiano e sermos, de fato, os parceiros educativos com responsabilidade em um espa\u00e7o onde seus moradores possam viver e respeitar, n\u00e3o s\u00f3 o meio ambiente, mas e sobretudo, o respeito \u00e0 hist\u00f3ria lingu\u00edstica, cultural e art\u00edstica da regi\u00e3o.<\/li>\n<\/ul>\n<p>Eixos tem\u00e1ticos previstos em 2019:<\/p>\n<ul>\n<li>L\u00edngua nacional, Estado e na\u00e7\u00e3o;<\/li>\n<li>Mem\u00f3ria: figura inventada da identidade individual e coletiva;<\/li>\n<li>Patrim\u00f4nio: o lugar do Museu no Museu do amanh\u00e3;<\/li>\n<li>Da institui\u00e7\u00e3o das l\u00ednguas \u00e0 universalidade: o caso da l\u00edngua falada na Quarta Col\u00f4nia;<\/li>\n<li>Da hist\u00f3ria da coloniza\u00e7\u00e3o \u00e0 hist\u00f3ria regional;<\/li>\n<li>Saberes ancestrais, t\u00e9cnicas tradicionais: pilares da identidade regional e o lugar do fant\u00e1stico e da fic\u00e7\u00e3o liter\u00e1ria tamb\u00e9m.<\/li>\n<\/ul>\n<p align=\"justify\">A proposta \u00e9 uma a\u00e7\u00e3o do Centro de Documenta\u00e7\u00e3o e Mem\u00f3ria: por uma pol\u00edtica de fundos. Para acessar no Portal de Projetos, clique <a href=\"https:\/\/portal.ufsm.br\/projetos\/publico\/projetos\/view.html?idProjeto=60134\">aqui<\/a>.<\/p>\n<p><br \/><br \/><br \/><br \/><br \/><br \/><\/p>\n","protected":false},"excerpt":{"rendered":"<p>Coordenadora: Amanda Eloina Scherer Resumo: Nosso objetivo primeiro \u00e9 o de fomentar uma rede de forma\u00e7\u00e3o de pessoas implementando uma pol\u00edtica de guarda de documentos na sua rela\u00e7\u00e3o com acervos pessoais, art\u00edsticos, hist\u00f3ricos e acervo em geral, passando por semin\u00e1rios de forma\u00e7\u00e3o, jornada de pesquisa de jovens pesquisadores, grupos de estudos, encontros para discuss\u00e3o de [&hellip;]<\/p>\n","protected":false},"author":1265,"featured_media":0,"parent":0,"menu_order":0,"comment_status":"closed","ping_status":"closed","template":"","meta":{"footnotes":""},"categories":[],"tags":[],"class_list":["post-2988","page","type-page","status-publish","hentry"],"acf":[],"_links":{"self":[{"href":"https:\/\/www.ufsm.br\/pro-reitorias\/pre\/wp-json\/wp\/v2\/pages\/2988","targetHints":{"allow":["GET"]}}],"collection":[{"href":"https:\/\/www.ufsm.br\/pro-reitorias\/pre\/wp-json\/wp\/v2\/pages"}],"about":[{"href":"https:\/\/www.ufsm.br\/pro-reitorias\/pre\/wp-json\/wp\/v2\/types\/page"}],"author":[{"embeddable":true,"href":"https:\/\/www.ufsm.br\/pro-reitorias\/pre\/wp-json\/wp\/v2\/users\/1265"}],"replies":[{"embeddable":true,"href":"https:\/\/www.ufsm.br\/pro-reitorias\/pre\/wp-json\/wp\/v2\/comments?post=2988"}],"version-history":[{"count":0,"href":"https:\/\/www.ufsm.br\/pro-reitorias\/pre\/wp-json\/wp\/v2\/pages\/2988\/revisions"}],"wp:attachment":[{"href":"https:\/\/www.ufsm.br\/pro-reitorias\/pre\/wp-json\/wp\/v2\/media?parent=2988"}],"wp:term":[{"taxonomy":"category","embeddable":true,"href":"https:\/\/www.ufsm.br\/pro-reitorias\/pre\/wp-json\/wp\/v2\/categories?post=2988"},{"taxonomy":"post_tag","embeddable":true,"href":"https:\/\/www.ufsm.br\/pro-reitorias\/pre\/wp-json\/wp\/v2\/tags?post=2988"}],"curies":[{"name":"wp","href":"https:\/\/api.w.org\/{rel}","templated":true}]}}