{"id":2990,"date":"2019-09-03T16:48:56","date_gmt":"2019-09-03T19:48:56","guid":{"rendered":"https:\/\/www.ufsm.br\/pro-reitorias\/pre\/?page_id=2990"},"modified":"2019-09-03T17:41:27","modified_gmt":"2019-09-03T20:41:27","slug":"geoparque-quarta-colonia-educacao-patrimonial-e-patrimonio-cultural","status":"publish","type":"page","link":"https:\/\/www.ufsm.br\/pro-reitorias\/pre\/geoparque-quarta-colonia-educacao-patrimonial-e-patrimonio-cultural","title":{"rendered":"Geoparque Quarta Col\u00f4nia: educa\u00e7\u00e3o patrimonial e patrim\u00f4nio cultural"},"content":{"rendered":"\n<p align=\"justify\"><strong>Coordenador:<\/strong> Andr\u00e9 Luis Ramos Soares<\/p>\n<p align=\"justify\"><strong>Resumo:<\/strong>\u00a0Os Geoparques s\u00e3o espa\u00e7os de interdisciplinaridade nos quais as atividades que envolvem o patrim\u00f4nio cultural s\u00e3o diretamente relacionadas com outros conceitos, como gest\u00e3o integrada de territ\u00f3rio ou educa\u00e7\u00e3o. Para tal, nossa proposta compreende a educa\u00e7\u00e3o patrimonial como elo que re\u00fane os atores sociais envolvidos atrav\u00e9s das escolas (uma municipal e outra estadual) no munic\u00edpio de Silveira Martins, no nosso caso os pais, estudantes, professores e t\u00e9cnicos em educa\u00e7\u00e3o que atuam na escola.<\/p>\n<p align=\"justify\">A\u00e7\u00f5es previstas:<\/p>\n<ul>\n<li>Fase 1 &#8211; Levantamento bibliogr\u00e1fico de atividades de pesquisa de educa\u00e7\u00e3o patrimonial no local.<\/li>\n<li>Fase 2 &#8211; Contato com as escolas e capacita\u00e7\u00e3o de professores.\u00a0<\/li>\n<li>Fase 3 &#8211; In\u00edcio das atividades de levantamento dos patrim\u00f4nios municipais com as escolas.\u00a0<\/li>\n<li>Fase 4 &#8211; Atividades de educa\u00e7\u00e3o patrimonial nas escolas: oficinas.\u00a0<\/li>\n<li>Fase 5 &#8211; Exposi\u00e7\u00e3o cultural dos patrim\u00f4nios levantados pelos alunos.<\/li>\n<\/ul>\n<p>Para acessar o projeto no Portal de Projetos, clique <a href=\"https:\/\/portal.ufsm.br\/projetos\/publico\/projetos\/view.html?idProjeto=62921\">aqui<\/a>.<\/p>\n<p align=\"justify\"><br \/><br \/><\/p>\n","protected":false},"excerpt":{"rendered":"<p>Coordenador: Andr\u00e9 Luis Ramos Soares Resumo:\u00a0Os Geoparques s\u00e3o espa\u00e7os de interdisciplinaridade nos quais as atividades que envolvem o patrim\u00f4nio cultural s\u00e3o diretamente relacionadas com outros conceitos, como gest\u00e3o integrada de territ\u00f3rio ou educa\u00e7\u00e3o. Para tal, nossa proposta compreende a educa\u00e7\u00e3o patrimonial como elo que re\u00fane os atores sociais envolvidos atrav\u00e9s das escolas (uma municipal e [&hellip;]<\/p>\n","protected":false},"author":1265,"featured_media":0,"parent":0,"menu_order":0,"comment_status":"closed","ping_status":"closed","template":"","meta":{"footnotes":""},"categories":[],"tags":[],"class_list":["post-2990","page","type-page","status-publish","hentry"],"acf":[],"_links":{"self":[{"href":"https:\/\/www.ufsm.br\/pro-reitorias\/pre\/wp-json\/wp\/v2\/pages\/2990","targetHints":{"allow":["GET"]}}],"collection":[{"href":"https:\/\/www.ufsm.br\/pro-reitorias\/pre\/wp-json\/wp\/v2\/pages"}],"about":[{"href":"https:\/\/www.ufsm.br\/pro-reitorias\/pre\/wp-json\/wp\/v2\/types\/page"}],"author":[{"embeddable":true,"href":"https:\/\/www.ufsm.br\/pro-reitorias\/pre\/wp-json\/wp\/v2\/users\/1265"}],"replies":[{"embeddable":true,"href":"https:\/\/www.ufsm.br\/pro-reitorias\/pre\/wp-json\/wp\/v2\/comments?post=2990"}],"version-history":[{"count":0,"href":"https:\/\/www.ufsm.br\/pro-reitorias\/pre\/wp-json\/wp\/v2\/pages\/2990\/revisions"}],"wp:attachment":[{"href":"https:\/\/www.ufsm.br\/pro-reitorias\/pre\/wp-json\/wp\/v2\/media?parent=2990"}],"wp:term":[{"taxonomy":"category","embeddable":true,"href":"https:\/\/www.ufsm.br\/pro-reitorias\/pre\/wp-json\/wp\/v2\/categories?post=2990"},{"taxonomy":"post_tag","embeddable":true,"href":"https:\/\/www.ufsm.br\/pro-reitorias\/pre\/wp-json\/wp\/v2\/tags?post=2990"}],"curies":[{"name":"wp","href":"https:\/\/api.w.org\/{rel}","templated":true}]}}