{"id":2992,"date":"2019-09-03T16:52:55","date_gmt":"2019-09-03T19:52:55","guid":{"rendered":"https:\/\/www.ufsm.br\/pro-reitorias\/pre\/?page_id=2992"},"modified":"2019-09-03T16:52:57","modified_gmt":"2019-09-03T19:52:57","slug":"programa-rastro","status":"publish","type":"page","link":"https:\/\/www.ufsm.br\/pro-reitorias\/pre\/programa-rastro","title":{"rendered":"Programa Rastro"},"content":{"rendered":"\n<p align=\"justify\"><strong>Coordenadora:<\/strong> Clarice Bastarz<\/p>\n<p align=\"justify\"><strong>Resumo:<\/strong> O Programa RASTRO est\u00e1 assentado nos tr\u00eas eixos: ensino, pesquisa e extens\u00e3o, embora o eixo extens\u00e3o possua um maior peso.<\/p>\n<p align=\"justify\">O objetivo geral do programa \u00e9 compreender e incentivar as atividades de aventura nos munic\u00edpios da Regi\u00e3o Central do RS, observando e otimizando sua rela\u00e7\u00e3o com o meio ambiente, o desenvolvimento rural e o turismo. Os objetivos espec\u00edficos s\u00e3o: (1) investigar as atividades de aventura e sua rela\u00e7\u00e3o com o meio ambiente, desenvolvimento rural e turismo; (2) estabelecer di\u00e1logos entre academia e sociedade civil, buscando construir e disseminar o conhecimento cient\u00edfico, a partir do conhecimento popular; (3) incentivar e apoiar atividades de aventura na regi\u00e3o, visando a conserva\u00e7\u00e3o do meio ambiente, o desenvolvimento rural e do turismo.<\/p>\n<p align=\"justify\">Uma das a\u00e7\u00f5es do programa RASTRO \u00e9 desenvolver o Projeto Caminhadas na Natureza, em que em conjunto com a Emater e comunidades rurais, se organizam circuitos de caminhadas em que ocorrem a venda de produtos e servi\u00e7os locais.<\/p>\n<p align=\"justify\">Os objetivos do Programa se relacionam diretamente com o Programa Institucional Geoparque, onde ocorrem atividades de aventura e pode ser executados circuitos de Caminhada na Natureza.<\/p>\n<p align=\"justify\">A\u00e7\u00f5es previstas:<\/p>\n<ul>\n<li>Executar Projeto Caminhadas na Natureza<\/li>\n<li>Realizar visita t\u00e9cnica nos Geoparques em Ca\u00e7apava do Sul e na Quarta Col\u00f4nia<\/li>\n<li>Elaborar um evento de Caminhada na Natureza em cada um dos Geoparques<\/li>\n<\/ul>\n<p align=\"justify\">A proposta est\u00e1 ligada ao Programa Rastro. Para acess\u00e1-lo no Portal de Projetos, clique <a href=\"https:\/\/portal.ufsm.br\/projetos\/publico\/projetos\/view.html?idProjeto=59827\">aqui<\/a>.<\/p>\n<p align=\"justify\"><br \/><br \/><\/p>\n","protected":false},"excerpt":{"rendered":"<p>Coordenadora: Clarice Bastarz Resumo: O Programa RASTRO est\u00e1 assentado nos tr\u00eas eixos: ensino, pesquisa e extens\u00e3o, embora o eixo extens\u00e3o possua um maior peso. O objetivo geral do programa \u00e9 compreender e incentivar as atividades de aventura nos munic\u00edpios da Regi\u00e3o Central do RS, observando e otimizando sua rela\u00e7\u00e3o com o meio ambiente, o desenvolvimento [&hellip;]<\/p>\n","protected":false},"author":1265,"featured_media":0,"parent":0,"menu_order":0,"comment_status":"closed","ping_status":"closed","template":"","meta":{"footnotes":""},"categories":[],"tags":[],"class_list":["post-2992","page","type-page","status-publish","hentry"],"acf":[],"_links":{"self":[{"href":"https:\/\/www.ufsm.br\/pro-reitorias\/pre\/wp-json\/wp\/v2\/pages\/2992","targetHints":{"allow":["GET"]}}],"collection":[{"href":"https:\/\/www.ufsm.br\/pro-reitorias\/pre\/wp-json\/wp\/v2\/pages"}],"about":[{"href":"https:\/\/www.ufsm.br\/pro-reitorias\/pre\/wp-json\/wp\/v2\/types\/page"}],"author":[{"embeddable":true,"href":"https:\/\/www.ufsm.br\/pro-reitorias\/pre\/wp-json\/wp\/v2\/users\/1265"}],"replies":[{"embeddable":true,"href":"https:\/\/www.ufsm.br\/pro-reitorias\/pre\/wp-json\/wp\/v2\/comments?post=2992"}],"version-history":[{"count":0,"href":"https:\/\/www.ufsm.br\/pro-reitorias\/pre\/wp-json\/wp\/v2\/pages\/2992\/revisions"}],"wp:attachment":[{"href":"https:\/\/www.ufsm.br\/pro-reitorias\/pre\/wp-json\/wp\/v2\/media?parent=2992"}],"wp:term":[{"taxonomy":"category","embeddable":true,"href":"https:\/\/www.ufsm.br\/pro-reitorias\/pre\/wp-json\/wp\/v2\/categories?post=2992"},{"taxonomy":"post_tag","embeddable":true,"href":"https:\/\/www.ufsm.br\/pro-reitorias\/pre\/wp-json\/wp\/v2\/tags?post=2992"}],"curies":[{"name":"wp","href":"https:\/\/api.w.org\/{rel}","templated":true}]}}