{"id":2993,"date":"2019-09-03T16:55:05","date_gmt":"2019-09-03T19:55:05","guid":{"rendered":"https:\/\/www.ufsm.br\/pro-reitorias\/pre\/?page_id=2993"},"modified":"2019-09-03T16:55:07","modified_gmt":"2019-09-03T19:55:07","slug":"revisao-dos-planos-diretores-municipais-da-quarta-colonia-na-perspectiva-da-implantacao-de-um-geoparque","status":"publish","type":"page","link":"https:\/\/www.ufsm.br\/pro-reitorias\/pre\/revisao-dos-planos-diretores-municipais-da-quarta-colonia-na-perspectiva-da-implantacao-de-um-geoparque","title":{"rendered":"Revis\u00e3o dos planos diretores municipais da Quarta Col\u00f4nia na perspectiva da implanta\u00e7\u00e3o de um geoparque"},"content":{"rendered":"\n<p align=\"justify\"><strong>Coordenador:<\/strong> Edson Luiz Bortoluzzi da Silva<\/p>\n<p align=\"justify\"><strong>Resumo:<\/strong> Como projeto de extens\u00e3o universit\u00e1ria, esse trabalho tem como objetivo conhecer e aplicar as vari\u00e1veis intervenientes na atividade de planejar o territ\u00f3rio municipal e possibilitar aos alunos praticar em uma situa\u00e7\u00e3o real os ensinamentos do Curso de Arquitetura e Urbanismo da Universidade Federal de Santa Maria, bem como das demais \u00e1reas das Ci\u00eancias Sociais Aplicadas envolvidas, atrav\u00e9s de suporte conceitual e metodol\u00f3gico \u00e0s administra\u00e7\u00f5es municipais para a execu\u00e7\u00e3o de atividades relacionadas a revis\u00e3o dos Planos Diretores dos munic\u00edpios da Quarta Col\u00f4nia, compreendida pelos Munic\u00edpios de Agudo, Nova Palma, Dona Francisca, Faxinal do Soturno, Ivor\u00e1, Pinhal Grande, Restinga Seca, S\u00e3o Jo\u00e3o do Pol\u00easine e Silveira Martins, com \u00eanfase aos impactos gerados pela implanta\u00e7\u00e3o do Geoparque da Quarta Col\u00f4nia.<\/p>\n<p align=\"justify\">Os objetivos do projeto s\u00e3o<\/p>\n<ul>\n<li>Assessorar as comunidades locais com vistas \u00e0 revis\u00e3o e atualiza\u00e7\u00e3o dos Planos Diretores de cada um dos munic\u00edpios envolvidos, por meio de metodologia participativa, capaz de avaliar qualitativa e quantitativamente, as condi\u00e7\u00f5es de vida das mesmas, especialmente no que se refere ao ambiente constru\u00eddo, por meio da implanta\u00e7\u00e3o das pol\u00edticas, programas e projetos definidos naqueles;<\/li>\n<li>Destacar, na avalia\u00e7\u00e3o dos Planos Diretores, a implanta\u00e7\u00e3o das pol\u00edticas, programas e projetos relacionados \u00e0 prote\u00e7\u00e3o do patrim\u00f4nio paleontol\u00f3gico, como instrumento de desenvolvimento local e seus impactos nos espa\u00e7os urbano e rural de cada munic\u00edpio;<\/li>\n<li>Estimular, nas revis\u00f5es dos Planos Diretores, a cria\u00e7\u00e3o das condi\u00e7\u00f5es necess\u00e1rias (espaciais, sociais, pol\u00edticas, burocr\u00e1ticas, econ\u00f4micas, etc.) para a implanta\u00e7\u00e3o do Geoparque da Quarta Col\u00f4nia, por meio da absor\u00e7\u00e3o dos seus impactos na demanda\/oferta de produtos e servi\u00e7os a ele associados, especialmente na \u00e1rea do turismo, em escala regional.<\/li>\n<\/ul>\n<p align=\"justify\">Para acessar o projeto no Portal de Projetos, clique <a href=\"https:\/\/portal.ufsm.br\/projetos\/publico\/projetos\/view.html?idProjeto=63285\">aqui<\/a>.<\/p>\n<p align=\"justify\"><br \/><br \/><\/p>\n","protected":false},"excerpt":{"rendered":"<p>Coordenador: Edson Luiz Bortoluzzi da Silva Resumo: Como projeto de extens\u00e3o universit\u00e1ria, esse trabalho tem como objetivo conhecer e aplicar as vari\u00e1veis intervenientes na atividade de planejar o territ\u00f3rio municipal e possibilitar aos alunos praticar em uma situa\u00e7\u00e3o real os ensinamentos do Curso de Arquitetura e Urbanismo da Universidade Federal de Santa Maria, bem como [&hellip;]<\/p>\n","protected":false},"author":1265,"featured_media":0,"parent":0,"menu_order":0,"comment_status":"closed","ping_status":"closed","template":"","meta":{"footnotes":""},"categories":[],"tags":[],"class_list":["post-2993","page","type-page","status-publish","hentry"],"acf":[],"_links":{"self":[{"href":"https:\/\/www.ufsm.br\/pro-reitorias\/pre\/wp-json\/wp\/v2\/pages\/2993","targetHints":{"allow":["GET"]}}],"collection":[{"href":"https:\/\/www.ufsm.br\/pro-reitorias\/pre\/wp-json\/wp\/v2\/pages"}],"about":[{"href":"https:\/\/www.ufsm.br\/pro-reitorias\/pre\/wp-json\/wp\/v2\/types\/page"}],"author":[{"embeddable":true,"href":"https:\/\/www.ufsm.br\/pro-reitorias\/pre\/wp-json\/wp\/v2\/users\/1265"}],"replies":[{"embeddable":true,"href":"https:\/\/www.ufsm.br\/pro-reitorias\/pre\/wp-json\/wp\/v2\/comments?post=2993"}],"version-history":[{"count":0,"href":"https:\/\/www.ufsm.br\/pro-reitorias\/pre\/wp-json\/wp\/v2\/pages\/2993\/revisions"}],"wp:attachment":[{"href":"https:\/\/www.ufsm.br\/pro-reitorias\/pre\/wp-json\/wp\/v2\/media?parent=2993"}],"wp:term":[{"taxonomy":"category","embeddable":true,"href":"https:\/\/www.ufsm.br\/pro-reitorias\/pre\/wp-json\/wp\/v2\/categories?post=2993"},{"taxonomy":"post_tag","embeddable":true,"href":"https:\/\/www.ufsm.br\/pro-reitorias\/pre\/wp-json\/wp\/v2\/tags?post=2993"}],"curies":[{"name":"wp","href":"https:\/\/api.w.org\/{rel}","templated":true}]}}