{"id":2994,"date":"2019-09-03T16:57:29","date_gmt":"2019-09-03T19:57:29","guid":{"rendered":"https:\/\/www.ufsm.br\/pro-reitorias\/pre\/?page_id=2994"},"modified":"2019-09-03T16:57:31","modified_gmt":"2019-09-03T19:57:31","slug":"difusao-do-patrimonio-paleontologico-da-quarta-colonia-por-meio-de-iniciativas-museologicas-e-criacao-de-material-didatico","status":"publish","type":"page","link":"https:\/\/www.ufsm.br\/pro-reitorias\/pre\/difusao-do-patrimonio-paleontologico-da-quarta-colonia-por-meio-de-iniciativas-museologicas-e-criacao-de-material-didatico","title":{"rendered":"Difus\u00e3o do patrim\u00f4nio paleontol\u00f3gico da Quarta Col\u00f4nia por meio de iniciativas museol\u00f3gicas e cria\u00e7\u00e3o de material did\u00e1tico"},"content":{"rendered":"\n<p align=\"justify\"><strong>Coordenador:<\/strong> Fl\u00e1vio Augusto Pretto<\/p>\n<p align=\"justify\"><strong>Resumo:<\/strong> Pe\u00e7a central da tem\u00e1tica do Geoparque da Quarta Col\u00f4nia, os f\u00f3sseis coletados na regi\u00e3o s\u00e3o cruciais para o entendimento da hist\u00f3ria natural do planeta e da evolu\u00e7\u00e3o das linhagens atuais da flora e fauna. Atualmente, a UFSM atua na prote\u00e7\u00e3o destes f\u00f3sseis atrav\u00e9s do Centro de Apoio \u00e0 Pesquisa Paleontol\u00f3gica da Quarta Col\u00f4nia (CAPPA\/UFSM), \u00f3rg\u00e3o vinculado ao CCNE. Entre as a\u00e7\u00f5es que visam a prote\u00e7\u00e3o do patrim\u00f4nio, figuram atividades de educa\u00e7\u00e3o e populariza\u00e7\u00e3o do acervo, figuradas, por exemplo, atrav\u00e9s da Mostra Paleontol\u00f3gica Irm\u00e3os Cargnin, localizada junto ao CAPPA. Embora modesta, a Mostra recebe anualmente mais de mil e quinhentos visitantes registrados no livro de visita\u00e7\u00e3o, incluindo escolas e turistas, bem como pessoas residentes na regi\u00e3o.<\/p>\n<p align=\"justify\">Nesse sentido, a Mostra cumpre o papel fundamental de dar a conhecer os f\u00f3sseis e sua import\u00e2ncia, e permite que o acervo chegue efetivamente aos olhos da popula\u00e7\u00e3o, aspecto fundamental para a consolida\u00e7\u00e3o de um Geoparque. Esta a\u00e7\u00e3o tem dois objetivos espec\u00edficos. O primeiro prev\u00ea a amplia\u00e7\u00e3o e a renova\u00e7\u00e3o da Mostra Paleontol\u00f3gica Irm\u00e3os Cargnin, atrav\u00e9s da cria\u00e7\u00e3o de um diorama, contendo os esqueletos dos principais f\u00f3sseis descobertos na regi\u00e3o da Quarta Col\u00f4nia, sobretudo os novos achados, a serem expostos em seu tamanho natural, e em posi\u00e7\u00e3o de vida. A segunda meta prev\u00ea a cria\u00e7\u00e3o de material de divulga\u00e7\u00e3o, para ser oferecido prioritariamente \u00e0s escolas da regi\u00e3o, referente aos f\u00f3sseis da regi\u00e3o, para uso em sala de aula.<\/p>\n<p align=\"justify\">A\u00e7\u00f5es previstas:<\/p>\n<ul>\n<li>Dioramas : Os dioramas ser\u00e3o criados a partir dos f\u00f3sseis originais, atrav\u00e9s de impress\u00e3o 3D e replicagem em resina. Os esp\u00e9cimes selecionados para compor os dioramas s\u00e3o os cinodontes Massetognathus e Exaeretodon, e os dinossauros Bagualosaurus e Macrocollum, que tiveram grande alcance na m\u00eddia, na ocasi\u00e3o de suas publica\u00e7\u00f5es cient\u00edficas. Caso esta etapa se cumpra antes do final do ano corrente, mais esp\u00e9cimes podem ser inclu\u00eddos \u00e0 meta. Os esp\u00e9cimes foram inicialmente eleitos por seu apelo visual (especialmente no caso dos dinossauros) e seu valor ic\u00f4nico. Uma vez constru\u00eddas, as pe\u00e7as ser\u00e3o pintadas e os esqueletos armados com vergalh\u00f5es de metal, em posi\u00e7\u00e3o de vida. As pe\u00e7as ser\u00e3o ent\u00e3o adicionadas ao acervo permanente da Mostra Paleontol\u00f3gica Irm\u00e3os Cargnin, \u00e0 disposi\u00e7\u00e3o dos visitantes.<\/li>\n<li>Confec\u00e7\u00e3o da cartilha de divulga\u00e7\u00e3o cient\u00edfica: O material de divulga\u00e7\u00e3o ser\u00e1 produzido tendo como centro as pe\u00e7as referidas na meta anterior, e demais f\u00f3sseis da regi\u00e3o. Se prev\u00ea a cria\u00e7\u00e3o de uma cartilha com atividades e informa\u00e7\u00f5es sobre os f\u00f3sseis, em linguagem acess\u00edvel e voltada ao p\u00fablico infanto-juvenil. A tiragem de exemplares impressos, bem como a propaga\u00e7\u00e3o do material poder\u00e3o ser ajustados conforme o montante de recursos dispon\u00edveis. A cartilha ser\u00e1 disponibilizada primeiramente em formato digital, e a impress\u00e3o em maior escala ser\u00e1 condicionada a recursos obtidos potencialmente por demanda junto aos munic\u00edpios, para que seja distribu\u00edda de forma gratuita ao p\u00fablico-alvo.<\/li>\n<\/ul>\n<p align=\"justify\">A proposta \u00e9 uma a\u00e7\u00e3o ligada ao projeto Oficina de R\u00e9plicas e Souvenires do Centro de Apoio \u00e0 Pesquisa Paleontol\u00f3gica da Quarta Col\u00f4nia, para acess\u00e1-lo, clique <a href=\"https:\/\/portal.ufsm.br\/projetos\/publico\/projetos\/view.html?idProjeto=57649\">aqui<\/a>.<\/p>\n<p align=\"justify\"><br \/><br \/><\/p>\n","protected":false},"excerpt":{"rendered":"<p>Coordenador: Fl\u00e1vio Augusto Pretto Resumo: Pe\u00e7a central da tem\u00e1tica do Geoparque da Quarta Col\u00f4nia, os f\u00f3sseis coletados na regi\u00e3o s\u00e3o cruciais para o entendimento da hist\u00f3ria natural do planeta e da evolu\u00e7\u00e3o das linhagens atuais da flora e fauna. Atualmente, a UFSM atua na prote\u00e7\u00e3o destes f\u00f3sseis atrav\u00e9s do Centro de Apoio \u00e0 Pesquisa Paleontol\u00f3gica [&hellip;]<\/p>\n","protected":false},"author":1265,"featured_media":0,"parent":0,"menu_order":0,"comment_status":"closed","ping_status":"closed","template":"","meta":{"footnotes":""},"categories":[],"tags":[],"class_list":["post-2994","page","type-page","status-publish","hentry"],"acf":[],"_links":{"self":[{"href":"https:\/\/www.ufsm.br\/pro-reitorias\/pre\/wp-json\/wp\/v2\/pages\/2994","targetHints":{"allow":["GET"]}}],"collection":[{"href":"https:\/\/www.ufsm.br\/pro-reitorias\/pre\/wp-json\/wp\/v2\/pages"}],"about":[{"href":"https:\/\/www.ufsm.br\/pro-reitorias\/pre\/wp-json\/wp\/v2\/types\/page"}],"author":[{"embeddable":true,"href":"https:\/\/www.ufsm.br\/pro-reitorias\/pre\/wp-json\/wp\/v2\/users\/1265"}],"replies":[{"embeddable":true,"href":"https:\/\/www.ufsm.br\/pro-reitorias\/pre\/wp-json\/wp\/v2\/comments?post=2994"}],"version-history":[{"count":0,"href":"https:\/\/www.ufsm.br\/pro-reitorias\/pre\/wp-json\/wp\/v2\/pages\/2994\/revisions"}],"wp:attachment":[{"href":"https:\/\/www.ufsm.br\/pro-reitorias\/pre\/wp-json\/wp\/v2\/media?parent=2994"}],"wp:term":[{"taxonomy":"category","embeddable":true,"href":"https:\/\/www.ufsm.br\/pro-reitorias\/pre\/wp-json\/wp\/v2\/categories?post=2994"},{"taxonomy":"post_tag","embeddable":true,"href":"https:\/\/www.ufsm.br\/pro-reitorias\/pre\/wp-json\/wp\/v2\/tags?post=2994"}],"curies":[{"name":"wp","href":"https:\/\/api.w.org\/{rel}","templated":true}]}}