{"id":2996,"date":"2019-09-03T17:02:34","date_gmt":"2019-09-03T20:02:34","guid":{"rendered":"https:\/\/www.ufsm.br\/pro-reitorias\/pre\/?page_id=2996"},"modified":"2019-09-03T17:02:36","modified_gmt":"2019-09-03T20:02:36","slug":"nucleo-de-implementacao-da-excelencia-esportiva-e-manutencao-da-saude-nieems-geoparque-quarta-colonia","status":"publish","type":"page","link":"https:\/\/www.ufsm.br\/pro-reitorias\/pre\/nucleo-de-implementacao-da-excelencia-esportiva-e-manutencao-da-saude-nieems-geoparque-quarta-colonia","title":{"rendered":"N\u00facleo de Implementa\u00e7\u00e3o da Excel\u00eancia Esportiva e Manuten\u00e7\u00e3o da Sa\u00fade NIEEMS &#8211; Geoparque Quarta Col\u00f4nia"},"content":{"rendered":"\n<p align=\"justify\"><strong>Coordenador:<\/strong> Luiz Fernando Cuozzo Lemos<\/p>\n<p align=\"justify\"><strong>Resumo:\u00a0<\/strong>A comunidade da regi\u00e3o central do estado utiliza amplamente o balne\u00e1rio de Nova Palma-RS para se refrescar e vivenciar momentos de prazer, em especial no ver\u00e3o. Todavia, o espa\u00e7o ainda \u00e9 subutilizado, principalmente no quesito relacionado com os esportes n\u00e1uticos e atividades f\u00edsicas de aventura na natureza. Al\u00e9m disso, pr\u00f3ximo a esse local existe o Parque Nacional da Quarta Col\u00f4nia, no qual h\u00e1 uma bela barragem que tamb\u00e9m pode oportunizar a pr\u00e1tica desse tipo de esportes.<\/p>\n<p align=\"justify\">Assim, pretende-se implantar uma escola de canoagem para, inicialmente, apenas as crian\u00e7as e adolescentes do munic\u00edpio de Nova Palma. Num segundo momento, esse educandos poder\u00e3o se tornar guias e monitores das atividades, principalmente atuando com turistas que visitarem o local.<\/p>\n<p align=\"justify\">A canoagem \u00e9 um esporte bel\u00edssimo, no qual o praticante tem contato direto nos recursos naturais e, por conta disso est\u00e1 amplamente aderido no processo de educa\u00e7\u00e3o ambiental e de preserva\u00e7\u00e3o da natureza, assim, os cano\u00edstas s\u00e3o verdadeiros agentes de prote\u00e7\u00e3o ambiental.<\/p>\n<p align=\"justify\">Al\u00e9m disso, pretende-se realizar eventos esportivos (passeios embarcados e competi\u00e7\u00f5es esportivas n\u00e1uticas), movimentando toda a regi\u00e3o do Geoparque da Quarta Col\u00f4nia, atraindo mais pessoas para conhecer e se encantar com as belas naturais do local.<\/p>\n<p align=\"justify\">Os alunos do munic\u00edpio que se destacaram participar\u00e3o da equipe de canoagem da UFSM em competi\u00e7\u00f5es regionais, estaduais e nacionais, podendo at\u00e9 mesmo, em pouco tempo, virem a integrar a equipe nacional da modalidade.<\/p>\n<p align=\"justify\">A proposta \u00e9 uma a\u00e7\u00e3o do N\u00facleo de de Implementa\u00e7\u00e3o da Excel\u00eancia Esportiva e Manuten\u00e7\u00e3o da Sa\u00fade (NIEEMS). Para acess\u00e1-lo, clique <a href=\"https:\/\/portal.ufsm.br\/projetos\/publico\/projetos\/view.html?idProjeto=58803\">aqui<\/a>.<\/p>\n","protected":false},"excerpt":{"rendered":"<p>Coordenador: Luiz Fernando Cuozzo Lemos Resumo:\u00a0A comunidade da regi\u00e3o central do estado utiliza amplamente o balne\u00e1rio de Nova Palma-RS para se refrescar e vivenciar momentos de prazer, em especial no ver\u00e3o. Todavia, o espa\u00e7o ainda \u00e9 subutilizado, principalmente no quesito relacionado com os esportes n\u00e1uticos e atividades f\u00edsicas de aventura na natureza. Al\u00e9m disso, pr\u00f3ximo [&hellip;]<\/p>\n","protected":false},"author":1265,"featured_media":0,"parent":0,"menu_order":0,"comment_status":"closed","ping_status":"closed","template":"","meta":{"footnotes":""},"categories":[],"tags":[],"class_list":["post-2996","page","type-page","status-publish","hentry"],"acf":[],"_links":{"self":[{"href":"https:\/\/www.ufsm.br\/pro-reitorias\/pre\/wp-json\/wp\/v2\/pages\/2996","targetHints":{"allow":["GET"]}}],"collection":[{"href":"https:\/\/www.ufsm.br\/pro-reitorias\/pre\/wp-json\/wp\/v2\/pages"}],"about":[{"href":"https:\/\/www.ufsm.br\/pro-reitorias\/pre\/wp-json\/wp\/v2\/types\/page"}],"author":[{"embeddable":true,"href":"https:\/\/www.ufsm.br\/pro-reitorias\/pre\/wp-json\/wp\/v2\/users\/1265"}],"replies":[{"embeddable":true,"href":"https:\/\/www.ufsm.br\/pro-reitorias\/pre\/wp-json\/wp\/v2\/comments?post=2996"}],"version-history":[{"count":0,"href":"https:\/\/www.ufsm.br\/pro-reitorias\/pre\/wp-json\/wp\/v2\/pages\/2996\/revisions"}],"wp:attachment":[{"href":"https:\/\/www.ufsm.br\/pro-reitorias\/pre\/wp-json\/wp\/v2\/media?parent=2996"}],"wp:term":[{"taxonomy":"category","embeddable":true,"href":"https:\/\/www.ufsm.br\/pro-reitorias\/pre\/wp-json\/wp\/v2\/categories?post=2996"},{"taxonomy":"post_tag","embeddable":true,"href":"https:\/\/www.ufsm.br\/pro-reitorias\/pre\/wp-json\/wp\/v2\/tags?post=2996"}],"curies":[{"name":"wp","href":"https:\/\/api.w.org\/{rel}","templated":true}]}}