{"id":2997,"date":"2019-09-03T17:08:00","date_gmt":"2019-09-03T20:08:00","guid":{"rendered":"https:\/\/www.ufsm.br\/pro-reitorias\/pre\/?page_id=2997"},"modified":"2019-09-03T17:08:02","modified_gmt":"2019-09-03T20:08:02","slug":"programa-patrimonio-historico-gestao-documental-memoria-preservacao","status":"publish","type":"page","link":"https:\/\/www.ufsm.br\/pro-reitorias\/pre\/programa-patrimonio-historico-gestao-documental-memoria-preservacao","title":{"rendered":"Programa: patrim\u00f4nio hist\u00f3rico, gest\u00e3o documental, mem\u00f3ria, preserva\u00e7\u00e3o"},"content":{"rendered":"\n<p align=\"justify\"><strong>Coordenadora:<\/strong> Maria Medianeira Padoin<\/p>\n<p align=\"justify\"><strong>Resumo:<\/strong> V\u00e1rias a\u00e7\u00f5es v\u00eam sendo desenvolvidas no que tange a extens\u00e3o, tendo aporte conjunto a pesquisa e o ensino, que envolvem a tem\u00e1tica do Programa &#8220;Patrim\u00f4nio Hist\u00f3rico, Gest\u00e3o Documental, Mem\u00f3ria e Preserva\u00e7\u00e3o&#8221;, no Eixo de Cultura e Arte e na Linha de Patrim\u00f4nio Cultural. Participam docentes e discentes principalmente das \u00e1reas de Hist\u00f3ria e da Arquivologia, tanto da gradua\u00e7\u00e3o como do p\u00f3s-gradua\u00e7\u00e3o. Nesse sentido, a presente proposta \u00e9 de incorporar este Programa de Extens\u00e3o ao Projeto Institucional \u201cGeoparques\u201d &#8211; Quarta Col\u00f4nia. Acreditamos que a regi\u00e3o \u00e9 prop\u00edcia e demanda projetos que considerem a gest\u00e3o de territ\u00f3rios em munic\u00edpios de pequena densidade demogr\u00e1fica, possuindo um forte potencial para a rela\u00e7\u00e3o \u201cinteligente e humana\u201d da preserva\u00e7\u00e3o do patrim\u00f4nio cultural em uma perspectiva e base para o desenvolvimento sustent\u00e1vel regional.<\/p>\n<p align=\"justify\">Assim, o Programa visa a partir das Humanidades, dialogar e atuar tanto com as outras \u00e1reas do conhecimento de forma multidisciplinar, e com as comunidades locais, com o fim de contribuir na preserva\u00e7\u00e3o de seu patrim\u00f4nio cultural. Nesse momento, as a\u00e7\u00f5es propostas envolvem atividades que visam colaborar com a preserva\u00e7\u00e3o efetiva do patrim\u00f4nio hist\u00f3rico cultural e assim da mem\u00f3ria da regi\u00e3o da Quarta Col\u00f4nia de Imigra\u00e7\u00e3o Italiana do Rio Grande do Sul.Pretendemos que as a\u00e7\u00f5es previstas junto \u00e0 Prefeitura de S.J. do Pol\u00easine e tamb\u00e9m do CPG de Nova Palma (como pilotos) integrem o Projeto GEOPARQUE (a\u00e7\u00e3o 2.1- a).<\/p>\n<p align=\"justify\">As a\u00e7\u00f5es objetivam a atua\u00e7\u00e3o na organiza\u00e7\u00e3o do acervo documental da Prefeitura de S. J. do Pol\u00easine, a colabora\u00e7\u00e3o na cria\u00e7\u00e3o de pol\u00edticas para a implementa\u00e7\u00e3o do arquivo hist\u00f3rico municipal, na oferta de minicursos de capacita\u00e7\u00e3o e planejamento, e na produ\u00e7\u00e3o de uma s\u00edntese hist\u00f3rica e a produ\u00e7\u00e3o de um v\u00eddeo. No que se refere ao Centro de Pesquisas Geneal\u00f3gicas (CPG) de Nova Palma, em 2018 trabalhamos na reedi\u00e7\u00e3o ampliada do livro de Hist\u00f3ria da Quarta Col\u00f4nia (de Breno Sponchiado), pela Editora da UFSM.Pretendemos agora continuar com o apoio t\u00e9cnico na preserva\u00e7\u00e3o daquele rico acervo documental e na divulga\u00e7\u00e3o de projetos que foram produzidos a partir deste. Assim, as a\u00e7\u00f5es que envolvem os minicursos de capacita\u00e7\u00e3o al\u00e9m da parte espec\u00edfica para S.J. do Pol\u00easine, tamb\u00e9m h\u00e1 a parte geral aberta as demais prefeituras do Condesus Quarta Col\u00f4nia (como j\u00e1 foram realizados uma primeira fase em 2018). Pretende assim dar continuidade ao tratamento arquiv\u00edstico e na organiza\u00e7\u00e3o do Arquivo Municipal de S.J. do Pol\u00easine, bem como na amplia\u00e7\u00e3o e continuidade da pesquisa da hist\u00f3ria local\/municipal\/regional e na divulga\u00e7\u00e3o deste trabalho. Est\u00e3o inclu\u00eddos os minicursos e as reuni\u00f5es com secret\u00e1rios e servidores para a implementa\u00e7\u00e3o de uma pol\u00edtica interna de avalia\u00e7\u00e3o e gest\u00e3o documental, como da cria\u00e7\u00e3o de um arquivo hist\u00f3rico p\u00fablico municipal em S.J. Pol\u00easine, como a melhoria no CPG de N.Palma.A divulga\u00e7\u00e3o dos resultados em eventos e a produ\u00e7\u00e3o\/impress\u00e3o de p\u00f4sters s\u00e3o previstos.<\/p>\n<p align=\"justify\">A proposta \u00e9 uma a\u00e7\u00e3o do Programa Patrim\u00f4nio Hist\u00f3rico, Gest\u00e3o Documental, Mem\u00f3ria, Preserva\u00e7\u00e3o. Para acess\u00e1-lo no Portal de Projetos, clique <a href=\"https:\/\/portal.ufsm.br\/projetos\/publico\/projetos\/view.html?idProjeto=48686\">aqui<\/a>.<\/p>\n<p align=\"justify\"><br \/><br \/><\/p>\n","protected":false},"excerpt":{"rendered":"<p>Coordenadora: Maria Medianeira Padoin Resumo: V\u00e1rias a\u00e7\u00f5es v\u00eam sendo desenvolvidas no que tange a extens\u00e3o, tendo aporte conjunto a pesquisa e o ensino, que envolvem a tem\u00e1tica do Programa &#8220;Patrim\u00f4nio Hist\u00f3rico, Gest\u00e3o Documental, Mem\u00f3ria e Preserva\u00e7\u00e3o&#8221;, no Eixo de Cultura e Arte e na Linha de Patrim\u00f4nio Cultural. Participam docentes e discentes principalmente das \u00e1reas [&hellip;]<\/p>\n","protected":false},"author":1265,"featured_media":0,"parent":0,"menu_order":0,"comment_status":"closed","ping_status":"closed","template":"","meta":{"footnotes":""},"categories":[],"tags":[],"class_list":["post-2997","page","type-page","status-publish","hentry"],"acf":[],"_links":{"self":[{"href":"https:\/\/www.ufsm.br\/pro-reitorias\/pre\/wp-json\/wp\/v2\/pages\/2997","targetHints":{"allow":["GET"]}}],"collection":[{"href":"https:\/\/www.ufsm.br\/pro-reitorias\/pre\/wp-json\/wp\/v2\/pages"}],"about":[{"href":"https:\/\/www.ufsm.br\/pro-reitorias\/pre\/wp-json\/wp\/v2\/types\/page"}],"author":[{"embeddable":true,"href":"https:\/\/www.ufsm.br\/pro-reitorias\/pre\/wp-json\/wp\/v2\/users\/1265"}],"replies":[{"embeddable":true,"href":"https:\/\/www.ufsm.br\/pro-reitorias\/pre\/wp-json\/wp\/v2\/comments?post=2997"}],"version-history":[{"count":0,"href":"https:\/\/www.ufsm.br\/pro-reitorias\/pre\/wp-json\/wp\/v2\/pages\/2997\/revisions"}],"wp:attachment":[{"href":"https:\/\/www.ufsm.br\/pro-reitorias\/pre\/wp-json\/wp\/v2\/media?parent=2997"}],"wp:term":[{"taxonomy":"category","embeddable":true,"href":"https:\/\/www.ufsm.br\/pro-reitorias\/pre\/wp-json\/wp\/v2\/categories?post=2997"},{"taxonomy":"post_tag","embeddable":true,"href":"https:\/\/www.ufsm.br\/pro-reitorias\/pre\/wp-json\/wp\/v2\/tags?post=2997"}],"curies":[{"name":"wp","href":"https:\/\/api.w.org\/{rel}","templated":true}]}}